{"id":12,"date":"2016-08-19T14:23:05","date_gmt":"2016-08-19T12:23:05","guid":{"rendered":"http:\/\/wp4.kartes.lv\/?page_id=12"},"modified":"2021-09-26T15:15:56","modified_gmt":"2021-09-26T12:15:56","slug":"about-us","status":"publish","type":"page","link":"https:\/\/www.kartes.lv\/lv\/par-mums\/about-us\/","title":{"rendered":""},"content":{"rendered":"<p>Ar kar\u0161u izdo\u0161anu \u201cJ\u0101\u0146a s\u0113ta\u201d nodarbojas kop\u0161 1992. gada. Jau no pirms\u0101kumiem taj\u0101 str\u0101d\u0101 zino\u0161i cilv\u0113ki, kam kartes nav tikai darbs, bet noteikti kaut kas vair\u0101k. \u0160is maksim\u0101lisms, iedz\u012bvin\u0101ts kart\u0113s, \u013c\u0101vis t\u0101m pretend\u0113t uz izcil\u012bbu pasaules l\u012bmen\u012b.<\/p>\n<p>Pateicoties komandas entuziasmam, \u201cJ\u0101\u0146a s\u0113ta\u201d rad\u012bjusi unik\u0101lu izdevumu kl\u0101stu, s\u0101kot no detaliz\u0113t\u0101m re\u0123ionu kart\u0113m, kas tapu\u0161as, izp\u0113tot visus Latvijas nost\u016brus, beidzot ar lielajiem pasaules atlantiem da\u017e\u0101d\u0101s valod\u0101s, \u013caujot uz\u0146\u0113mumam izvirz\u012bties l\u012bderpoz\u012bcij\u0101s Baltij\u0101 sav\u0101 jom\u0101.<br \/>\nDarbinieku profesion\u0101l\u0101 pieeja un nodro\u0161in\u0101ts kvalitat\u012bvs poligr\u0101fiskais izpild\u012bjums aizvien vair\u0101k klientu atved uz \u201cJ\u0101\u0146a s\u0113tu\u201d, lai realiz\u0113tu savas ieceres ar\u012b da\u017e\u0101du informat\u012bvu\u00a0materi\u0101lu izdo\u0161an\u0101, jo \u012bpa\u0161i saist\u012bb\u0101 ar t\u016brismu.<br \/>\nTom\u0113r \u201cpap\u012bra\u201d kartes un citi druk\u0101tie izdevumi nav vien\u012bgais, ar ko nodarbojas uz\u0146\u0113mums. Aizvien liel\u0101ku noz\u012bmi \u201cJ\u0101\u0146a s\u0113tas\u201d pakalpojumu kl\u0101st\u0101 ie\u0146em uz \u0122IS (\u0123eogr\u0101fisk\u0101s inform\u0101cijas sist\u0113mas) pamata veidoti inform\u0101cijas tehnolo\u0123iju produkti un programm\u0113\u0161anas pakalpojumi.<\/p>\n<p>M\u0113s lepojamies ar savu uz\u0146\u0113mumu, produktiem, ko rad\u0101m, klientiem, kam sp\u0113jam pal\u012bdz\u0113t, un cilv\u0113kiem, kam sag\u0101d\u0101jam prieku!<\/p>","protected":false},"excerpt":{"rendered":"<p>Ar kar\u0161u izdo\u0161anu \u201cJ\u0101\u0146a s\u0113ta\u201d nodarbojas kop\u0161 1992. gada. Jau no pirms\u0101kumiem taj\u0101 str\u0101d\u0101 zino\u0161i cilv\u0113ki, kam kartes nav tikai darbs, bet noteikti kaut kas vair\u0101k. \u0160is maksim\u0101lisms, iedz\u012bvin\u0101ts kart\u0113s, &#8230;<\/p>\n","protected":false},"author":4,"featured_media":0,"parent":51,"menu_order":0,"comment_status":"closed","ping_status":"closed","template":"","meta":{"footnotes":""},"class_list":["post-12","page","type-page","status-publish","hentry"],"_links":{"self":[{"href":"https:\/\/www.kartes.lv\/lv\/wp-json\/wp\/v2\/pages\/12","targetHints":{"allow":["GET"]}}],"collection":[{"href":"https:\/\/www.kartes.lv\/lv\/wp-json\/wp\/v2\/pages"}],"about":[{"href":"https:\/\/www.kartes.lv\/lv\/wp-json\/wp\/v2\/types\/page"}],"author":[{"embeddable":true,"href":"https:\/\/www.kartes.lv\/lv\/wp-json\/wp\/v2\/users\/4"}],"replies":[{"embeddable":true,"href":"https:\/\/www.kartes.lv\/lv\/wp-json\/wp\/v2\/comments?post=12"}],"version-history":[{"count":10,"href":"https:\/\/www.kartes.lv\/lv\/wp-json\/wp\/v2\/pages\/12\/revisions"}],"predecessor-version":[{"id":13035,"href":"https:\/\/www.kartes.lv\/lv\/wp-json\/wp\/v2\/pages\/12\/revisions\/13035"}],"up":[{"embeddable":true,"href":"https:\/\/www.kartes.lv\/lv\/wp-json\/wp\/v2\/pages\/51"}],"wp:attachment":[{"href":"https:\/\/www.kartes.lv\/lv\/wp-json\/wp\/v2\/media?parent=12"}],"curies":[{"name":"wp","href":"https:\/\/api.w.org\/{rel}","templated":true}]}}