{"id":16284,"date":"2023-03-22T14:18:51","date_gmt":"2023-03-22T12:18:51","guid":{"rendered":"https:\/\/www.kartes.lv\/?page_id=16284"},"modified":"2023-06-27T09:56:46","modified_gmt":"2023-06-27T06:56:46","slug":"balticmaps","status":"publish","type":"page","link":"https:\/\/www.kartes.lv\/lv\/balticmaps\/","title":{"rendered":"Balticmaps"},"content":{"rendered":"<p><\/p>\n<div class=\"row\">\n<div class=\"feature-item col-lg-4 col-sm-6 wow slideInUp\" style=\"visibility: visible; animation-name: slideInUp;\">\n<div class=\"feature-media\">\n        \t<a href=\"https:\/\/balticmaps.eu\/\" target=\"_blank\" rel=\"noopener\"><br \/>\n        \t\t<span class=\"icon-image\"><br \/>\n\t\t\t\t\t<svg focusable=\"false\" xmlns=\"http:\/\/www.w3.org\/2000\/svg\" viewBox=\"0 0 115 115\" aria-hidden=\"true\" style=\"max-width: 115px; max-height: 115px;\">\n  <polygon fill=\"none\" stroke-linejoin=\"round\" stroke-linecap=\"round\" stroke-width=\"6\" stroke=\"#162649\" points=\"87.91 34.99 83.16 21.07 89.1 6.26 63 3.3 44.62 14.55 50.25 29.66 55.88 27.29 59.44 48.62 47.88 53.95 35.42 40.91 28.01 45.06 20.89 64.91 24.75 87.71 39.28 91.56 41.35 103.71 49.95 111.41 72.19 107.86 71.6 101.34 83.16 83.27 79.61 81.79 80.2 76.16 89.69 72.61 95.03 63.43 89.69 45.95 84.35 41.21 87.91 34.99\"\/>\n  <polygon fill=\"none\" stroke-linejoin=\"round\" stroke-linecap=\"round\"  stroke-width=\"6\" stroke=\"#162649\" points=\"30.97 33.21 43.43 24.92 35.13 18.11 29.49 24.03 30.97 33.21\"\/>\n<\/svg><br \/>\n        \t\t<\/span><br \/>\n        \t<\/a>\n       \t<\/div>\n<h4>\n        \t<a href=\"https:\/\/balticmaps.eu\/\" target=\"_blank\" rel=\"noopener\">Baltic Maps<\/a><br \/>\n        <\/h4>\n<div class=\"feature-item-content\">\n<p style=\"text-align: center;\">\n\t\t\t\tViens no pilnv\u0113rt\u012bg\u0101kajiem t\u012bmek\u013ca kar\u0161u p\u0101rl\u016bkiem Baltijas valst\u012bs. T\u0101 lietot\u0101ji var apl\u016bkot da\u017e\u0101das kartes (ar\u012b ortofoto un v\u0113sturisk\u0101s topogr\u0101fisk\u0101s kartes), veikt adre\u0161u vai vietu mekl\u0113\u0161anu, pl\u0101not mar\u0161rutu, ieg\u016bt inform\u0101ciju par  sastr\u0113gumiem un da\u017e\u0101diem intere\u0161u punktiem. Lietot\u0101ji papildus var import\u0113t savu \u0123eometriju, piem\u0113ram, skr\u0113jiena mar\u0161rutu. Kar\u0161u p\u0101rl\u016bks nodro\u0161ina iesp\u0113ju kart\u0113 m\u0113r\u012bt att\u0101lumus, atz\u012bm\u0113t punktus vai nos\u016bt\u012bt uz e-pastu izv\u0113l\u0113tu kartes saiti vai dal\u012bties ar to atv\u0113r\u0161anai mobilaj\u0101 lietotn\u0113.\n        \t<\/p>\n<\/p><\/div>\n<\/p><\/div>\n<div class=\"feature-item col-lg-4 col-sm-6 wow slideInUp\" style=\"visibility: visible; animation-name: slideInUp;\">\n<div class=\"feature-media\">\n        \t<a href=\"https:\/\/my.balticmaps.eu\/\" target=\"_blank\" rel=\"noopener\"><br \/>\n        \t\t<span class=\"icon-image\"><br \/>\n\t\t\t\t\t<svg focusable=\"false\" xmlns=\"http:\/\/www.w3.org\/2000\/svg\" viewBox=\"0 0 115 115\" aria-hidden=\"true\" style=\"max-width: 115px; max-height: 115px;\">\n  <path fill=\"#162649\" d=\"m114.42,49.34c0-1.55-1.39-2.94-2.94-2.94h-14.56l1.39,4.8c.15.31.15.77.31,1.08h9.92l-.23,56.71H6.51l.23-56.71h10.54q0-.15.15-.31l2.01-5.58H3.64c-.77,0-1.55.31-2.17.93-.62.62-.93,1.39-.93,2.17l-.08,62.6c0,1.55,1.39,2.94,2.94,2.94h107.99c.77,0,1.55-.31,2.17-.93s.93-1.39.93-2.17l-.08-62.6Z\"\/>\n  <path fill=\"#162649\" d=\"m27.81,71.59c.15,1.08.93,2.01,2.01,2.32l10.07,2.79,1.39,8.06c.15.62.46,1.24.93,1.7l7.13,6.2c.46.46,1.24.77,1.86.77h.46l17.97-2.94c1.55-.31,2.48-1.7,2.32-3.1l-.46-4.18,8.99-13.79c.46-.77.62-1.55.31-2.32s-.77-1.39-1.55-1.86l-.93-.77v-.46l6.2-2.32c.62-.31,1.24-.77,1.55-1.39l4.18-7.59c.31-.62.46-1.39.15-2.17l-4.18-14.1c-.15-.46-.46-.93-.77-1.39l-2.63-2.32,1.7-3.1c.31-.62.46-1.55.15-2.17l-3.41-10.38,4.34-11c.46-.93.31-1.86-.15-2.48-.46-.77-1.24-1.24-2.17-1.39L62.21-.14c-.62,0-1.24,0-1.86.46l-14.87,8.99c-1.24.77-1.7,2.17-1.24,3.41l1.24,3.56-4.49-3.72c-1.08-.93-2.79-.93-3.87.31l-4.49,4.65c-.62.62-.93,1.55-.77,2.32l1.08,7.59c.15.93.77,1.86,1.7,2.17.31.15.77.31,1.24.31.62,0,1.08-.15,1.55-.46l10.07-6.82c.15,0,.15-.15.31-.31l.93,2.63c.31.77.77,1.24,1.55,1.7.77.31,1.55.31,2.17,0l1.24-.46,2.01,11.62-5.58,2.63-8.83-8.99c-.93-.93-2.32-1.08-3.41-.46l-5.89,3.25c-.62.31-1.08.93-1.24,1.55l-5.89,16.27c-.15.46-.15.93-.15,1.39l3.1,18.13Zm10.07-49.58l-.31-1.7,1.7-1.7,1.7,1.39-3.1,2.01Zm-2.01,16.42l3.1-1.7,8.68,8.99c.77.93,2.17,1.08,3.25.62l9.45-4.34c1.24-.62,1.86-1.86,1.55-3.1l-3.1-17.2c-.15-.77-.62-1.55-1.39-2.01s-1.7-.46-2.48-.15l-1.86.77-2.63-7.44,12.09-7.28,16.58,1.86-3.41,8.52c-.31.62-.31,1.24,0,1.86l3.25,10.23-2.32,4.03c-.62,1.24-.31,2.63.62,3.56l3.72,3.25,3.56,12.09-3.1,5.73-6.97,2.48c-1.08.31-1.7,1.39-1.86,2.48l-.31,4.34c-.15,1.24.46,2.32,1.55,2.79l-7.75,11.93c-.31.62-.46,1.24-.46,1.86l.31,2.48-13.94,2.32-5.27-4.65-1.24-8.83c-.15-1.08-.93-2.01-2.01-2.32l-10.07-2.79-2.63-15.8,5.11-14.56Z\"\/>\n<\/svg><br \/>\n        \t\t<\/span><br \/>\n        \t<\/a>\n       \t<\/div>\n<h4>\n        \t<a href=\"https:\/\/my.balticmaps.eu\/\" target=\"_blank\" rel=\"noopener\">My Baltic Maps<\/a><br \/>\n        <\/h4>\n<div class=\"feature-item-content\">\n<p style=\"text-align: center;\">\n\t\t\t\tPied\u0101v\u0101jam izveidot personaliz\u0113tu karti par jebkuru vietu Baltij\u0101 un pas\u016bt\u012bt t\u0101s ori\u0123in\u0101lo izdruku pa\u0161apkalpo\u0161an\u0101s kar\u0161u p\u0101rl\u016bk\u0101 MyBalticMaps. Augst\u0101 iz\u0161\u0137irtsp\u0113j\u0101 iesp\u0113jams ieg\u016bt J\u0101\u0146a s\u0113tas tradicion\u0101l\u0101s kartes vai ortofoto kartes fragmentu.\n        \t<\/p>\n<\/p><\/div>\n<\/p><\/div>\n<div class=\"feature-item col-lg-4 col-sm-6 wow slideInUp\" style=\"visibility: visible; animation-name: slideInUp;\">\n<div class=\"feature-media\">\n        \t<a href=\"https:\/\/manakarte.kartes.lv\" target=\"_blank\" rel=\"noopener\"><br \/>\n        \t\t<span class=\"icon-image\"><br \/>\n<svg focusable=\"false\" xmlns=\"http:\/\/www.w3.org\/2000\/svg\" viewBox=\"0 0 115 115\" aria-hidden=\"true\" style=\"max-width: 115px; max-height: 115px;\">\n  <path fill=\"#162649\" d=\"m114.42,49.34c0-1.55-1.39-2.94-2.94-2.94h-14.56s-3.45,5.58-3.3,5.89h14.92l-.23,56.71H6.51l.23-56.71h15.54c0-.15-2.83-5.89-2.83-5.89H3.64c-.77,0-1.55.31-2.17.93-.62.62-.93,1.39-.93,2.17l-.08,62.6c0,1.55,1.39,2.94,2.94,2.94h107.99c.77,0,1.55-.31,2.17-.93s.93-1.39.93-2.17l-.08-62.6Z\"\/>\n  <path fill=\"#00264a\" d=\"m57.8,0C39.88,0,25.3,14.58,25.3,32.5c0,10.1,10.66,30.74,29.24,56.63l.38.53,2.88,3.85,2.9-3.86c3.05-3.66,29.6-40.23,29.6-57.14C90.3,14.58,75.72,0,57.8,0Zm.84,79.68l-.84,1.19-.84-1.19c-11.26-15.9-24.41-37.79-24.41-47.18,0-13.93,11.33-25.26,25.25-25.26s25.26,11.33,25.26,25.26c0,9.38-13.15,31.28-24.41,47.18Z\"\/>\n<\/svg><br \/>\n        \t\t<\/span><br \/>\n        \t<\/a>\n       \t<\/div>\n<h4>\n        \t<a href=\"https:\/\/manakarte.kartes.lv\" target=\"_blank\" rel=\"noopener\">Mana karte<\/a><br \/>\n        <\/h4>\n<div class=\"feature-item-content\">\n<p style=\"text-align: center;\">\n\t\t\t\tPort\u0101l\u0101 Manakarte iesp\u0113jams izveidot interakt\u012bvu t\u012bmek\u013ca karti, kur\u0101 var izvietot objektu inform\u0101ciju uz \u201dJ\u0101\u0146a s\u0113ta\u201d kar\u0161u pamatnes. Pied\u0101v\u0101jam gatavu koda fragmentu izveidot\u0101s kartes public\u0113\u0161anai t\u012bmek\u013ca lap\u0101, k\u0101 ar\u012b unik\u0101lu saiti uz to.\n        \t<\/p>\n<\/p><\/div>\n<\/p><\/div>\n<\/div>\n<p><\/p>","protected":false},"excerpt":{"rendered":"<p>Baltic Maps Viens no pilnv\u0113rt\u012bg\u0101kajiem t\u012bmek\u013ca kar\u0161u p\u0101rl\u016bkiem Baltijas valst\u012bs. T\u0101 lietot\u0101ji var apl\u016bkot da\u017e\u0101das kartes (ar\u012b ortofoto un v\u0113sturisk\u0101s topogr\u0101fisk\u0101s kartes), veikt adre\u0161u vai vietu mekl\u0113\u0161anu, pl\u0101not mar\u0161rutu, ieg\u016bt &#8230;<\/p>\n","protected":false},"author":4,"featured_media":0,"parent":0,"menu_order":0,"comment_status":"closed","ping_status":"closed","template":"","meta":{"footnotes":""},"class_list":["post-16284","page","type-page","status-publish","hentry"],"_links":{"self":[{"href":"https:\/\/www.kartes.lv\/lv\/wp-json\/wp\/v2\/pages\/16284","targetHints":{"allow":["GET"]}}],"collection":[{"href":"https:\/\/www.kartes.lv\/lv\/wp-json\/wp\/v2\/pages"}],"about":[{"href":"https:\/\/www.kartes.lv\/lv\/wp-json\/wp\/v2\/types\/page"}],"author":[{"embeddable":true,"href":"https:\/\/www.kartes.lv\/lv\/wp-json\/wp\/v2\/users\/4"}],"replies":[{"embeddable":true,"href":"https:\/\/www.kartes.lv\/lv\/wp-json\/wp\/v2\/comments?post=16284"}],"version-history":[{"count":17,"href":"https:\/\/www.kartes.lv\/lv\/wp-json\/wp\/v2\/pages\/16284\/revisions"}],"predecessor-version":[{"id":16664,"href":"https:\/\/www.kartes.lv\/lv\/wp-json\/wp\/v2\/pages\/16284\/revisions\/16664"}],"wp:attachment":[{"href":"https:\/\/www.kartes.lv\/lv\/wp-json\/wp\/v2\/media?parent=16284"}],"curies":[{"name":"wp","href":"https:\/\/api.w.org\/{rel}","templated":true}]}}