{"id":16578,"date":"2023-06-07T15:15:07","date_gmt":"2023-06-07T12:15:07","guid":{"rendered":"https:\/\/www.kartes.lv\/?page_id=16578"},"modified":"2023-11-21T16:18:36","modified_gmt":"2023-11-21T14:18:36","slug":"transporta-sekosana","status":"publish","type":"page","link":"https:\/\/www.kartes.lv\/lv\/transporta-sekosana\/","title":{"rendered":"Transporta seko\u0161ana"},"content":{"rendered":"<p><\/p>\n<p align=\"justify\"><span style=\"color: #777777;\">\u201c<span style=\"font-family: Open Sans, serif;\"><span style=\"font-size: small;\">J\u0101\u0146a s\u0113ta\u201d ir rad\u012bjusi transporta uzraudz\u012bbas un kontroles seko\u0161anas (TUKS) risin\u0101jumu, kas nodro\u0161ina seko\u0161anas datu augst\u0101k\u0101 l\u012bme\u0146a dro\u0161\u012bbu.<\/span><\/span><\/span><\/p>\n<p align=\"justify\"><span style=\"color: #777777;\"><span style=\"font-family: Open Sans, serif;\"><span style=\"font-size: small;\"><br \/>\n<\/span><\/span><\/span><span style=\"color: #777777;\"><span style=\"font-family: Open Sans, serif;\"><span style=\"font-size: small;\">TUKS galven\u0101 at\u0161\u0137ir\u012bba no citiem transporta seko\u0161anas pakalpojumu tirg\u016b pied\u0101v\u0101tiem risin\u0101jumiem ir t\u0101, ka seko\u0161anas dati tiek uzkr\u0101ti un glab\u0101ti nevis uz tre\u0161\u0101s puses jeb pakalpojumu sniedz\u0113ja servera, bet uz pas\u016bt\u012bt\u0101ja servera. Tas noz\u012bm\u0113, ka nek\u0101da inform\u0101cija par transporta l\u012bdzek\u013cu kust\u012bbu vai to atra\u0161an\u0101s vietu nav pieejama pieg\u0101d\u0101t\u0101jam vai cit\u0101m person\u0101m. Sist\u0113mu var lietot tikai tie pas\u016bt\u012bt\u0101ja darbinieki, kam pati organiz\u0101cija dele\u0123\u0113 \u0161\u0101das ties\u012bbas.<\/span><\/span><\/span><\/p>\n<p align=\"justify\"><span style=\"color: #777777;\"><span style=\"font-family: Open Sans, serif;\"><span style=\"font-size: small;\">TUKS sist\u0113ma ir sekm\u012bgi ieviesta valsts p\u0101rvaldes iest\u0101d\u0113s.<\/span><\/span><\/span><\/p>\n<p align=\"justify\"><span style=\"color: #777777;\"><span style=\"font-family: Open Sans, serif;\"><span style=\"font-size: small;\">TUKS ievie\u0161ana ietver transporta l\u012bdzek\u013cu apr\u012bko\u0161anu ar profesion\u0101laj\u0101m GPS\/GPRS seko\u0161anas iek\u0101rt\u0101m un TUKS programmat\u016bras pieg\u0101di pas\u016bt\u012bt\u0101jam. S\u0101kotn\u0113jo konfigur\u0101ciju, balstoties uz pieg\u0101d\u0101to dokument\u0101ciju, viegli var veikt pas\u016bt\u012bt\u0101js.<\/span><\/span><\/span><\/p>\n<p align=\"justify\"><b><span style=\"color: #777777;\"><span style=\"font-family: Open Sans, serif;\"><span style=\"font-size: small;\">TUKS <\/span><\/span><\/span><\/b><b><span style=\"color: #777777;\"><span style=\"font-family: Open Sans, serif;\"><span style=\"font-size: small;\">PROGRAMMAT\u016aRAS TEHNISKAIS APRAKSTS<\/span><\/span><\/span><\/b><\/p>\n<p align=\"justify\"><a name=\"_Hlk136950424\"><\/a> <span style=\"color: #777777;\"><span style=\"font-family: Open Sans, serif;\"><span style=\"font-size: small;\">TUKS risin\u0101jums sast\u0101v no sekojo\u0161iem funkcion\u0101lajiem blokiem:<\/span><\/span><\/span><\/p>\n<ol>\n<li>\n<p align=\"justify\"><span style=\"color: #777777;\"><span style=\"font-family: Open Sans, serif;\"><span style=\"font-size: small;\">Seko\u0161anas serveris \u2013 programmat\u016bras apak\u0161sist\u0113ma (MySQL rel\u0101ciju datub\u0101zu vad\u012bbas sist\u0113ma), kura tver ien\u0101ko\u0161os telem\u0101tikas datus un glab\u0101 datub\u0101z\u0113.<\/span><\/span><\/span><\/p>\n<\/li>\n<li>\n<p align=\"justify\"><span style=\"color: #777777;\"><span style=\"font-family: Open Sans, serif;\"><span style=\"font-size: small;\">Transporta kontroles sist\u0113ma, kas nodro\u0161ina datu att\u0113lo\u0161anu uz kartes un satura anal\u012bzi. Sist\u0113ma veidota no PostgreSQL rel\u0101ciju datub\u0101zu vad\u012bbas sist\u0113mas, PHP programm\u0113\u0161anas valod\u0101 un darbosies uz IIS vai Apache t\u012bmek\u013ca servera. Sist\u0113mas lietot\u0101jus iesp\u0113jams autentific\u0113t pret pas\u016bt\u012bt\u0101ja infrastrukt\u016br\u0101 eso\u0161o Akt\u012bvo direktoriju (MS Active Directory).<\/span><\/span><\/span><\/p>\n<\/li>\n<li>\n<p align=\"justify\"><span style=\"color: #777777;\"><span style=\"font-family: Open Sans, serif;\"><span style=\"font-size: small;\">Kar\u0161u un datu servisi. Tiek nodro\u0161in\u0101ta J\u0101\u0146a s\u0113tas kar\u0161u pamatne un datu servisi (revers\u0101 \u0123eokod\u0113\u0161ana adre\u0161u ieg\u016b\u0161anai un citi) no J\u0101\u0146a s\u0113tas \u0101r\u0113jiem serveriem. Servisi nodro\u0161ina kartes pamatni tie\u0161saistes seko\u0161an\u0101 un adre\u0161u ieg\u016b\u0161anu no koordin\u0101t\u0101m mar\u0161ruta lapu \u0123ener\u0113\u0161an\u0101.<\/span><\/span><\/span><\/p>\n<\/li>\n<li>\n<p align=\"justify\"><span style=\"color: #777777;\"><span style=\"font-family: Open Sans, serif;\"><span style=\"font-size: small;\">Seko\u0161anas risin\u0101juma darb\u012bbai tiek nodro\u0161in\u0101tas GPS\/GPRS seko\u0161anas iek\u0101rtas FMB140 ar taj\u0101s ievietot\u0101m pas\u016bt\u012bt\u0101ja nodro\u0161in\u0101t\u0101m datu (SIM) kart\u0113m.<\/span><\/span><\/span><\/p>\n<\/li>\n<\/ol>\n<p align=\"justify\"><b><span style=\"color: #777777;\"><span style=\"font-family: Open Sans, serif;\"><span style=\"font-size: small;\">TUKS <\/span><\/span><\/span><\/b><b><span style=\"color: #777777;\"><span style=\"font-family: Open Sans, serif;\"><span style=\"font-size: small;\">PROGRAMMAT\u016aRAS DOKUMENT\u0100CIJA<\/span><\/span><\/span><\/b><\/p>\n<p align=\"justify\"><span style=\"color: #777777;\"><span style=\"font-family: Open Sans, serif;\"><span style=\"font-size: small;\">TUKS dokument\u0101cija ir pieejama \u0161eit:\u00a0<\/span><\/span><\/span><a href=\"https:\/\/www.kartes.lv\/wp-content\/uploads\/2023\/06\/TUKS_instalesanas_rokasgramata.pdf\"><span style=\"color: #777777;\"><span style=\"font-family: Open Sans, serif;\"><span style=\"font-size: small;\"><u>instal\u0101cijas instrukcija<\/u><\/span><\/span><\/span><\/a><span style=\"color: #777777;\"><span style=\"font-family: Open Sans, serif;\"><span style=\"font-size: small;\">, <\/span><\/span><\/span><a href=\"https:\/\/www.kartes.lv\/wp-content\/uploads\/2023\/06\/TUKS-lietotaju-instrukcija.docx\"><span style=\"color: #777777;\"><span style=\"font-family: Open Sans, serif;\"><span style=\"font-size: small;\"><u>lietot\u0101ja rokasgr\u0101mata<\/u><\/span><\/span><\/span><\/a><span style=\"color: #777777;\"><span style=\"font-family: Open Sans, serif;\"><span style=\"font-size: small;\">.<\/span><\/span><\/span><\/p>\n<p align=\"justify\"><b><span style=\"color: #777777;\"><span style=\"font-family: Open Sans, serif;\"><span style=\"font-size: small;\">TUKS <\/span><\/span><\/span><\/b><b><span style=\"color: #777777;\"><span style=\"font-family: Open Sans, serif;\"><span style=\"font-size: small;\">PRODUKTU GRUPAS:<\/span><\/span><\/span><\/b><\/p>\n<ol>\n<li>\n<p align=\"justify\"><span style=\"color: #777777;\"><span style=\"font-family: Open Sans, serif;\"><span style=\"font-size: small;\">Transporta uzraudz\u012bbas un kontroles sist\u0113mas TUKS licence, l\u012bdz 100 transporta l\u012bdzek\u013ciem (kods (TUKS01).<\/span><\/span><\/span><\/p>\n<\/li>\n<li>\n<p align=\"justify\"><span style=\"color: #777777;\"><span style=\"font-family: Open Sans, serif;\"><span style=\"font-size: small;\">Transporta uzraudz\u012bbas un kontroles sist\u0113mas TUKS licence, virs 100 transporta l\u012bdzek\u013ciem (kods (TUKS03).<\/span><\/span><\/span><\/p>\n<\/li>\n<li>\n<p align=\"justify\"><span style=\"color: #777777;\"><span style=\"font-family: Open Sans, serif;\"><span style=\"font-size: small;\">Transporta uzraudz\u012bbas un kontroles sist\u0113mas TUKS licences uztur\u0113\u0161ana, l\u012bdz 100 transporta l\u012bdzek\u013ciem (kods (TUKS02).<\/span><\/span><\/span><\/p>\n<\/li>\n<li>\n<p align=\"justify\"><span style=\"color: #777777;\"><span style=\"font-family: Open Sans, serif;\"><span style=\"font-size: small;\">Transporta uzraudz\u012bbas un kontroles sist\u0113mas TUKS licences uztur\u0113\u0161ana, virs 100 transporta l\u012bdzek\u013ciem (kods (TUKS04).<\/span><\/span><\/span><\/p>\n<\/li>\n<\/ol>\n<p align=\"justify\"><a name=\"_Hlk136950424\"><\/a> <span style=\"color: #777777;\"><span style=\"font-family: Open Sans, serif;\"><span style=\"font-size: small;\">Produktu grupas ar kodiem TUKS02 un TUKS04 ietver transporta uzraudz\u012bbas un kontroles seko\u0161anas (TUKS) risin\u0101juma uztur\u0113\u0161anu, kas ietver sekojo\u0161os pakalpojumus:<\/span><\/span><\/span><\/p>\n<ul>\n<li>\n<p align=\"justify\"><span style=\"color: #777777;\"><span style=\"font-family: Open Sans, serif;\"><span style=\"font-size: small;\">TUKS risin\u0101juma k\u013c\u016bdu bezmaksas labojumi;<\/span><\/span><\/span><\/p>\n<\/li>\n<li>\n<p align=\"justify\"><span style=\"color: #777777;\"><span style=\"font-family: Open Sans, serif;\"><span style=\"font-size: small;\">TUKS risin\u0101juma izmai\u0146u piepras\u012bjumu apstr\u0101de;<\/span><\/span><\/span><\/p>\n<\/li>\n<li>\n<p align=\"justify\"><span style=\"color: #777777;\"><span style=\"font-family: Open Sans, serif;\"><span style=\"font-size: small;\">J\u0101\u0146a s\u0113tas kar\u0161u un datu servisu darb\u012bba TUKS risin\u0101jum\u0101 (revers\u0101 \u0123eokod\u0113\u0161ana, adre\u0161u ieg\u016b\u0161anai un citi) no J\u0101\u0146a s\u0113tas \u0101r\u0113jiem serveriem.<\/span><\/span><\/span><\/p>\n<\/li>\n<\/ul>\n<p align=\"justify\"><b><span style=\"color: #777777;\"><span style=\"font-family: Open Sans, serif;\"><span style=\"font-size: small;\">TUKS produktu grupas cenas var sa\u0146emt, rakstot uz e-pastu <a href=\"mailto:order@kartes.lv\">order@kartes.lv<\/a>.<\/span><\/span><\/span><\/b><\/p>\n<p><\/p>","protected":false},"excerpt":{"rendered":"<p>\u201cJ\u0101\u0146a s\u0113ta\u201d ir rad\u012bjusi transporta uzraudz\u012bbas un kontroles seko\u0161anas (TUKS) risin\u0101jumu, kas nodro\u0161ina seko\u0161anas datu augst\u0101k\u0101 l\u012bme\u0146a dro\u0161\u012bbu. TUKS galven\u0101 at\u0161\u0137ir\u012bba no citiem transporta seko\u0161anas pakalpojumu tirg\u016b pied\u0101v\u0101tiem risin\u0101jumiem ir &#8230;<\/p>\n","protected":false},"author":4,"featured_media":0,"parent":0,"menu_order":0,"comment_status":"closed","ping_status":"closed","template":"","meta":{"footnotes":""},"class_list":["post-16578","page","type-page","status-publish","hentry"],"_links":{"self":[{"href":"https:\/\/www.kartes.lv\/lv\/wp-json\/wp\/v2\/pages\/16578","targetHints":{"allow":["GET"]}}],"collection":[{"href":"https:\/\/www.kartes.lv\/lv\/wp-json\/wp\/v2\/pages"}],"about":[{"href":"https:\/\/www.kartes.lv\/lv\/wp-json\/wp\/v2\/types\/page"}],"author":[{"embeddable":true,"href":"https:\/\/www.kartes.lv\/lv\/wp-json\/wp\/v2\/users\/4"}],"replies":[{"embeddable":true,"href":"https:\/\/www.kartes.lv\/lv\/wp-json\/wp\/v2\/comments?post=16578"}],"version-history":[{"count":5,"href":"https:\/\/www.kartes.lv\/lv\/wp-json\/wp\/v2\/pages\/16578\/revisions"}],"predecessor-version":[{"id":17345,"href":"https:\/\/www.kartes.lv\/lv\/wp-json\/wp\/v2\/pages\/16578\/revisions\/17345"}],"wp:attachment":[{"href":"https:\/\/www.kartes.lv\/lv\/wp-json\/wp\/v2\/media?parent=16578"}],"curies":[{"name":"wp","href":"https:\/\/api.w.org\/{rel}","templated":true}]}}