{"id":18618,"date":"2024-06-13T13:45:36","date_gmt":"2024-06-13T10:45:36","guid":{"rendered":"https:\/\/www.kartes.lv\/?page_id=18618"},"modified":"2024-06-13T16:10:50","modified_gmt":"2024-06-13T13:10:50","slug":"ainavu-vertesana","status":"publish","type":"page","link":"https:\/\/www.kartes.lv\/lv\/ainavu-vertesana\/","title":{"rendered":"IETEKMES UZ AINAVU NOV\u0112RT\u0112JUMS IVN PROCES\u0100"},"content":{"rendered":"<p><span data-contrast=\"none\">Ietekmes uz vidi nov\u0113rt\u0113jums (IVN) ir viens <\/span><span data-contrast=\"none\">no vides<\/span><span data-contrast=\"none\"> aizsardz\u012bbas politikas instrumentiem, kas aptver un ietekm\u0113 visda\u017e\u0101d\u0101k\u0101s ar vidi saist\u012bt\u0101s jomas, tostarp ar\u012b paredz\u0113t\u0101s darb\u012bbas ietekmi uz ainavu.<\/span><span data-ccp-props=\"{&quot;201341983&quot;:0,&quot;335551550&quot;:6,&quot;335551620&quot;:6,&quot;335559739&quot;:160,&quot;335559740&quot;:259}\">\u00a0<\/span><\/p>\n<p><span data-contrast=\"none\">Potenci\u0101lo izmai\u0146u ietekmes nov\u0113rt\u0113jums uz ainavu un kult\u016brv\u0113sturiskajiem objektiem ir sare\u017e\u0123\u012bts uzdevums, kas pieprasa iedzi\u013cin\u0101\u0161anos eso\u0161ajos normat\u012bvajos regul\u0113jumos un pl\u0101no\u0161anas dokumentos, teritorijas apseko\u0161anu dab\u0101, pl\u0101not\u0101s darb\u012bbas ietekmes nov\u0113rt\u0113jumu, da\u017e\u0101du scen\u0101riju ietekmes model\u0113\u0161anu, k\u0101 ar\u012b rekomend\u0101ciju snieg\u0161anu.\u00a0<\/span><span data-ccp-props=\"{&quot;201341983&quot;:0,&quot;335551550&quot;:6,&quot;335551620&quot;:6,&quot;335559739&quot;:160,&quot;335559740&quot;:259}\">\u00a0<\/span><\/p>\n<p><span data-contrast=\"none\">J\u0101\u0146a s\u0113ta pied\u0101v\u0101 veikt ietekmes uz ainavu nov\u0113rt\u0113jumu, nodro\u0161inot vispus\u012bgu pl\u0101not\u0101 objekta ietekmes <\/span><span data-contrast=\"none\">anal\u012bzi,<\/span><span data-contrast=\"none\"> veicot gan kvalitat\u012bvu, gan kvantitat\u012bvu ietekmes anal\u012bzi, kas balst\u012bta uz\u0146\u0113muma komandas ilgaj\u0101 pieredz\u0113, <\/span><span data-contrast=\"none\">\u0123eogr\u0101fijas zin\u0101\u0161an\u0101s, <\/span><span data-contrast=\"none\">uz\u0146\u0113mum\u0101 eso\u0161ajos \u0123eotelpiskajos datos, k\u0101 ar\u012b prasm\u0113 veikt \u0123eotelpisko anal\u012bzi no visda\u017e\u0101d\u0101ko avotu datiem.<\/span><span data-ccp-props=\"{&quot;201341983&quot;:0,&quot;335551550&quot;:6,&quot;335551620&quot;:6,&quot;335559739&quot;:160,&quot;335559740&quot;:259}\">\u00a0<\/span><\/p>\n<h5><b><span data-contrast=\"none\"><span class=\"TextRun Highlight SCXW68572412 BCX2\" lang=\"LV-LV\" xml:lang=\"LV-LV\" data-contrast=\"none\"><span class=\"NormalTextRun SCXW68572412 BCX2\">Ietekmes uz a<\/span><span class=\"NormalTextRun SCXW68572412 BCX2\">inavu nov\u0113rt\u0113juma posmi<\/span><\/span><\/span><\/b><\/h5>\n<ul>\n<li data-leveltext=\"-\" data-font=\"RobustaTLPro-Regular\" data-listid=\"1\" data-list-defn-props=\"{&quot;335551500&quot;:2172201,&quot;335551671&quot;:0,&quot;335552541&quot;:1,&quot;335559685&quot;:720,&quot;335559991&quot;:360,&quot;469769226&quot;:&quot;RobustaTLPro-Regular&quot;,&quot;469769242&quot;:[8226],&quot;469777803&quot;:&quot;left&quot;,&quot;469777804&quot;:&quot;-&quot;,&quot;469777815&quot;:&quot;hybridMultilevel&quot;}\" aria-setsize=\"-1\" data-aria-posinset=\"0\" data-aria-level=\"1\"><b><span data-contrast=\"auto\">Kvalitat\u012bv\u0101 pieeja<\/span><\/b><span data-ccp-props=\"{&quot;201341983&quot;:0,&quot;335551550&quot;:6,&quot;335551620&quot;:6,&quot;335559739&quot;:160,&quot;335559740&quot;:259}\">\u00a0<\/span><\/li>\n<\/ul>\n<p><span data-contrast=\"auto\">Nov\u0113rt\u0113juma proces\u0101 teritorija tiek apsekota dab\u0101, \u012bpa\u0161u uzman\u012bbu piev\u0113r\u0161ot noz\u012bm\u012bg\u0101kaj\u0101m viet\u0101m \u2013 kult\u016brv\u0113sturiskiem un t\u016brisma objektiem, bl\u012bvi apdz\u012bvot\u0101m teritorij\u0101m, \u012bpa\u0161i v\u0113rt\u012bg\u0101m skatu viet\u0101m;<\/span><span data-ccp-props=\"{&quot;201341983&quot;:0,&quot;335551550&quot;:6,&quot;335551620&quot;:6,&quot;335559685&quot;:720,&quot;335559739&quot;:160,&quot;335559740&quot;:259}\">\u00a0<\/span><\/p>\n<p><span data-contrast=\"auto\">Darb\u012bbas nov\u0113rt\u0113jum\u0101 b\u016btisks aspekts ir sp\u0113k\u0101 eso\u0161o pl\u0101no\u0161anas dokumentu anal\u012bze, \u012bpa\u0161u uzman\u012bbu piev\u0113r\u0161ot pl\u0101nos min\u0113taj\u0101m ainavu v\u0113rt\u012bb\u0101m un potenci\u0101l\u0101s ieceres sader\u012bbai ar pl\u0101no\u0161anas dokumentiem, tiek \u0146emta v\u0113r\u0101 ar\u012b starptautisk\u0101 pieredze ietekmes uz ainavu nov\u0113rt\u0113jum\u0101 l\u012bdz\u012bgu projektu \u012bsteno\u0161an\u0101;<\/span><span data-ccp-props=\"{&quot;201341983&quot;:0,&quot;335551550&quot;:6,&quot;335551620&quot;:6,&quot;335559685&quot;:720,&quot;335559739&quot;:160,&quot;335559740&quot;:259}\">\u00a0<\/span><\/p>\n<p><span data-contrast=\"auto\">Tiek v\u0113rt\u0113ti ar\u012b netradicion\u0101li datu avoti, piem\u0113ram, dati par cilv\u0113ku p\u0101rvieto\u0161anos potenci\u0101li ietekm\u0113taj\u0101s teritorij\u0101s.<\/span><span data-ccp-props=\"{&quot;201341983&quot;:0,&quot;335551550&quot;:6,&quot;335551620&quot;:6,&quot;335559685&quot;:720,&quot;335559739&quot;:160,&quot;335559740&quot;:259}\">\u00a0<\/span><\/p>\n<ul>\n<li data-leveltext=\"-\" data-font=\"RobustaTLPro-Regular\" data-listid=\"1\" data-list-defn-props=\"{&quot;335551500&quot;:2172201,&quot;335551671&quot;:0,&quot;335552541&quot;:1,&quot;335559685&quot;:720,&quot;335559991&quot;:360,&quot;469769226&quot;:&quot;RobustaTLPro-Regular&quot;,&quot;469769242&quot;:[8226],&quot;469777803&quot;:&quot;left&quot;,&quot;469777804&quot;:&quot;-&quot;,&quot;469777815&quot;:&quot;hybridMultilevel&quot;}\" aria-setsize=\"-1\" data-aria-posinset=\"0\" data-aria-level=\"1\"><b><span data-contrast=\"auto\">Kvantitat\u012bv\u0101 pieeja<\/span><\/b><span data-ccp-props=\"{&quot;201341983&quot;:0,&quot;335551550&quot;:6,&quot;335551620&quot;:6,&quot;335559739&quot;:160,&quot;335559740&quot;:259}\">\u00a0<\/span><\/li>\n<\/ul>\n<p><span data-contrast=\"auto\">Lai nov\u0113rt\u0113tu pl\u0101not\u0101s darb\u012bbas ieceri ir svar\u012bgi veikt ar\u012b kvantitat\u012bvo anal\u012bzi, kas v\u0113rt\u0113 objekta vizu\u0101lo ietekmi uz ainavu, \u012bpa\u0161i b\u016btiski tas ir v\u0113ja elektrostaciju (VES) ietekmes nov\u0113rt\u0113jum\u0101, jo objektu redzam\u012bbas att\u0101lums var p\u0101rsniegt 10 un vair\u0101k kilometrus. Ainavu nov\u0113rt\u0113juma proces\u0101 veicam apr\u0113\u0137inus, kas nor\u0101da uz redzam\u012bbas zon\u0101m teritorij\u0101 ap pl\u0101noto objektu, k\u0101 ar\u012b nov\u0113rt\u0113jam apdz\u012bvojuma intensit\u0101ti zon\u0101 ap paredz\u0113to darb\u012bbu.<\/span><span data-ccp-props=\"{&quot;201341983&quot;:0,&quot;335551550&quot;:6,&quot;335551620&quot;:6,&quot;335559685&quot;:720,&quot;335559739&quot;:160,&quot;335559740&quot;:259}\">\u00a0<\/span><\/p>\n<ul>\n<li data-leveltext=\"-\" data-font=\"RobustaTLPro-Regular\" data-listid=\"1\" data-list-defn-props=\"{&quot;335551500&quot;:2172201,&quot;335551671&quot;:0,&quot;335552541&quot;:1,&quot;335559685&quot;:720,&quot;335559991&quot;:360,&quot;469769226&quot;:&quot;RobustaTLPro-Regular&quot;,&quot;469769242&quot;:[8226],&quot;469777803&quot;:&quot;left&quot;,&quot;469777804&quot;:&quot;-&quot;,&quot;469777815&quot;:&quot;hybridMultilevel&quot;}\" aria-setsize=\"-1\" data-aria-posinset=\"0\" data-aria-level=\"1\"><b><span data-contrast=\"auto\">3D model\u0113\u0161ana, vizualiz\u0101ciju izstr\u0101de<\/span><\/b><span data-ccp-props=\"{&quot;201341983&quot;:0,&quot;335551550&quot;:6,&quot;335551620&quot;:6,&quot;335559739&quot;:160,&quot;335559740&quot;:259}\">\u00a0<\/span><\/li>\n<\/ul>\n<p><span data-contrast=\"auto\">Izmantojot \u0122IS risin\u0101jumus, iesp\u0113jams prec\u012bzi model\u0113t, k\u0101 pl\u0101notie objekti iek\u013causies ainav\u0101 un, izmantojot prec\u012bzus zemes virsmas mode\u013cus, model\u0113t konkr\u0113tu turb\u012bnu saskat\u0101m\u012bbu no apk\u0101rt\u0113j\u0101s teritorijas. Izmantojam jaun\u0101kos pieejamos datus par zemes apaugumu, k\u0101 ar\u012b sp\u0113jam model\u0113t t\u0101 izmai\u0146as tuv\u0101kaj\u0101 n\u0101kotn\u0113.<\/span><span data-ccp-props=\"{&quot;201341983&quot;:0,&quot;335551550&quot;:6,&quot;335551620&quot;:6,&quot;335559685&quot;:720,&quot;335559739&quot;:160,&quot;335559740&quot;:259}\">\u00a0<\/span><\/p>\n<ul>\n<li><strong><span class=\"TextRun SCXW207814376 BCX2\" lang=\"LV-LV\" xml:lang=\"LV-LV\" data-contrast=\"auto\"><span class=\"NormalTextRun SCXW207814376 BCX2\">Dokument\u0101cijas izstr\u0101de<\/span><span class=\"NormalTextRun SCXW207814376 BCX2\">, rekomend\u0101cija<\/span><\/span><\/strong><\/li>\n<\/ul>\n<p><span data-contrast=\"auto\">Ainavu ekspertu un \u0122IS speci\u0101listu veikums tiek apkopots atzinum\u0101 par ietekmi uz ainavu. Atzinum\u0101 ir apkopoti visi veiktaj\u0101 nov\u0113rt\u0113jum\u0101 g\u016btie secin\u0101jumi, k\u0101 ar\u012b par\u0101d\u012bti model\u0113tie skati no b\u016btisk\u0101kajiem skatu punktiem. Atzinums satur ar\u012b rekomend\u0101cijas par izmai\u0146\u0101m atsevi\u0161\u0137u objektu novietojum\u0101 vai t\u0101 tehniskajos parametros vai par citu pas\u0101kumu veik\u0161anu ietekmes mazin\u0101\u0161anai.<\/span><\/p>\n<section id=\"sec5\" class=\" section-padding onepage-section\">\n<div class=\"container\">\n<div class=\"section-title-area\" style=\"text-align: left;\">\n<h2 class=\"section-title\" style=\"font-size: 24px;\">Piem\u0113ri<\/h2>\n<\/div>\n<div class=\"section-content\">\n<div class=\"row\">\n<div class=\"feature-item col-lg-12 col-sm-12 wow slideInUp\" style=\"visibility: visible; animation-name: slideInUp;\">\n<div class=\"feature-media\" style=\"text-align: initial;\"><img loading=\"lazy\" decoding=\"async\" class=\"wp-image-18629 aligncenter\" src=\"https:\/\/www.kartes.lv\/wp-content\/uploads\/2024\/06\/obj_redz-300x179.png\" alt=\"\" width=\"784\" height=\"468\" srcset=\"https:\/\/www.kartes.lv\/wp-content\/uploads\/2024\/06\/obj_redz-300x179.png 300w, https:\/\/www.kartes.lv\/wp-content\/uploads\/2024\/06\/obj_redz-1024x611.png 1024w, https:\/\/www.kartes.lv\/wp-content\/uploads\/2024\/06\/obj_redz-768x458.png 768w, https:\/\/www.kartes.lv\/wp-content\/uploads\/2024\/06\/obj_redz-400x239.png 400w, https:\/\/www.kartes.lv\/wp-content\/uploads\/2024\/06\/obj_redz-600x358.png 600w, https:\/\/www.kartes.lv\/wp-content\/uploads\/2024\/06\/obj_redz.png 1266w\" sizes=\"auto, (max-width: 784px) 100vw, 784px\" \/><\/div>\n<div><img loading=\"lazy\" decoding=\"async\" class=\" wp-image-18628 aligncenter\" src=\"https:\/\/www.kartes.lv\/wp-content\/uploads\/2024\/06\/obj_redz2-300x157.png\" alt=\"\" width=\"774\" height=\"405\" srcset=\"https:\/\/www.kartes.lv\/wp-content\/uploads\/2024\/06\/obj_redz2-300x157.png 300w, https:\/\/www.kartes.lv\/wp-content\/uploads\/2024\/06\/obj_redz2-400x209.png 400w, https:\/\/www.kartes.lv\/wp-content\/uploads\/2024\/06\/obj_redz2-600x314.png 600w, https:\/\/www.kartes.lv\/wp-content\/uploads\/2024\/06\/obj_redz2.png 738w\" sizes=\"auto, (max-width: 774px) 100vw, 774px\" \/><\/div>\n<h4><\/h4>\n<h4 style=\"text-align: center;\">Objektu redzam\u012bbas anal\u012bzes piem\u0113rs<\/h4>\n<\/div>\n<\/div>\n<p>&nbsp;<\/p>\n<div class=\"row\">\n<div class=\"feature-item col-lg-12 col-sm-12 wow slideInUp\" style=\"visibility: visible; animation-name: slideInUp;\">\n<p><img loading=\"lazy\" decoding=\"async\" class=\"wp-image-18627 aligncenter\" src=\"https:\/\/www.kartes.lv\/wp-content\/uploads\/2024\/06\/iedz1-213x300.jpg\" alt=\"\" width=\"547\" height=\"770\" srcset=\"https:\/\/www.kartes.lv\/wp-content\/uploads\/2024\/06\/iedz1-213x300.jpg 213w, https:\/\/www.kartes.lv\/wp-content\/uploads\/2024\/06\/iedz1-728x1024.jpg 728w, https:\/\/www.kartes.lv\/wp-content\/uploads\/2024\/06\/iedz1-768x1080.jpg 768w, https:\/\/www.kartes.lv\/wp-content\/uploads\/2024\/06\/iedz1-1092x1536.jpg 1092w, https:\/\/www.kartes.lv\/wp-content\/uploads\/2024\/06\/iedz1-400x562.jpg 400w, https:\/\/www.kartes.lv\/wp-content\/uploads\/2024\/06\/iedz1-600x844.jpg 600w, https:\/\/www.kartes.lv\/wp-content\/uploads\/2024\/06\/iedz1.jpg 1145w\" sizes=\"auto, (max-width: 547px) 100vw, 547px\" \/><\/p>\n<h4 style=\"text-align: center;\">Iedz\u012bvot\u0101ju izvietojuma bl\u012bvuma anal\u012bzes piem\u0113rs<\/h4>\n<\/div>\n<p>&nbsp;<\/p>\n<\/div>\n<div class=\"section-content\">\n<div class=\"row\">\n<div class=\"feature-item col-lg-12 col-sm-12 wow slideInUp\" style=\"visibility: visible; animation-name: slideInUp;\">\n<div class=\"feature-media\" style=\"text-align: initial;\"><img loading=\"lazy\" decoding=\"async\" class=\"wp-image-18626 aligncenter\" src=\"https:\/\/www.kartes.lv\/wp-content\/uploads\/2024\/06\/ves-300x148.png\" alt=\"\" width=\"783\" height=\"386\" srcset=\"https:\/\/www.kartes.lv\/wp-content\/uploads\/2024\/06\/ves-300x148.png 300w, https:\/\/www.kartes.lv\/wp-content\/uploads\/2024\/06\/ves-1024x506.png 1024w, https:\/\/www.kartes.lv\/wp-content\/uploads\/2024\/06\/ves-768x379.png 768w, https:\/\/www.kartes.lv\/wp-content\/uploads\/2024\/06\/ves-400x198.png 400w, https:\/\/www.kartes.lv\/wp-content\/uploads\/2024\/06\/ves-600x296.png 600w, https:\/\/www.kartes.lv\/wp-content\/uploads\/2024\/06\/ves.png 1364w\" sizes=\"auto, (max-width: 783px) 100vw, 783px\" \/><\/div>\n<div><img loading=\"lazy\" decoding=\"async\" class=\" wp-image-18625 aligncenter\" src=\"https:\/\/www.kartes.lv\/wp-content\/uploads\/2024\/06\/ves2-300x171.jpg\" alt=\"\" width=\"782\" height=\"446\" srcset=\"https:\/\/www.kartes.lv\/wp-content\/uploads\/2024\/06\/ves2-300x171.jpg 300w, https:\/\/www.kartes.lv\/wp-content\/uploads\/2024\/06\/ves2-1024x584.jpg 1024w, https:\/\/www.kartes.lv\/wp-content\/uploads\/2024\/06\/ves2-768x438.jpg 768w, https:\/\/www.kartes.lv\/wp-content\/uploads\/2024\/06\/ves2-400x228.jpg 400w, https:\/\/www.kartes.lv\/wp-content\/uploads\/2024\/06\/ves2-600x342.jpg 600w, https:\/\/www.kartes.lv\/wp-content\/uploads\/2024\/06\/ves2.jpg 1265w\" sizes=\"auto, (max-width: 782px) 100vw, 782px\" \/><\/div>\n<h4><\/h4>\n<h4 style=\"text-align: center;\">3D model\u0113\u0161ana<\/h4>\n<p>&nbsp;<\/p>\n<\/div>\n<div class=\"feature-item col-lg-12 col-sm-12 wow slideInUp\" style=\"visibility: visible; animation-name: slideInUp;\">\n<p><img loading=\"lazy\" decoding=\"async\" class=\"wp-image-18624 aligncenter\" src=\"https:\/\/www.kartes.lv\/wp-content\/uploads\/2024\/06\/ain1-300x138.jpg\" alt=\"\" width=\"778\" height=\"358\" srcset=\"https:\/\/www.kartes.lv\/wp-content\/uploads\/2024\/06\/ain1-300x138.jpg 300w, https:\/\/www.kartes.lv\/wp-content\/uploads\/2024\/06\/ain1-1024x472.jpg 1024w, https:\/\/www.kartes.lv\/wp-content\/uploads\/2024\/06\/ain1-768x354.jpg 768w, https:\/\/www.kartes.lv\/wp-content\/uploads\/2024\/06\/ain1-400x185.jpg 400w, https:\/\/www.kartes.lv\/wp-content\/uploads\/2024\/06\/ain1-600x277.jpg 600w, https:\/\/www.kartes.lv\/wp-content\/uploads\/2024\/06\/ain1.jpg 1270w\" sizes=\"auto, (max-width: 778px) 100vw, 778px\" \/><\/p>\n<p><img loading=\"lazy\" decoding=\"async\" class=\" wp-image-18623 aligncenter\" src=\"https:\/\/www.kartes.lv\/wp-content\/uploads\/2024\/06\/ain2-300x138.jpg\" alt=\"\" width=\"774\" height=\"356\" srcset=\"https:\/\/www.kartes.lv\/wp-content\/uploads\/2024\/06\/ain2-300x138.jpg 300w, https:\/\/www.kartes.lv\/wp-content\/uploads\/2024\/06\/ain2-1024x472.jpg 1024w, https:\/\/www.kartes.lv\/wp-content\/uploads\/2024\/06\/ain2-768x354.jpg 768w, https:\/\/www.kartes.lv\/wp-content\/uploads\/2024\/06\/ain2-400x185.jpg 400w, https:\/\/www.kartes.lv\/wp-content\/uploads\/2024\/06\/ain2-600x277.jpg 600w, https:\/\/www.kartes.lv\/wp-content\/uploads\/2024\/06\/ain2.jpg 1268w\" sizes=\"auto, (max-width: 774px) 100vw, 774px\" \/><\/p>\n<p><img loading=\"lazy\" decoding=\"async\" class=\" wp-image-18622 aligncenter\" src=\"https:\/\/www.kartes.lv\/wp-content\/uploads\/2024\/06\/ain3-300x138.jpg\" alt=\"\" width=\"773\" height=\"356\" srcset=\"https:\/\/www.kartes.lv\/wp-content\/uploads\/2024\/06\/ain3-300x138.jpg 300w, https:\/\/www.kartes.lv\/wp-content\/uploads\/2024\/06\/ain3-1024x472.jpg 1024w, https:\/\/www.kartes.lv\/wp-content\/uploads\/2024\/06\/ain3-768x354.jpg 768w, https:\/\/www.kartes.lv\/wp-content\/uploads\/2024\/06\/ain3-400x184.jpg 400w, https:\/\/www.kartes.lv\/wp-content\/uploads\/2024\/06\/ain3-600x277.jpg 600w, https:\/\/www.kartes.lv\/wp-content\/uploads\/2024\/06\/ain3.jpg 1269w\" sizes=\"auto, (max-width: 773px) 100vw, 773px\" \/><\/p>\n<h4 style=\"text-align: center;\">Turb\u012bnu izvietojuma model\u0113\u0161ana dab\u0101<\/h4>\n<\/div>\n<\/div>\n<\/div>\n<\/div>\n<\/div>\n<\/section>\n<p><\/p>","protected":false},"excerpt":{"rendered":"<p>Ietekmes uz vidi nov\u0113rt\u0113jums (IVN) ir viens no vides aizsardz\u012bbas politikas instrumentiem, kas aptver un ietekm\u0113 visda\u017e\u0101d\u0101k\u0101s ar vidi saist\u012bt\u0101s jomas, tostarp ar\u012b paredz\u0113t\u0101s darb\u012bbas ietekmi uz ainavu.\u00a0 Potenci\u0101lo izmai\u0146u &#8230;<\/p>\n","protected":false},"author":4,"featured_media":0,"parent":0,"menu_order":0,"comment_status":"closed","ping_status":"closed","template":"","meta":{"footnotes":""},"class_list":["post-18618","page","type-page","status-publish","hentry"],"_links":{"self":[{"href":"https:\/\/www.kartes.lv\/lv\/wp-json\/wp\/v2\/pages\/18618","targetHints":{"allow":["GET"]}}],"collection":[{"href":"https:\/\/www.kartes.lv\/lv\/wp-json\/wp\/v2\/pages"}],"about":[{"href":"https:\/\/www.kartes.lv\/lv\/wp-json\/wp\/v2\/types\/page"}],"author":[{"embeddable":true,"href":"https:\/\/www.kartes.lv\/lv\/wp-json\/wp\/v2\/users\/4"}],"replies":[{"embeddable":true,"href":"https:\/\/www.kartes.lv\/lv\/wp-json\/wp\/v2\/comments?post=18618"}],"version-history":[{"count":32,"href":"https:\/\/www.kartes.lv\/lv\/wp-json\/wp\/v2\/pages\/18618\/revisions"}],"predecessor-version":[{"id":18659,"href":"https:\/\/www.kartes.lv\/lv\/wp-json\/wp\/v2\/pages\/18618\/revisions\/18659"}],"wp:attachment":[{"href":"https:\/\/www.kartes.lv\/lv\/wp-json\/wp\/v2\/media?parent=18618"}],"curies":[{"name":"wp","href":"https:\/\/api.w.org\/{rel}","templated":true}]}}