{"id":30288,"date":"2026-02-27T18:35:28","date_gmt":"2026-02-27T16:35:28","guid":{"rendered":"https:\/\/www.kartes.lv\/?page_id=30288"},"modified":"2026-02-27T18:35:28","modified_gmt":"2026-02-27T16:35:28","slug":"parvietota","status":"publish","type":"page","link":"https:\/\/www.kartes.lv\/lv\/parvietota\/","title":{"rendered":"\u0160eit nek\u0101 nav"},"content":{"rendered":"<p><\/p>\n<h4>\u0160\u012b lapa vairs nav pieejama.<\/h4>\n<h4>Iesp\u0113jams, t\u0101 ir p\u0101rvietota, iz\u0146emta vai adrese ievad\u012bta nepareizi.<\/h4>\n<h4>L\u016bdzu, dodies uz k\u0101du no m\u016bsu s\u0101kumlap\u0101m:<\/h4>\n<p><a href=\"\/\" style = \"padding:10px; display:inline-block; width:25%;\" class=\"wpb-pcf-btn wpb-pcf-btn-default\">S\u0100KUMLAPA<\/a><\/p>\n<p><a href=\"\/shop\" style = \"padding:10px; display:inline-block; width:25%;\" class=\"wpb-pcf-btn wpb-pcf-btn-default\">VEIKALS<\/a><\/p>","protected":false},"excerpt":{"rendered":"<p>\u0160\u012b lapa vairs nav pieejama. Iesp\u0113jams, t\u0101 ir p\u0101rvietota, iz\u0146emta vai adrese ievad\u012bta nepareizi. L\u016bdzu, dodies uz k\u0101du no m\u016bsu s\u0101kumlap\u0101m: S\u0100KUMLAPA VEIKALS<\/p>\n","protected":false},"author":53,"featured_media":0,"parent":0,"menu_order":0,"comment_status":"closed","ping_status":"closed","template":"","meta":{"footnotes":""},"class_list":["post-30288","page","type-page","status-publish","hentry"],"_links":{"self":[{"href":"https:\/\/www.kartes.lv\/lv\/wp-json\/wp\/v2\/pages\/30288","targetHints":{"allow":["GET"]}}],"collection":[{"href":"https:\/\/www.kartes.lv\/lv\/wp-json\/wp\/v2\/pages"}],"about":[{"href":"https:\/\/www.kartes.lv\/lv\/wp-json\/wp\/v2\/types\/page"}],"author":[{"embeddable":true,"href":"https:\/\/www.kartes.lv\/lv\/wp-json\/wp\/v2\/users\/53"}],"replies":[{"embeddable":true,"href":"https:\/\/www.kartes.lv\/lv\/wp-json\/wp\/v2\/comments?post=30288"}],"version-history":[{"count":1,"href":"https:\/\/www.kartes.lv\/lv\/wp-json\/wp\/v2\/pages\/30288\/revisions"}],"predecessor-version":[{"id":30289,"href":"https:\/\/www.kartes.lv\/lv\/wp-json\/wp\/v2\/pages\/30288\/revisions\/30289"}],"wp:attachment":[{"href":"https:\/\/www.kartes.lv\/lv\/wp-json\/wp\/v2\/media?parent=30288"}],"curies":[{"name":"wp","href":"https:\/\/api.w.org\/{rel}","templated":true}]}}