{"id":34,"date":"2016-08-24T12:33:06","date_gmt":"2016-08-24T10:33:06","guid":{"rendered":"http:\/\/wp4.kartes.lv\/?page_id=34"},"modified":"2023-06-27T09:45:59","modified_gmt":"2023-06-27T06:45:59","slug":"mes-piedavajam-musu-darbi","status":"publish","type":"page","link":"https:\/\/www.kartes.lv\/lv\/mes-piedavajam-musu-darbi\/","title":{"rendered":"M\u0113s pied\u0101v\u0101jam"},"content":{"rendered":"<p><\/p>\n<div class=\"row\">\n<div class=\"feature-item col-lg-3 col-sm-6 wow slideInUp\" style=\"visibility: visible; animation-name: slideInUp;\">\n<div class=\"feature-media\"><a href=\"https:\/\/www.kartes.lv\/lv\/kartes-atlanti-izglitojosie-izdevumi-celvezi-un-puzles\/\"> <span class=\"icon-image\"><img decoding=\"async\" src=\"https:\/\/www.kartes.lv\/wp-content\/uploads\/2017\/04\/Izdevumi_Pikto_2.png\" alt=\"\" \/><\/span> <\/a><\/div>\n<h4><a href=\"https:\/\/www.kartes.lv\/lv\/kartes-atlanti-izglitojosie-izdevumi-celvezi-un-puzles\/\">Kartes<\/a><\/h4>\n<div class=\"feature-item-content\">\n<p style=\"text-align: center;\">Kar\u0161u izdo\u0161ana ir viens no galvenajiem\u00a0\u201cJ\u0101\u0146a s\u0113tas\u201d darb\u012bbas virzieniem. Ce\u013cu kartes, izgl\u012btojo\u0161i izdevumi, ce\u013cve\u017ei, puzles un kas\u0101mkartes \u2013\u00a0deta\u013cas nosl\u012bp\u0113tas \u00a0nians\u0113s l\u012bdz perfektumam.<\/p>\n<\/div>\n<\/div>\n<div class=\"feature-item col-lg-3 col-sm-6 wow slideInUp\" style=\"visibility: visible; animation-name: slideInUp;\">\n<div class=\"feature-media\"><a href=\"https:\/\/www.kartes.lv\/lv\/gis-it\/\"> <span class=\"icon-image\"><img decoding=\"async\" src=\"https:\/\/www.kartes.lv\/wp-content\/uploads\/2017\/04\/Geo_Pikto_2.png\" alt=\"\" \/><\/span> <\/a><\/div>\n<h4><a href=\"https:\/\/www.kartes.lv\/lv\/gis-it\/\">\u0122eotelpiskie risin\u0101jumi<\/a><\/h4>\n<div class=\"feature-item-content\">\n<p style=\"text-align: center;\">M\u016bsu r\u012bc\u012bb\u0101 ir unik\u0101la \u0123eotelpisko datu kopa, kura var tikt integr\u0113ta da\u017e\u0101dos inform\u0101cijas tehnolo\u0123iju risin\u0101jumos. Sadarb\u012bba iesp\u0113jama, s\u0101kot ar datu pieg\u0101di un beidzot ar sare\u017e\u0123\u012btu inform\u0101cijas sist\u0113mu izstr\u0101di.<\/p>\n<\/div>\n<\/div>\n<div class=\"feature-item col-lg-3 col-sm-6 wow slideInUp\" style=\"visibility: visible; animation-name: slideInUp;\">\n<div class=\"feature-media\"><a href=\"https:\/\/www.kartes.lv\/lv\/pasutijuma-darbi\/\"> <span class=\"icon-image\"><img decoding=\"async\" src=\"https:\/\/www.kartes.lv\/wp-content\/uploads\/2017\/04\/Pasutijumi_Pikto_2.png\" alt=\"\" \/><\/span> <\/a><\/div>\n<h4><a href=\"https:\/\/www.kartes.lv\/lv\/pasutijuma-darbi\/\">Pas\u016bt\u012bjuma darbi<\/a><\/h4>\n<div class=\"feature-item-content\">\n<p style=\"text-align: center;\">Zino\u0161\u0101kais un pieredzes bag\u0101t\u0101kais t\u016brisma kar\u0161u, bukletu un ce\u013cve\u017eu izgatavot\u0101js Baltijas valst\u012bs. Profesion\u0101la\u00a0izdev\u0113ju komanda \u2013 kartogr\u0101fi, m\u0101kslinieki, redaktori, maket\u0113t\u0101ji un projektu vad\u012bt\u0101ji \u2013 iet\u0113rps st\u0101stu par novada vai pils\u0113tas iev\u0113rojam\u0101kaj\u0101m viet\u0101m saisto\u0161\u0101 izdevum\u0101.<\/p>\n<\/div>\n<\/div>\n<div class=\"feature-item col-lg-3 col-sm-6 wow slideInUp\" style=\"visibility: visible; animation-name: slideInUp;\">\n<div class=\"feature-media\"><a href=\"https:\/\/www.kartes.lv\/lv\/petijumi\/\"> <span class=\"icon-image\"><img decoding=\"async\" src=\"https:\/\/www.kartes.lv\/wp-content\/uploads\/2017\/04\/Petijumi_Pikto_2.png\" alt=\"\" \/><\/span> <\/a><\/div>\n<h4><a href=\"https:\/\/www.kartes.lv\/lv\/petijumi\/\">P\u0113t\u012bjumi<\/a><\/h4>\n<div class=\"feature-item-content\">\n<p style=\"text-align: center;\">Uzkr\u0101t\u0101s inform\u0101cijas b\u0101ze un\u00a0prasme izmantot \u0123eogr\u0101fisko inform\u0101cijas sist\u0113mu iesp\u0113jas kop\u0101 ar darbinieku pieredzi un erud\u012bciju \u013c\u0101vusi \u201cJ\u0101\u0146a s\u0113tai\u201d sevi realiz\u0113t gan k\u0101 sp\u0113c\u012bgu un ori\u0123in\u0101lu p\u0113tniec\u012bbas laboratoriju, gan k\u0101 konsultantu un ekspertu, kura galvenais izteiksmes l\u012bdzeklis ir karte.<\/p>\n<\/div>\n<\/div>\n<\/div>\n<p><\/p>","protected":false},"excerpt":{"rendered":"<p>Kartes Kar\u0161u izdo\u0161ana ir viens no galvenajiem\u00a0\u201cJ\u0101\u0146a s\u0113tas\u201d darb\u012bbas virzieniem. Ce\u013cu kartes, izgl\u012btojo\u0161i izdevumi, ce\u013cve\u017ei, puzles un kas\u0101mkartes \u2013\u00a0deta\u013cas nosl\u012bp\u0113tas \u00a0nians\u0113s l\u012bdz perfektumam. \u0122eotelpiskie risin\u0101jumi M\u016bsu r\u012bc\u012bb\u0101 ir unik\u0101la \u0123eotelpisko &#8230;<\/p>\n","protected":false},"author":45,"featured_media":0,"parent":0,"menu_order":0,"comment_status":"closed","ping_status":"closed","template":"","meta":{"footnotes":""},"class_list":["post-34","page","type-page","status-publish","hentry"],"_links":{"self":[{"href":"https:\/\/www.kartes.lv\/lv\/wp-json\/wp\/v2\/pages\/34","targetHints":{"allow":["GET"]}}],"collection":[{"href":"https:\/\/www.kartes.lv\/lv\/wp-json\/wp\/v2\/pages"}],"about":[{"href":"https:\/\/www.kartes.lv\/lv\/wp-json\/wp\/v2\/types\/page"}],"author":[{"embeddable":true,"href":"https:\/\/www.kartes.lv\/lv\/wp-json\/wp\/v2\/users\/45"}],"replies":[{"embeddable":true,"href":"https:\/\/www.kartes.lv\/lv\/wp-json\/wp\/v2\/comments?post=34"}],"version-history":[{"count":12,"href":"https:\/\/www.kartes.lv\/lv\/wp-json\/wp\/v2\/pages\/34\/revisions"}],"predecessor-version":[{"id":16655,"href":"https:\/\/www.kartes.lv\/lv\/wp-json\/wp\/v2\/pages\/34\/revisions\/16655"}],"wp:attachment":[{"href":"https:\/\/www.kartes.lv\/lv\/wp-json\/wp\/v2\/media?parent=34"}],"curies":[{"name":"wp","href":"https:\/\/api.w.org\/{rel}","templated":true}]}}