{"id":36,"date":"2016-08-24T12:36:20","date_gmt":"2016-08-24T10:36:20","guid":{"rendered":"http:\/\/wp4.kartes.lv\/?page_id=36"},"modified":"2025-04-04T13:45:01","modified_gmt":"2025-04-04T10:45:01","slug":"kartes-atlanti-izglitojosie-izdevumi-celvezi-un-puzles","status":"publish","type":"page","link":"https:\/\/www.kartes.lv\/lv\/kartes-atlanti-izglitojosie-izdevumi-celvezi-un-puzles\/","title":{"rendered":"Kartes"},"content":{"rendered":"<p><\/p>\n<section id=\"sec1\" class=\"section-padding onepage-section\">\n<div class=\"container\">\n<div class=\"section-title-area\" style=\"text-align: left;\">\n<h2 class=\"section-title\" style=\"font-size: 24px;\">Ce\u013cu kartes un atlanti<\/h2>\n<\/div>\n<div class=\"row col-lg-12 col-sm-12 wow slideInUp\" style=\"visibility: visible; animation-name: slideInUp;\">\n<div class=\"col-lg-4 col-sm-4 col-xs-12\" style=\"text-align: center; margin-bottom: 20px;\"><img loading=\"lazy\" decoding=\"async\" class=\"alignnone wp-image-10927 size-medium\" src=\"https:\/\/www.kartes.lv\/wp-content\/uploads\/2016\/08\/Superkartes_400x200-300x150.png\" alt=\"\" width=\"300\" height=\"150\" srcset=\"https:\/\/www.kartes.lv\/wp-content\/uploads\/2016\/08\/Superkartes_400x200-300x150.png 300w, https:\/\/www.kartes.lv\/wp-content\/uploads\/2016\/08\/Superkartes_400x200.png 400w\" sizes=\"auto, (max-width: 300px) 100vw, 300px\" \/><\/div>\n<div class=\"col-lg-8 col-sm-8 col-xs-12\">Loc\u012bts kabatas form\u0101ta kartes izdevums vai apjom\u012bgs un detaliz\u0113ts autoce\u013cu atlants, kur\u0101 att\u0113lota katra viens\u0113ta. Pras\u012bgiem lietot\u0101jiem pieejamas lamin\u0113tas autoce\u013cu kartes, savuk\u0101rt akt\u012bv\u0101 t\u016brisma piekrit\u0113jiem\u00a0\u2013 \u012bpa\u0161i iztur\u012bgas velomar\u0161rutu, dabas taku un laivo\u0161anas mar\u0161rutu kartes. Atzin\u012bbu iemantojusi kar\u0161u s\u0113rija \u201cAr karti dab\u0101\u201d, kuras \u012bpa\u0161ais materi\u0101ls un spir\u0101les ies\u0113jums \u013cauj izmantot kartes, lai pat visskarb\u0101kajos apst\u0101k\u013cos vist\u0101l\u0101kaj\u0101 Latvijas st\u016br\u012bt\u012b atkl\u0101tu k\u0101du sev nezin\u0101mu vietu. \u0112rta p\u0101rskat\u0101m\u012bba un sp\u0113ja par\u0101d\u012bt inform\u0101ciju kopum\u0101 ir t\u0101 druk\u0101to kar\u0161u lab\u0101k\u0101 \u012bpa\u0161\u012bba, kas \u013cauj t\u0101m stabili tur\u0113ties l\u012bdz\u0101s mobilo lietot\u0146u pied\u0101v\u0101jumam. Pilns izdevumu kl\u0101sts <a href=\"https:\/\/www.kartes.lv\/lv\/product-category\/kartes-un-atlanti\/\" target=\"_blank\" rel=\"noopener noreferrer\">\u0161eit<\/a>.<\/div>\n<\/div>\n<\/div>\n<\/section>\n<section id=\"sec2\" class=\"section-padding onepage-section\">\n<div class=\"container\">\n<div class=\"section-title-area\" style=\"text-align: left;\">\n<h2 class=\"section-title\" style=\"font-size: 24px;\">Izgl\u012btojo\u0161ie izdevumi<\/h2>\n<\/div>\n<div class=\"row col-lg-12 col-sm-12 wow slideInUp\" style=\"visibility: visible; animation-name: slideInUp;\">\n<div class=\"col-lg-4 col-sm-4 col-xs-12\" style=\"text-align: center; margin-bottom: 20px;\"><img loading=\"lazy\" decoding=\"async\" class=\"alignnone wp-image-4589 size-medium\" src=\"https:\/\/www.kartes.lv\/wp-content\/uploads\/2016\/08\/Skolu_atlanti_800x400-300x150.jpg\" width=\"300\" height=\"150\" srcset=\"https:\/\/www.kartes.lv\/wp-content\/uploads\/2016\/08\/Skolu_atlanti_800x400-300x150.jpg 300w, https:\/\/www.kartes.lv\/wp-content\/uploads\/2016\/08\/Skolu_atlanti_800x400-400x200.jpg 400w, https:\/\/www.kartes.lv\/wp-content\/uploads\/2016\/08\/Skolu_atlanti_800x400-600x300.jpg 600w, https:\/\/www.kartes.lv\/wp-content\/uploads\/2016\/08\/Skolu_atlanti_800x400-768x384.jpg 768w, https:\/\/www.kartes.lv\/wp-content\/uploads\/2016\/08\/Skolu_atlanti_800x400.jpg 800w\" sizes=\"auto, (max-width: 300px) 100vw, 300px\" \/><\/div>\n<div class=\"col-lg-8 col-sm-8 col-xs-12\">J\u0101\u0146a s\u0113t\u0101 rad\u012btie atlanti ir neiztr\u016bksto\u0161i pal\u012bgi v\u0113stures, dabas zin\u012bbu un \u0123eogr\u0101fijas apguv\u0113 ne tikai Latvijas skol\u0101s un augstskol\u0101s. Tie iemantoju\u0161i popularit\u0101ti un kalpo k\u0101 izzi\u0146as avots ar bag\u0101t\u012bgu inform\u0101ciju par noris\u0113m pasaul\u0113. Izzino\u0161s ir <a href=\"https:\/\/www.kartes.lv\/lv\/product\/atlants-ilustrets-celojums-pa-valstim-juram-un-pasaules-kulturam\/\">atlants b\u0113rniem<\/a> \u2013 ilustr\u0113ts ce\u013cojums pa valst\u012bm, j\u016br\u0101m un pasaules kult\u016br\u0101m. J\u0101\u0146a s\u0113ta sadarb\u012bb\u0101 ar Latvijas Nacion\u0101lo bibliot\u0113ku izdevusi gr\u0101matas <a href=\"https:\/\/www.kartes.lv\/lv\/product\/gramata-100-gadi-100-kartes\/\">&#8220;100 gadi 100 kart\u0113s&#8221;<\/a> un <a href=\"https:\/\/www.kartes.lv\/lv\/product\/gramata-100-kartes-pirms-latvijas-valsts\/\">&#8220;100 kartes pirms Latvijas valsts&#8221;<\/a>. 2020. gad\u0101 sadarb\u012bb\u0101 ar Latvijas Dabas muzeju\u00a0tapa izdevums <a href=\"https:\/\/www.kartes.lv\/lv\/product\/gramata-liela-latvijas-senu-gramata\/\">&#8220;Liel\u0101 Latvijas s\u0113\u0146u gr\u0101mata&#8221;<\/a>, savuk\u0101rt 2022. gad\u0101 las\u012bt\u0101ju m\u012blest\u012bbu iemantoja <a href=\"https:\/\/www.kartes.lv\/lv\/product\/putnu-noteicejs\/\">&#8220;Putnu noteic\u0113js&#8221;<\/a>.\u00a0<a href=\"https:\/\/www.kartes.lv\/lv\/product-category\/izglitojosie-izdevumi\/\">Atrodi savu izzi\u0146as avotu!<\/a><\/div>\n<\/div>\n<\/div>\n<\/section>\n<section id=\"sec3\" class=\"section-padding onepage-section\">\n<div class=\"container\">\n<div class=\"section-title-area\" style=\"text-align: left;\">\n<h2 class=\"section-title\" style=\"font-size: 24px;\">Sienas kartes<\/h2>\n<\/div>\n<div class=\"row col-lg-12 col-sm-12 wow slideInUp\" style=\"visibility: visible; animation-name: slideInUp;\">\n<div class=\"col-lg-4 col-sm-4 col-xs-12\" style=\"text-align: center; margin-bottom: 20px;\"><img loading=\"lazy\" decoding=\"async\" class=\"alignnone wp-image-4592 size-medium\" src=\"https:\/\/www.kartes.lv\/wp-content\/uploads\/2016\/08\/sienas_kartes_800x400-300x150.jpg\" width=\"300\" height=\"150\" srcset=\"https:\/\/www.kartes.lv\/wp-content\/uploads\/2016\/08\/sienas_kartes_800x400-300x150.jpg 300w, https:\/\/www.kartes.lv\/wp-content\/uploads\/2016\/08\/sienas_kartes_800x400-400x200.jpg 400w, https:\/\/www.kartes.lv\/wp-content\/uploads\/2016\/08\/sienas_kartes_800x400-600x300.jpg 600w, https:\/\/www.kartes.lv\/wp-content\/uploads\/2016\/08\/sienas_kartes_800x400-768x384.jpg 768w, https:\/\/www.kartes.lv\/wp-content\/uploads\/2016\/08\/sienas_kartes_800x400.jpg 800w\" sizes=\"auto, (max-width: 300px) 100vw, 300px\" \/><\/div>\n<div class=\"col-lg-8 col-sm-8 col-xs-12\">Piepras\u012btas ir m\u016bsu\u00a0<a href=\"https:\/\/www.kartes.lv\/lv\/product-category\/sienas-kartes\/\">sienas kartes<\/a>. To pielietojums ir pla\u0161s \u2013 sienas kartes k\u0101 informat\u012bvu uzskates l\u012bdzekli izmanto skol\u0101s, kravu pieg\u0101d\u0101t\u0101jiem aktu\u0101las ir pasta kodu kartes, bet administrat\u012bv\u0101 iedal\u012bjuma kartes atvieglo darbu teritori\u0101lo reformu veic\u0113jiem. \u0145emot v\u0113r\u0101 pieejamo materi\u0101lu daudzveid\u012bbu, sienas karte var b\u016bt vair\u0101k nek\u0101 tikai pap\u012bra izdruka, jo var tikt izgatavota k\u0101 plastik\u0101ta vai magn\u0113tiska t\u0101fele, uz kuras papildus atz\u012bm\u0113t sev svar\u012bgus punktus vai objektus. \u012apa\u0161s risin\u0101jums ir kartes izdruka uz kanvas auduma. Savuk\u0101rt MyBalticMaps <a href=\"https:\/\/www.kartes.lv\/lv\/product\/mybalticmaps-karte\/\">personaliz\u0113to kartes izdruku<\/a>\u00a0var izmantot k\u0101 sienas plak\u0101tu, kas ir ne vien informat\u012bvs, bet ar\u012b elegants interjera elements, lai atg\u0101din\u0101tu par noz\u012bm\u012bg\u0101m viet\u0101m Baltij\u0101.<\/div>\n<\/div>\n<\/div>\n<\/section>\n<section id=\"sec4\" class=\"section-padding onepage-section\">\n<div class=\"container\">\n<div class=\"section-title-area\" style=\"text-align: left;\">\n<h2 class=\"section-title\" style=\"font-size: 24px;\">puzles<\/h2>\n<\/div>\n<div class=\"row col-lg-12 col-sm-12 wow slideInUp\" style=\"visibility: visible; animation-name: slideInUp;\">\n<div class=\"col-lg-4 col-sm-4 col-xs-12\" style=\"text-align: center; margin-bottom: 20px;\"><img loading=\"lazy\" decoding=\"async\" class=\"alignnone wp-image-11210 size-medium\" src=\"https:\/\/www.kartes.lv\/wp-content\/uploads\/2016\/08\/Puzle_400x200-1-300x150.png\" alt=\"\" width=\"300\" height=\"150\" srcset=\"https:\/\/www.kartes.lv\/wp-content\/uploads\/2016\/08\/Puzle_400x200-1-300x150.png 300w, https:\/\/www.kartes.lv\/wp-content\/uploads\/2016\/08\/Puzle_400x200-1.png 400w\" sizes=\"auto, (max-width: 300px) 100vw, 300px\" \/><\/div>\n<div class=\"col-lg-8 col-sm-8 col-xs-12\">Puzles lik\u0161ana, kas ir gan jautra, gan izgl\u012btojo\u0161a nodarbe, ir viens no lab\u0101kajiem veidiem, k\u0101, aizraut\u012bgi darbojoties, vienlaikus apg\u016bt \u0123eogr\u0101fiju un ar\u012b dabas m\u0101c\u012bbu. 100 gabali\u0146u puzle ir piem\u0113rota maz\u0101kajiem un pal\u012bdz apg\u016bt Latvijas dabas daudzveid\u012bbu. \u012apa\u0161as ir apa\u013c\u0101s puzles, kur katra att\u0113lo vienu m\u016bsu zemeslodes puslodi ar tai rakstur\u012bgajiem dz\u012bvniekiem. Tom\u0113r \u012bstie \u0123eogr\u0101fijas un <a href=\"https:\/\/www.kartes.lv\/lv\/product-category\/puzles\/\" target=\"_blank\" rel=\"noopener noreferrer\">pu\u017e\u013cu<\/a> gard\u0113\u017ei, laika pl\u016bdumu nemanot, gabali\u0146u pie gabali\u0146a liek Pasaules kartes un skaist\u0101k\u0101 R\u012bgas panor\u0101mas z\u012bm\u0113juma puzles, katru no 1500 gabali\u0146iem.<\/div>\n<\/div>\n<\/div>\n<\/section>\n<section id=\"sec5\" class=\"section-padding onepage-section\">\n<div class=\"container\">\n<div class=\"section-title-area\" style=\"text-align: left;\">\n<h2 class=\"section-title\" style=\"font-size: 24px;\">Kas\u0101mkartes un kas\u0101mplak\u0101ti<\/h2>\n<\/div>\n<div class=\"row col-lg-12 col-sm-12 wow slideInUp\" style=\"visibility: visible; animation-name: slideInUp;\">\n<div class=\"col-lg-4 col-sm-4 col-xs-12\" style=\"text-align: center; margin-bottom: 20px;\"><img loading=\"lazy\" decoding=\"async\" class=\"alignnone wp-image-4483 size-full\" src=\"https:\/\/www.kartes.lv\/wp-content\/uploads\/2016\/08\/Kasamkartes_main_300x150.jpg\" width=\"300\" height=\"150\" \/><\/div>\n<div class=\"col-lg-8 col-sm-8 col-xs-12\">Kas\u0101mkarte ir lielisks veids, k\u0101 kart\u0113 par\u0101d\u012bt vietas, kuras esat apce\u013cojis! Katras kas\u0101mkartes pamat\u0101 ir prec\u012bza politisk\u0101 vai administrat\u012bv\u0101 karte, kas p\u0101rkl\u0101ta ar zelt\u012btas kr\u0101sas sl\u0101ni. To viegli nokasot, karte pamaz\u0101m atkl\u0101jas \u2013 jo vair\u0101k ce\u013cojumu, draugu da\u017e\u0101d\u0101s viet\u0101s, jo piln\u012bg\u0101ka karte. S\u0101c ar <a href=\"https:\/\/www.kartes.lv\/lv\/product\/kasamkarte-latvija\/\" target=\"_blank\" rel=\"noopener noreferrer\">Latviju<\/a>, turpini atkl\u0101jumus Eirop\u0101, l\u012bdz tiek apce\u013cota visa <a href=\"https:\/\/www.kartes.lv\/lv\/product\/kasamkarte-pasaule-latviesu-valoda\/\" target=\"_blank\" rel=\"noopener noreferrer\">Pasaule<\/a>! Papildin\u0101jums ir kas\u0101mplak\u0101ti\u00a0\u2013 kas\u0101mplak\u0101t\u0101 <a href=\"https:\/\/www.kartes.lv\/lv\/product\/kasamplakats-pasaules-valstis\/\">&#8220;Pasaules valstis&#8221;<\/a> ietvertas 200 valstis, att\u0113lojot t\u0101s dilsto\u0161\u0101 sec\u012bb\u0101 p\u0113c plat\u012bbas, savuk\u0101rt plak\u0101t\u0101 <a href=\"https:\/\/www.kartes.lv\/lv\/product\/kasamplakats-latvijas-putni\/\">&#8220;Latvijas putni&#8221;<\/a> izv\u0113l\u0113tas 50 Latvij\u0101 bie\u017ei sastopamas, rakstur\u012bgas un \u012bpa\u0161as putnu sugas, kuras aicin\u0101m nov\u0113rot dab\u0101, atpaz\u012bt un atkl\u0101t plak\u0101t\u0101. Iepakotas \u012bpa\u0161os kartona tubusos, kas\u0101mkartes un kas\u0101mplak\u0101ti ir lieliskas d\u0101vanas aizraut\u012bgiem pasaules atkl\u0101j\u0113jiem.<\/div>\n<\/div>\n<\/div>\n<\/section>\n<section id=\"sec6\" class=\"section-padding onepage-section\">\n<div class=\"container\">\n<div class=\"section-title-area\" style=\"text-align: left;\">\n<h2 class=\"section-title\" style=\"font-size: 24px;\">Paveiktie darbi\/klientu atsauksmes<\/h2>\n<\/div>\n<div class=\"row\">\n<div class=\"feature-item col-lg-4 col-sm-6 wow slideInUp\" style=\"visibility: visible; animation-name: slideInUp;\">\n<div class=\"feature-media\" style=\"text-align: initial;\"><img loading=\"lazy\" decoding=\"async\" class=\"alignnone wp-image-11051 size-medium\" src=\"https:\/\/www.kartes.lv\/wp-content\/uploads\/2016\/08\/100g100k_800x400-300x150.png\" alt=\"\" width=\"300\" height=\"150\" srcset=\"https:\/\/www.kartes.lv\/wp-content\/uploads\/2016\/08\/100g100k_800x400-300x150.png 300w, https:\/\/www.kartes.lv\/wp-content\/uploads\/2016\/08\/100g100k_800x400-400x200.png 400w, https:\/\/www.kartes.lv\/wp-content\/uploads\/2016\/08\/100g100k_800x400-600x300.png 600w, https:\/\/www.kartes.lv\/wp-content\/uploads\/2016\/08\/100g100k_800x400-768x384.png 768w, https:\/\/www.kartes.lv\/wp-content\/uploads\/2016\/08\/100g100k_800x400.png 800w\" sizes=\"auto, (max-width: 300px) 100vw, 300px\" \/><\/div>\n<h4 style=\"text-align: left;\">Gr\u0101matas &#8220;100 gadi 100 kart\u0113s&#8221; un &#8220;100 kartes pirms Latvijas valsts&#8221;<\/h4>\n<p style=\"text-align: left;\">\u201c\u201cJ\u0101\u0146a s\u0113tas\u201d izdot\u0101s kartes un atlanti veido noz\u012bm\u012bgu Latvijas Nacion\u0101l\u0101s bibliot\u0113kas kar\u0161u kr\u0101juma da\u013cu, un veiksm\u012bgi sadarbojamies ar\u012b sen\u0101ku kar\u0161u izp\u0113t\u0113 un populariz\u0113\u0161an\u0101. Kop\u012bgi esam sagatavoju\u0161i divas gr\u0101matas: \u201c100 gadi 100 kart\u0113s\u201d un \u201c100 kartes pirms Latvijas valsts\u201d. Taj\u0101s pirmo reizi ir skat\u0101mas daudzas Latvijas kartes, kas izdotas no 18. gadsimta beig\u0101m l\u012bdz m\u016bsdien\u0101m. 2021. gad\u0101 \u201cJ\u0101\u0146a s\u0113ta\u201d veica vair\u0101k k\u0101 300 seno kar\u0161u lapu \u0123eoreferenc\u0113\u0161anu, un \u0161\u012bs kartes dr\u012bzum\u0101 b\u016bs skat\u0101mas Latvijas Nacion\u0101l\u0101s bibliot\u0113kas jaunaj\u0101 Kar\u0161u p\u0101rl\u016bk\u0101. Esam p\u0101rliecin\u0101ti par veiksm\u012bgu sadarb\u012bbu ar\u012b turpm\u0101k!\u201d<\/p>\n<p style=\"text-align: left;\"><strong>Reinis V\u0101vers<\/strong>, LNB Kar\u0161u las\u012btavas galvenais bibliogr\u0101fs.<\/p>\n<\/div>\n<div class=\"feature-item col-lg-4 col-sm-6 wow slideInUp\" style=\"visibility: visible; animation-name: slideInUp;\">\n<div class=\"feature-media\" style=\"text-align: initial;\"><img loading=\"lazy\" decoding=\"async\" class=\"alignnone wp-image-4485 size-medium\" src=\"https:\/\/www.kartes.lv\/wp-content\/uploads\/2016\/08\/Puzles_main_300x150-300x150.jpg\" width=\"300\" height=\"150\" \/><\/div>\n<h4 style=\"text-align: left;\">Puzles &#8211; izgl\u012btojo\u0161as ikvienam<\/h4>\n<p style=\"text-align: left;\"><em>\u201c\u201c<\/em>J\u0101\u0146a s\u0113tas\u201d moza\u012bkm\u012bklas iesaku ikvienam \u2013 likt bija interesanti un ar\u012b izgl\u012btojo\u0161i, jo \u012bpa\u0161i \u201cLatvijas reljefu\u201d, izj\u016btot un apg\u016bstot da\u017e\u0101d\u0101s vietas un vietv\u0101rdus. Bet par \u0123imenisk\u0101kaj\u0101m atz\u012bstu puzles \u201cPasaule\u201d un \u201cPasaules dz\u012bvnieki\u201d. Kolekt\u012bvi visjautr\u0101k bija likt \u201cPasaules dz\u012bvniekus\u201d, 6\u20139 cilv\u0113ku darbo\u0161an\u0101s rad\u012bja roku me\u017eu un lika atskan\u0113t koment\u0101riem \u201cL\u0101\u010du k\u0101jas, n\u0101ciet m\u0101j\u0101s\u201d, \u201cKam vajag ilk\u0146us?\u201d, \u201cJa k\u0101dam ir zilo\u0146i, dodiet tos man!\u201d.\u201d<\/p>\n<p style=\"text-align: left;\"><strong>Julita Klu\u0161a<\/strong>, aizraut\u012bga saliekamatt\u0113lu gabali\u0146u kop\u0101 lic\u0113ja.<\/p>\n<\/div>\n<div class=\"feature-item col-lg-4 col-sm-6 wow slideInUp\" style=\"visibility: visible; animation-name: slideInUp;\">\n<div class=\"feature-media\" style=\"text-align: initial;\"><img loading=\"lazy\" decoding=\"async\" class=\"wp-image-5065 size-medium alignnone\" src=\"https:\/\/www.kartes.lv\/wp-content\/uploads\/2025\/04\/Latv_Atl_80_2x1-3.jpg\" alt=\"\" width=\"300\" height=\"150\" \/><\/div>\n<h4 style=\"text-align: left;\">Lielais Latvijas atlants<\/h4>\n<p style=\"text-align: left;\">\u201cLiel\u0101 Latvijas atlanta izn\u0101k\u0161ana bija svar\u012bgs un ilgi gaid\u012bts notikums \u0123eogr\u0101fu aprind\u0101s un ar\u012b \u0101rpus t\u0101m. \u0160\u0101di izdevumi netiek veidoti bie\u017ei, t\u0101p\u0113c jaunam atlantam ir \u012bpa\u0161a noz\u012bme. \u201cJ\u0101\u0146a s\u0113ta\u201d k\u0101rt\u0113jo reizi apliecin\u0101ja, ka kartogr\u0101fija pie mums ir augst\u0101 l\u012bmen\u012b. Atlants ir lielisks pal\u012bgl\u012bdzeklis, lai pl\u0101notu ce\u013cojumus pa Latviju \u2013 taj\u0101 ir par\u0101d\u012bti gan p\u0101rg\u0101jienu mar\u0161ruti un laivojamie upju posmi, gan liels skaits apskates objektu. T\u0101pat iesaku Lielo Latvijas atlantu ikvienam, kuram vienk\u0101r\u0161i pat\u012bk skat\u012bties uz skaist\u0101m kart\u0113m un iepaz\u012bt dzimto zemi \u201cuz pap\u012bra\u201d.\u201d<\/p>\n<p style=\"text-align: left;\"><strong>Zaiga Kri\u0161j\u0101ne<\/strong>, Latvijas Universit\u0101tes profesore.<\/p>\n<\/div>\n<\/div>\n<\/div>\n<\/section>\n<section id=\"sec7\" class=\" section-padding onepage-section\">\n<div class=\"container\">\n<div class=\"section-title-area\" style=\"text-align: left;\">\n<h2 class=\"section-title\" style=\"font-size: 24px;\">KONTAKTI<\/h2>\n<\/div>\n<div class=\"row col-lg-12 col-sm-12 wow slideInUp\" style=\"visibility: visible; animation-name: slideInUp;\">\n<div class=\"col-lg-5 col-md-5 col-sm-12 col-xs-12\">\n<p><img loading=\"lazy\" decoding=\"async\" class=\"alignnone wp-image-4969 size-medium\" src=\"https:\/\/www.kartes.lv\/wp-content\/uploads\/2016\/08\/ValdisS_labots_800x400-300x150.jpg\" alt=\"\" width=\"300\" height=\"150\" srcset=\"https:\/\/www.kartes.lv\/wp-content\/uploads\/2016\/08\/ValdisS_labots_800x400-300x150.jpg 300w, https:\/\/www.kartes.lv\/wp-content\/uploads\/2016\/08\/ValdisS_labots_800x400-400x200.jpg 400w, https:\/\/www.kartes.lv\/wp-content\/uploads\/2016\/08\/ValdisS_labots_800x400-600x300.jpg 600w, https:\/\/www.kartes.lv\/wp-content\/uploads\/2016\/08\/ValdisS_labots_800x400-768x384.jpg 768w, https:\/\/www.kartes.lv\/wp-content\/uploads\/2016\/08\/ValdisS_labots_800x400.jpg 800w\" sizes=\"auto, (max-width: 300px) 100vw, 300px\" \/><\/p>\n<h5 style=\"font-weight: 800;\">VALDIS \u0160MITS<\/h5>\n<hr \/>\n<p><strong>Vairumtirdzniec\u012bbas vad\u012bt\u0101js<\/strong><\/p>\n<hr \/>\n<p><strong>T\u0101lrunis:<\/strong>\u00a0+371 22019364<br \/>\n<strong>E-pasts:<\/strong>\u00a0<a href=\"mailto:valdis.smits@kartes.lv\">valdis.smits@kartes.lv<\/a><\/p>\n<\/div>\n<div class=\"col-lg-7 col-md-7 col-sm-12 col-xs-12\">\n<div class=\"screen-reader-response\"><\/div>\n<p style=\"text-align: left;\">Esam atv\u0113rti jaun\u0101m idej\u0101m un individu\u0101liem risin\u0101jumiem. Sazinieties ar mums, lai sa\u0146emtu pied\u0101v\u0101jumu savu ieceru realiz\u0113\u0161anai!<\/p>\n\n<div class=\"wpcf7 no-js\" id=\"wpcf7-f14-o1\" lang=\"en-US\" dir=\"ltr\" data-wpcf7-id=\"14\">\n<div class=\"screen-reader-response\"><p role=\"status\" aria-live=\"polite\" aria-atomic=\"true\"><\/p> <ul><\/ul><\/div>\n<form action=\"\/lv\/wp-json\/wp\/v2\/pages\/36#wpcf7-f14-o1\" method=\"post\" class=\"wpcf7-form init\" aria-label=\"Contact form\" novalidate=\"novalidate\" data-status=\"init\">\n<fieldset class=\"hidden-fields-container\"><input type=\"hidden\" name=\"_wpcf7\" value=\"14\" \/><input type=\"hidden\" name=\"_wpcf7_version\" value=\"6.1.5\" \/><input type=\"hidden\" name=\"_wpcf7_locale\" value=\"en_US\" \/><input type=\"hidden\" name=\"_wpcf7_unit_tag\" value=\"wpcf7-f14-o1\" \/><input type=\"hidden\" name=\"_wpcf7_container_post\" value=\"0\" \/><input type=\"hidden\" name=\"_wpcf7_posted_data_hash\" value=\"\" \/><input type=\"hidden\" name=\"_cf7a__timestamp\" value=\"0NAK\/Bb\/U8KMt6qc83HETg==\" \/><input type=\"hidden\" name=\"_cf7a_version\" value=\"1.0\" \/><input type=\"hidden\" name=\"_cf7a_address\" value=\"\" \/><input type=\"hidden\" name=\"_cf7a_referer\" value=\"\" \/><input type=\"hidden\" name=\"_cf7a_protocol\" value=\"\" \/><input type=\"hidden\" name=\"_cf7a_bot_fingerprint\" value=\"0NAK\/Bb\/U8KMt6qc83HETg==\" \/><input type=\"hidden\" name=\"_cf7a_bot_fingerprint_extras\" \/><input type=\"hidden\" name=\"_cf7a_append_on_submit\" \/>\n<\/fieldset>\n<p><label> J\u016bsu e-pasts (Oblig\u0101ts)<br \/>\n<\/label><br \/>\n<span class=\"wpcf7-form-control-wrap\" data-name=\"your-email\"><input size=\"40\" maxlength=\"400\" class=\"wpcf7-form-control wpcf7-email wpcf7-validates-as-required wpcf7-text wpcf7-validates-as-email\" aria-required=\"true\" aria-invalid=\"false\" value=\"\" type=\"email\" name=\"your-email\" \/><\/span>\n<\/p>\n<p><label> T\u0113ma<br \/>\n<\/label><br \/>\n<span class=\"wpcf7-form-control-wrap\" data-name=\"your-subject\"><input size=\"40\" maxlength=\"400\" class=\"wpcf7-form-control wpcf7-text\" aria-invalid=\"false\" value=\"\" type=\"text\" name=\"your-subject\" \/><input type=\"text\" name=\"email\" value=\"\" autocomplete=\"fill\" class=\"fit-the-fullspace\" aria-hidden=\"true\" tabindex=\"-1\" \/><\/span>\n<\/p>\n<p><label> J\u016bsu zi\u0146a mums<br \/>\n<\/label><br \/>\n<span class=\"wpcf7-form-control-wrap\" data-name=\"your-message\"><textarea cols=\"40\" rows=\"10\" maxlength=\"2000\" class=\"wpcf7-form-control wpcf7-textarea\" aria-invalid=\"false\" name=\"your-message\"><\/textarea><\/span><br \/>\n<input class=\"wpcf7-form-control wpcf7-submit has-spinner\" type=\"submit\" value=\"S\u016bt\u012bt\" \/>\n<\/p><div class=\"wpcf7-response-output\" aria-hidden=\"true\"><\/div>\n<\/form>\n<\/div>\n\n<\/div>\n<\/div>\n<\/div>\n<\/section>\n<p><!--\n\n\n\n<section id=\"sec#\" class=\"section-padding onepage-section\">\n\n\n<div class=\"container\">\n\n\n<div class=\"section-title-area\" style=\"text-align: left;\">\n\n\n<h2 class=\"section-title\" style=\"font-size: 24px;\"><\/h2>\n\n\n<\/div>\n\n\n\n\n<div class=\"row col-lg-12 col-sm-12 wow slideInUp\" style=\"visibility: visible; animation-name: slideInUp;\">\n\n\n<div class=\"col-lg-4 col-sm-4 col-xs-12\" style=\"text-align: center;\"><\/div>\n\n\n\n\n<div class=\"col-lg-8 col-sm-8 col-xs-12\"><\/div>\n\n\n<\/div>\n\n\n<\/div>\n\n\n<\/section>\n\n--><\/p>","protected":false},"excerpt":{"rendered":"<p>Ce\u013cu kartes un atlanti Loc\u012bts kabatas form\u0101ta kartes izdevums vai apjom\u012bgs un detaliz\u0113ts autoce\u013cu atlants, kur\u0101 att\u0113lota katra viens\u0113ta. Pras\u012bgiem lietot\u0101jiem pieejamas lamin\u0113tas autoce\u013cu kartes, savuk\u0101rt akt\u012bv\u0101 t\u016brisma piekrit\u0113jiem\u00a0\u2013 \u012bpa\u0161i &#8230;<\/p>\n","protected":false},"author":45,"featured_media":4485,"parent":0,"menu_order":0,"comment_status":"closed","ping_status":"closed","template":"","meta":{"footnotes":""},"class_list":["post-36","page","type-page","status-publish","has-post-thumbnail","hentry"],"_links":{"self":[{"href":"https:\/\/www.kartes.lv\/lv\/wp-json\/wp\/v2\/pages\/36","targetHints":{"allow":["GET"]}}],"collection":[{"href":"https:\/\/www.kartes.lv\/lv\/wp-json\/wp\/v2\/pages"}],"about":[{"href":"https:\/\/www.kartes.lv\/lv\/wp-json\/wp\/v2\/types\/page"}],"author":[{"embeddable":true,"href":"https:\/\/www.kartes.lv\/lv\/wp-json\/wp\/v2\/users\/45"}],"replies":[{"embeddable":true,"href":"https:\/\/www.kartes.lv\/lv\/wp-json\/wp\/v2\/comments?post=36"}],"version-history":[{"count":220,"href":"https:\/\/www.kartes.lv\/lv\/wp-json\/wp\/v2\/pages\/36\/revisions"}],"predecessor-version":[{"id":20343,"href":"https:\/\/www.kartes.lv\/lv\/wp-json\/wp\/v2\/pages\/36\/revisions\/20343"}],"wp:featuredmedia":[{"embeddable":true,"href":"https:\/\/www.kartes.lv\/lv\/wp-json\/wp\/v2\/media\/4485"}],"wp:attachment":[{"href":"https:\/\/www.kartes.lv\/lv\/wp-json\/wp\/v2\/media?parent=36"}],"curies":[{"name":"wp","href":"https:\/\/api.w.org\/{rel}","templated":true}]}}