{"id":42,"date":"2016-08-24T12:46:43","date_gmt":"2016-08-24T10:46:43","guid":{"rendered":"http:\/\/wp4.kartes.lv\/?page_id=42"},"modified":"2026-02-19T09:50:33","modified_gmt":"2026-02-19T07:50:33","slug":"pasutijuma-darbi","status":"publish","type":"page","link":"https:\/\/www.kartes.lv\/lv\/pasutijuma-darbi\/","title":{"rendered":"Pas\u016bt\u012bjuma darbi"},"content":{"rendered":"<p><\/p>\n<section id=\"sec1\" class=\"section-padding onepage-section\">\n<div class=\"container\">\n<div class=\"section-title-area\" style=\"text-align: left;\">\n<h2 class=\"section-title\" style=\"font-size: 24px;\">T\u016brisma inform\u0101cijas materi\u0101li<\/h2>\n<\/div>\n<div class=\"row col-lg-12 col-sm-12 wow slideInUp\" style=\"visibility: visible; animation-name: slideInUp;\">\n<div class=\"col-lg-4 col-sm-4 col-xs-12\" style=\"text-align: center; margin-bottom: 20px;\"><img loading=\"lazy\" decoding=\"async\" class=\"alignnone wp-image-4685 size-medium\" src=\"https:\/\/www.kartes.lv\/wp-content\/uploads\/2016\/08\/Enter_gauja_800x400-300x150.jpg\" alt=\"\" width=\"300\" height=\"150\" srcset=\"https:\/\/www.kartes.lv\/wp-content\/uploads\/2016\/08\/Enter_gauja_800x400-300x150.jpg 300w, https:\/\/www.kartes.lv\/wp-content\/uploads\/2016\/08\/Enter_gauja_800x400-400x200.jpg 400w, https:\/\/www.kartes.lv\/wp-content\/uploads\/2016\/08\/Enter_gauja_800x400-600x300.jpg 600w, https:\/\/www.kartes.lv\/wp-content\/uploads\/2016\/08\/Enter_gauja_800x400-768x384.jpg 768w, https:\/\/www.kartes.lv\/wp-content\/uploads\/2016\/08\/Enter_gauja_800x400.jpg 800w\" sizes=\"auto, (max-width: 300px) 100vw, 300px\" \/><\/div>\n<div class=\"col-lg-8 col-sm-8 col-xs-12\">Pas\u016bt\u012bt\u0101ja ieceres un \u201cJ\u0101\u0146a s\u0113tas\u201d pieredze abpus\u0113j\u0101 sadarb\u012bb\u0101 vainagojas ar izsme\u013co\u0161iem\u00a0un t\u016bristiem \u0113rti lietojamiem izdevumiem. Katrai vietai ir savs raksturs, sava unikalit\u0101te. Katram ce\u013cot\u0101jam \u2013 k\u0101j\u0101mg\u0101j\u0113jam, velot\u016bristam vai laivot\u0101jam \u2013 ir savas pras\u012bbas, t\u0101p\u0113c m\u0113s pal\u012bdzam atrast \u012bsto veidu, k\u0101 katram nepiecie\u0161amo inform\u0101ciju pasniegt vi\u0146am \u0113rti un saprotami. Vai tas b\u016btu A4 izm\u0113ra izdevums pils\u0113tas pastaigu cien\u012bt\u0101jiem, lamin\u0113ta, iztur\u012bga karte rite\u0146brauc\u0113jiem vai apjom\u012bgs ce\u013cvedis autobrauc\u0113jiem. M\u016bsu r\u012bc\u012bb\u0101 ir visprec\u012bz\u0101k\u0101s kartes, lai ikviens di\u017ekoks, pils vai viesn\u012bca b\u016btu atrodama bez mald\u012b\u0161an\u0101s. Nodro\u0161in\u0101m pilnu servisu \u2013 izdevuma dizainu, maket\u0113\u0161anu un korekt\u016bru, kar\u0161u sagatavo\u0161anu, teksta tulkojumus un druku.<\/div>\n<\/div>\n<\/div>\n<\/section>\n<section id=\"sec2\" class=\"section-padding onepage-section\">\n<div class=\"container\">\n<div class=\"section-title-area\" style=\"text-align: left;\">\n<h2 class=\"section-title\" style=\"font-size: 24px;\">Lielform\u0101ta\u00a0kartes<\/h2>\n<\/div>\n<div class=\"row col-lg-12 col-sm-12 wow slideInUp\" style=\"visibility: visible; animation-name: slideInUp;\">\n<div class=\"col-lg-4 col-sm-4 col-xs-12\" style=\"text-align: center; margin-bottom: 20px;\"><img loading=\"lazy\" decoding=\"async\" class=\"alignnone size-medium wp-image-4648\" src=\"https:\/\/www.kartes.lv\/wp-content\/uploads\/2016\/08\/Stendi_800x400-300x150.jpg\" alt=\"\" width=\"300\" height=\"150\" srcset=\"https:\/\/www.kartes.lv\/wp-content\/uploads\/2016\/08\/Stendi_800x400-300x150.jpg 300w, https:\/\/www.kartes.lv\/wp-content\/uploads\/2016\/08\/Stendi_800x400-400x200.jpg 400w, https:\/\/www.kartes.lv\/wp-content\/uploads\/2016\/08\/Stendi_800x400-600x300.jpg 600w, https:\/\/www.kartes.lv\/wp-content\/uploads\/2016\/08\/Stendi_800x400-768x384.jpg 768w, https:\/\/www.kartes.lv\/wp-content\/uploads\/2016\/08\/Stendi_800x400.jpg 800w\" sizes=\"auto, (max-width: 300px) 100vw, 300px\" \/><\/div>\n<div class=\"col-lg-8 col-sm-8 col-xs-12\">Lielform\u0101ta vides stends bie\u017ei vien ir pirmais, kas ar inform\u0101ciju sagaida viesus\u00a0\u2013 vai tas b\u016btu pils\u0113tas centr\u0101, dabas takas s\u0101kum\u0101\u00a0vai \u016bdenst\u016bristu piest\u0101tn\u0113. Prec\u012bzas kartes tiek papildin\u0101tas ar vietu raksturojo\u0161o inform\u0101ciju un var kalpot ar\u012b k\u0101 mar\u0161ruta orientieri. Lielform\u0101ta kar\u0161u izm\u0113ri un materi\u0101li vari\u0113 pla\u0161\u0101s robe\u017e\u0101s \u2013 no\u00a0pavisam neliela izm\u0113ra\u00a0konkr\u0113tu objektu kart\u0113m\u00a0l\u012bdz vair\u0101kus metrus lieliem re\u0123iona inform\u0101cijas atspogu\u013cot\u0101jiem. Plastik\u0101ta pamatne vai alum\u012bnija kompoz\u012bts, kas papildin\u0101ts ar antigrafiti p\u0101rkl\u0101jumu, nodro\u0161ina vides stenda ilgu dz\u012bvi. Protams, lielform\u0101ta kartes var tikt izmantotas ne vien \u0101ra apst\u0101k\u013cos, bet ar\u012b kalpot par dizaina objektu interjer\u0101.<\/div>\n<\/div>\n<\/div>\n<\/section>\n<section id=\"sec3\" class=\"section-padding onepage-section\">\n<div class=\"container\">\n<div class=\"section-title-area\" style=\"text-align: left;\">\n<h2 class=\"section-title\" style=\"font-size: 24px;\">Kar\u0161u faili<\/h2>\n<\/div>\n<div class=\"row col-lg-12 col-sm-12 wow slideInUp\" style=\"visibility: visible; animation-name: slideInUp;\">\n<div class=\"col-lg-4 col-sm-4 col-xs-12\" style=\"text-align: center; margin-bottom: 20px;\"><img loading=\"lazy\" decoding=\"async\" class=\"alignnone size-medium wp-image-4668\" src=\"https:\/\/www.kartes.lv\/wp-content\/uploads\/2016\/08\/Karsu_faili_800x400-300x150.jpg\" alt=\"\" width=\"300\" height=\"150\" srcset=\"https:\/\/www.kartes.lv\/wp-content\/uploads\/2016\/08\/Karsu_faili_800x400-300x150.jpg 300w, https:\/\/www.kartes.lv\/wp-content\/uploads\/2016\/08\/Karsu_faili_800x400-400x200.jpg 400w, https:\/\/www.kartes.lv\/wp-content\/uploads\/2016\/08\/Karsu_faili_800x400-600x300.jpg 600w, https:\/\/www.kartes.lv\/wp-content\/uploads\/2016\/08\/Karsu_faili_800x400-768x384.jpg 768w, https:\/\/www.kartes.lv\/wp-content\/uploads\/2016\/08\/Karsu_faili_800x400.jpg 800w\" sizes=\"auto, (max-width: 300px) 100vw, 300px\" \/><\/div>\n<div class=\"col-lg-8 col-sm-8 col-xs-12\">M\u0113dz teikt, ka viss, KAS notiek, KAUT KUR notiek. T\u0101p\u0113c, ja v\u0113laties savus notikumus atz\u012bm\u0113t kart\u0113, m\u0113s nodro\u0161in\u0101m ar\u012b kvalitat\u012bvus (elektroniskus) kar\u0161u failus ievieto\u0161anai j\u016bsu izdevumos \u2013 bukletos, gr\u0101mat\u0101s, \u017eurn\u0101los, k\u0101 ar\u012b interneta vietn\u0113s. Turkl\u0101t sagatavojam kartes atbilsto\u0161i j\u016bsu v\u0113lm\u0113m\u00a0\u2013 atz\u012bm\u0113jam objektus, izce\u013cam b\u016btisko vai no\u0146emam mazsvar\u012bgo. Ejot laikam, kar\u0161u saturs noveco, t\u0101d\u0113\u013c prec\u012bzai un aktu\u0101lai inform\u0101cijas atspogu\u013co\u0161anai m\u0113s pied\u0101v\u0101jam ieg\u0101d\u0101t\u0101s kartes atjaunot.<br \/>\nUzman\u012bbu! Ieg\u0101d\u0101to kar\u0161u failu nodo\u0161ana tre\u0161aj\u0101m pus\u0113m nav pie\u013caujama. Makets, kur\u0101 iek\u013cauts kartes fails, pirms public\u0113\u0161anas ir j\u0101saska\u0146o!<\/div>\n<\/div>\n<\/div>\n<\/section>\n<section id=\"sec4\" class=\"section-padding onepage-section\">\n<div class=\"container\">\n<div class=\"section-title-area\" style=\"text-align: left;\">\n<h2 class=\"section-title\" style=\"font-size: 24px;\">izdevumu satura rad\u012b\u0161ana<\/h2>\n<\/div>\n<div class=\"row col-lg-12 col-sm-12 wow slideInUp\" style=\"visibility: visible; animation-name: slideInUp;\">\n<div class=\"col-lg-4 col-sm-4 col-xs-12\" style=\"text-align: center; margin-bottom: 20px;\"><img loading=\"lazy\" decoding=\"async\" class=\"alignnone wp-image-5033 size-medium\" src=\"https:\/\/www.kartes.lv\/wp-content\/uploads\/2016\/08\/400874443_800x400-300x150.jpg\" alt=\"\" width=\"300\" height=\"150\" srcset=\"https:\/\/www.kartes.lv\/wp-content\/uploads\/2016\/08\/400874443_800x400-300x150.jpg 300w, https:\/\/www.kartes.lv\/wp-content\/uploads\/2016\/08\/400874443_800x400-400x200.jpg 400w, https:\/\/www.kartes.lv\/wp-content\/uploads\/2016\/08\/400874443_800x400-600x300.jpg 600w, https:\/\/www.kartes.lv\/wp-content\/uploads\/2016\/08\/400874443_800x400-768x384.jpg 768w, https:\/\/www.kartes.lv\/wp-content\/uploads\/2016\/08\/400874443_800x400.jpg 800w\" sizes=\"auto, (max-width: 300px) 100vw, 300px\" \/><\/div>\n<div class=\"col-lg-8 col-sm-8 col-xs-12\">Esam rad\u012bju\u0161i apjom\u012bgu ce\u013cvedi pa visu <a href=\"https:\/\/www.kartes.lv\/lv\/product\/latvijas-celvedis\/\">Latviju<\/a> un pirmo vispiln\u012bg\u0101ko ce\u013cvedi pa Igauniju igau\u0146u valod\u0101. M\u016bsu darbinieku komandas dz\u012bvesveids, person\u012bg\u0101 pieredze un uzkr\u0101t\u0101s profesion\u0101l\u0101s zin\u0101\u0161anas paver iesp\u0113ju rad\u012bt saturu da\u017e\u0101da tipa t\u016brisma izdevumiem. S\u0101kot ar vietu apsekojumiem dab\u0101, inform\u0101cijas atlasi un apstr\u0101di, mar\u0161rutu izveidi un saska\u0146o\u0161anu, fotomateri\u0101la sagatavo\u0161anu, beidzot ar kar\u0161u sagatavo\u0161anu, izdevuma maket\u0113\u0161anu un druku. K\u0101 da\u017eus no saviem darbiem varam min\u0113t vair\u0101k nek\u0101 30 <a href=\"http:\/\/www.entergauja.com\/lv\/enter-gauja\/routes\">dabas mar\u0161rutus<\/a> Gaujas re\u0123ion\u0101\u00a0un aizraujo\u0161u st\u0101stu par <a href=\"https:\/\/www.entergauja.com\/userfiles\/files\/SUSURS_LV.pdf\" target=\"_blank\" rel=\"noopener noreferrer\">Susuri\u0146u<\/a>, kur\u0161 Gaujas Nacion\u0101l\u0101 parka v\u0113rt\u012bbas atkl\u0101j \u0123imen\u0113m ar b\u0113rniem.<\/div>\n<\/div>\n<\/div>\n<\/section>\n<section id=\"sec5\" class=\"section-padding onepage-section\">\n<div class=\"container\">\n<div class=\"section-title-area\" style=\"text-align: left;\">\n<h2 class=\"section-title\" style=\"font-size: 24px;\">Paveiktie darbi\/klientu atsauksmes<\/h2>\n<\/div>\n<div class=\"row\">\n<div class=\"feature-item col-lg-4 col-sm-6 wow slideInUp\" style=\"visibility: visible; animation-name: slideInUp;\">\n<div class=\"feature-media\" style=\"text-align: initial;\"><img loading=\"lazy\" decoding=\"async\" class=\"alignnone size-full wp-image-21658\" src=\"https:\/\/www.kartes.lv\/wp-content\/uploads\/2025\/12\/Untitled-design-12.jpg\" alt=\"\" width=\"300\" height=\"150\" \/><\/div>\n<h4 style=\"text-align: left;\">ICAO Gaisa satiksmes navig\u0101cijas kartes Zviedrijai<\/h4>\n<p style=\"text-align: left;\">\u201c\u0160is nevar b\u016bt nekas cits k\u0101 \u201cpiecu zvaig\u017e\u0146u\u201d nov\u0113rt\u0113jums. \u0100tri ieguvu p\u0101rliec\u012bbu, ka \u201cJ\u0101\u0146a s\u0113tas\u201d komandai j\u0101uzticas. Profesion\u0101la pieeja, augsta izpratne par uzdevumu un t\u0101 risin\u0101\u0161anas iesp\u0113j\u0101m, k\u0101 ar\u012b interese par produktu. Pie liet\u0101m, kas darba proces\u0101 patika, j\u0101atz\u012bm\u0113 ar\u012b \u013coti \u0101tra un efekt\u012bva sazi\u0146a ar e-pastu starpniec\u012bbu. \u201cJ\u0101\u0146a s\u0113ta\u201d ir lieliski piem\u0113rots pakalpojuma sniedz\u0113js m\u016bsu kart\u0113m.\u201d<\/p>\n<p style=\"text-align: left;\"><strong>Tobiass Lindgr\u0113ns (Tobias Lindgren)<\/strong>, Zviedrijas aeronavig\u0101cijas kartes, \u0122IS, vizualiz\u0101cija, LFV<\/p>\n<\/div>\n<div class=\"feature-item col-lg-4 col-sm-6 wow slideInUp\" style=\"visibility: visible; animation-name: slideInUp;\">\n<div class=\"feature-media\" style=\"text-align: initial;\"><img loading=\"lazy\" decoding=\"async\" class=\"alignnone wp-image-11090 size-medium\" src=\"https:\/\/www.kartes.lv\/wp-content\/uploads\/2016\/08\/J\u016brtaka_400x200-300x150.png\" alt=\"\" width=\"300\" height=\"150\" srcset=\"https:\/\/www.kartes.lv\/wp-content\/uploads\/2016\/08\/J\u016brtaka_400x200-300x150.png 300w, https:\/\/www.kartes.lv\/wp-content\/uploads\/2016\/08\/J\u016brtaka_400x200.png 400w\" sizes=\"auto, (max-width: 300px) 100vw, 300px\" \/><\/div>\n<h4 style=\"text-align: left;\">J\u016brtaka \u2013 vair\u0101k nek\u0101 1200 km gar\u0161 mar\u0161ruts gar Baltijas j\u016bru<\/h4>\n<p style=\"text-align: left;\">\u201cAr \u201cJ\u0101\u0146a s\u0113tu\u201d mums jau ilgsto\u0161i ir izveidojusies laba sadarb\u012bba. Viens no spilgt\u0101kajiem darbiem ir <a href=\"https:\/\/coastalhiking.eu\/lv\/c\/publications?lang=lv\">J\u016brtakas<\/a> \u2013 vair\u0101k nek\u0101 1200 km gar\u0101 p\u0101rg\u0101jienu mar\u0161ruta gar Latvijas un Igaunijas piekrasti\u00a0\u2013 izveide, kur \u201cJ\u0101\u0146a s\u0113ta\u201d\u00a0sagatavoja 60 kar\u0161u lapas (1 cm = 1 km) visa mar\u0161ruta garum\u0101, k\u0101 ar\u012b kop\u0113jo mar\u0161ruta p\u0101rskata karti. \u0160aj\u0101s tematiskaj\u0101s kart\u0113s ir iek\u013cauta inform\u0101cija par interesantiem apskates objektiem un pakalpojumiem: naktsm\u012btn\u0113m, \u0113din\u0101\u0161anas uz\u0146\u0113mumiem, veikaliem, atp\u016btas viet\u0101m u.c. \u201cJ\u0101\u0146a s\u0113tas\u201d\u00a0kartes ir m\u016bsdien\u012bgs un kvalitat\u012bvs produkts, kas ir balst\u012bts uz teritorijas apsekojumiem dab\u0101 un ir noder\u012bgs k\u0101 ce\u013cot\u0101jiem, t\u0101 ar\u012b citu nozaru p\u0101rst\u0101vjiem.\u201d<\/p>\n<p style=\"text-align: left;\"><strong>Juris Sma\u013cinskis,<\/strong> Latvijas Lauku t\u016brisma asoci\u0101cijas \u201cLauku ce\u013cot\u0101js\u201d t\u016brisma un vides eksperts.<\/p>\n<\/div>\n<div class=\"feature-item col-lg-4 col-sm-6 wow slideInUp\" style=\"visibility: visible; animation-name: slideInUp;\">\n<div class=\"feature-media\" style=\"text-align: initial;\"><img loading=\"lazy\" decoding=\"async\" class=\"alignnone wp-image-11247 size-medium\" src=\"https:\/\/www.kartes.lv\/wp-content\/uploads\/2020\/05\/Kungsleden_Map_Jana-seta_800x400-300x150.png\" alt=\"\" width=\"300\" height=\"150\" srcset=\"https:\/\/www.kartes.lv\/wp-content\/uploads\/2020\/05\/Kungsleden_Map_Jana-seta_800x400-300x150.png 300w, https:\/\/www.kartes.lv\/wp-content\/uploads\/2020\/05\/Kungsleden_Map_Jana-seta_800x400-400x200.png 400w, https:\/\/www.kartes.lv\/wp-content\/uploads\/2020\/05\/Kungsleden_Map_Jana-seta_800x400-600x300.png 600w, https:\/\/www.kartes.lv\/wp-content\/uploads\/2020\/05\/Kungsleden_Map_Jana-seta_800x400-768x384.png 768w, https:\/\/www.kartes.lv\/wp-content\/uploads\/2020\/05\/Kungsleden_Map_Jana-seta_800x400.png 800w\" sizes=\"auto, (max-width: 300px) 100vw, 300px\" \/><\/div>\n<h4 style=\"text-align: left;\">Zviedrijas Kara\u013ca takas mar\u0161ruta ce\u013cve\u017ei un kartes<\/h4>\n<p style=\"text-align: left;\">\u201c<em>Kungsleden<\/em> taka Zviedrij\u0101 ir viens no vec\u0101kajiem p\u0101rg\u0101jienu mar\u0161rutiem Eirop\u0101. <a href=\"https:\/\/www.kartbutiken.se\/kartor\/vandringskartor-cykelkartor\/vandringskartor-cykelkartor-sverige\/outdoorkartan-kungsleden\">Piecu izdevumu s\u0113rij\u0101<\/a> katru no tiem veido kartes un ce\u013cve\u017ea komplekts, kas ietver svar\u012bg\u0101ko inform\u0101ciju ce\u013cot\u0101jiem, mar\u0161rutu un\u00a0naktsm\u012bt\u0146u aprakstus un praktiskus ieteikumus. Inform\u0101cija apkopota zviedru un ang\u013cu valod\u0101. Kad uzs\u0101k\u0101m \u0161o projektu, m\u0113r\u0137is bija skaidrs \u2013\u00a0s\u0113rija j\u0101izdod pirms akt\u012bv\u0101s t\u016brisma sezonas s\u0101kuma. M\u0113s s\u0101k\u0101m janv\u0101r\u012b, un jau maij\u0101 kartes bija m\u016bsu veikala plaukt\u0101 Stokholm\u0101. Tas bija patie\u0161\u0101m intens\u012bvs, fokus\u0113ts un m\u0113r\u0137tiec\u012bgs visas komandas darbs, kur\u0101 bija iesaist\u012bti kartogr\u0101fi, m\u0101kslinieki, maket\u0113t\u0101ji, tulkot\u0101ji, redaktori, ra\u017eo\u0161anas un projektu vad\u012bt\u0101ji. \u0160is projekts ir ilustr\u0101cija tam, ko var d\u0113v\u0113t par izcilu komandas sadarb\u012bbu!\u201d<\/p>\n<p style=\"text-align: left;\"><strong>Pedro Petersons (<em>Pedro Pettersson<\/em>)<\/strong>, <em>Kartf\u00f6rlaget 1985 AB<\/em>\u00a0direktors.<\/p>\n<\/div>\n<\/div>\n<\/div>\n<\/section>\n<section id=\"sec6\" class=\" section-padding onepage-section\">\n<div class=\"container\">\n<div class=\"section-title-area\" style=\"text-align: left;\">\n<h2 class=\"section-title\" style=\"font-size: 24px;\">KONTAKTI<\/h2>\n<\/div>\n<div class=\"row col-lg-12 col-sm-12 wow slideInUp\" style=\"visibility: visible; animation-name: slideInUp;\">\n<div class=\"col-lg-5 col-md-5 col-sm-12 col-xs-12\">\n<p><img loading=\"lazy\" decoding=\"async\" class=\"alignnone size-full wp-image-30231\" src=\"https:\/\/www.kartes.lv\/wp-content\/uploads\/2026\/02\/Arvils_Dreska_300_150.jpg\" alt=\"\" width=\"300\" height=\"150\" \/><\/p>\n<h5 style=\"font-weight: 800;\">ARVILS DR\u0112SKA<\/h5>\n<hr \/>\n<p><strong>Eksporta projektu vad\u012bt\u0101js<\/strong><\/p>\n<hr \/>\n<p><strong>T\u0101lrunis: <\/strong>+371 67317540, +371 29490762<br \/>\n<strong>E-pasts: <\/strong><a href=\"mailto:janis.barbans@kartes.lv\">arvils.dreska@kartes.lv<\/a><\/p>\n<\/div>\n<div class=\"col-lg-7 col-md-7 col-sm-12 col-xs-12\">\n<div class=\"screen-reader-response\"><\/div>\n<p style=\"text-align: left;\">Esam atv\u0113rti jaun\u0101m idej\u0101m un individu\u0101liem risin\u0101jumiem. Sazinieties ar mums, lai sa\u0146emtu pied\u0101v\u0101jumu savu ieceru realiz\u0113\u0161anai!<\/p>\n\n<div class=\"wpcf7 no-js\" id=\"wpcf7-f14-o1\" lang=\"en-US\" dir=\"ltr\" data-wpcf7-id=\"14\">\n<div class=\"screen-reader-response\"><p role=\"status\" aria-live=\"polite\" aria-atomic=\"true\"><\/p> <ul><\/ul><\/div>\n<form action=\"\/lv\/wp-json\/wp\/v2\/pages\/42#wpcf7-f14-o1\" method=\"post\" class=\"wpcf7-form init\" aria-label=\"Contact form\" novalidate=\"novalidate\" data-status=\"init\">\n<fieldset class=\"hidden-fields-container\"><input type=\"hidden\" name=\"_wpcf7\" value=\"14\" \/><input type=\"hidden\" name=\"_wpcf7_version\" value=\"6.1.5\" \/><input type=\"hidden\" name=\"_wpcf7_locale\" value=\"en_US\" \/><input type=\"hidden\" name=\"_wpcf7_unit_tag\" value=\"wpcf7-f14-o1\" \/><input type=\"hidden\" name=\"_wpcf7_container_post\" value=\"0\" \/><input type=\"hidden\" name=\"_wpcf7_posted_data_hash\" value=\"\" \/><input type=\"hidden\" name=\"_cf7a__timestamp\" value=\"46kXohhX649TJcqh+qMwNQ==\" \/><input type=\"hidden\" name=\"_cf7a_version\" value=\"1.0\" \/><input type=\"hidden\" name=\"_cf7a_address\" value=\"\" \/><input type=\"hidden\" name=\"_cf7a_referer\" value=\"\" \/><input type=\"hidden\" name=\"_cf7a_protocol\" value=\"\" \/><input type=\"hidden\" name=\"_cf7a_bot_fingerprint\" value=\"46kXohhX649TJcqh+qMwNQ==\" \/><input type=\"hidden\" name=\"_cf7a_bot_fingerprint_extras\" \/><input type=\"hidden\" name=\"_cf7a_append_on_submit\" \/>\n<\/fieldset>\n<p><label> J\u016bsu e-pasts (Oblig\u0101ts)<br \/>\n<\/label><br \/>\n<span class=\"wpcf7-form-control-wrap\" data-name=\"your-email\"><input size=\"40\" maxlength=\"400\" class=\"wpcf7-form-control wpcf7-email wpcf7-validates-as-required wpcf7-text wpcf7-validates-as-email\" aria-required=\"true\" aria-invalid=\"false\" value=\"\" type=\"email\" name=\"your-email\" \/><\/span>\n<\/p>\n<p><label> T\u0113ma<br \/>\n<\/label><br \/>\n<span class=\"wpcf7-form-control-wrap\" data-name=\"your-subject\"><input size=\"40\" maxlength=\"400\" class=\"wpcf7-form-control wpcf7-text\" aria-invalid=\"false\" value=\"\" type=\"text\" name=\"your-subject\" \/><input type=\"text\" name=\"email\" value=\"\" autocomplete=\"fill\" class=\"fit-the-fullspace\" aria-hidden=\"true\" tabindex=\"-1\" \/><\/span>\n<\/p>\n<p><label> J\u016bsu zi\u0146a mums<br \/>\n<\/label><br \/>\n<span class=\"wpcf7-form-control-wrap\" data-name=\"your-message\"><textarea cols=\"40\" rows=\"10\" maxlength=\"2000\" class=\"wpcf7-form-control wpcf7-textarea\" aria-invalid=\"false\" name=\"your-message\"><\/textarea><\/span><br \/>\n<input class=\"wpcf7-form-control wpcf7-submit has-spinner\" type=\"submit\" value=\"S\u016bt\u012bt\" \/>\n<\/p><div class=\"wpcf7-response-output\" aria-hidden=\"true\"><\/div>\n<\/form>\n<\/div>\n\n<\/div>\n<\/div>\n<\/div>\n<\/section>\n<p><\/p>","protected":false},"excerpt":{"rendered":"<p>T\u016brisma inform\u0101cijas materi\u0101li Pas\u016bt\u012bt\u0101ja ieceres un \u201cJ\u0101\u0146a s\u0113tas\u201d pieredze abpus\u0113j\u0101 sadarb\u012bb\u0101 vainagojas ar izsme\u013co\u0161iem\u00a0un t\u016bristiem \u0113rti lietojamiem izdevumiem. Katrai vietai ir savs raksturs, sava unikalit\u0101te. Katram ce\u013cot\u0101jam \u2013 k\u0101j\u0101mg\u0101j\u0113jam, velot\u016bristam &#8230;<\/p>\n","protected":false},"author":45,"featured_media":0,"parent":0,"menu_order":0,"comment_status":"closed","ping_status":"closed","template":"","meta":{"footnotes":""},"class_list":["post-42","page","type-page","status-publish","hentry"],"_links":{"self":[{"href":"https:\/\/www.kartes.lv\/lv\/wp-json\/wp\/v2\/pages\/42","targetHints":{"allow":["GET"]}}],"collection":[{"href":"https:\/\/www.kartes.lv\/lv\/wp-json\/wp\/v2\/pages"}],"about":[{"href":"https:\/\/www.kartes.lv\/lv\/wp-json\/wp\/v2\/types\/page"}],"author":[{"embeddable":true,"href":"https:\/\/www.kartes.lv\/lv\/wp-json\/wp\/v2\/users\/45"}],"replies":[{"embeddable":true,"href":"https:\/\/www.kartes.lv\/lv\/wp-json\/wp\/v2\/comments?post=42"}],"version-history":[{"count":187,"href":"https:\/\/www.kartes.lv\/lv\/wp-json\/wp\/v2\/pages\/42\/revisions"}],"predecessor-version":[{"id":30233,"href":"https:\/\/www.kartes.lv\/lv\/wp-json\/wp\/v2\/pages\/42\/revisions\/30233"}],"wp:attachment":[{"href":"https:\/\/www.kartes.lv\/lv\/wp-json\/wp\/v2\/media?parent=42"}],"curies":[{"name":"wp","href":"https:\/\/api.w.org\/{rel}","templated":true}]}}