{"id":44,"date":"2016-08-24T12:47:14","date_gmt":"2016-08-24T10:47:14","guid":{"rendered":"http:\/\/wp4.kartes.lv\/?page_id=44"},"modified":"2026-02-19T09:52:47","modified_gmt":"2026-02-19T07:52:47","slug":"petijumi","status":"publish","type":"page","link":"https:\/\/www.kartes.lv\/lv\/petijumi\/","title":{"rendered":"P\u0113t\u012bjumi"},"content":{"rendered":"<p><\/p>\n<section id=\"sec1\" class=\"section-padding onepage-section\">\n<div class=\"container\">\n<div class=\"section-title-area\" style=\"text-align: left;\">\n<h2 class=\"section-title\" style=\"font-size: 24px;\">Resursu un pakalpojumu izvietojuma \u0122IS anal\u012bze<\/h2>\n<\/div>\n<div class=\"row col-lg-12 col-sm-12 wow slideInUp\" style=\"visibility: visible; animation-name: slideInUp;\">\n<div class=\"col-lg-4 col-sm-4\" style=\"text-align: center; margin-bottom: 20px;\"><img loading=\"lazy\" decoding=\"async\" class=\"alignnone size-medium wp-image-5036\" src=\"https:\/\/www.kartes.lv\/wp-content\/uploads\/2016\/08\/Smiltene_800x400-300x150.jpg\" alt=\"\" width=\"300\" height=\"150\" srcset=\"https:\/\/www.kartes.lv\/wp-content\/uploads\/2016\/08\/Smiltene_800x400-300x150.jpg 300w, https:\/\/www.kartes.lv\/wp-content\/uploads\/2016\/08\/Smiltene_800x400-400x200.jpg 400w, https:\/\/www.kartes.lv\/wp-content\/uploads\/2016\/08\/Smiltene_800x400-600x300.jpg 600w, https:\/\/www.kartes.lv\/wp-content\/uploads\/2016\/08\/Smiltene_800x400-768x384.jpg 768w, https:\/\/www.kartes.lv\/wp-content\/uploads\/2016\/08\/Smiltene_800x400.jpg 800w\" sizes=\"auto, (max-width: 300px) 100vw, 300px\" \/><\/div>\n<div class=\"col-lg-8 col-sm-8\">M\u016bsu r\u012bc\u012bb\u0101 eso\u0161\u0101 inform\u0101cija un programmat\u016bra \u013cauj veikt visda\u017e\u0101d\u0101ko datu un procesu \u0123eotelpisko anal\u012bzi un uzskat\u0101mu t\u0101s rezult\u0101tu att\u0113lo\u0161anu kart\u0113. Liel\u0101 pieredze specifisku klienta datu integr\u0101cij\u0101 \u0122IS sist\u0113m\u0101s un inform\u0101cijas anal\u012bz\u0113 \u013cauj izstr\u0101d\u0101t optim\u0101lus probl\u0113mrisin\u0101jumus neatkar\u012bgi no t\u0101, vai tie b\u016btu saist\u012bti ar resursu apsaimnieko\u0161anu vai pakalpojumu snieg\u0161anas efektiviz\u0101ciju.<\/div>\n<\/div>\n<\/div>\n<\/section>\n<section id=\"sec2\" class=\"section-padding onepage-section\">\n<div class=\"container\">\n<div class=\"section-title-area\" style=\"text-align: left;\">\n<h2 class=\"section-title\" style=\"font-size: 24px;\">Konsult\u0101cijas re\u0123ion\u0101lajai un nacion\u0101lajai att\u012bst\u012bbai<\/h2>\n<\/div>\n<div class=\"row col-lg-12 col-sm-12 wow slideInUp\" style=\"visibility: visible; animation-name: slideInUp;\">\n<div class=\"col-lg-4 col-sm-4\" style=\"text-align: center; margin-bottom: 20px;\"><img loading=\"lazy\" decoding=\"async\" class=\"alignnone wp-image-5387 size-medium\" src=\"https:\/\/www.kartes.lv\/wp-content\/uploads\/2016\/08\/Bauskas_Petijums_800x400-300x150.jpg\" alt=\"\" width=\"300\" height=\"150\" srcset=\"https:\/\/www.kartes.lv\/wp-content\/uploads\/2016\/08\/Bauskas_Petijums_800x400-300x150.jpg 300w, https:\/\/www.kartes.lv\/wp-content\/uploads\/2016\/08\/Bauskas_Petijums_800x400-400x200.jpg 400w, https:\/\/www.kartes.lv\/wp-content\/uploads\/2016\/08\/Bauskas_Petijums_800x400-600x300.jpg 600w, https:\/\/www.kartes.lv\/wp-content\/uploads\/2016\/08\/Bauskas_Petijums_800x400-768x384.jpg 768w, https:\/\/www.kartes.lv\/wp-content\/uploads\/2016\/08\/Bauskas_Petijums_800x400.jpg 800w\" sizes=\"auto, (max-width: 300px) 100vw, 300px\" \/><\/div>\n<div class=\"col-lg-8 col-sm-8\">Univers\u0101l\u0101s zin\u0101\u0161anas un ekonom\u0123eogr\u0101fu redz\u0113jums \u013cauj izprast un prognoz\u0113t notieko\u0161os procesus gan re\u0123ion\u0101l\u0101, gan valsts l\u012bmen\u012b. Tas \u013cauj skaidrot sare\u017e\u0123\u012btus jaut\u0101jumus visuzskat\u0101m\u0101kaj\u0101 veid\u0101 \u2013 ar kart\u0113m. \u0160o &#8220;J\u0101\u0146a s\u0113tas&#8221; prasmi paman\u012bjusi un izmanto Latvijas Republikas Izgl\u012bt\u012bbas un zin\u0101tnes ministrija, Vides aizsardz\u012bbas un re\u0123ion\u0101l\u0101s att\u012bst\u012bbas ministrija, VAS \u201cLatvijas Valsts ce\u013ci\u201d, Valsts kontrole, ar\u012b daudzas Latvijas pa\u0161vald\u012bbas, konsult\u0113joties par tautsaimniec\u012bbas, demogr\u0101fijas un izgl\u012bt\u012bbas jaut\u0101jumiem. T\u0101, piem\u0113ram, 2017. gad\u0101 veikts p\u0113t\u012bjums<a href=\"https:\/\/izm.kartes.lv\/\"> &#8220;Optim\u0101l\u0101 visp\u0101r\u0113j\u0101s izgl\u012bt\u012bbas iest\u0101\u017eu t\u012bkla mode\u013ca izveide Latvij\u0101&#8221;<\/a>, bet 2019.\u20132020. gad\u0101, \u012bstenojot <a href=\"https:\/\/atr.kartes.lv\/\">administrat\u012bvi teritori\u0101lo reformu<\/a>, &#8220;J\u0101\u0146a s\u0113ta&#8221; veikusi administrat\u012bvi teritori\u0101l\u0101s reformas pamatojuma un \u0123eotelpisk\u0101s pl\u0101no\u0161anas platformas izstr\u0101di.<\/div>\n<\/div>\n<\/div>\n<\/section>\n<section id=\"sec3\" class=\"section-padding onepage-section\">\n<div class=\"container\">\n<div class=\"section-title-area\" style=\"text-align: left;\">\n<h2 class=\"section-title\" style=\"font-size: 24px;\">Tematisk\u0101 kart\u0113\u0161ana<\/h2>\n<\/div>\n<div class=\"row col-lg-12 col-sm-12 wow slideInUp\" style=\"visibility: visible; animation-name: slideInUp;\">\n<div class=\"col-lg-4 col-sm-4\" style=\"text-align: center; margin-bottom: 20px;\"><img loading=\"lazy\" decoding=\"async\" class=\"alignnone wp-image-4711 size-medium\" src=\"https:\/\/www.kartes.lv\/wp-content\/uploads\/2016\/08\/Tematiska_kartesana_800x400-300x150.jpg\" width=\"300\" height=\"150\" srcset=\"https:\/\/www.kartes.lv\/wp-content\/uploads\/2016\/08\/Tematiska_kartesana_800x400-300x150.jpg 300w, https:\/\/www.kartes.lv\/wp-content\/uploads\/2016\/08\/Tematiska_kartesana_800x400-400x200.jpg 400w, https:\/\/www.kartes.lv\/wp-content\/uploads\/2016\/08\/Tematiska_kartesana_800x400-600x300.jpg 600w, https:\/\/www.kartes.lv\/wp-content\/uploads\/2016\/08\/Tematiska_kartesana_800x400-768x384.jpg 768w, https:\/\/www.kartes.lv\/wp-content\/uploads\/2016\/08\/Tematiska_kartesana_800x400.jpg 800w\" sizes=\"auto, (max-width: 300px) 100vw, 300px\" \/><\/div>\n<div class=\"col-lg-8 col-sm-8\">Visuzskat\u0101m\u0101kais veids, k\u0101 att\u0113lot statistikas datu \u0123eotelpisko anal\u012b\u017eu rezult\u0101tus, da\u017e\u0101du procesu un par\u0101d\u012bbu teritori\u0101lo izplat\u012bbu, ir tematisk\u0101 karte. &#8220;J\u0101\u0146a s\u0113ta&#8221; ir vado\u0161ais tematisko kar\u0161u izstr\u0101d\u0101t\u0101js Baltij\u0101. M\u016bsu\u00a0r\u012bc\u012bb\u0101 ir kvalitat\u012bva kartogr\u0101fisk\u0101 materi\u0101la kl\u0101sts gan par v\u0113sturi, iedz\u012bvot\u0101jiem un da\u017e\u0101d\u0101m tautsaimniec\u012bbas nozar\u0113m, gan dabas \u0123eogr\u0101fiju. P\u0113c piepras\u012bjuma &#8220;J\u0101\u0146a s\u0113tas&#8221; kartogr\u0101fi profesion\u0101li sagatavo kartes par jebkuru klientam interes\u0113jo\u0161u t\u0113mu.<\/div>\n<\/div>\n<\/div>\n<\/section>\n<section id=\"sec4\" class=\"section-padding onepage-section\">\n<div class=\"container\">\n<div class=\"section-title-area\" style=\"text-align: left;\">\n<h2 class=\"section-title\" style=\"font-size: 24px;\">Atsauksmes<\/h2>\n<\/div>\n<div class=\"row\">\n<div class=\"feature-item col-lg-4 col-sm-6 wow slideInUp\" style=\"visibility: visible; animation-name: slideInUp;\">\n<div class=\"feature-media\" style=\"text-align: initial;\"><img loading=\"lazy\" decoding=\"async\" class=\"size-medium wp-image-4689 alignnone\" src=\"https:\/\/www.kartes.lv\/wp-content\/uploads\/2016\/08\/LNB_Petijums_800x400-300x150.jpg\" alt=\"\" width=\"300\" height=\"150\" srcset=\"https:\/\/www.kartes.lv\/wp-content\/uploads\/2016\/08\/LNB_Petijums_800x400-300x150.jpg 300w, https:\/\/www.kartes.lv\/wp-content\/uploads\/2016\/08\/LNB_Petijums_800x400-400x200.jpg 400w, https:\/\/www.kartes.lv\/wp-content\/uploads\/2016\/08\/LNB_Petijums_800x400-600x300.jpg 600w, https:\/\/www.kartes.lv\/wp-content\/uploads\/2016\/08\/LNB_Petijums_800x400-768x384.jpg 768w, https:\/\/www.kartes.lv\/wp-content\/uploads\/2016\/08\/LNB_Petijums_800x400.jpg 800w\" sizes=\"auto, (max-width: 300px) 100vw, 300px\" \/><\/div>\n<h4 style=\"text-align: left;\">Tematisk\u0101s kartes Latvijas Nacion\u0101lajai enciklop\u0113dijai<\/h4>\n<p style=\"text-align: left;\">\u201cPrincipi\u0101li noz\u012bm\u012bgas enciklop\u0113dij\u0101 ir kartes. \u0160\u0101du materi\u0101lu kvalitat\u012bv\u0101 sagatavo\u0161an\u0101 iz\u0161\u0137iro\u0161a ir precizit\u0101te, da\u017e\u0101du jomu p\u0101rzin\u0101\u0161ana, atbild\u012bba, k\u0101 ar\u012b pieredze. Vis\u0101m \u0161\u012bm pras\u012bb\u0101m atbilst kar\u0161u sagatavo\u0161anas uz\u0146\u0113mums \u201cJ\u0101\u0146a s\u0113ta\u201d. Sadarb\u012bb\u0101 ar enciklop\u0113dijas redakciju, gatavojot kartes enciklop\u0113dijas \u0161\u0137irk\u013ciem, uz\u0146\u0113mums ir p\u0101rliecino\u0161i apliecin\u0101jis sevi par profesion\u0101lu un uzticamu sadarb\u012bbas partneri.\u201d<\/p>\n<p style=\"text-align: left;\"><strong>Valters \u0160\u010derbinskis<\/strong>, Nacion\u0101l\u0101s enciklop\u0113dijas redakcijas vad\u012bt\u0101js, v\u0113sturnieks.<\/p>\n<\/div>\n<div class=\"feature-item col-lg-4 col-sm-6 wow slideInUp\" style=\"visibility: visible; animation-name: slideInUp;\">\n<div class=\"feature-media\" style=\"text-align: initial;\"><img loading=\"lazy\" decoding=\"async\" class=\"alignnone wp-image-12098 size-medium\" src=\"https:\/\/www.kartes.lv\/wp-content\/uploads\/2016\/08\/Smiltene_atsaukmses_800x400-300x150.png\" alt=\"\" width=\"300\" height=\"150\" srcset=\"https:\/\/www.kartes.lv\/wp-content\/uploads\/2016\/08\/Smiltene_atsaukmses_800x400-300x150.png 300w, https:\/\/www.kartes.lv\/wp-content\/uploads\/2016\/08\/Smiltene_atsaukmses_800x400-400x200.png 400w, https:\/\/www.kartes.lv\/wp-content\/uploads\/2016\/08\/Smiltene_atsaukmses_800x400-600x300.png 600w, https:\/\/www.kartes.lv\/wp-content\/uploads\/2016\/08\/Smiltene_atsaukmses_800x400-768x384.png 768w, https:\/\/www.kartes.lv\/wp-content\/uploads\/2016\/08\/Smiltene_atsaukmses_800x400.png 800w\" sizes=\"auto, (max-width: 300px) 100vw, 300px\" \/><\/div>\n<h4 style=\"text-align: left;\">Smiltenes ietekmes are\u0101ls ATR un izgl\u012bt\u012bbas iest\u0101\u017eu t\u012bkla reformas kontekst\u0101. Situ\u0101cijas anal\u012bze un priek\u0161likumi<\/h4>\n<p style=\"text-align: left;\">\u201cSadarbojoties ar \u201cJ\u0101\u0146a s\u0113tu\u201d, veic\u0101m skolu t\u012bkla reorganiz\u0101ciju Smiltenes pils\u0113t\u0101 \u2013 \u0113rt\u0101 veid\u0101, izmantojot kartes, var\u0113j\u0101m redz\u0113t skol\u0113nu skaitu, att\u0101lumus, skolot\u0101ju atalgojumu utt. \u0122eotelpiskie risin\u0101jumi dod pa\u0161vald\u012bb\u0101m iesp\u0113jas pie\u0146emt t\u0101lredz\u012bg\u0101kus un izv\u0113rst\u0101kus l\u0113mumus un veiksm\u012bg\u0101k virz\u012bties uz att\u012bst\u012bbu. \u0160\u012b inform\u0101cija ir svar\u012bga ne tikai pa\u0161vald\u012bb\u0101m, skol\u0113niem, studentiem, bet visai sabiedr\u012bbai kopum\u0101.\u201d<\/p>\n<p style=\"text-align: left;\"><strong>Gints Kukainis<\/strong>, Smiltenes novada domes priek\u0161s\u0113d\u0113t\u0101js.<\/p>\n<\/div>\n<div class=\"feature-item col-lg-4 col-sm-6 wow slideInUp\" style=\"visibility: visible; animation-name: slideInUp;\">\n<div class=\"feature-media\" style=\"text-align: initial;\"><img decoding=\"async\" src=\"https:\/\/www.kartes.lv\/wp-content\/uploads\/2021\/02\/ATR-800X400-300x150.png\" \/><\/div>\n<h4 style=\"text-align: left;\">ATR pamatojuma un \u0123eotelpisk\u0101s pl\u0101no\u0161anas platformas izstr\u0101de<\/h4>\n<p style=\"text-align: left;\">&#8220;Virzot pa\u0161vald\u012bbu reformu, ministrija \u012bstenoja datos balst\u012btu reformas modeli. Jaun\u0101 <a href=\"https:\/\/lvportals.lv\/dienaskartiba\/321907-ministrs-puce-prezente-pasvaldibu-reformas-geotelpiskas-planosanas-platformu-2020\">platforma<\/a> ir v\u0113l viens atbalsta r\u012bks \u2013\u00a0vienkopus pieejama uz datiem balst\u012bta inform\u0101cija, ko ministrija pied\u0101v\u0101 izmantot pa\u0161vald\u012bb\u0101m, apvieno\u0161an\u0101s procesa ietvaros izstr\u0101d\u0101jot savus att\u012bst\u012bbas scen\u0101rijus un pie\u0146emot teritorijas att\u012bst\u012bbai lab\u0101kos iesp\u0113jamos l\u0113mumus.\u201d<\/p>\n<p style=\"text-align: left;\"><b>Juris P\u016bce<\/b>, biju\u0161ais vides aizsardz\u012bbas un re\u0123ion\u0101l\u0101s att\u012bst\u012bbas ministrs.<\/p>\n<\/div>\n<\/div>\n<\/div>\n<\/section>\n<section id=\"sec5\" class=\" section-padding onepage-section\">\n<div class=\"container\">\n<div class=\"section-title-area\" style=\"text-align: left;\">\n<h2 class=\"section-title\" style=\"font-size: 24px;\">KONTAKTI<\/h2>\n<\/div>\n<div class=\"row col-lg-12 col-sm-12 wow slideInUp\" style=\"visibility: visible; animation-name: slideInUp;\">\n<div class=\"col-lg-5 col-md-5 col-sm-12 col-xs-12\">\n<p><img loading=\"lazy\" decoding=\"async\" class=\"alignnone size-medium wp-image-11316\" src=\"https:\/\/www.kartes.lv\/wp-content\/uploads\/2016\/08\/MareksKilups_800x400-300x150.png\" alt=\"\" width=\"300\" height=\"150\" srcset=\"https:\/\/www.kartes.lv\/wp-content\/uploads\/2016\/08\/MareksKilups_800x400-300x150.png 300w, https:\/\/www.kartes.lv\/wp-content\/uploads\/2016\/08\/MareksKilups_800x400-400x200.png 400w, https:\/\/www.kartes.lv\/wp-content\/uploads\/2016\/08\/MareksKilups_800x400-600x300.png 600w, https:\/\/www.kartes.lv\/wp-content\/uploads\/2016\/08\/MareksKilups_800x400-768x384.png 768w, https:\/\/www.kartes.lv\/wp-content\/uploads\/2016\/08\/MareksKilups_800x400.png 800w\" sizes=\"auto, (max-width: 300px) 100vw, 300px\" \/><\/p>\n<h5 style=\"font-weight: 800;\">MAREKS KILUPS<\/h5>\n<hr \/>\n<p><strong>Valdes loceklis<\/strong><\/p>\n<hr \/>\n<p><strong>T\u0101lrunis:<\/strong>\u00a0+371 67317535<br \/>\n<strong>E-pasts: <\/strong><a href=\"mailto:mareks.kilups@kartes.lv\">mareks.kilups@kartes.lv<\/a><\/p>\n<\/div>\n<div class=\"col-lg-7 col-md-7 col-sm-12 col-xs-12\">\n<div class=\"screen-reader-response\"><\/div>\n<p style=\"text-align: left;\">Esam atv\u0113rti jaun\u0101m idej\u0101m un individu\u0101liem risin\u0101jumiem. Sazinieties ar mums, lai sa\u0146emtu pied\u0101v\u0101jumu savu ieceru realiz\u0113\u0161anai!<\/p>\n\n<div class=\"wpcf7 no-js\" id=\"wpcf7-f14-o1\" lang=\"en-US\" dir=\"ltr\" data-wpcf7-id=\"14\">\n<div class=\"screen-reader-response\"><p role=\"status\" aria-live=\"polite\" aria-atomic=\"true\"><\/p> <ul><\/ul><\/div>\n<form action=\"\/lv\/wp-json\/wp\/v2\/pages\/44#wpcf7-f14-o1\" method=\"post\" class=\"wpcf7-form init\" aria-label=\"Contact form\" novalidate=\"novalidate\" data-status=\"init\">\n<fieldset class=\"hidden-fields-container\"><input type=\"hidden\" name=\"_wpcf7\" value=\"14\" \/><input type=\"hidden\" name=\"_wpcf7_version\" value=\"6.1.5\" \/><input type=\"hidden\" name=\"_wpcf7_locale\" value=\"en_US\" \/><input type=\"hidden\" name=\"_wpcf7_unit_tag\" value=\"wpcf7-f14-o1\" \/><input type=\"hidden\" name=\"_wpcf7_container_post\" value=\"0\" \/><input type=\"hidden\" name=\"_wpcf7_posted_data_hash\" value=\"\" \/><input type=\"hidden\" name=\"_cf7a__timestamp\" value=\"gfKc8ejQGF29rdVaAxYJWw==\" \/><input type=\"hidden\" name=\"_cf7a_version\" value=\"1.0\" \/><input type=\"hidden\" name=\"_cf7a_address\" value=\"\" \/><input type=\"hidden\" name=\"_cf7a_referer\" value=\"\" \/><input type=\"hidden\" name=\"_cf7a_protocol\" value=\"\" \/><input type=\"hidden\" name=\"_cf7a_bot_fingerprint\" value=\"gfKc8ejQGF29rdVaAxYJWw==\" \/><input type=\"hidden\" name=\"_cf7a_bot_fingerprint_extras\" \/><input type=\"hidden\" name=\"_cf7a_append_on_submit\" \/>\n<\/fieldset>\n<p><label> J\u016bsu e-pasts (Oblig\u0101ts)<br \/>\n<\/label><br \/>\n<span class=\"wpcf7-form-control-wrap\" data-name=\"your-email\"><input size=\"40\" maxlength=\"400\" class=\"wpcf7-form-control wpcf7-email wpcf7-validates-as-required wpcf7-text wpcf7-validates-as-email\" aria-required=\"true\" aria-invalid=\"false\" value=\"\" type=\"email\" name=\"your-email\" \/><\/span>\n<\/p>\n<p><label> T\u0113ma<br \/>\n<\/label><br \/>\n<span class=\"wpcf7-form-control-wrap\" data-name=\"your-subject\"><input size=\"40\" maxlength=\"400\" class=\"wpcf7-form-control wpcf7-text\" aria-invalid=\"false\" value=\"\" type=\"text\" name=\"your-subject\" \/><input type=\"text\" name=\"email\" value=\"\" autocomplete=\"fill\" class=\"fit-the-fullspace\" aria-hidden=\"true\" tabindex=\"-1\" \/><\/span>\n<\/p>\n<p><label> J\u016bsu zi\u0146a mums<br \/>\n<\/label><br \/>\n<span class=\"wpcf7-form-control-wrap\" data-name=\"your-message\"><textarea cols=\"40\" rows=\"10\" maxlength=\"2000\" class=\"wpcf7-form-control wpcf7-textarea\" aria-invalid=\"false\" name=\"your-message\"><\/textarea><\/span><br \/>\n<input class=\"wpcf7-form-control wpcf7-submit has-spinner\" type=\"submit\" value=\"S\u016bt\u012bt\" \/>\n<\/p><div class=\"wpcf7-response-output\" aria-hidden=\"true\"><\/div>\n<\/form>\n<\/div>\n\n<\/div>\n<\/div>\n<\/div>\n<\/section>\n<p><\/p>","protected":false},"excerpt":{"rendered":"<p>Resursu un pakalpojumu izvietojuma \u0122IS anal\u012bze M\u016bsu r\u012bc\u012bb\u0101 eso\u0161\u0101 inform\u0101cija un programmat\u016bra \u013cauj veikt visda\u017e\u0101d\u0101ko datu un procesu \u0123eotelpisko anal\u012bzi un uzskat\u0101mu t\u0101s rezult\u0101tu att\u0113lo\u0161anu kart\u0113. Liel\u0101 pieredze specifisku klienta &#8230;<\/p>\n","protected":false},"author":45,"featured_media":0,"parent":0,"menu_order":0,"comment_status":"closed","ping_status":"closed","template":"","meta":{"footnotes":""},"class_list":["post-44","page","type-page","status-publish","hentry"],"_links":{"self":[{"href":"https:\/\/www.kartes.lv\/lv\/wp-json\/wp\/v2\/pages\/44","targetHints":{"allow":["GET"]}}],"collection":[{"href":"https:\/\/www.kartes.lv\/lv\/wp-json\/wp\/v2\/pages"}],"about":[{"href":"https:\/\/www.kartes.lv\/lv\/wp-json\/wp\/v2\/types\/page"}],"author":[{"embeddable":true,"href":"https:\/\/www.kartes.lv\/lv\/wp-json\/wp\/v2\/users\/45"}],"replies":[{"embeddable":true,"href":"https:\/\/www.kartes.lv\/lv\/wp-json\/wp\/v2\/comments?post=44"}],"version-history":[{"count":114,"href":"https:\/\/www.kartes.lv\/lv\/wp-json\/wp\/v2\/pages\/44\/revisions"}],"predecessor-version":[{"id":30234,"href":"https:\/\/www.kartes.lv\/lv\/wp-json\/wp\/v2\/pages\/44\/revisions\/30234"}],"wp:attachment":[{"href":"https:\/\/www.kartes.lv\/lv\/wp-json\/wp\/v2\/media?parent=44"}],"curies":[{"name":"wp","href":"https:\/\/api.w.org\/{rel}","templated":true}]}}