{"id":51,"date":"2016-08-24T13:25:57","date_gmt":"2016-08-24T11:25:57","guid":{"rendered":"http:\/\/wp4.kartes.lv\/?page_id=51"},"modified":"2025-02-10T12:00:57","modified_gmt":"2025-02-10T10:00:57","slug":"par-mums","status":"publish","type":"page","link":"https:\/\/www.kartes.lv\/lv\/par-mums\/","title":{"rendered":"Par mums"},"content":{"rendered":"<p>M\u0113s sevi d\u0113v\u0113jam par kar\u0161u meistariem, ta\u010du ofici\u0101li esam paz\u012bstami k\u0101 kartogr\u0101fijas un \u0122IS (\u0123eogr\u0101fisk\u0101s inform\u0101cijas sist\u0113mas) pakalpojumu sniedz\u0113js. M\u016bsu rad\u012bt\u0101s kartes, sniegtie pakalpojumi un uz \u0122IS pamata veidotie inform\u0101cijas tehnolo\u0123iju produkti \u013cauj mums tiekties uz l\u012bderpoz\u012bcij\u0101m sav\u0101 nozar\u0113 Zieme\u013cvalstu un Baltijas valstu ekonomiskaj\u0101 re\u0123ion\u0101. Esam profesion\u0101la un pieredz\u0113jusi komanda, kas darbu veic entuziastiski un ar lielu atbild\u012bbu.<\/p>\n<p>SIA &#8220;J\u0101\u0146a s\u0113ta&#8221; ir vado\u0161ais kartogr\u0101fijas un \u0123eotelpisk\u0101s inteli\u0123ences risin\u0101jumu uz\u0146\u0113mums Baltijas valst\u012bs:<br \/>\n\u00b7 vair\u0101k nek\u0101 30 gadu pieredze kar\u0161u rad\u012b\u0161an\u0101 un \u0123eotelpisku IT produktu un pakalpojumu izstr\u0101d\u0113;<br \/>\n\u00b7 profesion\u0101la komanda \u2013 kartogr\u0101fi, \u0122IS in\u017eenieri, maket\u0113t\u0101ji, dizaineri, redaktori, programm\u0113t\u0101ji un projektu vad\u012bt\u0101ji;<br \/>\n\u00b7 m\u016bsu eksporta tirgus \u2013 Zviedrija, Somija, Norv\u0113\u0123ija, Igaunija, Lietuva, Polija, D\u0101nija, Francija, V\u0101cija.\n<\/p><\/div>\n<div class=\"section-title-area\" style=\"text-align: left;\">\n<h3 style=\"font-weight: 800; letter-spacing: 3.5px;\">M\u016aSU MISIJA<\/h3>\n<h3 style=\"font-weight: 400; letter-spacing: 1.5px;\">M\u0112S PAL\u012aDZAM ATRAST CE\u013bU<\/h3>\n<p>Regul\u0101ri uzlabojam savu \u0123eodatu b\u0101zi, veidojam unik\u0101lus datu servisus un risin\u0101jumus, optimiz\u0113jam klientu resursus un izmaksas, t\u0101d\u0113j\u0101di palielinot to darb\u012bbas efektivit\u0101ti. M\u016bsu prec\u012bz\u0101s kartes gan digit\u0101l\u0101, gan druk\u0101t\u0101 form\u0101t\u0101 ir paz\u012bstamas un piepras\u012btas vis\u0101 Baltij\u0101. M\u016bsu veidotie izdevumi ir ce\u013c\u0161 uz zin\u0101\u0161an\u0101m.<\/p>\n<p>&nbsp;<\/p>\n<div class=\"section-title-area\" style=\"text-align: left;\">\n<h3 style=\"font-weight: 800; letter-spacing: 3.5px;\">M\u016aSU V\u0112RT\u012aBAS<\/h3>\n<h3 style=\"font-weight: 400; letter-spacing: 1.5px;\">IESAISTE<\/h3>\n<p>Akt\u012bvi iesaist\u0101mies visos uz\u0146\u0113muma procesos un veicin\u0101m sadarb\u012bbu ar klientiem. Iesaist\u0101m darbiniekus darba organiz\u0101cijas proces\u0101.<\/p>\n<h3 style=\"font-weight: 400; letter-spacing: 1.5px;\">INTELI\u0122ENCE<\/h3>\n<p>Esam zino\u0161i un nep\u0101rtraukti k\u0101pin\u0101m savu profesionalit\u0101ti, lai atrisin\u0101tu jebkuru uzdevumu un pied\u0101v\u0101tu m\u016bsdien\u012bg\u0101kos risin\u0101jumus. Inteli\u0123ence m\u016bsu komand\u0101 pal\u012bdz saprast un risin\u0101t sare\u017e\u0123\u012btus uzdevumus.<\/p>\n<h3 style=\"font-weight: 400; letter-spacing: 1.5px;\">KVALIT\u0100TE<\/h3>\n<p>Visu dar\u0101m no sirds un visaugst\u0101kaj\u0101 kvalit\u0101t\u0113. Kvalitat\u012bvi nodro\u0161in\u0101m pakalpojumus un tiecamies kvalit\u0101ti uzlabot.\n<\/p><\/div>\n<div class=\"section-title-area\" style=\"text-align: left;\">\n<h3 style=\"font-weight: 800; letter-spacing: 3.5px;\">SERTIFIK\u0100TI<\/h3>\n<div class=\"row col-lg-12 col-sm-12 wow slideInUp\" style=\"visibility: visible; animation-name: slideInUp;\">\n<div class=\"col-lg-4 col-sm-4\" style=\"text-align: center;\"><img loading=\"lazy\" decoding=\"async\" class=\"alignnone size-medium wp-image-10868\" src=\"https:\/\/www.kartes.lv\/wp-content\/uploads\/2016\/08\/BV_Certification_ISO9001-300x157.jpg\" alt=\"\" width=\"300\" height=\"157\" srcset=\"https:\/\/www.kartes.lv\/wp-content\/uploads\/2016\/08\/BV_Certification_ISO9001-300x157.jpg 300w, https:\/\/www.kartes.lv\/wp-content\/uploads\/2016\/08\/BV_Certification_ISO9001-400x209.jpg 400w, https:\/\/www.kartes.lv\/wp-content\/uploads\/2016\/08\/BV_Certification_ISO9001-600x314.jpg 600w, https:\/\/www.kartes.lv\/wp-content\/uploads\/2016\/08\/BV_Certification_ISO9001-768x401.jpg 768w, https:\/\/www.kartes.lv\/wp-content\/uploads\/2016\/08\/BV_Certification_ISO9001-1024x535.jpg 1024w, https:\/\/www.kartes.lv\/wp-content\/uploads\/2016\/08\/BV_Certification_ISO9001.jpg 1726w\" sizes=\"auto, (max-width: 300px) 100vw, 300px\" \/><\/div>\n<div class=\"col-lg-8 col-sm-8\">\nSIA &#8220;J\u0101\u0146a s\u0113ta&#8221; kvalit\u0101tes un procesu p\u0101rvald\u012bbas sist\u0113ma ir audit\u0113ta un atz\u012bta k\u0101 atbilsto\u0161a ISO 9001:2015 p\u0101rvald\u012bbas sist\u0113mas standarta pras\u012bb\u0101m. Sertific\u0113t\u0101 darb\u012bbas sf\u0113ra \u2013 kartogr\u0101fijas izdevumu izdo\u0161ana, vairumtirdzniec\u012bba un citi izdev\u0113jdarb\u012bbas pakalpojumi, \u0123eotelpisk\u0101s inform\u0101cijas sist\u0113mas un inform\u0101cijas tehnolo\u0123iju pakalpojumi.<\/p>\n<\/div>\n<\/div>\n<\/div>\n<\/div>\n<p><\/p>","protected":false},"excerpt":{"rendered":"<p>M\u0113s sevi d\u0113v\u0113jam par kar\u0161u meistariem, ta\u010du ofici\u0101li esam paz\u012bstami k\u0101 kartogr\u0101fijas un \u0122IS (\u0123eogr\u0101fisk\u0101s inform\u0101cijas sist\u0113mas) pakalpojumu sniedz\u0113js. M\u016bsu rad\u012bt\u0101s kartes, sniegtie pakalpojumi un uz \u0122IS pamata veidotie inform\u0101cijas &#8230;<\/p>\n","protected":false},"author":45,"featured_media":0,"parent":0,"menu_order":0,"comment_status":"closed","ping_status":"closed","template":"","meta":{"footnotes":""},"class_list":["post-51","page","type-page","status-publish","hentry"],"_links":{"self":[{"href":"https:\/\/www.kartes.lv\/lv\/wp-json\/wp\/v2\/pages\/51","targetHints":{"allow":["GET"]}}],"collection":[{"href":"https:\/\/www.kartes.lv\/lv\/wp-json\/wp\/v2\/pages"}],"about":[{"href":"https:\/\/www.kartes.lv\/lv\/wp-json\/wp\/v2\/types\/page"}],"author":[{"embeddable":true,"href":"https:\/\/www.kartes.lv\/lv\/wp-json\/wp\/v2\/users\/45"}],"replies":[{"embeddable":true,"href":"https:\/\/www.kartes.lv\/lv\/wp-json\/wp\/v2\/comments?post=51"}],"version-history":[{"count":38,"href":"https:\/\/www.kartes.lv\/lv\/wp-json\/wp\/v2\/pages\/51\/revisions"}],"predecessor-version":[{"id":20069,"href":"https:\/\/www.kartes.lv\/lv\/wp-json\/wp\/v2\/pages\/51\/revisions\/20069"}],"wp:attachment":[{"href":"https:\/\/www.kartes.lv\/lv\/wp-json\/wp\/v2\/media?parent=51"}],"curies":[{"name":"wp","href":"https:\/\/api.w.org\/{rel}","templated":true}]}}