{"id":5828,"date":"2017-08-16T12:02:16","date_gmt":"2017-08-16T10:02:16","guid":{"rendered":"https:\/\/www.kartes.lv\/?page_id=5828"},"modified":"2024-03-22T13:58:23","modified_gmt":"2024-03-22T11:58:23","slug":"lietosanas-noteikumi","status":"publish","type":"page","link":"https:\/\/www.kartes.lv\/lv\/lietosanas-noteikumi\/","title":{"rendered":"Iepirk\u0161an\u0101s noteikumi"},"content":{"rendered":"<p><\/p>\n<div class=\"col-sm-12\">\n<h1 id=\"visp-noteik\" class=\"section-title\" style=\"font-size: 24px; font-weight: 800; text-transform: uppercase; letter-spacing: 3.5px;\">Visp\u0101r\u0113jie noteikumi<\/h1>\n<p><strong>Klients<\/strong> \u2013 fizisk\u0101 persona, kas veic pas\u016bt\u012bjumus interneta veikal\u0101 <a href=\"https:\/\/www.kartes.lv\">www.kartes.lv<\/a> un ir pas\u016bt\u012bt\u0101s Preces sa\u0146\u0113m\u0113js.<br \/>\n<strong>P\u0101rdev\u0113js<\/strong> \u2013 SIA \u201cJ\u0101\u0146a s\u0113ta\u201d.<br \/>\n<strong>Interneta veikals<\/strong> \u2013 vietne internet\u0101, kam interneta t\u012bkl\u0101 ir adrese <a href=\"https:\/\/www.kartes.lv\">www.kartes.lv<\/a>. Klientiem interneta veikal\u0101 noform\u0113\u0161anai tiek pied\u0101v\u0101ta P\u0101rdev\u0113ja Prece, k\u0101 ar\u012b pas\u016bt\u012bt\u0101s Preces apmaksas un pieg\u0101des noteikumi.<br \/>\n<strong>Vietne<\/strong> \u2013 <a href=\"https:\/\/www.kartes.lv\">www.kartes.lv<\/a>.<br \/>\n<strong>Prece<\/strong> \u2013 materi\u0101l\u0101 vien\u012bba, kas atrodas pre\u010du apgroz\u012bb\u0101 un tiek pied\u0101v\u0101ta p\u0101rdo\u0161anai vietn\u0113.<br \/>\n<strong>Pas\u016bt\u012bjums<\/strong> \u2013 pien\u0101c\u012bg\u0101 veid\u0101 noform\u0113ts Klienta piepras\u012bjums vietn\u0113 izv\u0113l\u0113t\u0101s Preces pieg\u0101dei uz Klienta nor\u0101d\u012bto adresi.<br \/>\n<strong>Distances l\u012bgums<\/strong> \u2013 vieno\u0161an\u0101s par preces ieg\u0101di vai pakalpojuma snieg\u0161anu, kas nosl\u0113gta<br \/>\nnekl\u0101tienes apst\u0101k\u013cos, izmantojot distances sazi\u0146as l\u012bdzek\u013cus.<\/p>\n<p>Vietnes \u012bpa\u0161nieks un administrators ir:<br \/>\nSIA \u201cJ\u0101\u0146a s\u0113ta\u201d<br \/>\nKrasta iela 105a, R\u012bga, Latvija, LV-1019<br \/>\n<a href=\"tel:+37167317540\">T\u0101lr. +371 67317540<\/a><br \/>\nFakss +371 67317541<br \/>\nE-pasts <a href=\"mailto:kartes@kartes.lv\">kartes@kartes.lv<\/a><br \/>\nVienotais re\u0123istr\u0101cijas nr. 40003426448<\/p>\n<p>Savstarp\u0113j\u0101s attiec\u012bbas starp Klientu un P\u0101rdev\u0113ju reglament\u0113 Latvijas Republikas likumdo\u0161ana.<br \/>\nPas\u016btot Preci ar interneta veikala kartes.lv starpniec\u012bbu, Klients piekr\u012bt preces p\u0101rdo\u0161anas noteikumiem (turpm\u0101k tekst\u0101 \u2013 Noteikumi), k\u0101 ar\u012b, apstiprinot Pas\u016bt\u012bjumu no Klienta puses, tas tiek uzskat\u012bts par <strong>Distances l\u012bgumu<\/strong> starp P\u0101rdev\u0113ju un Klientu.<br \/>\nRadu\u0161os jaut\u0101jumu vai domstarp\u012bbu gad\u012bjum\u0101 Klients telefoniski sazin\u0101s ar P\u0101rdev\u0113ju, izmantojot e-pastu <a href=\"mailto:kartes@kartes.lv\">kartes@kartes.lv<\/a>, vai pa telefonu <a href=\"tel:+37122019364\">+371 22019364<\/a>. Visas radu\u0161\u0101s domstarp\u012bbas puses p\u0113c iesp\u0113jas risin\u0101s p\u0101rrunu ce\u013c\u0101.<br \/>\nP\u0101rdev\u0113jam ir ties\u012bbas veikt groz\u012bjumus \u0161ajos Noteikumos.<\/p>\n<h1 id=\"regist\" class=\"section-title\" style=\"font-size: 24px; font-weight: 800; text-transform: uppercase; letter-spacing: 3.5px;\"><\/h1>\n<h1 id=\"pirk-nos\" class=\"section-title\" style=\"font-size: 24px; font-weight: 800; text-transform: uppercase; letter-spacing: 3.5px;\">Pirk\u0161anas nosac\u012bjumi<\/h1>\n<p>Pas\u016bt\u012bjuma noform\u0113\u0161ana ir pieejama Klientam ar vai bez re\u0123istr\u0101cijas vietn\u0113.<br \/>\nVietn\u0113 kartes.lv visas pre\u010du cenas ir nor\u0101d\u012btas, ieskaitot pievienot\u0101s v\u0113rt\u012bbas nodokli.<br \/>\nVeicot pas\u016bt\u012bjumu, ir nepiecie\u0161ams nor\u0101d\u012bt e-pasta adresi, lai klientam var\u0113tu ats\u016bt\u012bt r\u0113\u0137inu-pavadz\u012bmi u.c. nepiecie\u0161amo dokument\u0101ciju.<br \/>\nVisiem pas\u016bt\u012bjumiem, kuru pre\u010du v\u0113rt\u012bba ir l\u012bdz 21.95\u00a0eiro, tiek piem\u0113rota nos\u016bt\u012b\u0161anas maksa atkar\u012bb\u0101 no pieg\u0101des izv\u0113les un valsts, uz kuru tiek s\u016bt\u012bts (skat\u012bt <strong><a href=\"#pieg\">Pieg\u0101de<\/a><\/strong>).<br \/>\nPreces sa\u0146em\u0161ana SIA \u201cJ\u0101\u0146a s\u0113ta\u201d biroj\u0101 ir bez maksas.<br \/>\nBaltijas valst\u012bs (Latvija, Lietuva un Igaunija) pieg\u0101des maksu nepiem\u0113ro, ja j\u016bsu izv\u0113l\u0113to pre\u010du kop\u0113j\u0101 summa ir 22.95 eiro un vair\u0101k.<br \/>\nPirms Pas\u016bt\u012bjuma noform\u0113\u0161anas Klientam ir ties\u012bbas v\u0113rsies pie P\u0101rdev\u0113ja ar Preces deta\u013cu preciz\u0113\u0161anu. Ja klients nav v\u0113rsies pie P\u0101rdev\u0113ja p\u0113c detaliz\u0113tiem skaidrojumiem, uzskat\u0101ms, ka Klientam, noform\u0113jot Pas\u016bt\u012bjumu, nav radu\u0161\u0101s \u0161aubas par Preces \u012bpa\u0161\u012bb\u0101m.<br \/>\nGad\u012bjum\u0101, ja P\u0101rdev\u0113ja noliktav\u0101 Pre\u010du nav vajadz\u012bgaj\u0101 daudzum\u0101, P\u0101rdev\u0113jam ir ties\u012bbas anul\u0113t doto poz\u012bciju Klienta Pas\u016bt\u012bjum\u0101, inform\u0113jot par to Klientu, nos\u016btot pazi\u0146ojumu uz elektronisk\u0101 pasta adresi, ko Klients nor\u0101d\u012bjis.<br \/>\nInterneta veikala kartes.lv \u012bpa\u0161nieki nenes atbild\u012bbu par fotoatt\u0113lu kr\u0101su parametru nodo\u0161anu Klienta displej\u0101.<br \/>\nInterneta veikals kartes.lv patur ties\u012bbas neapkalpot pas\u016bt\u012bjumu, ja interneta veikalam neizdodas sazin\u0101ties ar klientu pa vi\u0146a nor\u0101d\u012bto t\u0101lru\u0146a numuru vai e-pastu.<br \/>\nJaut\u0101jumu gad\u012bjum\u0101 iesp\u0113jams zvan\u012bt <a href=\"tel:+37122019364\">+371 22019364<\/a> vai rakst\u012bt uz e-pastu: <a href=\"mailto:kartes@kartes.lv\">kartes@kartes.lv<\/a><\/p>\n<h1 id=\"apmk\" class=\"section-title\" style=\"font-size: 24px; font-weight: 800; text-transform: uppercase; letter-spacing: 3.5px;\">Apmaksa<\/h1>\n<p>Vietn\u0113 Pas\u016bt\u012bjuma apmaksa tiek veikta ar nor\u0113\u0137inu sist\u0113mu Paysera vai bankas p\u0101rskait\u012bjumu.<br \/>\nAutoriz\u0101cijas pakalpojumus oper\u0101cij\u0101s ar bankas nor\u0113\u0137inu kart\u0113m vai interneta banku nodro\u0161ina Paysera.<br \/>\nIzmantojot bankas p\u0101rskait\u012bjumu, p\u0113c Pas\u016bt\u012bjuma veik\u0161anas 24 stundu laik\u0101 jums tiks nos\u016bt\u012bts elektronisks r\u0113\u0137ins. Ja r\u0113\u0137ins nav sa\u0146emts, l\u016bdzu sazin\u0101ties ar mums <a href=\"mailto:kartes@kartes.lv\">kartes@kartes.lv<\/a>.<br \/>\nPre\u010du izs\u016bt\u012b\u0161ana tiek veikta p\u0113c apmaksas sa\u0146em\u0161anas 1 (vienas) darbdienas laik\u0101.<\/p>\n<h1 id=\"pieg\" class=\"section-title\" style=\"font-size: 24px; font-weight: 800; text-transform: uppercase; letter-spacing: 3.5px;\">Pieg\u0101de<\/h1>\n<p>Preces pieg\u0101de tiek veikta pa visu pasauli.<br \/>\nPreces pieg\u0101de Baltijas valst\u012bs ir bez maksas, ja Pas\u016bt\u012bjuma v\u0113rt\u012bba ir 22.95 eiro un vair\u0101k.<br \/>\nPreces pieg\u0101des izmaksas tiek nor\u0101d\u012btas, pirkumu noform\u0113jot.<br \/>\nPas\u016bt\u012bjums tiek pieg\u0101d\u0101ts Klientam vai personai, kas nor\u0101d\u012bta Pas\u016bt\u012bjum\u0101 k\u0101 \u0161\u012b Pas\u016bt\u012bjuma sa\u0146\u0113m\u0113js.<br \/>\nPreces sa\u0146em\u0161anas termi\u0146\u0161 ir atkar\u012bgs no Pas\u016bt\u012bjuma savlaic\u012bgas apmaksas no Klienta puses, no pieg\u0101des veida, re\u0123iona un valsts, kur Prece tiks s\u016bt\u012bta, no attiec\u012bga pieg\u0101des dienesta darba, kas nodro\u0161ina \u0161\u0101 Pas\u016bt\u012bjuma pieg\u0101di un nav tie\u0161i atkar\u012bgs no P\u0101rdev\u0113ja.<br \/>\nVair\u0101kum\u0101 gad\u012bjumu Prece Baltijas valst\u012bs tiek pieg\u0101d\u0101ta 1\u20133 darbdienu laik\u0101 no apmaksas br\u012b\u017ea.<br \/>\nSienas kartes tiek pieg\u0101d\u0101tas vien\u012bgi ar kurjeru, Expresspastu vai ar\u012b sa\u0146emot t\u0101s SIA \u201cJ\u0101\u0146a s\u0113ta\u201d biroj\u0101 R\u012bg\u0101, Krasta iel\u0101 105A.<\/p>\n<h2 id=\"pieg-veid\" class=\"section-title\" style=\"font-size: 24px; font-weight: 800; text-transform: uppercase; letter-spacing: 3.5px;\">Pieg\u0101des veidi:<\/h2>\n<h4 id=\"pieg-veid-balt\" style=\"font-weight: 800; letter-spacing: 1px; text-transform: uppercase;\">Latvija, Lietuva, Igaunija (Baltijas valstis)<\/h4>\n<ul>\n<li>Sa\u0146emot \u201cJ\u0101\u0146a s\u0113ta\u201d\u00a0noliktav\u0101 Krasta iel\u0101 105A R\u012bg\u0101.<\/li>\n<li>Omniva pakom\u0101ts:\u00a03.19 eiro 2\u20133 darbadienu laik\u0101.<\/li>\n<li>Omniva pakom\u0101ts Lietuva, Igaunija: 5.70 eiro 2\u20133 darbadienu laik\u0101.<\/li>\n<li>Latvijas Pasts: Pieg\u0101des laiks, s\u0101kot no 3 darbdien\u0101m (Latvijas teritorija) l\u012bdz pat 6 darbdien\u0101m Baltijas valstu teritorij\u0101.<\/li>\n<li>Ar kurjeru:\u00a05 eiro 1\u20133 darbdienu laik\u0101.<\/li>\n<\/ul>\n<h4 id=\"pieg-veid-eur\" style=\"font-weight: 800; letter-spacing: 1px; text-transform: uppercase;\">Eiropas Savien\u012bbas valstis<\/h4>\n<ul>\n<li>Latvijas Pasts: Pieg\u0101des laiks, s\u0101kot no 5 darbdien\u0101m l\u012bdz 14 darbdien\u0101m.<\/li>\n<li>Expresspasts: cena un pieg\u0101des laiks ir atkar\u012bgs no valsts, kur\u0101 tiks pieg\u0101d\u0101ta Prece. Expresspasta pieg\u0101des laiks un cenu saraksts ir <a href=\"\/wp-content\/uploads\/2017\/09\/Expresspasta_piegades_laiki_un_cenas.pdf\" target=\"_blank\" rel=\"noopener noreferrer\">\u0161eit<\/a>.<\/li>\n<\/ul>\n<h4 id=\"pieg-veid-arp\" style=\"font-weight: 800; letter-spacing: 1px; text-transform: uppercase;\">\u0100rpus Eiropas Savien\u012bbas<\/h4>\n<ul>\n<li>Latvijas Pasts: Pieg\u0101des laiks, s\u0101kot no 5 darbdien\u0101m l\u012bdz 25 darbdien\u0101m.<\/li>\n<li>Expresspasts: cena un pieg\u0101des laiks ir atkar\u012bgs no valsts, kur\u0101 tiks pieg\u0101d\u0101ta Prece. Expresspasta pieg\u0101des laiks un cenu saraksts ir <a href=\"\/wp-content\/uploads\/2017\/09\/Expresspasta_piegades_laiki_un_cenas.pdf\" target=\"_blank\" rel=\"noopener noreferrer\">\u0161eit<\/a>.<\/li>\n<\/ul>\n<h1 id=\"atgr-gar\" class=\"section-title\" style=\"font-size: 24px; font-weight: 800; text-transform: uppercase; letter-spacing: 3.5px;\">Preces atgrie\u0161ana un garantija<\/h1>\n<p>Pre\u010du atgrie\u0161ana un apmai\u0146a tiek nodro\u0161in\u0101ta saska\u0146\u0101 ar Pat\u0113r\u0113t\u0101ju ties\u012bbu aizsardz\u012bbas likumu.<br \/>\nIeg\u0101d\u0101t\u0101s preces var atgriezt atpaka\u013c 14 dienu laik\u0101 no preces sa\u0146em\u0161anas br\u012b\u017ea un atg\u016bt samaks\u0101to naudu, pirms tam aizpildot Atteikuma veidlapu un sazinoties ar mums pa e-pastu: <a href=\"mailto:kartes@kartes.lv\">kartes@kartes.lv<\/a> vai pa t\u0101lruni: <a href=\"tel:+37122019364\">+371 22019364<\/a>.<br \/>\nJ\u016bs varat atgriezt Preci, nog\u0101d\u0101jot vai ar\u012b nos\u016btot to kop\u0101 ar atteikuma veidlapu uz SIA \u201cJ\u0101\u0146a s\u0113ta\u201d biroju Krasta iel\u0101 105A R\u012bg\u0101, LV-1019.<br \/>\nPrece j\u0101atdod nelietota, neatv\u0113rta un nesaboj\u0101t\u0101 iepakojum\u0101.<br \/>\nJa j\u016bs izmantojat atteikuma ties\u012bbas un tas nav saist\u012bts ar attiec\u012bg\u0101s preces vai pakalpojuma neatbilst\u012bbu l\u012bguma noteikumiem, tad j\u016bsu pien\u0101kums ir segt izmaksas, kas saist\u012btas ar preces nos\u016bt\u012b\u0161anu atpaka\u013c.<br \/>\nLai atteikuma ties\u012bbu termi\u0146\u0161 b\u016btu iev\u0113rots, pietiek, ja savu pazi\u0146ojumu par atteikuma ties\u012bbu izmanto\u0161anu nos\u016bt\u012bsiet pirms atteikuma ties\u012bbu termi\u0146a beig\u0101m.<br \/>\nAtteikuma ties\u012bbas neattiecas uz juridisk\u0101m person\u0101m.<\/p>\n<h1 id=\"dat-aizs\" class=\"section-title\" style=\"font-size: 24px; font-weight: 800; text-transform: uppercase; letter-spacing: 3.5px;\"><\/h1>\n<p><a href=\"https:\/\/www.kartes.lv\/wp-content\/uploads\/2022\/05\/Iepirksanas-noteikumi-kartes.lv_2022.pdf\" target=\"_blank\" rel=\"noopener\">Lejupiel\u0101d\u0113t Noteikumus (PDF)<\/a><br \/>\n<a href=\"\/wp-content\/uploads\/2017\/08\/atteikuma_veidlapa_paraugs.pdf\" target=\"_blank\" rel=\"noopener noreferrer\">Lejupiel\u0101d\u0113t Atteikuma veidlapu (PDF)<\/a><\/p>\n<\/div>\n<p><\/p>","protected":false},"excerpt":{"rendered":"<p>Visp\u0101r\u0113jie noteikumi Klients \u2013 fizisk\u0101 persona, kas veic pas\u016bt\u012bjumus interneta veikal\u0101 www.kartes.lv un ir pas\u016bt\u012bt\u0101s Preces sa\u0146\u0113m\u0113js. P\u0101rdev\u0113js \u2013 SIA \u201cJ\u0101\u0146a s\u0113ta\u201d. Interneta veikals \u2013 vietne internet\u0101, kam interneta t\u012bkl\u0101 &#8230;<\/p>\n","protected":false},"author":4,"featured_media":0,"parent":0,"menu_order":0,"comment_status":"closed","ping_status":"closed","template":"","meta":{"footnotes":""},"class_list":["post-5828","page","type-page","status-publish","hentry"],"_links":{"self":[{"href":"https:\/\/www.kartes.lv\/lv\/wp-json\/wp\/v2\/pages\/5828","targetHints":{"allow":["GET"]}}],"collection":[{"href":"https:\/\/www.kartes.lv\/lv\/wp-json\/wp\/v2\/pages"}],"about":[{"href":"https:\/\/www.kartes.lv\/lv\/wp-json\/wp\/v2\/types\/page"}],"author":[{"embeddable":true,"href":"https:\/\/www.kartes.lv\/lv\/wp-json\/wp\/v2\/users\/4"}],"replies":[{"embeddable":true,"href":"https:\/\/www.kartes.lv\/lv\/wp-json\/wp\/v2\/comments?post=5828"}],"version-history":[{"count":101,"href":"https:\/\/www.kartes.lv\/lv\/wp-json\/wp\/v2\/pages\/5828\/revisions"}],"predecessor-version":[{"id":18146,"href":"https:\/\/www.kartes.lv\/lv\/wp-json\/wp\/v2\/pages\/5828\/revisions\/18146"}],"wp:attachment":[{"href":"https:\/\/www.kartes.lv\/lv\/wp-json\/wp\/v2\/media?parent=5828"}],"curies":[{"name":"wp","href":"https:\/\/api.w.org\/{rel}","templated":true}]}}