{"id":6314,"date":"2018-02-09T16:48:21","date_gmt":"2018-02-09T14:48:21","guid":{"rendered":"https:\/\/www.kartes.lv\/?page_id=6314"},"modified":"2025-11-20T12:13:18","modified_gmt":"2025-11-20T10:13:18","slug":"daliba-organizacijas","status":"publish","type":"page","link":"https:\/\/www.kartes.lv\/lv\/daliba-organizacijas\/","title":{"rendered":"Dal\u012bba organiz\u0101cij\u0101s"},"content":{"rendered":"<p><\/p>\n<div class=\"section-title-area\" style=\"text-align: left;\">\n<h3><a href=\"https:\/\/www.imiamaps.org\">STARPTAUTISK\u0100 KAR\u0160U NOZARES ASOCI\u0100CIJA<\/a><\/h3>\n<p>&nbsp;<\/p>\n<p><a href=\"https:\/\/www.imiamaps.org\" rel=\"noopener noreferrer\"><img loading=\"lazy\" decoding=\"async\" class=\"alignnone wp-image-20778 size-medium\" src=\"https:\/\/www.kartes.lv\/wp-content\/uploads\/2025\/07\/IMIA-member-logo_blue-300x150.png\" alt=\"\" width=\"300\" height=\"150\" srcset=\"https:\/\/www.kartes.lv\/wp-content\/uploads\/2025\/07\/IMIA-member-logo_blue-300x150.png 300w, https:\/\/www.kartes.lv\/wp-content\/uploads\/2025\/07\/IMIA-member-logo_blue-768x384.png 768w, https:\/\/www.kartes.lv\/wp-content\/uploads\/2025\/07\/IMIA-member-logo_blue-400x200.png 400w, https:\/\/www.kartes.lv\/wp-content\/uploads\/2025\/07\/IMIA-member-logo_blue-600x300.png 600w, https:\/\/www.kartes.lv\/wp-content\/uploads\/2025\/07\/IMIA-member-logo_blue.png 800w\" sizes=\"auto, (max-width: 300px) 100vw, 300px\" \/><\/a><\/p>\n<\/div>\n<div class=\"section-title-area\" style=\"text-align: left;\">\n<h3><\/h3>\n<h3><a href=\"https:\/\/www.latgis.eu\/\">LATVIJAS \u0122IS BIEDR\u012aBA\u00a0<\/a><\/h3>\n<\/div>\n<div class=\"row col-lg-12 col-sm-12 wow slideInUp\" style=\"visibility: visible; animation-name: slideInUp;\">\n<div class=\"col-lg-4 col-sm-4\" style=\"text-align: center;\"><a href=\"https:\/\/www.latgis.eu\/\" target=\"_blank\" rel=\"noopener noreferrer\"><img loading=\"lazy\" decoding=\"async\" class=\"alignnone wp-image-6320 size-full\" src=\"https:\/\/www.kartes.lv\/wp-content\/uploads\/2018\/02\/Untitled-design-9.png\" alt=\"\" width=\"800\" height=\"400\" srcset=\"https:\/\/www.kartes.lv\/wp-content\/uploads\/2018\/02\/Untitled-design-9.png 800w, https:\/\/www.kartes.lv\/wp-content\/uploads\/2018\/02\/Untitled-design-9-400x200.png 400w, https:\/\/www.kartes.lv\/wp-content\/uploads\/2018\/02\/Untitled-design-9-600x300.png 600w, https:\/\/www.kartes.lv\/wp-content\/uploads\/2018\/02\/Untitled-design-9-300x150.png 300w, https:\/\/www.kartes.lv\/wp-content\/uploads\/2018\/02\/Untitled-design-9-768x384.png 768w\" sizes=\"auto, (max-width: 800px) 100vw, 800px\" \/><\/a><\/div>\n<div class=\"col-lg-8 col-sm-8\"><\/div>\n<\/div>\n<section id=\"sec1\" class=\"section-padding onepage-section\">\n<div class=\"container\">\n<div class=\"section-title-area\" style=\"text-align: left;\">\n<h3><a href=\"https:\/\/likta.lv\/\">LATVIJAS INFORM\u0100CIJAS UN KOMUNIK\u0100CIJAS TEHNOLO\u0122IJAS ASOCI\u0100CIJA<\/a><\/h3>\n<\/div>\n<div class=\"row col-lg-12 col-sm-12 wow slideInUp\" style=\"visibility: visible; animation-name: slideInUp;\">\n<div class=\"col-lg-4 col-sm-4\" style=\"text-align: center;\"><img loading=\"lazy\" decoding=\"async\" class=\"alignnone wp-image-10951 size-medium\" src=\"https:\/\/www.kartes.lv\/wp-content\/uploads\/2018\/02\/LIKTA_LV-300x150.png\" alt=\"\" width=\"300\" height=\"150\" srcset=\"https:\/\/www.kartes.lv\/wp-content\/uploads\/2018\/02\/LIKTA_LV-300x150.png 300w, https:\/\/www.kartes.lv\/wp-content\/uploads\/2018\/02\/LIKTA_LV-400x200.png 400w, https:\/\/www.kartes.lv\/wp-content\/uploads\/2018\/02\/LIKTA_LV-600x300.png 600w, https:\/\/www.kartes.lv\/wp-content\/uploads\/2018\/02\/LIKTA_LV-768x384.png 768w, https:\/\/www.kartes.lv\/wp-content\/uploads\/2018\/02\/LIKTA_LV.png 800w\" sizes=\"auto, (max-width: 300px) 100vw, 300px\" \/><\/div>\n<\/div>\n<\/div>\n<\/section>\n<section id=\"sec2\" class=\"section-padding onepage-section\">\n<div class=\"container\">\n<div class=\"section-title-area\" style=\"text-align: left;\">\n<h3><a href=\"https:\/\/www.ltrk.lv\/\">LATVIJAS TIRDZNIEC\u012aBAS UN R\u016aPNIEC\u012aBAS KAMERA<\/a><\/h3>\n<\/div>\n<div class=\"row col-lg-12 col-sm-12 wow slideInUp\" style=\"visibility: visible; animation-name: slideInUp;\">\n<div class=\"col-lg-4 col-sm-4\" style=\"text-align: center;\"><a href=\"http:\/\/www.chamber.lv\/\" target=\"_blank\" rel=\"noopener noreferrer\"><br \/>\n<img loading=\"lazy\" decoding=\"async\" class=\"alignnone wp-image-6327 size-full\" src=\"https:\/\/www.kartes.lv\/wp-content\/uploads\/2018\/02\/Untitled-design-12.png\" alt=\"\" width=\"800\" height=\"400\" srcset=\"https:\/\/www.kartes.lv\/wp-content\/uploads\/2018\/02\/Untitled-design-12.png 800w, https:\/\/www.kartes.lv\/wp-content\/uploads\/2018\/02\/Untitled-design-12-400x200.png 400w, https:\/\/www.kartes.lv\/wp-content\/uploads\/2018\/02\/Untitled-design-12-600x300.png 600w, https:\/\/www.kartes.lv\/wp-content\/uploads\/2018\/02\/Untitled-design-12-300x150.png 300w, https:\/\/www.kartes.lv\/wp-content\/uploads\/2018\/02\/Untitled-design-12-768x384.png 768w\" sizes=\"auto, (max-width: 800px) 100vw, 800px\" \/><\/a><\/div>\n<\/div>\n<\/div>\n<\/section>\n<section id=\"sec3\" class=\"section-padding onepage-section\">\n<div class=\"container\">\n<div class=\"section-title-area\" style=\"text-align: left;\">\n<h3><a href=\"https:\/\/lpua.lv\/\">LATVIJAS POLIGR\u0100FIJAS ASOCI\u0100CIJA<\/a><\/h3>\n<\/div>\n<div class=\"row col-lg-12 col-sm-12 wow slideInUp\" style=\"visibility: visible; animation-name: slideInUp;\">\n<div class=\"col-lg-4 col-sm-4\" style=\"text-align: center;\"><img loading=\"lazy\" decoding=\"async\" class=\"alignnone size-medium wp-image-17968\" src=\"https:\/\/www.kartes.lv\/wp-content\/uploads\/2024\/02\/LPA_logo_LV_bw-300x154.png\" alt=\"\" width=\"300\" height=\"154\" srcset=\"https:\/\/www.kartes.lv\/wp-content\/uploads\/2024\/02\/LPA_logo_LV_bw-300x154.png 300w, https:\/\/www.kartes.lv\/wp-content\/uploads\/2024\/02\/LPA_logo_LV_bw-1024x525.png 1024w, https:\/\/www.kartes.lv\/wp-content\/uploads\/2024\/02\/LPA_logo_LV_bw-768x394.png 768w, https:\/\/www.kartes.lv\/wp-content\/uploads\/2024\/02\/LPA_logo_LV_bw-400x205.png 400w, https:\/\/www.kartes.lv\/wp-content\/uploads\/2024\/02\/LPA_logo_LV_bw-600x308.png 600w, https:\/\/www.kartes.lv\/wp-content\/uploads\/2024\/02\/LPA_logo_LV_bw.png 1455w\" sizes=\"auto, (max-width: 300px) 100vw, 300px\" \/><\/div>\n<\/div>\n<\/div>\n<\/section>\n<section id=\"sec6\" class=\"section-padding onepage-section\">\n<div class=\"container\">\n<div class=\"section-title-area\" style=\"text-align: left;\">\n<h3><a href=\"https:\/\/cleantechlatvia.com\/lv\/home\/\">T\u012aRO TEHNOLO\u0122IJU\u00a0KLASTERIS<\/a><\/h3>\n<\/div>\n<div class=\"row col-lg-12 col-sm-12 wow slideInUp\" style=\"visibility: visible; animation-name: slideInUp;\">\n<div class=\"col-lg-4 col-sm-4\" style=\"text-align: center;\"><a href=\"https:\/\/cleantechlatvia.com\/lv\/sakums-2\/\" target=\"_blank\" rel=\"noopener noreferrer\"><img loading=\"lazy\" decoding=\"async\" class=\"alignnone wp-image-6343 size-full\" src=\"https:\/\/www.kartes.lv\/wp-content\/uploads\/2018\/02\/Untitled-design-17.png\" alt=\"\" width=\"800\" height=\"400\" srcset=\"https:\/\/www.kartes.lv\/wp-content\/uploads\/2018\/02\/Untitled-design-17.png 800w, https:\/\/www.kartes.lv\/wp-content\/uploads\/2018\/02\/Untitled-design-17-400x200.png 400w, https:\/\/www.kartes.lv\/wp-content\/uploads\/2018\/02\/Untitled-design-17-600x300.png 600w, https:\/\/www.kartes.lv\/wp-content\/uploads\/2018\/02\/Untitled-design-17-300x150.png 300w, https:\/\/www.kartes.lv\/wp-content\/uploads\/2018\/02\/Untitled-design-17-768x384.png 768w\" sizes=\"auto, (max-width: 800px) 100vw, 800px\" \/><\/a><\/div>\n<\/div>\n<\/div>\n<\/section>\n<section id=\"sec7\" class=\"section-padding onepage-section\">\n<div class=\"container\">\n<div class=\"section-title-area\" style=\"text-align: left;\">\n<h3>DRUKAS UN MEDIJU\u00a0TEHNOLO\u0122IJU\u00a0KLASTERIS<\/h3>\n<\/div>\n<div class=\"row col-lg-12 col-sm-12 wow slideInUp\" style=\"visibility: visible; animation-name: slideInUp;\">\n<div class=\"col-lg-4 col-sm-4\" style=\"text-align: center;\"><img loading=\"lazy\" decoding=\"async\" class=\"alignnone wp-image-6345 size-full\" src=\"https:\/\/www.kartes.lv\/wp-content\/uploads\/2018\/02\/Untitled-design-18.png\" alt=\"\" width=\"800\" height=\"400\" srcset=\"https:\/\/www.kartes.lv\/wp-content\/uploads\/2018\/02\/Untitled-design-18.png 800w, https:\/\/www.kartes.lv\/wp-content\/uploads\/2018\/02\/Untitled-design-18-400x200.png 400w, https:\/\/www.kartes.lv\/wp-content\/uploads\/2018\/02\/Untitled-design-18-600x300.png 600w, https:\/\/www.kartes.lv\/wp-content\/uploads\/2018\/02\/Untitled-design-18-300x150.png 300w, https:\/\/www.kartes.lv\/wp-content\/uploads\/2018\/02\/Untitled-design-18-768x384.png 768w\" sizes=\"auto, (max-width: 800px) 100vw, 800px\" \/><\/div>\n<\/div>\n<\/div>\n<\/section>\n<p><\/p>","protected":false},"excerpt":{"rendered":"<p>STARPTAUTISK\u0100 KAR\u0160U NOZARES ASOCI\u0100CIJA &nbsp; LATVIJAS \u0122IS BIEDR\u012aBA\u00a0 LATVIJAS INFORM\u0100CIJAS UN KOMUNIK\u0100CIJAS TEHNOLO\u0122IJAS ASOCI\u0100CIJA LATVIJAS TIRDZNIEC\u012aBAS UN R\u016aPNIEC\u012aBAS KAMERA LATVIJAS POLIGR\u0100FIJAS ASOCI\u0100CIJA T\u012aRO TEHNOLO\u0122IJU\u00a0KLASTERIS DRUKAS UN MEDIJU\u00a0TEHNOLO\u0122IJU\u00a0KLASTERIS<\/p>\n","protected":false},"author":45,"featured_media":0,"parent":0,"menu_order":0,"comment_status":"closed","ping_status":"closed","template":"","meta":{"footnotes":""},"class_list":["post-6314","page","type-page","status-publish","hentry"],"_links":{"self":[{"href":"https:\/\/www.kartes.lv\/lv\/wp-json\/wp\/v2\/pages\/6314","targetHints":{"allow":["GET"]}}],"collection":[{"href":"https:\/\/www.kartes.lv\/lv\/wp-json\/wp\/v2\/pages"}],"about":[{"href":"https:\/\/www.kartes.lv\/lv\/wp-json\/wp\/v2\/types\/page"}],"author":[{"embeddable":true,"href":"https:\/\/www.kartes.lv\/lv\/wp-json\/wp\/v2\/users\/45"}],"replies":[{"embeddable":true,"href":"https:\/\/www.kartes.lv\/lv\/wp-json\/wp\/v2\/comments?post=6314"}],"version-history":[{"count":48,"href":"https:\/\/www.kartes.lv\/lv\/wp-json\/wp\/v2\/pages\/6314\/revisions"}],"predecessor-version":[{"id":21342,"href":"https:\/\/www.kartes.lv\/lv\/wp-json\/wp\/v2\/pages\/6314\/revisions\/21342"}],"wp:attachment":[{"href":"https:\/\/www.kartes.lv\/lv\/wp-json\/wp\/v2\/media?parent=6314"}],"curies":[{"name":"wp","href":"https:\/\/api.w.org\/{rel}","templated":true}]}}