{"id":7043,"date":"2018-05-24T11:04:23","date_gmt":"2018-05-24T09:04:23","guid":{"rendered":"https:\/\/www.kartes.lv\/cookie-policy\/"},"modified":"2023-06-27T09:58:56","modified_gmt":"2023-06-27T06:58:56","slug":"cookie-policy","status":"publish","type":"page","link":"https:\/\/www.kartes.lv\/lv\/cookie-policy\/","title":{"rendered":"S\u012bkdat\u0146u politika"},"content":{"rendered":"<p>S\u012aKDATNES<\/p>\n<p>S\u012bkdatnes ir mazi teksta faili, kas tiek nos\u016bt\u012bti uz j\u016bsu datoru, kad j\u016bs apmekl\u0113jat m\u016bsu interneta vietni. Saglab\u0101jot p\u0101rl\u016bko\u0161anas inform\u0101ciju, t\u0101s vienk\u0101r\u0161o j\u016bsu k\u0101 tie\u0161saistes lietot\u0101ja pieredzi. S\u012bkdatnes pal\u012bdz mums uzlabot m\u016bsu m\u0101jaslapu un j\u016bsu lietot\u0101ja pieredzi.<\/p>\n<p>\u0160\u012b vietne izmanto s\u012bkdatnes, lai uzlabotu lieto\u0161anas pieredzi un optimiz\u0113tu t\u0101s darb\u012bbu. Turpinot lietot \u0161o vietni, J\u016bs piekr\u012btat s\u012bkdat\u0146u lieto\u0161anai kartes.lv<\/p>\n<p>Citas s\u012bkdatnes \u013cauj\u00a0 J\u0101\u0146a s\u0113tai sekot l\u012bdzi t\u012bmek\u013ca vietnes datpl\u016bsmai un lietot\u0101ju mijiedarb\u012bbai ar t\u012bmek\u013ca vietni. J\u0101\u0146a s\u0113ta izmanto \u0161os datus, lai analiz\u0113tu apmekl\u0113t\u0101ju uzved\u012bbu un uzlabotu apmekl\u0113t\u0101ju pieredzi.<\/p>\n<p>M\u0101jaslap\u0101s var tikt ievietotas saites uz tre\u0161o personu interneta m\u0101jaslap\u0101m, kur\u0101m ir savi lieto\u0161anas un personas datu aizsardz\u012bbas noteikumi, par ko J\u0101\u0146a s\u0113ta nenes atbild\u012bbu.<\/p>\n<p>S\u012bkdat\u0146u izmanto\u0161anas tiesiskais pamats ir J\u0101\u0146a s\u0113tas tiesisk\u0101 interese nodro\u0161in\u0101t t\u012bmek\u013ca vietnes tehnisko funkcionalit\u0101ti. Kad s\u012bkdatnes tiek izmantotas, lai atcer\u0113tos J\u016bsu izv\u0113li vai statistikas nol\u016bk\u0101, tiesiskais pamats ir J\u016bsu piekri\u0161ana.<\/p>\n<p>J\u016bs varat dz\u0113st visas s\u012bkdatnes, kas jau ir saglab\u0101tas J\u016bsu dator\u0101, un J\u016bs varat noteikt, lai p\u0101rl\u016bkprogramma ne\u013cauj t\u0101s saglab\u0101t. Bet t\u0101d\u0101 gad\u012bjum\u0101 Jums ir manu\u0101li j\u0101nor\u0101da izv\u0113le katru reizi, kad J\u016bs apmekl\u0113jat vietni, un da\u017ei pakalpojumi un funkcijas var nedarboties.<\/p>","protected":false},"excerpt":{"rendered":"<p>S\u012aKDATNES S\u012bkdatnes ir mazi teksta faili, kas tiek nos\u016bt\u012bti uz j\u016bsu datoru, kad j\u016bs apmekl\u0113jat m\u016bsu interneta vietni. Saglab\u0101jot p\u0101rl\u016bko\u0161anas inform\u0101ciju, t\u0101s vienk\u0101r\u0161o j\u016bsu k\u0101 tie\u0161saistes lietot\u0101ja pieredzi. S\u012bkdatnes pal\u012bdz &#8230;<\/p>\n","protected":false},"author":4,"featured_media":0,"parent":0,"menu_order":0,"comment_status":"closed","ping_status":"closed","template":"","meta":{"footnotes":""},"class_list":["post-7043","page","type-page","status-publish","hentry"],"_links":{"self":[{"href":"https:\/\/www.kartes.lv\/lv\/wp-json\/wp\/v2\/pages\/7043","targetHints":{"allow":["GET"]}}],"collection":[{"href":"https:\/\/www.kartes.lv\/lv\/wp-json\/wp\/v2\/pages"}],"about":[{"href":"https:\/\/www.kartes.lv\/lv\/wp-json\/wp\/v2\/types\/page"}],"author":[{"embeddable":true,"href":"https:\/\/www.kartes.lv\/lv\/wp-json\/wp\/v2\/users\/4"}],"replies":[{"embeddable":true,"href":"https:\/\/www.kartes.lv\/lv\/wp-json\/wp\/v2\/comments?post=7043"}],"version-history":[{"count":3,"href":"https:\/\/www.kartes.lv\/lv\/wp-json\/wp\/v2\/pages\/7043\/revisions"}],"predecessor-version":[{"id":16666,"href":"https:\/\/www.kartes.lv\/lv\/wp-json\/wp\/v2\/pages\/7043\/revisions\/16666"}],"wp:attachment":[{"href":"https:\/\/www.kartes.lv\/lv\/wp-json\/wp\/v2\/media?parent=7043"}],"curies":[{"name":"wp","href":"https:\/\/api.w.org\/{rel}","templated":true}]}}