{"id":8752,"date":"2019-01-14T13:31:36","date_gmt":"2019-01-14T11:31:36","guid":{"rendered":"https:\/\/www.kartes.lv\/?page_id=8752"},"modified":"2022-06-16T15:45:52","modified_gmt":"2022-06-16T12:45:52","slug":"js-baltija","status":"publish","type":"page","link":"https:\/\/www.kartes.lv\/lv\/js-baltija\/","title":{"rendered":"JS Baltija"},"content":{"rendered":"<p><\/p>\n<h3>KAS IR JS BALTIJA?<\/h3>\n<p>JS Baltija ir \u0123eogr\u0101fisk\u0101s inform\u0101cijas p\u0101rvald\u012bbas r\u012bks, kas uz detaliz\u0113tu kar\u0161u att\u0113lojuma pamatnes \u013cauj \u012bstenot da\u017e\u0101das \u0123eotelpisko datu apstr\u0101des iesp\u0113jas.<\/p>\n<hr \/>\n<h3>GALVEN\u0100S PROGRAMMAT\u016aRAS JS BALTIJA FUNKCIONAL\u0100S IESP\u0112JAS IR \u0160\u0100DAS:<\/h3>\n<p><strong>\u0122eogr\u0101fisk\u0101s inform\u0101cijas p\u0101rvald\u012bba<\/strong> \u2013 programmat\u016bra nodro\u0161ina \u0123eogr\u0101fisko datu uzglab\u0101\u0161anu, apstr\u0101di un anal\u012bzi, inform\u0101cijas mekl\u0113\u0161anu datub\u0101z\u0113 un t\u0101s telpisko att\u0113lo\u0161anu. Kart\u0113 var veidot jebkuras sare\u017e\u0123\u012bt\u012bbas pak\u0101pes objektus. Ir iesp\u0113ja gan z\u012bm\u0113t objektus kart\u0113, gan str\u0101d\u0101t tie\u0161i ar koordin\u0101t\u0101m. JS Baltija satur ar\u012b ieb\u016bv\u0113to standartobjektu datub\u0101zi ar vair\u0101k nek\u0101 856 600 da\u017e\u0101diem objektiem Latvijas, Lietuvas un Igaunijas teritorij\u0101 \u2013 apdz\u012bvotaj\u0101m viet\u0101m, dabas aizsarg\u0101jam\u0101m teritorij\u0101m, administrat\u012bvo iedal\u012bjumu, liel\u0101ko pils\u0113tu iel\u0101m, adres\u0113m un citu inform\u0101ciju. P\u0113d\u0113j\u0101 datu atjauno\u0161ana tika veikta 2019. gad\u0101. Atsevi\u0161\u0137\u0101 sada\u013c\u0101 iek\u013cauti objekti no ZL un 1180 datub\u0101zes.<\/p>\n<p><strong>Mar\u0161ruta veido\u0161ana<\/strong> \u2013 programmat\u016bra var rad\u012bt jebkuras sare\u017e\u0123\u012bt\u012bbas mar\u0161rutu \u2013 gan \u012bs\u0101ko p\u0113c ce\u013ca kopgaruma, gan optim\u0101lo, vadoties p\u0113c lietot\u0101ja noteiktiem parametriem. Radot mar\u0161rutu, tiek \u0146emtas v\u0113r\u0101 ce\u013caz\u012bmes uz izv\u0113l\u0113tajiem ce\u013ciem, k\u0101 ar\u012b da\u017e\u0101di ce\u013cu segumi. Lietot\u0101js var izveidot mar\u0161rutus, kas piem\u0113roti autobrauc\u0113jiem, operat\u012bvajam transportam, velosip\u0113distiem vai k\u0101j\u0101mg\u0101j\u0113jiem. Rezult\u0101t\u0101 tiek ieg\u016bts mar\u0161ruta att\u0113lojums kart\u0113, apr\u0113\u0137ins par t\u0101 garumu, veik\u0161anai nepiecie\u0161amo laiku un degvielas daudzumu.<\/p>\n<p><strong>Transporta seko\u0161anas funkcionalit\u0101te<\/strong> \u2013 risin\u0101jums \u013cauj tie\u0161saist\u0113 sekot ar GPS\/GPRS telem\u0101tikas iek\u0101rt\u0101m apr\u012bkotam autotransportam. Var ieg\u016bt detaliz\u0113tas nobraukuma un degvielas izmanto\u0161anas atskaites, k\u0101 ar\u012b skat\u012bt p\u0101rvieto\u0161anos jebkur\u0101 izv\u0113l\u0113t\u0101 iepriek\u0161\u0113j\u0101 laika period\u0101. Programmat\u016bra ir instal\u0113ta pie klienta, un transporta seko\u0161anas ien\u0101ko\u0161ie dati glab\u0101jas klienta datub\u0101z\u0113, t\u0101d\u0113\u013c seko\u0161anas programmat\u016bras izmanto\u0161ana nav saist\u012bta ar pakalpojuma abon\u0113\u0161anas maksu.<\/p>\n<p><strong>Lo\u0123istikas funkcionalit\u0101te<\/strong> \u2013 risin\u0101jums, kas \u013cauj optimiz\u0113t kravu pieg\u0101di klientiem vai pre\u010du sav\u0101k\u0161anu no klientiem gad\u012bjumos, kad p\u0101rvad\u0101jumos tiek izmantots liel\u0101ks transporta l\u012bdzek\u013cu daudzums. Tas izveido no klientu saraksta optim\u0101lus mar\u0161rutus, \u0146emot v\u0113r\u0101 konkr\u0113tas pieg\u0101des vai piepras\u012bjuma apjomu, ien\u0101kumus no klienta apkalpo\u0161anas, k\u0101 ar\u012b laika un citus lo\u0123istikas ierobe\u017eojumus.<\/p>\n<hr \/>\n<h3>JS BALTIJA 3.52 PRODUKTU SAIME<\/h3>\n<p><strong>JS Baltija produktu saim\u0113 ir \u0161\u0101di programmat\u016bras varianti:<\/strong><br \/>\n\u00b7 JS Baltija 3.52 Start<br \/>\n\u00b7 JS Baltija 3.52 GIS<br \/>\n\u00b7 JS Baltija 3.52 Professional<br \/>\n\u00b7 JS Baltija 3.52 Pro Tracking<br \/>\n\u00b7 JS Baltija 3.52 Pro Logistics<\/p>\n<p><strong>JS Baltija 3.52 Start<\/strong> \u2013 pla\u0161am lietot\u0101ju lokam dom\u0101ta interakt\u012bva kar\u0161u sist\u0113ma. T\u0101 ietver vair\u0101k nek\u0101 200 Eiropas un Baltijas valstu teritoriju kar\u0161u un dod lietot\u0101jam iesp\u0113ju veidot un p\u0101rvald\u012bt savu objektu datub\u0101zi; pl\u0101not brauciena mar\u0161rutu; uzzin\u0101t, cik laika b\u016bs j\u0101pat\u0113r\u0113 ce\u013c\u0101; izmantot programmat\u016bru k\u0101 navig\u0101cijas r\u012bku.<\/p>\n<p><strong>JS Baltija 3.52 GIS<\/strong> \u2013 profesion\u0101l\u0101m vajadz\u012bb\u0101m dom\u0101ta GIS datu p\u0101rvald\u012bbas sist\u0113ma. T\u0101 \u013cauj veikt \u0123eogr\u0101fisko datu uzglab\u0101\u0161anu, apstr\u0101di un anal\u012bzi, inform\u0101cijas mekl\u0113\u0161anu datub\u0101z\u0113 un t\u0101s telpisko att\u0113lo\u0161anu. Datub\u0101zes objektu skaits ir neierobe\u017eots. JS Baltija 3.52 GIS programmat\u016br\u0101 ir realiz\u0113ts .shp dat\u0146u eksports no datub\u0101zes un imports uz datub\u0101zi, k\u0101 ar\u012b KMZ dat\u0146u imports. Datub\u0101zes objektiem, kas atrodas Latvijas teritorij\u0101 un kuriem ir pievienotas to atra\u0161an\u0101s vietas adreses, var autom\u0101tiski piesaist\u012bt koordin\u0101tas un par\u0101d\u012bt atra\u0161an\u0101s vietu kart\u0113.<\/p>\n<p><strong>JS Baltija 3.52 Professional<\/strong> \u2013 papildu JS Baltija 3.52 GIS iesp\u0113j\u0101m \u0161o programmat\u016bru var integr\u0113t ar \u0101r\u0113j\u0101m<br \/>\ninform\u0101cijas sist\u0113m\u0101m, t\u0101 \u013cauj import\u0113t kar\u0161u fragmentus, veidot mar\u0161rutus ar 500 pieturviet\u0101m un import\u0113t sist\u0113m\u0101 eso\u0161u datub\u0101zi.<\/p>\n<p><strong>JS Baltija 3.52 Pro Tracking<\/strong> \u2013 tie\u0161saistes seko\u0161anas sist\u0113ma ar GPS\/GPRS telem\u0101tikas iek\u0101rt\u0101m apr\u012bkotam autotransportam. Nobraukuma un degvielas pat\u0113ri\u0146a detaliz\u0113tas atskaites ieg\u016b\u0161ana, transporta l\u012bdzek\u013ca<br \/>\np\u0101rvieto\u0161an\u0101s mar\u0161ruta apskate jebkur\u0101 izv\u0113l\u0113taj\u0101 iepriek\u0161\u0113j\u0101 laika period\u0101. Vien\u012bg\u0101 seko\u0161anas sist\u0113ma Baltij\u0101, kas nodro\u0161ina seko\u0161anas datu sa\u0146em\u0161anu un saglab\u0101\u0161anu uz klienta servera.<\/p>\n<p><strong>JS Baltija 3.52 Pro Logistics<\/strong> \u2013 komplekss risin\u0101jums, kas \u013cauj optimiz\u0113t kravu pieg\u0101di klientiem vai pre\u010du sav\u0101k\u0161anu no klientiem, kad p\u0101rvad\u0101jumos tiek izmantots liel\u0101ks transporta l\u012bdzek\u013cu daudzums. Tas izveido<br \/>\nno klientu saraksta optim\u0101lus mar\u0161rutus, \u0146emot v\u0113r\u0101 konkr\u0113tas pieg\u0101des vai piepras\u012bjuma apjomu, ien\u0101kumus no klienta apkalpo\u0161anas, k\u0101 ar\u012b laika un citus lo\u0123istikas ierobe\u017eojumus.<\/p>\n<hr \/>\n<h3>JS BALTIJA 3.52 PRODUKTU FUNKCIONALIT\u0100TE<\/h3>\n<p>Inform\u0101cija par funkcion\u0101lo iesp\u0113ju atbilst\u012bbu konkr\u0113tam JS Baltija 3.5 saimes produktam:<\/p>\n<table style=\"text-align: center;\" cellspacing=\"0\" cellpadding=\"7\">\n<thead>\n<tr>\n<th style=\"text-align: center;\" width=\"25%\">Funkcionalit\u0101te<\/th>\n<th style=\"text-align: center;\" width=\"15%\">JS Baltija 3.52 Start<\/th>\n<th style=\"text-align: center;\" width=\"15%\">JS Baltija 3.52 GIS<\/th>\n<th style=\"text-align: center;\" width=\"15%\">JS Baltija 3.52 Professional<\/th>\n<th style=\"text-align: center;\" width=\"15%\">JS Baltija 3.52 Pro Tracking<\/th>\n<th style=\"text-align: center;\" width=\"15%\">JS Baltija 3.52 Pro Logistics<\/th>\n<\/tr>\n<\/thead>\n<tbody>\n<tr>\n<td style=\"text-align: left;\">Detaliz\u0113tas Baltijas kartes, pla\u0161a Baltijas valstu adre\u0161u datub\u0101ze un intere\u0161u punktu kopums<\/td>\n<td style=\"text-align: center;\">\u221a<\/td>\n<td style=\"text-align: center;\">\u221a<\/td>\n<td style=\"text-align: center;\">\u221a<\/td>\n<td style=\"text-align: center;\">\u221a<\/td>\n<td style=\"text-align: center;\">\u221a<\/td>\n<\/tr>\n<tr>\n<td style=\"text-align: left;\">Maksim\u0101lais lietot\u0101jobjektu skaits datub\u0101z\u0113 objektiem (punkti, l\u012bnijas, poligoni)<\/td>\n<td style=\"text-align: center;\">200<\/td>\n<td style=\"text-align: center;\">\u221e<\/td>\n<td style=\"text-align: center;\">\u221e<\/td>\n<td style=\"text-align: center;\">\u221e<\/td>\n<td style=\"text-align: center;\">\u221e<\/td>\n<\/tr>\n<tr>\n<td style=\"text-align: left;\">Maksim\u0101lais pieturas punktu skaits veidojam\u0101 mar\u0161rut\u0101<\/td>\n<td style=\"text-align: center;\">100<\/td>\n<td style=\"text-align: center;\">100<\/td>\n<td style=\"text-align: center;\">500<\/td>\n<td style=\"text-align: center;\">500<\/td>\n<td style=\"text-align: center;\">500<\/td>\n<\/tr>\n<tr>\n<td style=\"text-align: left;\">Savas atra\u0161an\u0101s vietas skat\u012b\u0161ana kart\u0113, datoram ar programmat\u016bru pievienojot \u0101r\u0113jo GPS antenu<\/td>\n<td style=\"text-align: center;\">\u221a<\/td>\n<td style=\"text-align: center;\">\u221a<\/td>\n<td style=\"text-align: center;\">\u221a<\/td>\n<td style=\"text-align: center;\">\u221a<\/td>\n<td style=\"text-align: center;\">\u221a<\/td>\n<\/tr>\n<tr>\n<td style=\"text-align: left;\">Klienta objektu adre\u0161u datub\u0101zes sasaiste ar koordin\u0101t\u0101m<\/td>\n<td style=\"text-align: center;\"><\/td>\n<td style=\"text-align: center;\">\u221a<\/td>\n<td style=\"text-align: center;\">\u221a<\/td>\n<td style=\"text-align: center;\">\u221a<\/td>\n<td style=\"text-align: center;\">\u221a<\/td>\n<\/tr>\n<tr>\n<td style=\"text-align: left;\">Datu eksports un imports no da\u017e\u0101diem form\u0101tiem (TXT, CSV, SHP, WPT, DBF, KML, KMZ)<\/td>\n<td style=\"text-align: center;\"><\/td>\n<td style=\"text-align: center;\">\u221a<\/td>\n<td style=\"text-align: center;\">\u221a<\/td>\n<td style=\"text-align: center;\">\u221a<\/td>\n<td style=\"text-align: center;\">\u221a<\/td>\n<\/tr>\n<tr>\n<td style=\"text-align: left;\">Kar\u0161u imports no JPEG, GIF failiem<\/td>\n<td style=\"text-align: center;\"><\/td>\n<td style=\"text-align: center;\"><\/td>\n<td style=\"text-align: center;\">\u221a<\/td>\n<td style=\"text-align: center;\">\u221a<\/td>\n<td style=\"text-align: center;\">\u221a<\/td>\n<\/tr>\n<tr>\n<td style=\"text-align: left;\">Integr\u0101ciju izstr\u0101des iesp\u0113ja ar cit\u0101m inform\u0101cijas sist\u0113m\u0101m<\/td>\n<td style=\"text-align: center;\"><\/td>\n<td style=\"text-align: center;\"><\/td>\n<td style=\"text-align: center;\">\u221a<\/td>\n<td style=\"text-align: center;\">\u221a<\/td>\n<td style=\"text-align: center;\">\u221a<\/td>\n<\/tr>\n<tr>\n<td style=\"text-align: left;\">Transporta seko\u0161anas funkcionalit\u0101te, seko\u0161anas serveris, transporta atskai\u0161u modulis<\/td>\n<td style=\"text-align: center;\"><\/td>\n<td style=\"text-align: center;\"><\/td>\n<td style=\"text-align: center;\"><\/td>\n<td style=\"text-align: center;\">\u221a<\/td>\n<td style=\"text-align: center;\"><\/td>\n<\/tr>\n<tr>\n<td style=\"text-align: left;\">Lo\u0123istikas modulis: pre\u010du pieg\u0101de vai pre\u010du sav\u0101k\u0161ana vair\u0101ku t\u016bksto\u0161u klientu gad\u012bjum\u0101, transporta vien\u012bbu pl\u0101no\u0161ana lo\u0123istikai, mar\u0161rutu autom\u0101tiska pl\u0101no\u0161ana un optimiz\u0101cija<\/td>\n<td style=\"text-align: center;\"><\/td>\n<td style=\"text-align: center;\"><\/td>\n<td style=\"text-align: center;\"><\/td>\n<td style=\"text-align: center;\"><\/td>\n<td style=\"text-align: center;\">\u221a<\/td>\n<\/tr>\n<tr>\n<td style=\"text-align: left;\">Ieg\u0101des cenas, EUR bez PVN<\/td>\n<td style=\"text-align: center;\">49,00<\/td>\n<td style=\"text-align: center;\">299,00<\/td>\n<td style=\"text-align: center;\">949,00<\/td>\n<td style=\"text-align: center;\">No 1139,00*<\/td>\n<td style=\"text-align: center;\">No 1898,00<\/td>\n<\/tr>\n<tr>\n<td style=\"text-align: left;\">P\u0101rejas cena no agr\u0101kaj\u0101m JS Baltija 3.5 versij\u0101m<\/td>\n<td style=\"text-align: center;\">29,00<\/td>\n<td style=\"text-align: center;\">99,00<\/td>\n<td style=\"text-align: center;\">299,00<\/td>\n<td style=\"text-align: center;\">Jaut\u0101t izstr\u0101d\u0101t\u0101jam<\/td>\n<td style=\"text-align: center;\">Jaut\u0101t izstr\u0101d\u0101t\u0101jam<\/td>\n<\/tr>\n<\/tbody>\n<\/table>\n<p>* P\u0101rejas variants atkar\u012bgs no transporta vien\u012bbu skaitam atbilsto\u0161\u0101 ieg\u0101d\u0101t\u0101 modu\u013ca (&lt;21; 21\u201350; &gt;50)<\/p>\n<p><strong>Modu\u013ci<\/strong><br \/>\nJS Baltija 3.52 jebkuru versiju iesp\u0113jams papildin\u0101t ar modu\u013ciem, lai to maksim\u0101li piel\u0101gotu sav\u0101m vajadz\u012bb\u0101m.<br \/>\n1.<strong> Map image<\/strong> \u2013 eksport\u0113jot karti, j\u016bs ieg\u016bsiet gan kartes, gan uz t\u0101s att\u0113loto objektu att\u0113lu *.bmp vai *.jpg form\u0101ta datn\u0113, ko iesp\u0113jams labot, ievietot prezent\u0101ciju materi\u0101los, projektu aprakstos.<br \/>\n2.<strong> Map file<\/strong> \u2013 kartes eksports ar iesp\u0113ju saglab\u0101t to .bmp vai .jpg form\u0101t\u0101 kop\u0101 ar koordin\u0101tu re\u0123istr\u0101cijas datn\u0113m (*.jpgw, *.bmpw). Pateicoties iesp\u0113jai saglab\u0101t kartes koordin\u0101tas, to var ievietot cit\u0101s \u0123eoinform\u0101cijas sist\u0113m\u0101s (GIS), neveicot speci\u0101lu piesaisti, k\u0101 ar\u012b ievietot dokumentos k\u0101 vienk\u0101r\u0161u att\u0113lu.<\/p>\n<div>\n<hr \/>\n<h3>JS BALTIJA 3.52 PRODUKTU CENAS<\/h3>\n<p>Viena programmas licence dod ties\u012bbas lietot ieg\u0101d\u0101to risin\u0101jumu uz viena datora.<br \/>\nJS Baltija 3.52 produktu licen\u010du cenas<\/p>\n<table style=\"width: 60%;\" cellspacing=\"0\" cellpadding=\"7\">\n<thead>\n<tr>\n<th style=\"text-align: center;\" width=\"40%\">Produkts<\/th>\n<th style=\"text-align: center;\" width=\"30%\">Cena, EUR bez PVN<\/th>\n<th style=\"text-align: center;\" width=\"30%\">Cena, EUR ar PVN<\/th>\n<\/tr>\n<\/thead>\n<tbody>\n<tr valign=\"top\">\n<td style=\"text-align: left;\">JS Baltija 3.52 Start<\/td>\n<td style=\"text-align: center;\">49,00<\/td>\n<td style=\"text-align: center;\">59,29<\/td>\n<\/tr>\n<tr valign=\"top\">\n<td style=\"text-align: left;\">JS Baltija 3.52 GIS<\/td>\n<td style=\"text-align: center;\">299,00<\/td>\n<td style=\"text-align: center;\">361,79<\/td>\n<\/tr>\n<tr valign=\"top\">\n<td style=\"text-align: left;\">JS Baltija 3.52 Professional<\/td>\n<td style=\"text-align: center;\">949,00<\/td>\n<td style=\"text-align: center;\">1148,29<\/td>\n<\/tr>\n<tr valign=\"top\">\n<td style=\"text-align: left;\">JS Baltija 3.52 Pro Tracking<\/td>\n<td style=\"text-align: center;\">No 1139,00*<\/td>\n<td style=\"text-align: center;\">No 1378,19*<\/td>\n<\/tr>\n<tr valign=\"top\">\n<td style=\"text-align: left;\">Papildus lietot\u0101ja licence pie JS Baltija 3.52 Pro Tracking<\/td>\n<td style=\"text-align: center;\">199,00<\/td>\n<td style=\"text-align: center;\">240,79<\/td>\n<\/tr>\n<tr valign=\"top\">\n<td style=\"text-align: left;\">JS Baltija 3.52 Pro Logistics<\/td>\n<td style=\"text-align: center;\">No 1898,00**<\/td>\n<td style=\"text-align: center;\">No 2296,58**<\/td>\n<\/tr>\n<tr valign=\"top\">\n<td style=\"text-align: left;\">Map image modulis<\/td>\n<td style=\"text-align: center;\">176,00<\/td>\n<td style=\"text-align: center;\">212,96<\/td>\n<\/tr>\n<tr valign=\"top\">\n<td style=\"text-align: left;\">Map file modulis<\/td>\n<td style=\"text-align: center;\">349,00<\/td>\n<td style=\"text-align: center;\">422,29<\/td>\n<\/tr>\n<\/tbody>\n<\/table>\n<p>* JS Baltija 3.52 Pro Tracking seko\u0161anai l\u012bdz 20 transporta vien\u012bb\u0101m cena ir 1139,00 EUR bez PVN. \u0160\u012b licence dod ties\u012bbas ieg\u0101d\u0101to risin\u0101jumu lietot uz viena datora;<br \/>\nJS Baltija 3.52 Pro Tracking seko\u0161anai no 21 l\u012bdz 50 transporta vien\u012bb\u0101m cena ir 2278,00 EUR bez PVN. \u0160\u012b icence dod ties\u012bbas ieg\u0101d\u0101to risin\u0101jumu lietot uz diviem datoriem;<br \/>\nJS Baltija 3.52 Pro Tracking seko\u0161anai vair\u0101k nek\u0101 50 transporta vien\u012bb\u0101m cena ir 4556,00 EUR bez PVN. \u0160\u012b licence dod ties\u012bbas ieg\u0101d\u0101to risin\u0101jumu lietot uz \u010detriem datoriem.<br \/>\n** Pied\u0101v\u0101jumu speci\u0101lajai versijai lo\u0123istikai sagatavosim un nos\u016bt\u012bsim p\u0113c j\u016bsu piepras\u012bjuma.<\/p>\n<div class=\"section-title-area\" style=\"text-align: left;\">\n<hr \/>\n<p><strong>Ar mums varat sazin\u0101ties, rakstot uz e-pastu order@kartes.lv vai zvanot pa t\u0101lruni 67317540.<\/strong><br \/>\n<strong>Vis\u0101 JS Baltija 3.52 versijas darb\u012bbas laik\u0101 var veikt maksas atjaunin\u0101jumu no iepriek\u0161\u0113j\u0101s JS Baltija 3.5 versijas uz jaun\u0101ko versiju.<\/strong><\/p>\n<\/div>\n<\/div>\n<p><\/p>","protected":false},"excerpt":{"rendered":"<p>KAS IR JS BALTIJA? JS Baltija ir \u0123eogr\u0101fisk\u0101s inform\u0101cijas p\u0101rvald\u012bbas r\u012bks, kas uz detaliz\u0113tu kar\u0161u att\u0113lojuma pamatnes \u013cauj \u012bstenot da\u017e\u0101das \u0123eotelpisko datu apstr\u0101des iesp\u0113jas. GALVEN\u0100S PROGRAMMAT\u016aRAS JS BALTIJA FUNKCIONAL\u0100S IESP\u0112JAS &#8230;<\/p>\n","protected":false},"author":45,"featured_media":0,"parent":0,"menu_order":0,"comment_status":"closed","ping_status":"closed","template":"","meta":{"footnotes":""},"class_list":["post-8752","page","type-page","status-publish","hentry"],"_links":{"self":[{"href":"https:\/\/www.kartes.lv\/lv\/wp-json\/wp\/v2\/pages\/8752","targetHints":{"allow":["GET"]}}],"collection":[{"href":"https:\/\/www.kartes.lv\/lv\/wp-json\/wp\/v2\/pages"}],"about":[{"href":"https:\/\/www.kartes.lv\/lv\/wp-json\/wp\/v2\/types\/page"}],"author":[{"embeddable":true,"href":"https:\/\/www.kartes.lv\/lv\/wp-json\/wp\/v2\/users\/45"}],"replies":[{"embeddable":true,"href":"https:\/\/www.kartes.lv\/lv\/wp-json\/wp\/v2\/comments?post=8752"}],"version-history":[{"count":37,"href":"https:\/\/www.kartes.lv\/lv\/wp-json\/wp\/v2\/pages\/8752\/revisions"}],"predecessor-version":[{"id":15205,"href":"https:\/\/www.kartes.lv\/lv\/wp-json\/wp\/v2\/pages\/8752\/revisions\/15205"}],"wp:attachment":[{"href":"https:\/\/www.kartes.lv\/lv\/wp-json\/wp\/v2\/media?parent=8752"}],"curies":[{"name":"wp","href":"https:\/\/api.w.org\/{rel}","templated":true}]}}