{"id":104,"date":"2016-09-01T09:29:55","date_gmt":"2016-09-01T07:29:55","guid":{"rendered":"http:\/\/wp4.kartes.lv\/?post_type=product&#038;p=104"},"modified":"2025-08-01T09:47:04","modified_gmt":"2025-08-01T06:47:04","slug":"austrumvidzeme-un-ziemellatgale","status":"publish","type":"product","link":"https:\/\/www.kartes.lv\/lv\/product\/austrumvidzeme-un-ziemellatgale\/","title":{"rendered":"Austrumvidzeme. Zieme\u013clatgale"},"content":{"rendered":"<p>Izdevum\u0101 atspogu\u013cota ikvienam ce\u013cot\u0101jam nepiecie\u0161am\u0101 inform\u0101cija &#8211; det\u0101ls autoce\u013cu t\u012bkls, apdz\u012bvot\u0101s vietas, me\u017ei, purvi un, protams, visda\u017e\u0101d\u0101kie t\u016brisma apskates un servisa objekti: pilis, mui\u017eas, muzeji, dabas objekti, kalni un pilskalni, aizsarg\u0101jam\u0101s dabas teritorijas, sporta kompleksi, t\u016brisma inform\u0101cijas centri, degvielas un g\u0101zes uzpildes stacijas, \u0113din\u0101\u0161anas iest\u0101des, viesn\u012bcas, kempingi un citas naktsm\u012btnes.<\/p>\n<p>Kart\u0113 doti apraksti un fotogr\u0101fijas 55 noz\u012bm\u012bg\u0101kajiem apskates objektiem \u0161aj\u0101 re\u0123ion\u0101. Tie ir \u012bpa\u0161i izcelti ar\u012b kart\u0113, t\u0101 \u013caujot ce\u013cot\u0101jam jau pirms do\u0161an\u0101s ce\u013c\u0101 ieg\u016bt izsme\u013co\u0161u inform\u0101ciju par re\u0123iona apskates objektiem un veikt paredzam\u0101 mar\u0161ruta pl\u0101no\u0161anu.<\/p>","protected":false},"excerpt":{"rendered":"<p>T\u016brisma karte<\/p>\n<p>2016.gada izdevums<br \/>\nM\u0113rogs 1:200 000<\/p>\n<p>Al\u016bksne. Balvi. Gulbene. J\u0113kabpils. Ludza. Madona. R\u0113zekne. Smiltene, Valmiera m\u0113rog\u0101 1:20 000<\/p>\n<p>Izm\u0113rs 69 x 84 cm \/ 23 x 12 cm loc\u012bta<\/p>\n<p>EAN: 9789984074955<\/p>\n","protected":false},"featured_media":5678,"comment_status":"closed","ping_status":"closed","template":"","meta":[],"product_brand":[],"product_cat":[7,10],"product_tag":[],"class_list":{"0":"post-104","1":"product","2":"type-product","3":"status-publish","4":"has-post-thumbnail","6":"product_cat-kartes-atlanti-celvezi","7":"product_cat-celu-kartes-atlanti","9":"first","10":"outofstock","11":"taxable","12":"shipping-taxable","13":"purchasable","14":"product-type-simple"},"_links":{"self":[{"href":"https:\/\/www.kartes.lv\/lv\/wp-json\/wp\/v2\/product\/104","targetHints":{"allow":["GET"]}}],"collection":[{"href":"https:\/\/www.kartes.lv\/lv\/wp-json\/wp\/v2\/product"}],"about":[{"href":"https:\/\/www.kartes.lv\/lv\/wp-json\/wp\/v2\/types\/product"}],"replies":[{"embeddable":true,"href":"https:\/\/www.kartes.lv\/lv\/wp-json\/wp\/v2\/comments?post=104"}],"wp:featuredmedia":[{"embeddable":true,"href":"https:\/\/www.kartes.lv\/lv\/wp-json\/wp\/v2\/media\/5678"}],"wp:attachment":[{"href":"https:\/\/www.kartes.lv\/lv\/wp-json\/wp\/v2\/media?parent=104"}],"wp:term":[{"taxonomy":"product_brand","embeddable":true,"href":"https:\/\/www.kartes.lv\/lv\/wp-json\/wp\/v2\/product_brand?post=104"},{"taxonomy":"product_cat","embeddable":true,"href":"https:\/\/www.kartes.lv\/lv\/wp-json\/wp\/v2\/product_cat?post=104"},{"taxonomy":"product_tag","embeddable":true,"href":"https:\/\/www.kartes.lv\/lv\/wp-json\/wp\/v2\/product_tag?post=104"}],"curies":[{"name":"wp","href":"https:\/\/api.w.org\/{rel}","templated":true}]}}