{"id":10984,"date":"2020-05-15T13:30:49","date_gmt":"2020-05-15T10:30:49","guid":{"rendered":"https:\/\/www.kartes.lv\/product\/balticmaps-android\/"},"modified":"2024-04-25T13:05:21","modified_gmt":"2024-04-25T10:05:21","slug":"balticmaps-android","status":"publish","type":"product","link":"https:\/\/www.kartes.lv\/lv\/product\/balticmaps-android\/","title":{"rendered":"BalticMaps Android mobil\u0101 lietotne"},"content":{"rendered":"<p>Lietotnes bezmaksas versija lietot\u0101jiem pied\u0101v\u0101 apskat\u012bt \u201cJ\u0101\u0146a s\u0113ta\u201d izstr\u0101d\u0101t\u0101s Latvijas, Lietuvas un Igaunijas valstu kartes un noteikt savu atra\u0161an\u0101s vietu kart\u0113.<br \/>\nTiek nodro\u0161in\u0101ta ar\u012b:<br \/>\n&#8211; iesp\u0113ja noskaidrot tuv\u0101ko adresi un koordin\u0101tas WGS, noliekot iez\u012bmi uz kartes;<br \/>\n&#8211; Latvijas un Igaunijas ortofotokartes apskate;<br \/>\n&#8211; Latvijas topogr\u0101fisk\u0101s kartes un v\u0113sturisk\u0101s topogr\u0101fisk\u0101s kartes apskate;<br \/>\n&#8211; iesp\u0113ja dal\u012bties ar punktu uz kartes;<br \/>\n&#8211; kar\u0161u labojumu nos\u016bt\u012b\u0161ana \u201cJ\u0101\u0146a s\u0113tai\u201d.<\/p>\n<p>Lietotnes maksas abon\u0113\u0161anas versij\u0101<span lang=\"en-GB\"> ir nodro\u0161in\u0101tas \u0161\u0101das papildu iesp\u0113jas:<\/span><br \/>\n&#8211; pilnu navig\u0101ciju autovad\u012bt\u0101jiem un g\u0101j\u0113jiem ar balss un teksta nor\u0101d\u0113m \u2013 iesp\u0113ja izveidot mar\u0161rutu ar l\u012bdz pat 49 pieturas punktiem;<br \/>\n&#8211; mar\u0161ruta ce\u013c\u0101 pavad\u0101m\u0101 laika un att\u0101luma apr\u0113\u0137in\u0101\u0161anu;<br \/>\n&#8211; mekl\u0113\u0161ana Baltijas adre\u0161u un viens\u0113tu, vietu, ielu, novadu, upju, ezeru un citu objektu datub\u0101z\u0113s;<br \/>\n&#8211; bezsaistes jeb <em>offline<\/em> kar\u0161u lejupiel\u0101de un izmanto\u0161ana;<br \/>\n&#8211; gr\u0101matz\u012bmju saglab\u0101\u0161ana, noliekot iez\u012bmi uz kartes;<br \/>\n&#8211; intere\u0161u punktu un fotoradaru piesl\u0113g\u0161ana;<br \/>\n&#8211; piesl\u0113gt kadastra sl\u0101ni un p\u0101rl\u016bkot kadastra inform\u0101ciju, k\u0101 ar\u012b mekl\u0113t kadastra vien\u012bbas un b\u016bves p\u0113c kadastra apz\u012bm\u0113juma;<br \/>\n&#8211; papildinform\u0101cijas par intere\u0161u punktiem \u2013 m\u0101jas lapas adreses, e-pasta, t\u0101lru\u0146a numura \u2013 ieg\u016b\u0161ana un mar\u0161ruta izveido\u0161ana uz tiem;<br \/>\n&#8211; sastr\u0113gumu inform\u0101cijas att\u0113lo\u0161ana R\u012bg\u0101 un Pier\u012bg\u0101;<br \/>\n&#8211; Baltijas garo distan\u010du taku \u2013 J\u016brtakas un Me\u017etakas \u2013 tra\u0161u un posmu p\u0101rskat\u012b\u0161ana.<\/p>\n<p>Abon\u0113\u0161ana ir par maksu, un tam ir nepiecie\u0161ams<span lang=\"en-GB\"> Google konts nor\u0113\u0137inu veik\u0161anai.<\/span><\/p>\n<p>Papildus inform\u0101cijai apmekl\u0113jiet\u00a0<a href=\"https:\/\/mob.balticmaps.eu\/description\/lv\/Description.html\">https:\/\/mob.balticmaps.eu\/description\/lv\/Description.html<\/a><br \/>\nE-pasts jaut\u0101jumiem, kar\u0161u labojumiem un sazi\u0146ai: android@kartes.lv<\/p>","protected":false},"excerpt":{"rendered":"<p><strong>Ieg\u016bsti Android lietotni Google Play:<\/strong><\/p>\n","protected":false},"featured_media":11293,"comment_status":"closed","ping_status":"closed","template":"","meta":[],"product_brand":[],"product_cat":[16],"product_tag":[],"class_list":{"0":"post-10984","1":"product","2":"type-product","3":"status-publish","4":"has-post-thumbnail","6":"product_cat-it-produkti","8":"first","9":"instock","10":"taxable","11":"shipping-taxable","12":"product-type-variable"},"_links":{"self":[{"href":"https:\/\/www.kartes.lv\/lv\/wp-json\/wp\/v2\/product\/10984","targetHints":{"allow":["GET"]}}],"collection":[{"href":"https:\/\/www.kartes.lv\/lv\/wp-json\/wp\/v2\/product"}],"about":[{"href":"https:\/\/www.kartes.lv\/lv\/wp-json\/wp\/v2\/types\/product"}],"replies":[{"embeddable":true,"href":"https:\/\/www.kartes.lv\/lv\/wp-json\/wp\/v2\/comments?post=10984"}],"wp:featuredmedia":[{"embeddable":true,"href":"https:\/\/www.kartes.lv\/lv\/wp-json\/wp\/v2\/media\/11293"}],"wp:attachment":[{"href":"https:\/\/www.kartes.lv\/lv\/wp-json\/wp\/v2\/media?parent=10984"}],"wp:term":[{"taxonomy":"product_brand","embeddable":true,"href":"https:\/\/www.kartes.lv\/lv\/wp-json\/wp\/v2\/product_brand?post=10984"},{"taxonomy":"product_cat","embeddable":true,"href":"https:\/\/www.kartes.lv\/lv\/wp-json\/wp\/v2\/product_cat?post=10984"},{"taxonomy":"product_tag","embeddable":true,"href":"https:\/\/www.kartes.lv\/lv\/wp-json\/wp\/v2\/product_tag?post=10984"}],"curies":[{"name":"wp","href":"https:\/\/api.w.org\/{rel}","templated":true}]}}