{"id":11149,"date":"2020-05-29T14:27:38","date_gmt":"2020-05-29T11:27:38","guid":{"rendered":"https:\/\/www.kartes.lv\/product\/balticmaps-ios-mobila-lietotne\/"},"modified":"2025-08-26T18:57:13","modified_gmt":"2025-08-26T15:57:13","slug":"balticmaps-ios-mobila-lietotne","status":"publish","type":"product","link":"https:\/\/www.kartes.lv\/lv\/product\/balticmaps-ios-mobila-lietotne\/","title":{"rendered":"BalticMaps iOS mobil\u0101 lietotne"},"content":{"rendered":"<p>Detaliz\u0113tas Latvijas, Lietuvas un Igaunijas kartes.<\/p>\n<p>Lietotnes bezmaksas versija lietot\u0101jiem pied\u0101v\u0101 apskat\u012bt \u201cJ\u0101\u0146a s\u0113ta\u201d izstr\u0101d\u0101t\u0101s Latvijas, Lietuvas un Igaunijas valstu teritoriju kartes un noteikt savu atra\u0161an\u0101s vietu kart\u0113.<\/p>\n<p>Lietotnes maksas abon\u0113\u0161anas versij\u0101 ir nodro\u0161in\u0101tas \u0161\u0101das papildu iesp\u0113jas:<br \/>\n\u2013 pilnu navig\u0101ciju autovad\u012bt\u0101jiem un g\u0101j\u0113jiem ar balss un teksta nor\u0101d\u0113m;<br \/>\n\u2013 mar\u0161ruta ce\u013c\u0101 pavad\u0101m\u0101 laika un att\u0101luma apr\u0113\u0137in\u0101\u0161anu;<br \/>\n&#8211; mekl\u0113\u0161ana Baltijas adre\u0161u un viens\u0113tu, vietu, ielu, novadu, upju, ezeru un citu objektu datub\u0101z\u0113s;<br \/>\n&#8211; adreses uzr\u0101d\u012b\u0161ana, noliekot karodzi\u0146u uz kartes, un gr\u0101matz\u012bmju saglab\u0101\u0161ana;<br \/>\n&#8211; intere\u0161u punkti, radari un ce\u013cu remontdarbu vietas R\u012bg\u0101;<br \/>\n&#8211; mar\u0161ruta pl\u0101no\u0161ana starp vair\u0101kiem punktiem uz kartes;<br \/>\n&#8211; mar\u0161ruta ce\u013c\u0101 pavad\u0101m\u0101 laika un att\u0101luma apr\u0113\u0137in\u0101\u0161ana;<br \/>\n&#8211; sastr\u0113gumu inform\u0101cijas att\u0113lo\u0161ana R\u012bg\u0101;<br \/>\n&#8211; Latvijas aerofotogr\u0101fiju kartes apskate;<br \/>\n&#8211; Latvijas topogr\u0101fisk\u0101s kartes M 1:50000 apskate;<br \/>\n&#8211; piesl\u0113gt kadastra sl\u0101ni un p\u0101rl\u016bkot kadastra inform\u0101ciju, k\u0101 ar\u012b mekl\u0113t kadastra vien\u012bbas un b\u016bves p\u0113c kadastra apz\u012bm\u0113juma;<br \/>\n&#8211; iesp\u0113ja nos\u016bt\u012bt savu atra\u0161an\u0101s vietu un tekstu uz e-pastu;<br \/>\n&#8211; kar\u0161u labojumu nos\u016bt\u012b\u0161ana \u201cJ\u0101\u0146a s\u0113tai\u201d.<\/p>\n<p>\u0160\u012b nav navig\u0101cijas programmat\u016bra, lai gan taj\u0101 ir iesp\u0113jams veidot mar\u0161rutu, redz\u0113t savu atra\u0161an\u0101s vietu kart\u0113, mekl\u0113t objektus datu b\u0101z\u0113 un lietot citas aprakst\u0101 min\u0113t\u0101s funkcijas.<\/p>\n<p>Abon\u0113\u0161ana ir par maksu, un tam ir nepiecie\u0161ams:<\/p>\n<p>&#8211; Apple profils nor\u0113\u0137inu veik\u0161anai;<br \/>\n&#8211; BalticMaps.eu konts, ja v\u0113laties izmantot abon\u0113\u0161anu ar\u012b uz cita iPhone vai iPad, kas Jums pieder<br \/>\nPapildus inform\u0101cijai apmekl\u0113jiet <a href=\"https:\/\/mob.balticmaps.eu\/description\/lv\/Terms.html\">http:\/\/mob.balticmaps.eu\/mobile<\/a><\/p>\n<p>E-pasts jaut\u0101jumiem un sazi\u0146ai: iphone@kartes.lv<\/p>","protected":false},"excerpt":{"rendered":"<p><strong>Ieg\u016bsti iOS lietotni Apple Store:\u00a0<\/strong><\/p>\n","protected":false},"featured_media":12252,"comment_status":"closed","ping_status":"closed","template":"","meta":[],"product_brand":[],"product_cat":[16],"product_tag":[],"class_list":{"0":"post-11149","1":"product","2":"type-product","3":"status-publish","4":"has-post-thumbnail","6":"product_cat-it-produkti","8":"first","9":"instock","10":"taxable","11":"shipping-taxable","12":"product-type-variable"},"_links":{"self":[{"href":"https:\/\/www.kartes.lv\/lv\/wp-json\/wp\/v2\/product\/11149","targetHints":{"allow":["GET"]}}],"collection":[{"href":"https:\/\/www.kartes.lv\/lv\/wp-json\/wp\/v2\/product"}],"about":[{"href":"https:\/\/www.kartes.lv\/lv\/wp-json\/wp\/v2\/types\/product"}],"replies":[{"embeddable":true,"href":"https:\/\/www.kartes.lv\/lv\/wp-json\/wp\/v2\/comments?post=11149"}],"wp:featuredmedia":[{"embeddable":true,"href":"https:\/\/www.kartes.lv\/lv\/wp-json\/wp\/v2\/media\/12252"}],"wp:attachment":[{"href":"https:\/\/www.kartes.lv\/lv\/wp-json\/wp\/v2\/media?parent=11149"}],"wp:term":[{"taxonomy":"product_brand","embeddable":true,"href":"https:\/\/www.kartes.lv\/lv\/wp-json\/wp\/v2\/product_brand?post=11149"},{"taxonomy":"product_cat","embeddable":true,"href":"https:\/\/www.kartes.lv\/lv\/wp-json\/wp\/v2\/product_cat?post=11149"},{"taxonomy":"product_tag","embeddable":true,"href":"https:\/\/www.kartes.lv\/lv\/wp-json\/wp\/v2\/product_tag?post=11149"}],"curies":[{"name":"wp","href":"https:\/\/api.w.org\/{rel}","templated":true}]}}