{"id":11557,"date":"2020-09-14T16:25:03","date_gmt":"2020-09-14T13:25:03","guid":{"rendered":"https:\/\/www.kartes.lv\/?post_type=product&#038;p=11557"},"modified":"2025-08-26T18:53:04","modified_gmt":"2025-08-26T15:53:04","slug":"garmin-karte-ar-lvm-mezu-datiem","status":"publish","type":"product","link":"https:\/\/www.kartes.lv\/lv\/product\/garmin-karte-ar-lvm-mezu-datiem\/","title":{"rendered":"Garmin karte ar valsts me\u017eu datiem"},"content":{"rendered":"<p>Speci\u0101laj\u0101 Latvijas kartes versij\u0101 ar Latvijas valsts me\u017eu datiem pamatinform\u0101cija ir papildin\u0101ta ar sekojo\u0161o inform\u0101ciju:<\/p>\n<p>1.1. Me\u017eu kvart\u0101li. Kart\u0113 vizu\u0101li ir att\u0113lotas me\u017ea kvart\u0101lu robe\u017eas un numuri. Lietot\u0101js intere\u0161u punktu sada\u013c\u0101 (POI \u2013 points of interest) var mekl\u0113t me\u017ea kvart\u0101lus p\u0113c kvart\u0101la atsl\u0113gas. Inform\u0101cija ir pieejama par valsts me\u017eu kvart\u0101liem.<\/p>\n<p>2.2. Me\u017ea autoce\u013ci. Kart\u0113 vizu\u0101li ir att\u0113loti me\u017eu autoce\u013cu nosaukumi. Inform\u0101cija ir pieejama par valsts me\u017eu autoce\u013ciem.<\/p>\n<p><strong>Karte ir izmantojama vis\u0101s Garmin navig\u0101cijas ier\u012bc\u0113s, kur\u0101s ir ievietojama \u0101r\u0113j\u0101 microSD karte.\u00a0<\/strong><\/p>\n<p>Latvijas kart\u0113 k\u0101 pamatinform\u0101cija ir iek\u013cauts:<\/p>\n<ul>\n<li>vair\u0101k nek\u0101 130 000 km ce\u013cu un ielu;<\/li>\n<li>visu Latvijas pils\u0113tu un liel\u0101ko ciemu pl\u0101ni;<\/li>\n<li>10 000 apdz\u012bvot\u0101s vietas un 220 000 viens\u0113tas;<\/li>\n<li>vair\u0101k nek\u0101 275 000 numur\u0113tu adre\u0161u;<\/li>\n<li>administrat\u012bvais iedal\u012bjums;<\/li>\n<li>zemes lietojums (me\u017ei, purvi, \u016bdenstilpes, apb\u016bve, mazd\u0101rzi\u0146i, parki);<\/li>\n<li>reljefs;<\/li>\n<li>hidrogr\u0101fiskais t\u012bkls (vair\u0101k nek\u0101 110 000 km upju un 6200 hidron\u012bmu);<\/li>\n<li>visas \u012bpa\u0161i aizsarg\u0101jam\u0101s dabas teritorijas;<\/li>\n<li>t\u016brisma apskates objekti.<\/li>\n<\/ul>\n<p>Kartes izgatavo\u0161an\u0101 izmantoti publiski pieejamie AS &#8220;Latvijas valsts me\u017ei&#8221; \u0123eotelpiskie dati.<\/p>\n<hr \/>\n<h3>Atjaunin\u0101jumi<\/h3>\n<p>Lejupiel\u0101d\u0113jams atjaunin\u0101jums speci\u0101lajai Latvijas kartes versijai ar valsts me\u017eu datiem ir ieg\u0101d\u0101jams m\u016bsu veikal\u0101 sait\u0113: <a href=\"https:\/\/www.kartes.lv\/lv\/product\/atjauninajums-garmin-karte-ar-lvm-mezu-datiem\/\">ATJAUNIN\u0100JUMS GARMIN KARTEI ar valsts me\u017eu datiem<\/a><\/p>\n<h3>Instrukcija<\/h3>\n<p><a href=\"https:\/\/www.kartes.lv\/wp-content\/uploads\/2024\/04\/20230619142119_Instrukcija_MIZ_Garmin_versijas_ieladei.pdf\" target=\"_blank\" rel=\"noopener noreferrer\">LIETO\u0160ANAS PAM\u0100C\u012aBA GARMIN KARTES ar valsts me\u017eu datiem atjauno\u0161anai<\/a><\/p>\n<p>&nbsp;<\/p>","protected":false},"excerpt":{"rendered":"<p>Speci\u0101la Latvijas kartes versija ar valsts me\u017eu datiem\u00a0Garmin navig\u0101cijas ier\u012bc\u0113m<em>.<\/em><\/p>\n","protected":false},"featured_media":11571,"comment_status":"closed","ping_status":"closed","template":"","meta":[],"product_brand":[],"product_cat":[16,86],"product_tag":[],"class_list":{"0":"post-11557","1":"product","2":"type-product","3":"status-publish","4":"has-post-thumbnail","6":"product_cat-it-produkti","7":"product_cat-davanas","8":"product_shipping_class-500g-slug","10":"first","11":"instock","12":"taxable","13":"shipping-taxable","14":"purchasable","15":"product-type-simple"},"_links":{"self":[{"href":"https:\/\/www.kartes.lv\/lv\/wp-json\/wp\/v2\/product\/11557","targetHints":{"allow":["GET"]}}],"collection":[{"href":"https:\/\/www.kartes.lv\/lv\/wp-json\/wp\/v2\/product"}],"about":[{"href":"https:\/\/www.kartes.lv\/lv\/wp-json\/wp\/v2\/types\/product"}],"replies":[{"embeddable":true,"href":"https:\/\/www.kartes.lv\/lv\/wp-json\/wp\/v2\/comments?post=11557"}],"wp:featuredmedia":[{"embeddable":true,"href":"https:\/\/www.kartes.lv\/lv\/wp-json\/wp\/v2\/media\/11571"}],"wp:attachment":[{"href":"https:\/\/www.kartes.lv\/lv\/wp-json\/wp\/v2\/media?parent=11557"}],"wp:term":[{"taxonomy":"product_brand","embeddable":true,"href":"https:\/\/www.kartes.lv\/lv\/wp-json\/wp\/v2\/product_brand?post=11557"},{"taxonomy":"product_cat","embeddable":true,"href":"https:\/\/www.kartes.lv\/lv\/wp-json\/wp\/v2\/product_cat?post=11557"},{"taxonomy":"product_tag","embeddable":true,"href":"https:\/\/www.kartes.lv\/lv\/wp-json\/wp\/v2\/product_tag?post=11557"}],"curies":[{"name":"wp","href":"https:\/\/api.w.org\/{rel}","templated":true}]}}