{"id":12670,"date":"2021-06-15T11:13:16","date_gmt":"2021-06-15T08:13:16","guid":{"rendered":"https:\/\/www.kartes.lv\/product\/noverojumu-burtnica-pa-celam\/"},"modified":"2026-03-02T10:15:46","modified_gmt":"2026-03-02T08:15:46","slug":"noverojumu-burtnica-pa-celam","status":"publish","type":"product","link":"https:\/\/www.kartes.lv\/lv\/product\/noverojumu-burtnica-pa-celam\/","title":{"rendered":"Nov\u0113rojumu burtn\u012bca &#8220;Pa ce\u013cam&#8221; (nocenots)"},"content":{"rendered":"<p>Daba, dz\u012bvnieki, putni, ce\u013caz\u012bmes, \u0113kas, m\u0101ko\u0146i, citi satiksmes dal\u012bbnieki \u2013 tas viss j\u0101ierauga un j\u0101atz\u012bm\u0113 nov\u0113rojumu burtn\u012bcas \u201cPa ce\u013cam\u201d lappus\u0113s. \u0160eit vari izkr\u0101sot ce\u013cus, pa kuriem brauc, atz\u012bm\u0113t novadus, kuriem izbrauc cauri, min\u0113t m\u012bklas un pild\u012bt uzdevumus. Negarlaikojies braucien\u0101, pa\u0137er z\u012bmu\u013cus vai flom\u0101sterus un \u0137eries kl\u0101t!<\/p>\n<p>Braucot automa\u0161\u012bn\u0101, vari nov\u0113rot ne tikai to, kas atrodas ce\u013ca mal\u0101s, bet ar\u012b to, kas debes\u012bs \u2013 laikapst\u0101k\u013cus, dabas par\u0101d\u012bbas. Vari atz\u012bm\u0113t visu, kas redz\u0113ts vai \u0161\u0137itis neparasts.<\/p>\n<p>Vari dal\u012bties nov\u0113rojumos ar vec\u0101kiem, br\u0101\u013ciem, m\u0101s\u0101m, apspriest nezin\u0101mo un uzzin\u0101t ko jaunu. Dodamies ce\u013c\u0101!<\/p>\n<p style=\"text-align: left\">\n<p><\/p>","protected":false},"excerpt":{"rendered":"<p>2021. gada izdevums<br \/>\nIzm\u0113rs: 24,3 x 17 cm<br \/>\nSvars: 0.350 g<br \/>\n30 lpp.<br \/>\nM\u012bkstie v\u0101ki<br \/>\nV\u0101ka ilustr\u0101cija: \u00a9 Dmitry Natashin \/ Shutterstock.com<br \/>\nIlustr\u0101cijas: Agija Staka-Jansone, \u201cJ\u0101\u0146a s\u0113ta\u201d<\/p>\n<p>EAN: 9789984077543<\/p>\n","protected":false},"featured_media":12671,"comment_status":"closed","ping_status":"closed","template":"","meta":[],"product_brand":[],"product_cat":[113,111],"product_tag":[],"class_list":{"0":"post-12670","1":"product","2":"type-product","3":"status-publish","4":"has-post-thumbnail","6":"product_cat-skoleniem","7":"product_cat-nocenots","8":"product_shipping_class-s-mall","10":"first","11":"instock","12":"sale","13":"taxable","14":"shipping-taxable","15":"purchasable","16":"product-type-simple"},"_links":{"self":[{"href":"https:\/\/www.kartes.lv\/lv\/wp-json\/wp\/v2\/product\/12670","targetHints":{"allow":["GET"]}}],"collection":[{"href":"https:\/\/www.kartes.lv\/lv\/wp-json\/wp\/v2\/product"}],"about":[{"href":"https:\/\/www.kartes.lv\/lv\/wp-json\/wp\/v2\/types\/product"}],"replies":[{"embeddable":true,"href":"https:\/\/www.kartes.lv\/lv\/wp-json\/wp\/v2\/comments?post=12670"}],"wp:featuredmedia":[{"embeddable":true,"href":"https:\/\/www.kartes.lv\/lv\/wp-json\/wp\/v2\/media\/12671"}],"wp:attachment":[{"href":"https:\/\/www.kartes.lv\/lv\/wp-json\/wp\/v2\/media?parent=12670"}],"wp:term":[{"taxonomy":"product_brand","embeddable":true,"href":"https:\/\/www.kartes.lv\/lv\/wp-json\/wp\/v2\/product_brand?post=12670"},{"taxonomy":"product_cat","embeddable":true,"href":"https:\/\/www.kartes.lv\/lv\/wp-json\/wp\/v2\/product_cat?post=12670"},{"taxonomy":"product_tag","embeddable":true,"href":"https:\/\/www.kartes.lv\/lv\/wp-json\/wp\/v2\/product_tag?post=12670"}],"curies":[{"name":"wp","href":"https:\/\/api.w.org\/{rel}","templated":true}]}}