{"id":12741,"date":"2021-07-13T15:34:51","date_gmt":"2021-07-13T12:34:51","guid":{"rendered":"https:\/\/www.kartes.lv\/product\/latvijas-konturkarte-sienas-karte-jauna\/"},"modified":"2025-08-04T10:35:14","modified_gmt":"2025-08-04T07:35:14","slug":"latvijas-konturkarte-sienas-karte","status":"publish","type":"product","link":"https:\/\/www.kartes.lv\/lv\/product\/latvijas-konturkarte-sienas-karte\/","title":{"rendered":"Latvijas kont\u016brkarte. Sienas karte"},"content":{"rendered":"<p>Latvijas kont\u016brkarte katram lietot\u0101jam dod iesp\u0113ju taj\u0101 aizpild\u012bt tikai tam svar\u012bgo inform\u0101ciju. Atz\u012bm\u0113 apmekl\u0113t\u0101s vietas, velo mar\u0161rutus, laivo\u0161anas posmus un veido savu personaliz\u0113to Latvijas karti!<\/p>\n<p>Karti papildina apz\u012bm\u0113jumu tabula kuru j\u0101aizpilda <strong>pa\u0161am<\/strong>. Kart\u0113 atainotas Latvijas pils\u0113tas, upes un ezeri, k\u0101 ar\u012b liel\u0101kie autoce\u013ci.<\/p>\n<p><em><span class=\"cf0\">Ja v\u0113laties \u0161o karti cit\u0101 izm\u0113r\u0101 vai uz cita veida materi\u0101la (abpus\u0113ji lamin\u0113tu, uzdruk\u0101tu uz plastik\u0101ta, ier\u0101m\u0113tu), papildu inform\u0101cijai l\u016bdzam zvan\u012bt pa t\u0101lruni\u00a0<\/span><strong><span class=\"cf1\">67317540<\/span><\/strong><span class=\"cf0\"><strong>\u00a0<\/strong>vai rakst\u012bt uz e-pastu:\u00a0<\/span><strong><span class=\"cf1\">kartes@kartes.lv<\/span><\/strong><span class=\"cf0\">.<\/span><\/em><\/p>\n<p><em><!--StartFragment --><\/em><\/p>\n<p>&nbsp;<\/p>","protected":false},"excerpt":{"rendered":"<p>M\u0113rogs 1: 400 000<br \/>\nIzdrukas izm\u0113rs 120 x 77,5\u00a0 cm<\/p>\n<p>Pap\u012bra izdruka p\u0113c pas\u016bt\u012bjuma, izpilde 3-5 darbadienas.<\/p>\n<p>EAN: 9789984077550<\/p>\n<p>&nbsp;<\/p>\n","protected":false},"featured_media":12745,"comment_status":"closed","ping_status":"closed","template":"","meta":[],"product_brand":[],"product_cat":[13,113],"product_tag":[],"class_list":{"0":"post-12741","1":"product","2":"type-product","3":"status-publish","4":"has-post-thumbnail","6":"product_cat-sienas-kartes","7":"product_cat-skoleniem","9":"first","10":"instock","11":"taxable","12":"shipping-taxable","13":"purchasable","14":"product-type-simple"},"_links":{"self":[{"href":"https:\/\/www.kartes.lv\/lv\/wp-json\/wp\/v2\/product\/12741","targetHints":{"allow":["GET"]}}],"collection":[{"href":"https:\/\/www.kartes.lv\/lv\/wp-json\/wp\/v2\/product"}],"about":[{"href":"https:\/\/www.kartes.lv\/lv\/wp-json\/wp\/v2\/types\/product"}],"replies":[{"embeddable":true,"href":"https:\/\/www.kartes.lv\/lv\/wp-json\/wp\/v2\/comments?post=12741"}],"wp:featuredmedia":[{"embeddable":true,"href":"https:\/\/www.kartes.lv\/lv\/wp-json\/wp\/v2\/media\/12745"}],"wp:attachment":[{"href":"https:\/\/www.kartes.lv\/lv\/wp-json\/wp\/v2\/media?parent=12741"}],"wp:term":[{"taxonomy":"product_brand","embeddable":true,"href":"https:\/\/www.kartes.lv\/lv\/wp-json\/wp\/v2\/product_brand?post=12741"},{"taxonomy":"product_cat","embeddable":true,"href":"https:\/\/www.kartes.lv\/lv\/wp-json\/wp\/v2\/product_cat?post=12741"},{"taxonomy":"product_tag","embeddable":true,"href":"https:\/\/www.kartes.lv\/lv\/wp-json\/wp\/v2\/product_tag?post=12741"}],"curies":[{"name":"wp","href":"https:\/\/api.w.org\/{rel}","templated":true}]}}