{"id":12956,"date":"2021-09-16T15:21:15","date_gmt":"2021-09-16T12:21:15","guid":{"rendered":"https:\/\/www.kartes.lv\/product\/rigas-novads\/"},"modified":"2025-08-04T10:32:15","modified_gmt":"2025-08-04T07:32:15","slug":"rigas-apkartne","status":"publish","type":"product","link":"https:\/\/www.kartes.lv\/lv\/product\/rigas-apkartne\/","title":{"rendered":"R\u012bgas un apk\u0101rtnes sienas karte"},"content":{"rendered":"<p>R\u012bgas un apk\u0101rtnes sienas kartes izdruka 107 x 85 cm izm\u0113r\u0101.<\/p>\n<p>2024.gada izdevums.<\/p>\n<p>Karti izgatavojam 2-3 darba dienu laik\u0101.<\/p>\n<div id=\"gtx-trans\"><!--StartFragment --><\/p>\n<p class=\"pf0\"><em><span class=\"cf0\">Ja v\u0113laties \u0161o karti cit\u0101 izm\u0113r\u0101 vai uz cita veida materi\u0101la (abpus\u0113ji lamin\u0113tu, uzdruk\u0101tu uz plastik\u0101ta, ier\u0101m\u0113tu), papildu inform\u0101cijai l\u016bdzam zvan\u012bt pa t\u0101lruni\u00a0<\/span><strong><span class=\"cf1\">67317540<\/span><\/strong><span class=\"cf0\"><strong>\u00a0<\/strong>vai rakst\u012bt uz e-pastu:\u00a0<\/span><strong><span class=\"cf1\">kartes@kartes.lv<\/span><\/strong><span class=\"cf0\">.<\/span><\/em><\/p>\n<p><!--EndFragment --><\/div>\n<p><\/p>","protected":false},"excerpt":{"rendered":"<p>M\u0113rogs 1: 100 000<\/p>\n<p>Izdrukas izm\u0113rs 107 x 85 cm<\/p>\n<p><strong>Pieejama p\u0113c pas\u016bt\u012bjuma<\/strong>, izgatavojam 2-3 darba dienu laik\u0101.<\/p>\n<p><strong>Nav ier\u0101m\u0113ta!<\/strong><\/p>\n","protected":false},"featured_media":19016,"comment_status":"closed","ping_status":"closed","template":"","meta":[],"product_brand":[],"product_cat":[13],"product_tag":[],"class_list":{"0":"post-12956","1":"product","2":"type-product","3":"status-publish","4":"has-post-thumbnail","6":"product_cat-sienas-kartes","8":"first","9":"instock","10":"taxable","11":"shipping-taxable","12":"purchasable","13":"product-type-simple"},"_links":{"self":[{"href":"https:\/\/www.kartes.lv\/lv\/wp-json\/wp\/v2\/product\/12956","targetHints":{"allow":["GET"]}}],"collection":[{"href":"https:\/\/www.kartes.lv\/lv\/wp-json\/wp\/v2\/product"}],"about":[{"href":"https:\/\/www.kartes.lv\/lv\/wp-json\/wp\/v2\/types\/product"}],"replies":[{"embeddable":true,"href":"https:\/\/www.kartes.lv\/lv\/wp-json\/wp\/v2\/comments?post=12956"}],"wp:featuredmedia":[{"embeddable":true,"href":"https:\/\/www.kartes.lv\/lv\/wp-json\/wp\/v2\/media\/19016"}],"wp:attachment":[{"href":"https:\/\/www.kartes.lv\/lv\/wp-json\/wp\/v2\/media?parent=12956"}],"wp:term":[{"taxonomy":"product_brand","embeddable":true,"href":"https:\/\/www.kartes.lv\/lv\/wp-json\/wp\/v2\/product_brand?post=12956"},{"taxonomy":"product_cat","embeddable":true,"href":"https:\/\/www.kartes.lv\/lv\/wp-json\/wp\/v2\/product_cat?post=12956"},{"taxonomy":"product_tag","embeddable":true,"href":"https:\/\/www.kartes.lv\/lv\/wp-json\/wp\/v2\/product_tag?post=12956"}],"curies":[{"name":"wp","href":"https:\/\/api.w.org\/{rel}","templated":true}]}}