{"id":13491,"date":"2021-11-24T11:10:12","date_gmt":"2021-11-24T09:10:12","guid":{"rendered":"https:\/\/www.kartes.lv\/?post_type=product&#038;p=13491"},"modified":"2026-02-27T12:07:09","modified_gmt":"2026-02-27T10:07:09","slug":"pasaules-karte-uz-korka-pamatnes-nocenots","status":"publish","type":"product","link":"https:\/\/www.kartes.lv\/lv\/product\/pasaules-karte-uz-korka-pamatnes-nocenots\/","title":{"rendered":"Pasaules karte uz kor\u0137a pamatnes (nocenots)"},"content":{"rendered":"<p><\/p>\n<p data-start=\"67\" data-end=\"189\">Pasaul\u0113 iecien\u012bt\u0101s <em>Miss Wood<\/em> ori\u0123in\u0101l\u0101s kor\u0137a kartes izdevums.<\/p>\n<p data-start=\"191\" data-end=\"378\">Eleganta <em>vintage<\/em> stila dekor\u0101cija ce\u013cojumu entuziastiem \u2013 klasisk\u0101 pasaules karte uz dab\u012bga kor\u0137a pamatnes. Ide\u0101li piem\u0113rota gan atmi\u0146u saglab\u0101\u0161anai, gan n\u0101kamo piedz\u012bvojumu pl\u0101no\u0161anai. Atz\u012bm\u0113jiet uz kartes savas iecien\u012bt\u0101k\u0101s pils\u0113tas un valstis, \u012bpa\u0161os notikumus un neaizmirstamas pieredzes.<\/p>\n<p data-start=\"490\" data-end=\"616\">\u013baujiet \u0161ai kor\u0137a kartei iedvesmot j\u016bs doties jaunos ce\u013cojumos, pilnos ar cilv\u0113kiem, kult\u016br\u0101m, saj\u016bt\u0101m, smar\u017e\u0101m un st\u0101stiem.<\/p>\n<p data-start=\"618\" data-end=\"722\">Kartes uzst\u0101d\u012b\u0161ana ir vienk\u0101r\u0161a \u2013 piestipriniet to pie sienas ar komplekt\u0101 iek\u013cauto abpus\u0113jo l\u012bmlenti.<\/p>\n<p data-start=\"724\" data-end=\"777\">Ce\u013cojiet, atkl\u0101jiet un radiet savu pasaules st\u0101stu!<\/p>\n<p><\/p>","protected":false},"excerpt":{"rendered":"<p>Materi\u0101ls: dab\u012bgais kor\u0137is ar sietspiedes druku<br \/>\nViena puzles fragmenta izm\u0113rs: 30 x 30 x 0,3 cm (pavisam 6 gab.)<br \/>\nKop\u0113jais puzles izm\u0113rs: 90 x 60 x 0,3 cm<br \/>\nKastes izm\u0113rs: 32 x 32 x 2,5 cm<br \/>\nRa\u017eot\u0101js: MISS WOOD, Barselona, Sp\u0101nija<\/p>\n<p>Komplekt\u0101 iek\u013cauts:<\/p>\n<ul>\n<li style=\"list-style-type: none\">\n<ul>\n<li>dubult\u0101 l\u012bmlente (24 gab.)<\/li>\n<li>10 za\u013cas<\/li>\n<li>10 sarkanas piespraudes<\/li>\n<\/ul>\n<\/li>\n<\/ul>\n<p>EAN: 9019715498829<\/p>\n","protected":false},"featured_media":13492,"comment_status":"closed","ping_status":"closed","template":"","meta":[],"product_brand":[],"product_cat":[15,86,111],"product_tag":[],"class_list":{"0":"post-13491","1":"product","2":"type-product","3":"status-publish","4":"has-post-thumbnail","6":"product_cat-puzles-speles","7":"product_cat-davanas","8":"product_cat-nocenots","10":"first","11":"instock","12":"sale","13":"taxable","14":"shipping-taxable","15":"purchasable","16":"product-type-simple"},"_links":{"self":[{"href":"https:\/\/www.kartes.lv\/lv\/wp-json\/wp\/v2\/product\/13491","targetHints":{"allow":["GET"]}}],"collection":[{"href":"https:\/\/www.kartes.lv\/lv\/wp-json\/wp\/v2\/product"}],"about":[{"href":"https:\/\/www.kartes.lv\/lv\/wp-json\/wp\/v2\/types\/product"}],"replies":[{"embeddable":true,"href":"https:\/\/www.kartes.lv\/lv\/wp-json\/wp\/v2\/comments?post=13491"}],"wp:featuredmedia":[{"embeddable":true,"href":"https:\/\/www.kartes.lv\/lv\/wp-json\/wp\/v2\/media\/13492"}],"wp:attachment":[{"href":"https:\/\/www.kartes.lv\/lv\/wp-json\/wp\/v2\/media?parent=13491"}],"wp:term":[{"taxonomy":"product_brand","embeddable":true,"href":"https:\/\/www.kartes.lv\/lv\/wp-json\/wp\/v2\/product_brand?post=13491"},{"taxonomy":"product_cat","embeddable":true,"href":"https:\/\/www.kartes.lv\/lv\/wp-json\/wp\/v2\/product_cat?post=13491"},{"taxonomy":"product_tag","embeddable":true,"href":"https:\/\/www.kartes.lv\/lv\/wp-json\/wp\/v2\/product_tag?post=13491"}],"curies":[{"name":"wp","href":"https:\/\/api.w.org\/{rel}","templated":true}]}}