{"id":13688,"date":"2021-12-15T11:42:55","date_gmt":"2021-12-15T09:42:55","guid":{"rendered":"https:\/\/www.kartes.lv\/product\/enciklopedijas-muizas-latvija-4-sejums-kopet\/"},"modified":"2026-03-17T09:34:42","modified_gmt":"2026-03-17T07:34:42","slug":"enciklopedijas-muizas-latvija-4-sejums-arhitektura","status":"publish","type":"product","link":"https:\/\/www.kartes.lv\/lv\/product\/enciklopedijas-muizas-latvija-4-sejums-arhitektura\/","title":{"rendered":"Mui\u017eas Latvij\u0101. 4. s\u0113jums. Enciklop\u0113dija"},"content":{"rendered":"<p>Fotogr\u0101fs un kult\u016bras pieminek\u013cu p\u0113tnieks\u00a0Vitolds Ma\u0161novskis\u00a0veicis ap 1200 Latvijas mui\u017eu kompleksu dokument\u0101lu fotofiks\u0101ciju un izp\u0113ti.\u00a0Enciklop\u0113dijas \u201cMui\u017eas Latvij\u0101\u201d\u00a0vair\u0101ku s\u0113jumu izdevums, rad\u012bts k\u0101 velt\u012bjums Latvijas valsts simtgadei, l\u012bdz ar to tie\u0161i lielaj\u0101 jubilejas gad\u0101 t\u0101s pirmais s\u0113jums ieguva redzamu, taust\u0101mu formu.<\/p>\n<p>Enciklop\u0113dijas 4. s\u0113jum\u0101 apkopoti 123 mui\u017eu apraksti alfab\u0113tisk\u0101 sec\u012bb\u0101 no burta N l\u012bdz \u0160.\u00a0400 lappu\u0161u enciklop\u0113dij\u0101 att\u0113lu paraksti div\u0101s valod\u0101s sniedz iesp\u0113ju ar izdevumu iepaz\u012bties ar\u012b v\u0101cu valod\u0101 laso\u0161am interesentam.<\/p>\n<p>Ceturtais enciklop\u0113dijas s\u0113jums vair\u0101k nek\u0101 iepriek\u0161\u0113jie las\u012bt\u0101jam atkl\u0101j daudzu mui\u017eu veiksmes st\u0101stus, jo t\u0101s \u0161obr\u012bd lieliski apr\u016bp\u0113tas, atjaunotas, restaur\u0113tas un uztur\u0113tas. Enciklop\u0113dija \u201cMui\u017eas Latvij\u0101\u201d las\u012bt\u0101jam sniedz iesp\u0113ju piln\u012bg\u0101k ieraudz\u012bt un atspogu\u013cot notikumu gaitu un to sekas Latvijas v\u0113stur\u0113, un kalpo k\u0101 piemineklis nez\u016bdo\u0161ai cilv\u0113ku ener\u0123ijai \u2013 pier\u0101d\u012bjums v\u0113lmei main\u012bties un main\u012bt, kas k\u0101 neatkar\u012bgs liecinieks raksturo m\u016bs pa\u0161us un sabiedr\u012bb\u0101 notieko\u0161o.<\/p>","protected":false},"excerpt":{"rendered":"<div>Enciklop\u0113dijas 4. da\u013ca N-\u0160<\/div>\n<div><\/div>\n<div>2021. gada izdevums<\/div>\n<div>Izm\u0113rs: 30.6 cm x 22.5 cm<\/div>\n<div>Svars: 2.370 g<\/div>\n<div>398 lpp.<\/div>\n<div>Cietie v\u0101ki<\/div>\n<div>Izdev\u0113js: DUE SIA<\/div>\n<div>\n<p>Autors: Vitolds Ma\u0161novskis<\/p>\n<p>EAN: 9789934899911<\/p>\n<\/div>\n","protected":false},"featured_media":13689,"comment_status":"closed","ping_status":"closed","template":"","meta":[],"product_brand":[],"product_cat":[12,86],"product_tag":[],"class_list":{"0":"post-13688","1":"product","2":"type-product","3":"status-publish","4":"has-post-thumbnail","6":"product_cat-gramatas","7":"product_cat-davanas","9":"first","10":"instock","11":"taxable","12":"shipping-taxable","13":"purchasable","14":"product-type-simple"},"_links":{"self":[{"href":"https:\/\/www.kartes.lv\/lv\/wp-json\/wp\/v2\/product\/13688","targetHints":{"allow":["GET"]}}],"collection":[{"href":"https:\/\/www.kartes.lv\/lv\/wp-json\/wp\/v2\/product"}],"about":[{"href":"https:\/\/www.kartes.lv\/lv\/wp-json\/wp\/v2\/types\/product"}],"replies":[{"embeddable":true,"href":"https:\/\/www.kartes.lv\/lv\/wp-json\/wp\/v2\/comments?post=13688"}],"wp:featuredmedia":[{"embeddable":true,"href":"https:\/\/www.kartes.lv\/lv\/wp-json\/wp\/v2\/media\/13689"}],"wp:attachment":[{"href":"https:\/\/www.kartes.lv\/lv\/wp-json\/wp\/v2\/media?parent=13688"}],"wp:term":[{"taxonomy":"product_brand","embeddable":true,"href":"https:\/\/www.kartes.lv\/lv\/wp-json\/wp\/v2\/product_brand?post=13688"},{"taxonomy":"product_cat","embeddable":true,"href":"https:\/\/www.kartes.lv\/lv\/wp-json\/wp\/v2\/product_cat?post=13688"},{"taxonomy":"product_tag","embeddable":true,"href":"https:\/\/www.kartes.lv\/lv\/wp-json\/wp\/v2\/product_tag?post=13688"}],"curies":[{"name":"wp","href":"https:\/\/api.w.org\/{rel}","templated":true}]}}