{"id":13800,"date":"2022-01-07T14:31:51","date_gmt":"2022-01-07T12:31:51","guid":{"rendered":"https:\/\/www.kartes.lv\/?post_type=product&#038;p=13800"},"modified":"2026-03-02T10:05:05","modified_gmt":"2026-03-02T08:05:05","slug":"spele-geografika-berniem","status":"publish","type":"product","link":"https:\/\/www.kartes.lv\/lv\/product\/spele-geografika-berniem\/","title":{"rendered":"Galda sp\u0113le Geografika. Izp\u0113tiet pasauli."},"content":{"rendered":"<p>Ja v\u0113laties iepaz\u012bt pasauli un izklaid\u0113ties kop\u0101 ar b\u0113rniem, jums lieliski noder\u0113s sp\u0113le \u201cGeografika\u201d.<br \/>\nSp\u0113le \u201cGeografika\u201d ir jautrs veids, k\u0101 m\u0101c\u012bt b\u0113rniem par pasauli, kur\u0101 dz\u012bvojam, ar vair\u0101k k\u0101 280 z\u012bm\u0113tu ilustr\u0101ciju pal\u012bdz\u012bbu. Kart\u0113 iek\u013cautas valstu, upju, ezeru, oke\u0101nu, j\u016bru, z\u012bd\u012bt\u0101ju, r\u0101pu\u013cu, abinieku, putnu, j\u016bras dz\u012bvnieku, slavenu vietu, festiv\u0101lu, p\u0101rtikas produktu, sporta veidu u.c. ilustr\u0101cijas.<\/p>\n<p>K\u0101rtis ir abpus\u0113jas. Iesp\u0113jams izv\u0113l\u0113ties atbilsto\u0161i savam zin\u0101\u0161anu l\u012bmenim: ies\u0101c\u0113jiem b\u016bs piem\u0113rotas att\u0113lu k\u0101rtis, savuk\u0101rt, pieredz\u0113ju\u0161iem sp\u0113l\u0113t\u0101jiem, noder\u0113s teksta k\u0101rtis. Savuk\u0101rt sp\u0113les laukums &#8211; pasaules karte &#8211; ir nesapl\u0113\u0161ams un \u016bdensiztur\u012bgs plak\u0101ts, kuru var pielikt pie sienas un izmantot k\u0101 informat\u012bvo karti.<\/p>\n<p>\u201cGeografika\u201d sag\u0101d\u0101s nebeidzamas stundas jautr\u012bbas izt\u0113l\u0113 apce\u013cojot visu pasauli!<br \/>\nP\u0101rv\u0113rtiet pasauli par savu rota\u013claukumu!<\/p>\n<p>Izdev\u0113js: UnikPlay International<\/p>","protected":false},"excerpt":{"rendered":"<p>Izziniet pasauli jautr\u0101 un aizraujo\u0161\u0101 veid\u0101 ar lab\u0101ko, b\u0113rniem piem\u0113roto \u0123eogr\u0101fijas sp\u0113li!<\/p>\n<p>Piem\u0113rots vecumam: 6+<br \/>\nSp\u0113l\u0113t\u0101ji: 2\u20134<br \/>\nValoda: latvie\u0161u<\/p>\n<p>Komplekt\u0101 ietilpst:<br \/>\n48 abpus\u0113jas sp\u0113\u013cu k\u0101rtis (divas gr\u016bt\u012bbas pak\u0101pes)<br \/>\n1 metamais kauli\u0146\u0161<br \/>\n1 ilustr\u0113ta pasaules karte 99 cm X 69 cm (karte ir \u016bdensiztur\u012bga un nesapl\u0113\u0161ama)<br \/>\nKastes izm\u0113rs 36cm X 26.5cm<\/p>\n<p>EAN: 9019715498829<\/p>\n","protected":false},"featured_media":20382,"comment_status":"closed","ping_status":"closed","template":"","meta":[],"product_brand":[],"product_cat":[113,15,86],"product_tag":[],"class_list":{"0":"post-13800","1":"product","2":"type-product","3":"status-publish","4":"has-post-thumbnail","6":"product_cat-skoleniem","7":"product_cat-puzles-speles","8":"product_cat-davanas","10":"first","11":"instock","12":"taxable","13":"shipping-taxable","14":"purchasable","15":"product-type-simple"},"_links":{"self":[{"href":"https:\/\/www.kartes.lv\/lv\/wp-json\/wp\/v2\/product\/13800","targetHints":{"allow":["GET"]}}],"collection":[{"href":"https:\/\/www.kartes.lv\/lv\/wp-json\/wp\/v2\/product"}],"about":[{"href":"https:\/\/www.kartes.lv\/lv\/wp-json\/wp\/v2\/types\/product"}],"replies":[{"embeddable":true,"href":"https:\/\/www.kartes.lv\/lv\/wp-json\/wp\/v2\/comments?post=13800"}],"wp:featuredmedia":[{"embeddable":true,"href":"https:\/\/www.kartes.lv\/lv\/wp-json\/wp\/v2\/media\/20382"}],"wp:attachment":[{"href":"https:\/\/www.kartes.lv\/lv\/wp-json\/wp\/v2\/media?parent=13800"}],"wp:term":[{"taxonomy":"product_brand","embeddable":true,"href":"https:\/\/www.kartes.lv\/lv\/wp-json\/wp\/v2\/product_brand?post=13800"},{"taxonomy":"product_cat","embeddable":true,"href":"https:\/\/www.kartes.lv\/lv\/wp-json\/wp\/v2\/product_cat?post=13800"},{"taxonomy":"product_tag","embeddable":true,"href":"https:\/\/www.kartes.lv\/lv\/wp-json\/wp\/v2\/product_tag?post=13800"}],"curies":[{"name":"wp","href":"https:\/\/api.w.org\/{rel}","templated":true}]}}