{"id":13956,"date":"2022-02-10T10:28:14","date_gmt":"2022-02-10T08:28:14","guid":{"rendered":"https:\/\/www.kartes.lv\/product\/nutrinamas-zemelapis-europa\/"},"modified":"2026-01-08T09:01:06","modified_gmt":"2026-01-08T07:01:06","slug":"nutrinamas-zemelapis-europa","status":"publish","type":"product","link":"https:\/\/www.kartes.lv\/lv\/product\/nutrinamas-zemelapis-europa\/","title":{"rendered":"Kas\u0101mkarte &#8220;Eiropa&#8221; (lietuvie\u0161u valod\u0101)"},"content":{"rendered":"<p>Kas\u0101mkarte ir lielisks veids, k\u0101 atz\u012bm\u0113t kart\u0113 t\u0101s\u00a0Eiropas vietas, kuras esi apmekl\u0113jis, apskat\u012bjis, izbaud\u012bjis!<\/p>\n<p>Visbie\u017e\u0101k m\u0113s ce\u013cojam pa Eiropu, te dz\u012bvo m\u016bsu draugi un str\u0101d\u0101 m\u016bsu partneri. Tagad to visu viegli un uzskat\u0101mi var\u0113si atz\u012bm\u0113t m\u016bsu jaunaj\u0101 Eiropas kas\u0101mkart\u0113. Nokasi zelt\u012bt\u0101s kr\u0101sas sl\u0101ni, uz kura atz\u012bm\u0113tas valstu kont\u016bras un nosaukumi, un skatam pak\u0101peniski atkl\u0101sies Eiropas politisk\u0101 karte.<\/p>\n<p>Izdevums ir iepakots \u012bpa\u0161a dizaina kartona tubus\u0101 ko var lieliski izmantot k\u0101 d\u0101vanu.<\/p>","protected":false},"excerpt":{"rendered":"<p><strong>Lietuvie\u0161u valod\u0101<\/strong><\/p>\n<p>Kartes izm\u0113rs 70 x 49 cm<br \/>\nTubusa izm\u0113rs 54,5 cm x 7 cm (diametrs)<\/p>\n<p>EAN: 9789984077130<\/p>\n<p>&nbsp;<\/p>\n","protected":false},"featured_media":13960,"comment_status":"closed","ping_status":"closed","template":"","meta":[],"product_brand":[],"product_cat":[17],"product_tag":[],"class_list":{"0":"post-13956","1":"product","2":"type-product","3":"status-publish","4":"has-post-thumbnail","6":"product_cat-kasamkartes-un-kasamplakati","8":"first","9":"instock","10":"taxable","11":"shipping-taxable","12":"purchasable","13":"product-type-simple"},"_links":{"self":[{"href":"https:\/\/www.kartes.lv\/lv\/wp-json\/wp\/v2\/product\/13956","targetHints":{"allow":["GET"]}}],"collection":[{"href":"https:\/\/www.kartes.lv\/lv\/wp-json\/wp\/v2\/product"}],"about":[{"href":"https:\/\/www.kartes.lv\/lv\/wp-json\/wp\/v2\/types\/product"}],"replies":[{"embeddable":true,"href":"https:\/\/www.kartes.lv\/lv\/wp-json\/wp\/v2\/comments?post=13956"}],"wp:featuredmedia":[{"embeddable":true,"href":"https:\/\/www.kartes.lv\/lv\/wp-json\/wp\/v2\/media\/13960"}],"wp:attachment":[{"href":"https:\/\/www.kartes.lv\/lv\/wp-json\/wp\/v2\/media?parent=13956"}],"wp:term":[{"taxonomy":"product_brand","embeddable":true,"href":"https:\/\/www.kartes.lv\/lv\/wp-json\/wp\/v2\/product_brand?post=13956"},{"taxonomy":"product_cat","embeddable":true,"href":"https:\/\/www.kartes.lv\/lv\/wp-json\/wp\/v2\/product_cat?post=13956"},{"taxonomy":"product_tag","embeddable":true,"href":"https:\/\/www.kartes.lv\/lv\/wp-json\/wp\/v2\/product_tag?post=13956"}],"curies":[{"name":"wp","href":"https:\/\/api.w.org\/{rel}","templated":true}]}}