{"id":13964,"date":"2022-02-10T11:33:03","date_gmt":"2022-02-10T09:33:03","guid":{"rendered":"https:\/\/www.kartes.lv\/product\/nutrinamas_zemelapis_pasaulis\/"},"modified":"2026-01-08T09:02:00","modified_gmt":"2026-01-08T07:02:00","slug":"nutrinamas_zemelapis_pasaulis","status":"publish","type":"product","link":"https:\/\/www.kartes.lv\/lv\/product\/nutrinamas_zemelapis_pasaulis\/","title":{"rendered":"Kas\u0101mkarte &#8220;Pasaule&#8221; (lietuvie\u0161u valod\u0101)"},"content":{"rendered":"<p>Kas\u0101mkarte &#8220;Pasaule&#8221; ir lielisks veids, k\u0101 atz\u012bm\u0113t kart\u0113 t\u0101s pasaules vietas, kuras esi apmekl\u0113jis, apskat\u012bjis, izbaud\u012bjis!<\/p>\n<p>Esi daudz ce\u013cojis un v\u0113lies atsaukt atmi\u0146\u0101 apmekl\u0113t\u0101s valstis? Gribi pasaules kart\u0113 atz\u012bm\u0113t valstis, kur\u0101s ir tavas komp\u0101nijas sadarb\u012bbas partneri? Vai esi vienk\u0101r\u0161i zin\u0101tk\u0101rs un v\u0113lies atkl\u0101t pasauli pa vienai valstij vien? Kas\u0101mkarte \u201cPasaule\u201d tev sniegs \u0161o iesp\u0113ju! Atrodi kart\u0113 valsti, k\u0101 ar\u012b t\u0101s karogu un nokasi zelt\u012bt\u0101s kr\u0101sas k\u0101rti\u0146u.<\/p>\n<p>\u0160is ir pirmais \u0161\u0101da veida kartes izdevums latvie\u0161u valod\u0101, ar prec\u012bzu pasaules politisko karti izdevuma pamat\u0101, ko papildina visu pasaules valstu karogi.\u00a0 Izdevums ir iepakots \u012bpa\u0161a dizaina kartona tubus\u0101 ko var lieliski izmantot k\u0101 labu d\u0101vanu.<\/p>","protected":false},"excerpt":{"rendered":"<p><strong>Lietuvie\u0161u valod\u0101<\/strong><\/p>\n<p>Kartes izm\u0113rs 70 x 49 cm<br \/>\nTubusa izm\u0113rs 54,5 cm x 7 cm (diametrs)<\/p>\n<p>EAN: 9789984076850<\/p>\n","protected":false},"featured_media":13968,"comment_status":"closed","ping_status":"closed","template":"","meta":[],"product_brand":[],"product_cat":[17],"product_tag":[],"class_list":{"0":"post-13964","1":"product","2":"type-product","3":"status-publish","4":"has-post-thumbnail","6":"product_cat-kasamkartes-un-kasamplakati","8":"first","9":"instock","10":"taxable","11":"shipping-taxable","12":"purchasable","13":"product-type-simple"},"_links":{"self":[{"href":"https:\/\/www.kartes.lv\/lv\/wp-json\/wp\/v2\/product\/13964","targetHints":{"allow":["GET"]}}],"collection":[{"href":"https:\/\/www.kartes.lv\/lv\/wp-json\/wp\/v2\/product"}],"about":[{"href":"https:\/\/www.kartes.lv\/lv\/wp-json\/wp\/v2\/types\/product"}],"replies":[{"embeddable":true,"href":"https:\/\/www.kartes.lv\/lv\/wp-json\/wp\/v2\/comments?post=13964"}],"wp:featuredmedia":[{"embeddable":true,"href":"https:\/\/www.kartes.lv\/lv\/wp-json\/wp\/v2\/media\/13968"}],"wp:attachment":[{"href":"https:\/\/www.kartes.lv\/lv\/wp-json\/wp\/v2\/media?parent=13964"}],"wp:term":[{"taxonomy":"product_brand","embeddable":true,"href":"https:\/\/www.kartes.lv\/lv\/wp-json\/wp\/v2\/product_brand?post=13964"},{"taxonomy":"product_cat","embeddable":true,"href":"https:\/\/www.kartes.lv\/lv\/wp-json\/wp\/v2\/product_cat?post=13964"},{"taxonomy":"product_tag","embeddable":true,"href":"https:\/\/www.kartes.lv\/lv\/wp-json\/wp\/v2\/product_tag?post=13964"}],"curies":[{"name":"wp","href":"https:\/\/api.w.org\/{rel}","templated":true}]}}