{"id":15029,"date":"2022-05-06T09:29:53","date_gmt":"2022-05-06T06:29:53","guid":{"rendered":"https:\/\/www.kartes.lv\/?post_type=product&#038;p=15029"},"modified":"2025-08-04T10:31:13","modified_gmt":"2025-08-04T07:31:13","slug":"latvijas-pasta-kodu-karte","status":"publish","type":"product","link":"https:\/\/www.kartes.lv\/lv\/product\/latvijas-pasta-kodu-karte\/","title":{"rendered":"Latvijas pasta kodu sienas karte"},"content":{"rendered":"<p>Kart\u0113 redzami Latvijas 512 pagastu, pils\u0113tu pasta kodi un atsevi\u0161\u0137i izcelti 34 R\u012bgas pils\u0113tas pasta kodi, kas att\u0113loti uz Latvijas kartes ar novadu un pils\u0113tu nosaukumiem, k\u0101 ar\u012b pagastu teritori\u0101laj\u0101m robe\u017e\u0101m.<\/p>\n<p>Kopum\u0101 kart\u0113 redzami 562 Latvijas pasta kodi, k\u0101 ar\u012b galvenie ce\u013ci, upes, ezeri un liel\u0101k\u0101s pils\u0113tas.<\/p>\n<p>Pasta kods jeb indekss ir burtu un ciparu kopa, kuru pievieno pasta adresei, lai atvieglotu v\u0113stu\u013cu un kravu \u0161\u0137iro\u0161anu pirms nos\u016bt\u012b\u0161anas adres\u0101tam. Latvij\u0101 pasta indeksam ir divas da\u013cas: burti LV (Latvijas starptautiskais kods) un \u010detrciparu skaitlis, kur\u0101 pirmie divi cipari ir administrat\u012bv\u0101 rajona \u0161ifrs, bet p\u0113d\u0113jie divi cipari \u2013 pasta noda\u013cas numurs. Pasta kods ir adreses svar\u012bg\u0101k\u0101 sast\u0101vda\u013ca. Indeksa pareiza izmanto\u0161ana ir viens no kvalitat\u012bvu pasta pakalpojumu sa\u0146em\u0161anas nosac\u012bjumiem!<\/p>\n<p>Karti izgatavojam 2-3 darba dienu laik\u0101.<\/p>\n<p><!--StartFragment --><\/p>\n<p class=\"pf0\"><em><span class=\"cf0\">Ja v\u0113laties \u0161o karti cit\u0101 izm\u0113r\u0101 vai uz cita veida materi\u0101la (abpus\u0113ji lamin\u0113tu, uzdruk\u0101tu uz plastik\u0101ta, ier\u0101m\u0113tu), papildu inform\u0101cijai l\u016bdzam zvan\u012bt pa t\u0101lruni\u00a0<\/span><strong><span class=\"cf1\">67317540<\/span><\/strong><span class=\"cf0\"><strong>\u00a0<\/strong>vai rakst\u012bt uz e-pastu:\u00a0<\/span><strong><span class=\"cf1\">kartes@kartes.lv<\/span><span class=\"cf0\">.<\/span><\/strong><\/em><!--EndFragment --><\/p>\n<div id=\"gtx-trans\"><\/div>\n<p><\/p>","protected":false},"excerpt":{"rendered":"<p>M\u0113rogs: 1:400 000<\/p>\n<p>Izdrukas izm\u0113rs: 100 x 59.5 cm<\/p>\n<p>Bezmaksas pieg\u0101de Latvijas teritorij\u0101, izgatavojam 2-3 darba dienu laik\u0101.<\/p>\n","protected":false},"featured_media":20390,"comment_status":"closed","ping_status":"closed","template":"","meta":[],"product_brand":[],"product_cat":[13],"product_tag":[],"class_list":{"0":"post-15029","1":"product","2":"type-product","3":"status-publish","4":"has-post-thumbnail","6":"product_cat-sienas-kartes","8":"first","9":"instock","10":"taxable","11":"shipping-taxable","12":"purchasable","13":"product-type-simple"},"_links":{"self":[{"href":"https:\/\/www.kartes.lv\/lv\/wp-json\/wp\/v2\/product\/15029","targetHints":{"allow":["GET"]}}],"collection":[{"href":"https:\/\/www.kartes.lv\/lv\/wp-json\/wp\/v2\/product"}],"about":[{"href":"https:\/\/www.kartes.lv\/lv\/wp-json\/wp\/v2\/types\/product"}],"replies":[{"embeddable":true,"href":"https:\/\/www.kartes.lv\/lv\/wp-json\/wp\/v2\/comments?post=15029"}],"wp:featuredmedia":[{"embeddable":true,"href":"https:\/\/www.kartes.lv\/lv\/wp-json\/wp\/v2\/media\/20390"}],"wp:attachment":[{"href":"https:\/\/www.kartes.lv\/lv\/wp-json\/wp\/v2\/media?parent=15029"}],"wp:term":[{"taxonomy":"product_brand","embeddable":true,"href":"https:\/\/www.kartes.lv\/lv\/wp-json\/wp\/v2\/product_brand?post=15029"},{"taxonomy":"product_cat","embeddable":true,"href":"https:\/\/www.kartes.lv\/lv\/wp-json\/wp\/v2\/product_cat?post=15029"},{"taxonomy":"product_tag","embeddable":true,"href":"https:\/\/www.kartes.lv\/lv\/wp-json\/wp\/v2\/product_tag?post=15029"}],"curies":[{"name":"wp","href":"https:\/\/api.w.org\/{rel}","templated":true}]}}