{"id":15086,"date":"2022-05-25T12:03:13","date_gmt":"2022-05-25T09:03:13","guid":{"rendered":"https:\/\/www.kartes.lv\/?post_type=product&#038;p=15086"},"modified":"2025-07-31T16:24:50","modified_gmt":"2025-07-31T13:24:50","slug":"ukraina-un-moldova","status":"publish","type":"product","link":"https:\/\/www.kartes.lv\/lv\/product\/ukraina-un-moldova\/","title":{"rendered":"Ukraina. Moldova. Ce\u013cu karte"},"content":{"rendered":"<p>Ukrainas kartes le\u0123enda latvie\u0161u, ukrai\u0146u, ang\u013cu, v\u0101cu, lietuvie\u0161u, igau\u0146u, zviedru, somu valod\u0101.<\/p>\n<p>Visdetaliz\u0113t\u0101k\u0101 Ukrainas karte ar nosaukumu r\u0101d\u012bt\u0101ju.<\/p>\n<p>Kart\u0113 dots detaliz\u0113ts ce\u013cu t\u012bkls un apdz\u012bvoto vietu nosaukumu r\u0101d\u012bt\u0101js, vietv\u0101rdi doti ori\u0123in\u0101lvalod\u0101s ar lat\u012b\u0146u burtiem. Nor\u0101d\u012bti att\u0101lumi starp apdz\u012bvotaj\u0101m viet\u0101m. Kart\u0113 bez autoce\u013ciem un apdz\u012bvotaj\u0101m viet\u0101m par\u0101d\u012btas ar\u012b dzelzce\u013ca l\u012bnijas, lidostas, robe\u017ep\u0101rejas punkti, administrat\u012bv\u0101s robe\u017eas, nacion\u0101lie parki, k\u0101 ar\u012b okup\u0113t\u0101s un anekt\u0113t\u0101s teritorijas un \u010cornobi\u013cas zona. Kart\u0113 att\u0113lota ar\u012b visa Moldovas teritorija.<\/p>\n<p>Karte tapusi sadarb\u012bb\u0101 ar Ukrainas kar\u0161u redaktoru.<\/p>","protected":false},"excerpt":{"rendered":"<p>2022. gada izdevums<br \/>\nM\u0113rogs: 1 : 2 000 000<br \/>\nIzm\u0113rs 66 x 46 cm \/ 11 x 23 cm (loc\u012bta)<br \/>\nCietais v\u0101ks<\/p>\n<p>EAN: 9789984077581<\/p>\n","protected":false},"featured_media":15094,"comment_status":"closed","ping_status":"closed","template":"","meta":[],"product_brand":[],"product_cat":[7,9],"product_tag":[],"class_list":{"0":"post-15086","1":"product","2":"type-product","3":"status-publish","4":"has-post-thumbnail","6":"product_cat-kartes-atlanti-celvezi","7":"product_cat-eiropas-kartes","9":"first","10":"instock","11":"taxable","12":"shipping-taxable","13":"purchasable","14":"product-type-simple"},"_links":{"self":[{"href":"https:\/\/www.kartes.lv\/lv\/wp-json\/wp\/v2\/product\/15086","targetHints":{"allow":["GET"]}}],"collection":[{"href":"https:\/\/www.kartes.lv\/lv\/wp-json\/wp\/v2\/product"}],"about":[{"href":"https:\/\/www.kartes.lv\/lv\/wp-json\/wp\/v2\/types\/product"}],"replies":[{"embeddable":true,"href":"https:\/\/www.kartes.lv\/lv\/wp-json\/wp\/v2\/comments?post=15086"}],"wp:featuredmedia":[{"embeddable":true,"href":"https:\/\/www.kartes.lv\/lv\/wp-json\/wp\/v2\/media\/15094"}],"wp:attachment":[{"href":"https:\/\/www.kartes.lv\/lv\/wp-json\/wp\/v2\/media?parent=15086"}],"wp:term":[{"taxonomy":"product_brand","embeddable":true,"href":"https:\/\/www.kartes.lv\/lv\/wp-json\/wp\/v2\/product_brand?post=15086"},{"taxonomy":"product_cat","embeddable":true,"href":"https:\/\/www.kartes.lv\/lv\/wp-json\/wp\/v2\/product_cat?post=15086"},{"taxonomy":"product_tag","embeddable":true,"href":"https:\/\/www.kartes.lv\/lv\/wp-json\/wp\/v2\/product_tag?post=15086"}],"curies":[{"name":"wp","href":"https:\/\/api.w.org\/{rel}","templated":true}]}}