{"id":15487,"date":"2022-09-12T09:52:30","date_gmt":"2022-09-12T06:52:30","guid":{"rendered":"https:\/\/www.kartes.lv\/?post_type=product&#038;p=15487"},"modified":"2026-02-02T12:19:00","modified_gmt":"2026-02-02T10:19:00","slug":"latvijas-administrativa-sienas-karte-2","status":"publish","type":"product","link":"https:\/\/www.kartes.lv\/lv\/product\/latvijas-administrativa-sienas-karte-2\/","title":{"rendered":"Latvijas administrat\u012bv\u0101 sienas karte. Lamin\u0113ta, ar l\u012bst\u0113m"},"content":{"rendered":"<p>Latvijas administrat\u012bv\u0101 sienas karte m\u0113rog\u0101 1:400 000. Taj\u0101 redzams jaunais administrat\u012bvais iedal\u012bjums \u2013 <strong>septi\u0146as valstspils\u0113tas, tr\u012bs valstspils\u0113tas ar novadiem un 32 novadi.<\/strong><\/p>\n<p>Karti papildina administrat\u012bv\u0101 iedal\u012bjuma tabula, Latvijas kult\u016brv\u0113sturisk\u0101 un 2021. gada administrat\u012bv\u0101 iedal\u012bjuma kartes, k\u0101 ar\u012b R\u012bgas teritori\u0101l\u0101 iedal\u012bjuma pl\u0101ns.<\/p>\n<p><strong>*<\/strong> Latvijas administrat\u012bvais iedal\u012bjums saska\u0146\u0101 ar 2021. gad\u0101 Saeim\u0101 pie\u0146emto Administrat\u012bvo teritoriju un apdz\u012bvoto vietu likumu un Satversmes tiesas l\u0113mumiem par administrat\u012bvi teritori\u0101lo reformu.<\/p>\n<p><!--StartFragment --><\/p>\n<p class=\"pf0\"><em><span class=\"cf0\">Ja v\u0113laties \u0161o karti cit\u0101 izm\u0113r\u0101 vai uz cita veida materi\u0101la (abpus\u0113ji lamin\u0113tu, uzdruk\u0101tu uz plastik\u0101ta, ier\u0101m\u0113tu), papildu inform\u0101cijai l\u016bdzam zvan\u012bt pa t\u0101lruni <\/span><strong><span class=\"cf1\">67317540<\/span><\/strong><span class=\"cf0\"><strong>\u00a0<\/strong>vai rakst\u012bt uz e-pastu:\u00a0<\/span><strong><span class=\"cf1\">kartes@kartes.lv<\/span><\/strong><span class=\"cf0\">.<\/span><\/em><!--EndFragment --><\/p>\n<div id=\"gtx-trans\"><\/div>\n<p><\/p>","protected":false},"excerpt":{"rendered":"<p>2025. gada izdevums<br \/>\n(Latvijas administrat\u012bvais iedal\u012bjums saska\u0146\u0101 ar 2021. gad\u0101 pie\u0146emto administrat\u012bvo iedal\u012bjumu)<\/p>\n<p>M\u0113rogs 1:400 000<br \/>\nIzdrukas izm\u0113rs 121,5 x 86,5 cm<\/p>\n<p>EAN: 9789984077253<\/p>\n<p>&nbsp;<\/p>\n<p>&nbsp;<\/p>\n","protected":false},"featured_media":21600,"comment_status":"closed","ping_status":"closed","template":"","meta":[],"product_brand":[],"product_cat":[13,113],"product_tag":[],"class_list":{"0":"post-15487","1":"product","2":"type-product","3":"status-publish","4":"has-post-thumbnail","6":"product_cat-sienas-kartes","7":"product_cat-skoleniem","8":"product_shipping_class-slug","10":"first","11":"instock","12":"taxable","13":"shipping-taxable","14":"purchasable","15":"product-type-simple"},"_links":{"self":[{"href":"https:\/\/www.kartes.lv\/lv\/wp-json\/wp\/v2\/product\/15487","targetHints":{"allow":["GET"]}}],"collection":[{"href":"https:\/\/www.kartes.lv\/lv\/wp-json\/wp\/v2\/product"}],"about":[{"href":"https:\/\/www.kartes.lv\/lv\/wp-json\/wp\/v2\/types\/product"}],"replies":[{"embeddable":true,"href":"https:\/\/www.kartes.lv\/lv\/wp-json\/wp\/v2\/comments?post=15487"}],"wp:featuredmedia":[{"embeddable":true,"href":"https:\/\/www.kartes.lv\/lv\/wp-json\/wp\/v2\/media\/21600"}],"wp:attachment":[{"href":"https:\/\/www.kartes.lv\/lv\/wp-json\/wp\/v2\/media?parent=15487"}],"wp:term":[{"taxonomy":"product_brand","embeddable":true,"href":"https:\/\/www.kartes.lv\/lv\/wp-json\/wp\/v2\/product_brand?post=15487"},{"taxonomy":"product_cat","embeddable":true,"href":"https:\/\/www.kartes.lv\/lv\/wp-json\/wp\/v2\/product_cat?post=15487"},{"taxonomy":"product_tag","embeddable":true,"href":"https:\/\/www.kartes.lv\/lv\/wp-json\/wp\/v2\/product_tag?post=15487"}],"curies":[{"name":"wp","href":"https:\/\/api.w.org\/{rel}","templated":true}]}}