{"id":15687,"date":"2022-11-04T11:23:26","date_gmt":"2022-11-04T09:23:26","guid":{"rendered":"https:\/\/www.kartes.lv\/?post_type=product&#038;p=15687"},"modified":"2026-04-13T09:56:18","modified_gmt":"2026-04-13T06:56:18","slug":"baltijas-valstis-autocelu-atlants-nocenots","status":"publish","type":"product","link":"https:\/\/www.kartes.lv\/lv\/product\/baltijas-valstis-autocelu-atlants-nocenots\/","title":{"rendered":"Baltijas valstis. Autoce\u013cu atlants (nocenots)"},"content":{"rendered":"<p>Baltijas valstu autoce\u013cu atlants. Atlants izdots liel\u0101k\u0101 form\u0101t\u0101 ar cieto v\u0101ku ies\u0113jumu.<\/p>\n<p>To papildina pils\u0113tu un to apk\u0101rtnes kartes m\u0113rog\u0101 1:20 000.<\/p>\n<p>Ce\u013cot\u0101jiem noder\u012bgi b\u016bs ar\u012b kart\u0113s atz\u012bm\u0113tie t\u016brisma objekti un apskates vietas.<\/p>\n<p>Kartes le\u0123enda pieejama latvie\u0161u, igau\u0146u, lietuvie\u0161u, ang\u013cu, v\u0101cu un krievu valod\u0101.<\/p>\n<p>&nbsp;<\/p>","protected":false},"excerpt":{"rendered":"<p><strong>Gr\u0101matas ar vizu\u0101liem defektiem!<\/strong><\/p>\n<p><span style=\"vertical-align: inherit\"><span style=\"vertical-align: inherit\"><span style=\"vertical-align: inherit\"><span style=\"vertical-align: inherit\">Izdots 2018. gad\u0101<\/span><\/span><\/span><\/span><br \/>\n<span style=\"vertical-align: inherit\"><span style=\"vertical-align: inherit\"><span style=\"vertical-align: inherit\"><span style=\"vertical-align: inherit\">M\u0113rogs 1: 200,000 <\/span><\/span><\/span><\/span><br \/>\n<span style=\"vertical-align: inherit\"><span style=\"vertical-align: inherit\"><span style=\"vertical-align: inherit\"><span style=\"vertical-align: inherit\">Pils\u0113tu pl\u0101nu m\u0113rogs 1:20 000 <\/span><\/span><\/span><\/span><br \/>\n<span style=\"vertical-align: inherit\"><span style=\"vertical-align: inherit\"><span style=\"vertical-align: inherit\"><span style=\"vertical-align: inherit\">Izm\u0113rs 21.5 x 30.6 cm <\/span><\/span><\/span><\/span><br \/>\n<span style=\"vertical-align: inherit\"><span style=\"vertical-align: inherit\"><span style=\"vertical-align: inherit\"><span style=\"vertical-align: inherit\">254 lpp<\/span><\/span><\/span><\/span><br \/>\n<span style=\"vertical-align: inherit\"><span style=\"vertical-align: inherit\"><span style=\"vertical-align: inherit\"><span style=\"vertical-align: inherit\">Cietie v\u0101ki<\/span><\/span><\/span><\/span><\/p>\n<p>EAN: 9789984077413<\/p>\n<p>&nbsp;<\/p>\n","protected":false},"featured_media":6519,"comment_status":"closed","ping_status":"closed","template":"","meta":[],"product_brand":[],"product_cat":[111],"product_tag":[],"class_list":{"0":"post-15687","1":"product","2":"type-product","3":"status-publish","4":"has-post-thumbnail","6":"product_cat-nocenots","8":"first","9":"instock","10":"sale","11":"taxable","12":"shipping-taxable","13":"purchasable","14":"product-type-simple"},"_links":{"self":[{"href":"https:\/\/www.kartes.lv\/lv\/wp-json\/wp\/v2\/product\/15687","targetHints":{"allow":["GET"]}}],"collection":[{"href":"https:\/\/www.kartes.lv\/lv\/wp-json\/wp\/v2\/product"}],"about":[{"href":"https:\/\/www.kartes.lv\/lv\/wp-json\/wp\/v2\/types\/product"}],"replies":[{"embeddable":true,"href":"https:\/\/www.kartes.lv\/lv\/wp-json\/wp\/v2\/comments?post=15687"}],"wp:featuredmedia":[{"embeddable":true,"href":"https:\/\/www.kartes.lv\/lv\/wp-json\/wp\/v2\/media\/6519"}],"wp:attachment":[{"href":"https:\/\/www.kartes.lv\/lv\/wp-json\/wp\/v2\/media?parent=15687"}],"wp:term":[{"taxonomy":"product_brand","embeddable":true,"href":"https:\/\/www.kartes.lv\/lv\/wp-json\/wp\/v2\/product_brand?post=15687"},{"taxonomy":"product_cat","embeddable":true,"href":"https:\/\/www.kartes.lv\/lv\/wp-json\/wp\/v2\/product_cat?post=15687"},{"taxonomy":"product_tag","embeddable":true,"href":"https:\/\/www.kartes.lv\/lv\/wp-json\/wp\/v2\/product_tag?post=15687"}],"curies":[{"name":"wp","href":"https:\/\/api.w.org\/{rel}","templated":true}]}}