{"id":15692,"date":"2022-11-04T11:29:18","date_gmt":"2022-11-04T09:29:18","guid":{"rendered":"https:\/\/www.kartes.lv\/?post_type=product&#038;p=15692"},"modified":"2026-04-05T05:27:14","modified_gmt":"2026-04-05T02:27:14","slug":"100-gadi-100-kartes-gramata-2","status":"publish","type":"product","link":"https:\/\/www.kartes.lv\/lv\/product\/100-gadi-100-kartes-gramata-2\/","title":{"rendered":"&#8221;100 gadi 100 kart\u0113s&#8221; gr\u0101mata"},"content":{"rendered":"<p>Gr\u0101mata \u201c100 gadi 100 kart\u0113s\u201d, kur\u0101 Latvijas valsts 100 gadu v\u0113sture atspogu\u013cota, izmantojot ori\u0123in\u0101lu inform\u0101cijas avotu \u2013 kartes, izdota sadarb\u012bb\u0101 ar Latvijas Nacion\u0101lo bibliot\u0113ku.<\/p>\n<p>Gr\u0101mata iepaz\u012bstina ar interesant\u0101kaj\u0101m, neparast\u0101kaj\u0101m un noz\u012bm\u012bg\u0101kaj\u0101m ar Latviju saist\u012btaj\u0101m kart\u0113m no 1918. gada l\u012bdz m\u016bsdien\u0101m. Kartes ir izk\u0101rtotas t\u0101, lai var\u0113tu izsekot m\u016bsu valsts likte\u0146gait\u0101m no visda\u017e\u0101d\u0101kajiem skatupunktiem 100 gadu garum\u0101. Katram gadam izv\u0113l\u0113to karti papildina neliels st\u0101sts un fotogr\u0101fijas, kas \u013caus paraudz\u012bties uz konkr\u0113to v\u0113stures posmu no da\u017e\u0101d\u0101m \u0161\u0137autn\u0113m, sasaistot v\u0113sturiskus notikumus ar to atspogu\u013cojumu kart\u0113s.<\/p>\n<p>\u0160aj\u0101 izdevum\u0101 ir iek\u013cauti p\u0101rsvar\u0101 Latvijas Nacion\u0101l\u0101s bibliot\u0113kas kr\u0101jumos eso\u0161ie iespiestie kartogr\u0101fiskie izdevumi. Gr\u0101mat\u0101 ir iek\u013cautas kartes, kas iespiestas gan Latvij\u0101, gan aiz t\u0101s robe\u017e\u0101m austrumos un rietumos, t\u0101s ir izdotas latvie\u0161u, v\u0101cu, krievu un ang\u013cu valod\u0101. Kartes ir izdevu\u0161i visi okup\u0101cijas re\u017e\u012bmi, k\u0101 ar\u012b m\u016bsu tautie\u0161i trimd\u0101. T\u0101 ir \u013coti daudzveid\u012bga izlase, kur\u0101 iek\u013cautas visda\u017e\u0101d\u0101ko m\u0113rogu tematisk\u0101s kartes, ar\u012b topogr\u0101fisk\u0101s kartes un pils\u0113tu pl\u0101ni.<\/p>\n<p>Izdevuma \u201c100 gadi 100 kart\u0113s\u201d kolekcija br\u012bni\u0161\u0137\u012bgi atspogu\u013co Latvijas v\u0113sturi gadsimtu kol\u012bzij\u0101s. Kaut vai visiem zin\u0101m\u0101s administrat\u012bvi teritori\u0101l\u0101s izmai\u0146as. \u013boti b\u016btiska un sevi\u0161\u0137i s\u0101p\u012bga 20. gadsimta t\u0113ma \u2013 Latvijas robe\u017ea, okup\u0101cijas un to sekas. Da\u017e\u0101du laiku un varu armijas kartes ir karu, ar\u012b aukst\u0101 kara, liecinieces. Ir kartes, kuru \u0123eogr\u0101fija sniedzas t\u0101lu aiz Latvijas robe\u017e\u0101m, bet v\u0113st\u012b par latvie\u0161u likte\u0146iem. Citas r\u0101da Latviju kontekstos \u2013 Baltij\u0101, PSRS, Eirop\u0101 u.c. Kartes un pl\u0101ni dod ieskatu saimniec\u012bbas, demogr\u0101fijas, soci\u0101laj\u0101s, kult\u016bras un pat sporta noris\u0113s. \u012apa\u0161i daudz kar\u0161u ir saist\u012btas ar t\u016brismu. Piem\u0113ram, 1937. gad\u0101 izdot\u0101 karte \u201cApce\u013co savu dzimto zemi\u201d ir izgl\u012btojo\u0161a un sav\u0101 laik\u0101 bija \u012bsts \u201cbestsellers\u201d. Noz\u012bm\u012bga gr\u0101matas kar\u0161u kr\u0101juma da\u013ca ir pils\u0113tu, jo \u012bpa\u0161i R\u012bgas, pl\u0101ni. Sabiedrisk\u0101 transporta kartes ilustr\u0113 satiksmes v\u0113sturi. Kolekcij\u0101 ir iek\u013cautas kartes, kas v\u0113sta par aktu\u0101lo, un kartes, kas izgaismo procesus v\u0113sturisk\u0101 retrospekcij\u0101.<\/p>","protected":false},"excerpt":{"rendered":"<p>2018. gada izdevums<br \/>\nIzm\u0113rs 24 x 28 cm<br \/>\n207 lpp.<br \/>\nCieto v\u0101ku ies\u0113jums<br \/>\nGr\u0101matas sast\u0101d\u012bt\u0101js un teksta autors J\u0101nis Barbans<br \/>\nRedaktori: Ilze Ant\u0113na, Mareks Kilups, J\u0101nis Turlajs, Anda Juta Z\u0101l\u012bte<br \/>\nM\u0101ksliniece L\u012bga Dubrovska<\/p>\n<p>EAN: 9789984077468<\/p>\n","protected":false},"featured_media":8017,"comment_status":"closed","ping_status":"closed","template":"","meta":[],"product_brand":[],"product_cat":[132],"product_tag":[],"class_list":{"0":"post-15692","1":"product","2":"type-product","3":"status-publish","4":"has-post-thumbnail","6":"product_cat-pedejie-eksemplari","8":"first","9":"outofstock","10":"sale","11":"featured","12":"taxable","13":"shipping-taxable","14":"purchasable","15":"product-type-simple"},"_links":{"self":[{"href":"https:\/\/www.kartes.lv\/lv\/wp-json\/wp\/v2\/product\/15692","targetHints":{"allow":["GET"]}}],"collection":[{"href":"https:\/\/www.kartes.lv\/lv\/wp-json\/wp\/v2\/product"}],"about":[{"href":"https:\/\/www.kartes.lv\/lv\/wp-json\/wp\/v2\/types\/product"}],"replies":[{"embeddable":true,"href":"https:\/\/www.kartes.lv\/lv\/wp-json\/wp\/v2\/comments?post=15692"}],"wp:featuredmedia":[{"embeddable":true,"href":"https:\/\/www.kartes.lv\/lv\/wp-json\/wp\/v2\/media\/8017"}],"wp:attachment":[{"href":"https:\/\/www.kartes.lv\/lv\/wp-json\/wp\/v2\/media?parent=15692"}],"wp:term":[{"taxonomy":"product_brand","embeddable":true,"href":"https:\/\/www.kartes.lv\/lv\/wp-json\/wp\/v2\/product_brand?post=15692"},{"taxonomy":"product_cat","embeddable":true,"href":"https:\/\/www.kartes.lv\/lv\/wp-json\/wp\/v2\/product_cat?post=15692"},{"taxonomy":"product_tag","embeddable":true,"href":"https:\/\/www.kartes.lv\/lv\/wp-json\/wp\/v2\/product_tag?post=15692"}],"curies":[{"name":"wp","href":"https:\/\/api.w.org\/{rel}","templated":true}]}}