{"id":15714,"date":"2022-11-04T12:00:33","date_gmt":"2022-11-04T10:00:33","guid":{"rendered":"https:\/\/www.kartes.lv\/?post_type=product&#038;p=15714"},"modified":"2026-03-09T06:50:50","modified_gmt":"2026-03-09T04:50:50","slug":"kasamkarte-latvija-vis-vis-vietas-nocenots","status":"publish","type":"product","link":"https:\/\/www.kartes.lv\/lv\/product\/kasamkarte-latvija-vis-vis-vietas-nocenots\/","title":{"rendered":"Kas\u0101mkarte &#8220;Latvija. Vis-vis-vietas&#8221; (nocenots)"},"content":{"rendered":"<p>Visliel\u0101kais, vismaz\u0101kais, visvec\u0101kais, visaugst\u0101kais, vist\u0101l\u0101kais&#8230;<br \/>\nLatvija ir bag\u0101ta ar viet\u0101m, kas ir p\u0101r\u0101kas par cit\u0101m.<br \/>\nNokasi t\u0101s kart\u0113 un\/vai atkl\u0101j ce\u013cojum\u0101 \u2013 ar\u012b iespaidi b\u016bs p\u0101r\u0101kie!<\/p>\n<p>Kas\u0101mkarte iepakota \u012bpa\u0161\u0101 dizaina kartona tubus\u0101, ko lieliski var izmantot ar\u012b k\u0101 d\u0101vanu.<\/p>","protected":false},"excerpt":{"rendered":"<p><strong>Kas\u0101mkarte ar vizu\u0101lu defektu uz tubusa!<\/strong><\/p>\n<p>Kartes izm\u0113rs 70 x 49 cm<br \/>\nTubusa izm\u0113rs 54,5 cm x 7 cm (diametrs)<br \/>\nIlustr\u0101cijas: Rute Marta Jansone<\/p>\n<p>EAN: 9789984077536<\/p>\n","protected":false},"featured_media":12499,"comment_status":"closed","ping_status":"closed","template":"","meta":[],"product_brand":[],"product_cat":[111],"product_tag":[],"class_list":{"0":"post-15714","1":"product","2":"type-product","3":"status-publish","4":"has-post-thumbnail","6":"product_cat-nocenots","8":"first","9":"outofstock","10":"sale","11":"taxable","12":"shipping-taxable","13":"purchasable","14":"product-type-simple"},"_links":{"self":[{"href":"https:\/\/www.kartes.lv\/lv\/wp-json\/wp\/v2\/product\/15714","targetHints":{"allow":["GET"]}}],"collection":[{"href":"https:\/\/www.kartes.lv\/lv\/wp-json\/wp\/v2\/product"}],"about":[{"href":"https:\/\/www.kartes.lv\/lv\/wp-json\/wp\/v2\/types\/product"}],"replies":[{"embeddable":true,"href":"https:\/\/www.kartes.lv\/lv\/wp-json\/wp\/v2\/comments?post=15714"}],"wp:featuredmedia":[{"embeddable":true,"href":"https:\/\/www.kartes.lv\/lv\/wp-json\/wp\/v2\/media\/12499"}],"wp:attachment":[{"href":"https:\/\/www.kartes.lv\/lv\/wp-json\/wp\/v2\/media?parent=15714"}],"wp:term":[{"taxonomy":"product_brand","embeddable":true,"href":"https:\/\/www.kartes.lv\/lv\/wp-json\/wp\/v2\/product_brand?post=15714"},{"taxonomy":"product_cat","embeddable":true,"href":"https:\/\/www.kartes.lv\/lv\/wp-json\/wp\/v2\/product_cat?post=15714"},{"taxonomy":"product_tag","embeddable":true,"href":"https:\/\/www.kartes.lv\/lv\/wp-json\/wp\/v2\/product_tag?post=15714"}],"curies":[{"name":"wp","href":"https:\/\/api.w.org\/{rel}","templated":true}]}}