{"id":15793,"date":"2022-11-17T10:33:44","date_gmt":"2022-11-17T08:33:44","guid":{"rendered":"https:\/\/www.kartes.lv\/?post_type=product&#038;p=15793"},"modified":"2026-02-27T12:04:17","modified_gmt":"2026-02-27T10:04:17","slug":"atlants-ilustrets-celojums-pa-valstim-juram-un-pasaules-kulturam-nocenots","status":"publish","type":"product","link":"https:\/\/www.kartes.lv\/lv\/product\/atlants-ilustrets-celojums-pa-valstim-juram-un-pasaules-kulturam-nocenots\/","title":{"rendered":"Atlants. Ilustr\u0113ts ce\u013cojums pa valst\u012bm, j\u016br\u0101m un pasaules kult\u016br\u0101m (nocenots)"},"content":{"rendered":"<p>\u0160\u012b gr\u0101mata aizved\u012bs nebiju\u0161\u0101 ce\u013cojum\u0101 apk\u0101rt pasaulei. Var\u0113siet iepaz\u012bties ar Islandes geizeriem, karav\u0101n\u0101m \u0112\u0123iptes tuksnes\u012b un maiju pils\u0113tu Meksik\u0101. Lielbrit\u0101nij\u0101 uzsp\u0113l\u0113siet kriketu, Indij\u0101 nodarbosieties ar jogu, bet \u0136\u012bn\u0101 nogar\u0161osiet simtgad\u012bgas olas. Austr\u0101lij\u0101 p\u0101rsteigs p\u012b\u013ckn\u0101bis, Somij\u0101 \u2013 pol\u0101r\u0101 nakts, bet Madagaskar\u0101 \u2013 milz\u012bgs baobabs. Cauri 55 milz\u012bgaj\u0101m kart\u0113m, kuras papildina neskait\u0101mas ilustr\u0101cijas, apce\u013cosiet 46 valstis 6 kontinentos. Atkl\u0101jiet pasaules interesant\u0101kos nost\u016brus un priec\u0101jieties par t\u0101s da\u017e\u0101d\u012bbu!<\/p>\n<p>Gr\u0101matas autori ir m\u0101kslinieku p\u0101ris Aleksandra un Daniels Mizeli\u0146ski no Polijas, kuru rado\u0161o darb\u012bbu raksturo \u012bpa\u0161a pieeja b\u0113rnu gr\u0101matu rad\u012b\u0161an\u0101. Enciklop\u0113diski prec\u012bza inform\u0101cija tiek att\u0113lota deta\u013c\u0101m bag\u0101tos, izt\u0113li raiso\u0161os z\u012bm\u0113jumos. M\u0101kslinieki ir autori neskait\u0101m\u0101m ilustr\u0113t\u0101m b\u0113rnu gr\u0101mat\u0101m, kas sa\u0146\u0113mu\u0161as starptautisku atzin\u012bbu un nov\u0113rt\u0113jumu.<\/p>\n<p>Pie gr\u0101matas \u201cAtlants. Ilustr\u0113ts ce\u013cojums pa valst\u012bm, j\u016br\u0101m un pasaules kult\u016br\u0101m\u201d pirm\u0101 izdevuma po\u013cu valod\u0101 m\u0101kslinieki str\u0101d\u0101ja 3 gadus, r\u016bp\u012bgi v\u0101cot un p\u0101rbaudot inform\u0101ciju, un p\u0113c tam to att\u0113lojot sev vien rakstur\u012bgaj\u0101 rokrakst\u0101. L\u012bdz \u0161im izdevums tulkots 32 valod\u0101s un pasaul\u0113 izdots 3 miljonos eksempl\u0101ru. Tas sa\u0146\u0113mis presti\u017eus starptautiskus apbalvojumus b\u0113rnu gr\u0101matu un izgl\u012btojo\u0161o izdevumu nomin\u0101cij\u0101s Polij\u0101, Lielbrit\u0101nij\u0101, Francij\u0101, It\u0101lij\u0101 un V\u0101cij\u0101.<\/p>\n<p>Atlanta vizu\u0101lo inform\u0101ciju papildina \u0123eogr\u0101fiski prec\u012bza inform\u0101cija par valstu galvaspils\u0113t\u0101m, ofici\u0101laj\u0101m valod\u0101m un iedz\u012bvot\u0101ju skaitu, ko r\u016bp\u012bgi p\u0101rbaud\u012bju\u0161i un aktualiz\u0113ju\u0161i J\u0101\u0146a s\u0113tas redaktori.<\/p>\n<p>Izdevuma public\u0113\u0161anu latvie\u0161u valod\u0101 atbalsta \u00a9POLAND tulko\u0161anas programma.<\/p>","protected":false},"excerpt":{"rendered":"<p><strong>Gr\u0101matas ar vizu\u0101liem defektiem!<\/strong><\/p>\n<p>2021. gada izdevums<br \/>\nIzm\u0113rs: 37.6 cm x 27.1 cm<br \/>\nSvars: 1.310 g<br \/>\n116 lpp.<br \/>\nCietie v\u0101ki<br \/>\nAutori: Aleksandra Mize\u013cinska, Daniels Mize\u013cinskis<\/p>\n<p>ISBN: 9789984077314<\/p>\n","protected":false},"featured_media":5987,"comment_status":"closed","ping_status":"closed","template":"","meta":[],"product_brand":[],"product_cat":[111],"product_tag":[],"class_list":{"0":"post-15793","1":"product","2":"type-product","3":"status-publish","4":"has-post-thumbnail","6":"product_cat-nocenots","8":"first","9":"instock","10":"sale","11":"featured","12":"taxable","13":"shipping-taxable","14":"purchasable","15":"product-type-simple"},"_links":{"self":[{"href":"https:\/\/www.kartes.lv\/lv\/wp-json\/wp\/v2\/product\/15793","targetHints":{"allow":["GET"]}}],"collection":[{"href":"https:\/\/www.kartes.lv\/lv\/wp-json\/wp\/v2\/product"}],"about":[{"href":"https:\/\/www.kartes.lv\/lv\/wp-json\/wp\/v2\/types\/product"}],"replies":[{"embeddable":true,"href":"https:\/\/www.kartes.lv\/lv\/wp-json\/wp\/v2\/comments?post=15793"}],"wp:featuredmedia":[{"embeddable":true,"href":"https:\/\/www.kartes.lv\/lv\/wp-json\/wp\/v2\/media\/5987"}],"wp:attachment":[{"href":"https:\/\/www.kartes.lv\/lv\/wp-json\/wp\/v2\/media?parent=15793"}],"wp:term":[{"taxonomy":"product_brand","embeddable":true,"href":"https:\/\/www.kartes.lv\/lv\/wp-json\/wp\/v2\/product_brand?post=15793"},{"taxonomy":"product_cat","embeddable":true,"href":"https:\/\/www.kartes.lv\/lv\/wp-json\/wp\/v2\/product_cat?post=15793"},{"taxonomy":"product_tag","embeddable":true,"href":"https:\/\/www.kartes.lv\/lv\/wp-json\/wp\/v2\/product_tag?post=15793"}],"curies":[{"name":"wp","href":"https:\/\/api.w.org\/{rel}","templated":true}]}}