{"id":15924,"date":"2022-12-06T14:30:50","date_gmt":"2022-12-06T12:30:50","guid":{"rendered":"https:\/\/www.kartes.lv\/?post_type=product&#038;p=15924"},"modified":"2025-08-01T15:58:07","modified_gmt":"2025-08-01T12:58:07","slug":"enciklopedijas-muizas-latvija-5-sejums","status":"publish","type":"product","link":"https:\/\/www.kartes.lv\/lv\/product\/enciklopedijas-muizas-latvija-5-sejums\/","title":{"rendered":"Mui\u017eas Latvij\u0101. 5. s\u0113jums. Enciklop\u0113dija"},"content":{"rendered":"<p><\/p>\n<div>\n<p><span lang=\"lv-LV\">Autora m\u0113r\u0137is ir piecu se\u0304jumu enciklope\u0304dija\u0304, apkopojot muiz\u030cu izpe\u0304tes materia\u0304lu arhi\u0304vu un fotofiksa\u0304ciju, koncentre\u0304ta\u0304 veida\u0304 atspogul\u0327ojis 572 Latvijas muiz\u030cu ve\u0304sturi, arhitektu\u0304ru un ma\u0304kslu.<\/span><\/p>\n<p><span lang=\"lv-LV\">Piektais enciklope\u0304dijas se\u0304jums aptver 83 muiz\u030cas alfabe\u0304tiska\u0304 seci\u0304ba\u0304 no T li\u0304dz Z. Vispirms tiek dota muiz\u030cas atras\u030cana\u0304s vieta un ekonomiskais raksturojums, tad i\u0304sa i\u0304pas\u030cnieku ve\u0304sture, akcente\u0304jot muiz\u030cas pirmsa\u0304kumus un beigas. Seko kungu ma\u0304jas vai pils bu\u0304vve\u0304sture un saimnieciska\u0304s apbu\u0304ves ansambl\u0327a un parka raksturojums. <\/span><span lang=\"lv-LV\">Enciklope\u0304dija\u0304 atte\u0304lu identifice\u0304s\u030canai lietota latvies\u030cu un va\u0304cu valoda. Izdevuma beiga\u0304s apkopoti atte\u0304lu parakstos lietotie sai\u0304sina\u0304jumi, izmantotie avoti un literatu\u0304ra.<\/span><\/p>\n<p><span lang=\"lv-LV\">Enciklop\u0113dij\u0101 izveidots ievietoto visu mui\u017eu (A-Z) r\u0101d\u012bt\u0101js no visiem s\u0113jumiem. <\/span><span lang=\"lv-LV\">Enciklop\u0113dijas &#8220;Mui\u017eas Latvij\u0101&#8221; 5. s\u0113jum\u0101 saglab\u0101ts Latvijas administrat\u012bvi teritori\u0101lais iedal\u012bjums, k\u0101ds bija l\u012bdz 2021. gadam. <\/span><\/p>\n<p><span lang=\"lv-LV\"><strong>Jaunums:<\/strong> Enciklop\u0113dij\u0101 ievietota iz\u0146emama karte kur\u0101 par\u0101d\u012btas visas 572 mui\u017eas no pieciem s\u0113jumiem.<\/span><\/p>\n<\/div>\n<div>Fotogr\u0101fs un kult\u016bras pieminek\u013cu p\u0113tnieks Vitolds Ma\u0161novskis veicis ap 1200 Latvijas mui\u017eu kompleksu dokument\u0101lu fotofiks\u0101ciju un izp\u0113ti. Enciklop\u0113dijas \u201cMui\u017eas Latvij\u0101\u201d vair\u0101ku s\u0113jumu izdevums, rad\u012bts k\u0101 velt\u012bjums Latvijas valsts simtgadei, l\u012bdz ar to tie\u0161i lielaj\u0101 jubilejas gad\u0101 t\u0101s pirmais s\u0113jums ieguva redzamu, taust\u0101mu formu.<\/div>\n<p><\/p>","protected":false},"excerpt":{"rendered":"<div>Enciklop\u0113dijas 5. da\u013ca T-Z<\/div>\n<div><\/div>\n<div>2022. gada izdevums<\/div>\n<div>Izm\u0113rs: 30.6 cm x 22.5 cm<\/div>\n<div>Svars: 1.880 g<\/div>\n<div>288 lpp.<\/div>\n<div>Cietie v\u0101ki<\/div>\n<div>Izdev\u0113js: DUE SIA<\/div>\n<div>Autors: Vitolds Ma\u0161novskis<\/div>\n<div>\n<p>EAN: 9789934899928<\/p>\n<\/div>\n<div id=\"gtx-trans\"><\/div>\n","protected":false},"featured_media":15925,"comment_status":"closed","ping_status":"closed","template":"","meta":[],"product_brand":[],"product_cat":[12,86],"product_tag":[],"class_list":{"0":"post-15924","1":"product","2":"type-product","3":"status-publish","4":"has-post-thumbnail","6":"product_cat-gramatas","7":"product_cat-davanas","9":"first","10":"instock","11":"taxable","12":"shipping-taxable","13":"purchasable","14":"product-type-simple"},"_links":{"self":[{"href":"https:\/\/www.kartes.lv\/lv\/wp-json\/wp\/v2\/product\/15924","targetHints":{"allow":["GET"]}}],"collection":[{"href":"https:\/\/www.kartes.lv\/lv\/wp-json\/wp\/v2\/product"}],"about":[{"href":"https:\/\/www.kartes.lv\/lv\/wp-json\/wp\/v2\/types\/product"}],"replies":[{"embeddable":true,"href":"https:\/\/www.kartes.lv\/lv\/wp-json\/wp\/v2\/comments?post=15924"}],"wp:featuredmedia":[{"embeddable":true,"href":"https:\/\/www.kartes.lv\/lv\/wp-json\/wp\/v2\/media\/15925"}],"wp:attachment":[{"href":"https:\/\/www.kartes.lv\/lv\/wp-json\/wp\/v2\/media?parent=15924"}],"wp:term":[{"taxonomy":"product_brand","embeddable":true,"href":"https:\/\/www.kartes.lv\/lv\/wp-json\/wp\/v2\/product_brand?post=15924"},{"taxonomy":"product_cat","embeddable":true,"href":"https:\/\/www.kartes.lv\/lv\/wp-json\/wp\/v2\/product_cat?post=15924"},{"taxonomy":"product_tag","embeddable":true,"href":"https:\/\/www.kartes.lv\/lv\/wp-json\/wp\/v2\/product_tag?post=15924"}],"curies":[{"name":"wp","href":"https:\/\/api.w.org\/{rel}","templated":true}]}}