{"id":16359,"date":"2023-04-04T10:01:19","date_gmt":"2023-04-04T07:01:19","guid":{"rendered":"https:\/\/www.kartes.lv\/?post_type=product&#038;p=16359"},"modified":"2026-03-05T11:17:55","modified_gmt":"2026-03-05T09:17:55","slug":"komplekts-tematiskie-uzdevumi-celu-satiksmes-noteikumos-un-celu-satiksmes-noteikumi","status":"publish","type":"product","link":"https:\/\/www.kartes.lv\/lv\/product\/komplekts-tematiskie-uzdevumi-celu-satiksmes-noteikumos-un-celu-satiksmes-noteikumi\/","title":{"rendered":"Komplekts: &#8220;Tematiskie uzdevumi ce\u013cu satiksmes noteikumos&#8221; un &#8220;Ce\u013cu satiksmes noteikumi&#8221;"},"content":{"rendered":"<p>\u0160o gr\u0101matu komplekts pal\u012bdz\u0113s apg\u016bt ce\u013cu satiksmes noteikumus un attiec\u012bgi nostiprin\u0101t jaunieg\u016bt\u0101s zin\u0101\u0161anas sevi p\u0101rbaudot gr\u0101mat\u0101 &#8220;Tematiskie uzdevumi ce\u013cu satiksmes noteikumos&#8221;.<\/p>\n<p>Atsevi\u0161\u0137\u0101 gr\u0101mat\u0101 apkopotas visas Latvij\u0101 izmantot\u0101s ce\u013cu z\u012bmes un apz\u012bm\u0113jumi.<\/p>\n<p><strong>Komplekt\u0101 ietilpst:<\/strong><\/p>\n<ul>\n<li>Tematiskie uzdevumi ce\u013cu satiksmes noteikumos;<\/li>\n<li>Ce\u013cu satiksmes likums un noteikumi, ce\u013cu z\u012bmes un apz\u012bm\u0113jumi.<\/li>\n<\/ul>\n<p><\/p>","protected":false},"excerpt":{"rendered":"<p><strong>Komplekt\u0101 ietilpst 2 gr\u0101matas:<\/strong><\/p>\n<ul>\n<li style=\"list-style-type: none;\">\n<ul>\n<li>Tematiskie uzdevumi ce\u013cu satiksmes noteikumos;<\/li>\n<li>Ce\u013cu satiksmes likums un noteikumi, ce\u013ca z\u012bmes un apz\u012bm\u0113jumi.<\/li>\n<\/ul>\n<\/li>\n<\/ul>\n","protected":false},"featured_media":30325,"comment_status":"closed","ping_status":"closed","template":"","meta":[],"product_brand":[],"product_cat":[14,86],"product_tag":[],"class_list":{"0":"post-16359","1":"product","2":"type-product","3":"status-publish","4":"has-post-thumbnail","6":"product_cat-izglitojosie-izdevumi","7":"product_cat-davanas","9":"first","10":"instock","11":"taxable","12":"shipping-taxable","13":"purchasable","14":"product-type-simple"},"_links":{"self":[{"href":"https:\/\/www.kartes.lv\/lv\/wp-json\/wp\/v2\/product\/16359","targetHints":{"allow":["GET"]}}],"collection":[{"href":"https:\/\/www.kartes.lv\/lv\/wp-json\/wp\/v2\/product"}],"about":[{"href":"https:\/\/www.kartes.lv\/lv\/wp-json\/wp\/v2\/types\/product"}],"replies":[{"embeddable":true,"href":"https:\/\/www.kartes.lv\/lv\/wp-json\/wp\/v2\/comments?post=16359"}],"wp:featuredmedia":[{"embeddable":true,"href":"https:\/\/www.kartes.lv\/lv\/wp-json\/wp\/v2\/media\/30325"}],"wp:attachment":[{"href":"https:\/\/www.kartes.lv\/lv\/wp-json\/wp\/v2\/media?parent=16359"}],"wp:term":[{"taxonomy":"product_brand","embeddable":true,"href":"https:\/\/www.kartes.lv\/lv\/wp-json\/wp\/v2\/product_brand?post=16359"},{"taxonomy":"product_cat","embeddable":true,"href":"https:\/\/www.kartes.lv\/lv\/wp-json\/wp\/v2\/product_cat?post=16359"},{"taxonomy":"product_tag","embeddable":true,"href":"https:\/\/www.kartes.lv\/lv\/wp-json\/wp\/v2\/product_tag?post=16359"}],"curies":[{"name":"wp","href":"https:\/\/api.w.org\/{rel}","templated":true}]}}