{"id":16529,"date":"2023-05-29T09:01:43","date_gmt":"2023-05-29T06:01:43","guid":{"rendered":"https:\/\/www.kartes.lv\/?post_type=product&#038;p=16529"},"modified":"2026-02-02T11:14:36","modified_gmt":"2026-02-02T09:14:36","slug":"book-200-flags-of-the-world","status":"publish","type":"product","link":"https:\/\/www.kartes.lv\/lv\/product\/book-200-flags-of-the-world\/","title":{"rendered":"200 karogi vis\u0101 pasaul\u0113 (lietuvie\u0161u valod\u0101)"},"content":{"rendered":"<p>Gr\u0101matu veido 200 kart\u012btes, kuras var izpl\u0113st un izmantot da\u017e\u0101d\u0101s izgl\u012btojo\u0161\u0101s sp\u0113l\u0113s. Katras kart\u012btes vien\u0101 pus\u0113 ir valsts karogs, bet otr\u0101 \u2013 inform\u0101cija par valsts plat\u012bbu, iedz\u012bvot\u0101ju skaitu, galvaspils\u0113tu, val\u016btu, valsts valodu, v\u0113sturi un karog\u0101 att\u0113lotajiem simboliem.<\/p>\n<p>Gr\u0101matu papildina kr\u0101sains plak\u0101ts un karogu uzl\u012bmes, kuras var iel\u012bm\u0113t plak\u0101t\u0101.<\/p>\n<p>\u201c200 karogi vis\u0101 pasaul\u0113\u201d iepriecin\u0101s gan b\u0113rnus, gan pieaugu\u0161os, \u013caujot lab\u0101k iepaz\u012bt pla\u0161o un daudzveid\u012bgo pasauli.<\/p>","protected":false},"excerpt":{"rendered":"<p><strong>Lietuvie\u0161u valod\u0101<\/strong><\/p>\n<p>2023.gada izdevums<\/p>\n<p>&nbsp;<\/p>\n","protected":false},"featured_media":16534,"comment_status":"closed","ping_status":"closed","template":"","meta":[],"product_brand":[],"product_cat":[12,14],"product_tag":[],"class_list":{"0":"post-16529","1":"product","2":"type-product","3":"status-publish","4":"has-post-thumbnail","6":"product_cat-gramatas","7":"product_cat-izglitojosie-izdevumi","8":"product_shipping_class-free-shipping","10":"first","11":"instock","12":"taxable","13":"shipping-taxable","14":"purchasable","15":"product-type-simple"},"_links":{"self":[{"href":"https:\/\/www.kartes.lv\/lv\/wp-json\/wp\/v2\/product\/16529","targetHints":{"allow":["GET"]}}],"collection":[{"href":"https:\/\/www.kartes.lv\/lv\/wp-json\/wp\/v2\/product"}],"about":[{"href":"https:\/\/www.kartes.lv\/lv\/wp-json\/wp\/v2\/types\/product"}],"replies":[{"embeddable":true,"href":"https:\/\/www.kartes.lv\/lv\/wp-json\/wp\/v2\/comments?post=16529"}],"wp:featuredmedia":[{"embeddable":true,"href":"https:\/\/www.kartes.lv\/lv\/wp-json\/wp\/v2\/media\/16534"}],"wp:attachment":[{"href":"https:\/\/www.kartes.lv\/lv\/wp-json\/wp\/v2\/media?parent=16529"}],"wp:term":[{"taxonomy":"product_brand","embeddable":true,"href":"https:\/\/www.kartes.lv\/lv\/wp-json\/wp\/v2\/product_brand?post=16529"},{"taxonomy":"product_cat","embeddable":true,"href":"https:\/\/www.kartes.lv\/lv\/wp-json\/wp\/v2\/product_cat?post=16529"},{"taxonomy":"product_tag","embeddable":true,"href":"https:\/\/www.kartes.lv\/lv\/wp-json\/wp\/v2\/product_tag?post=16529"}],"curies":[{"name":"wp","href":"https:\/\/api.w.org\/{rel}","templated":true}]}}