{"id":16753,"date":"2023-07-20T11:34:34","date_gmt":"2023-07-20T08:34:34","guid":{"rendered":"https:\/\/www.kartes.lv\/?post_type=product&#038;p=16753"},"modified":"2026-04-13T09:44:27","modified_gmt":"2026-04-13T06:44:27","slug":"cesu-novads-karte","status":"publish","type":"product","link":"https:\/\/www.kartes.lv\/lv\/product\/cesu-novads-karte\/","title":{"rendered":"C\u0113su novads"},"content":{"rendered":"<p>Atjaunot\u0101s novadu kar\u0161u s\u0113rijas izdevums.<\/p>\n<p>Kart\u0113 iek\u013cauta jaun\u0101k\u0101 kartogr\u0101fisk\u0101 inform\u0101cija par novadu un detaliz\u0113ts C\u0113su pils\u0113tas pl\u0101ns.<\/p>\n<p>&nbsp;<\/p>\n<p>&nbsp;<\/p>","protected":false},"excerpt":{"rendered":"<p>S\u0113rija &#8220;Latvijas novadi&#8221;<\/p>\n<p>2023. gada izdevums<br \/>\nNovada m\u0113rogs 1:100 000\/ C\u0113su pils\u0113tas m\u0113rogs 1:20 000<\/p>\n<p>EAN: 9789984077680<\/p>\n","protected":false},"featured_media":16772,"comment_status":"closed","ping_status":"closed","template":"","meta":[],"product_brand":[],"product_cat":[7,10],"product_tag":[],"class_list":{"0":"post-16753","1":"product","2":"type-product","3":"status-publish","4":"has-post-thumbnail","6":"product_cat-kartes-atlanti-celvezi","7":"product_cat-celu-kartes-atlanti","8":"product_shipping_class-500g-slug","10":"first","11":"instock","12":"taxable","13":"shipping-taxable","14":"purchasable","15":"product-type-simple"},"_links":{"self":[{"href":"https:\/\/www.kartes.lv\/lv\/wp-json\/wp\/v2\/product\/16753","targetHints":{"allow":["GET"]}}],"collection":[{"href":"https:\/\/www.kartes.lv\/lv\/wp-json\/wp\/v2\/product"}],"about":[{"href":"https:\/\/www.kartes.lv\/lv\/wp-json\/wp\/v2\/types\/product"}],"replies":[{"embeddable":true,"href":"https:\/\/www.kartes.lv\/lv\/wp-json\/wp\/v2\/comments?post=16753"}],"wp:featuredmedia":[{"embeddable":true,"href":"https:\/\/www.kartes.lv\/lv\/wp-json\/wp\/v2\/media\/16772"}],"wp:attachment":[{"href":"https:\/\/www.kartes.lv\/lv\/wp-json\/wp\/v2\/media?parent=16753"}],"wp:term":[{"taxonomy":"product_brand","embeddable":true,"href":"https:\/\/www.kartes.lv\/lv\/wp-json\/wp\/v2\/product_brand?post=16753"},{"taxonomy":"product_cat","embeddable":true,"href":"https:\/\/www.kartes.lv\/lv\/wp-json\/wp\/v2\/product_cat?post=16753"},{"taxonomy":"product_tag","embeddable":true,"href":"https:\/\/www.kartes.lv\/lv\/wp-json\/wp\/v2\/product_tag?post=16753"}],"curies":[{"name":"wp","href":"https:\/\/api.w.org\/{rel}","templated":true}]}}