{"id":16844,"date":"2023-08-16T09:39:21","date_gmt":"2023-08-16T06:39:21","guid":{"rendered":"https:\/\/www.kartes.lv\/?post_type=product&#038;p=16844"},"modified":"2026-03-24T20:38:57","modified_gmt":"2026-03-24T18:38:57","slug":"lielais-pasaules-atlants-nocenots","status":"publish","type":"product","link":"https:\/\/www.kartes.lv\/lv\/product\/lielais-pasaules-atlants-nocenots\/","title":{"rendered":"Lielais pasaules atlants (nocenots)"},"content":{"rendered":"<p>Lielais pasaules atlants ir apjom\u012bg\u0101kais kar\u0161u kr\u0101jums, k\u0101ds jebkad izdots Baltijas valst\u012bs.<\/p>\n<p>Vair\u0101k nek\u0101 500 lappu\u0161u biez\u0101 un aptuveni \u010detrus kilogramus smag\u0101 atlanta kart\u0113s atrodami 90 000 \u0123eogr\u0101fiskie nosaukumi.<br \/>\nPasaul\u0113 nav daudz valstu, kas sp\u0113ju\u0161as sagatavot un izdot nacion\u0101lo pasaules atlantu, un v\u0113l maz\u0101k ir tautu, kas t\u0101da apjoma darbu var\u0113ju\u0161as laist klaj\u0101 dzimtaj\u0101 valod\u0101. Mums \u0161\u0101ds atlants ir, turkl\u0101t gan veidots, gan izdots tepat Latvij\u0101.<br \/>\nAtlant\u0101 bez kart\u0113m ir iesp\u0113jams atrast visp\u0101r\u012bgu inform\u0101ciju par vis\u0101m pasaules valst\u012bm un teritorij\u0101m ar to \u0123erbo\u0146u un karogu ilustr\u0101cij\u0101m.<br \/>\nAtlanta kartes sagatavotas vienot\u0101 m\u0113rogu rind\u0101 unific\u0113t\u0101s projekcij\u0101s. Eiropa kart\u0113ta m\u0113rog\u0101 1:3 000 000, p\u0101r\u0113j\u0101 pasaule \u2013 pamatm\u0113rog\u0101 1:10 000 000 ar atsevi\u0161\u0137u re\u0123ionu det\u0101l\u0101ku att\u0113lojumu m\u0113rog\u0101 1:5 000 000.<\/p>\n<p>Atlantu veido kar\u0161u un uzzi\u0146u sada\u013ca, k\u0101 ar\u012b nosaukumu r\u0101d\u012bt\u0101js. Kar\u0161u sada\u013cu ievada pasaules kartes. N\u0101kam\u0101s ir noda\u013cas par Latviju un katru pasaules da\u013cu. Kar\u0161u sada\u013cas nobeigum\u0101 ievietotas oke\u0101nu kartes. Uzzi\u0146u sada\u013c\u0101 sniegta visp\u0101r\u012bga inform\u0101cija par vis\u0101m pasaules valst\u012bm un teritorij\u0101m ar to \u0123erbo\u0146u un karogu ilustr\u0101cij\u0101m. Tai seko statistika par da\u017e\u0101diem \u0123eogr\u0101fiskajiem ekstr\u0113miem, k\u0101 ar\u012b inform\u0101cija par iedz\u012bvot\u0101ju skaitu pasaules valstu un teritoriju liel\u0101kaj\u0101s pils\u0113t\u0101s. Atlantu nosl\u0113dz latvisko \u0123eogr\u0101fisko nosaukumu un ori\u0123in\u0101lnosaukumu r\u0101d\u012bt\u0101js. \u0160\u012bs sada\u013cas ievad\u0101 paskaidroti \u0123eogr\u0101fisko nosaukumu izv\u0113les krit\u0113riji un to atveides principi.<\/p>\n<p>&nbsp;<\/p>","protected":false},"excerpt":{"rendered":"<p><strong>Gr\u0101matas ar vizu\u0101liem defektiem!<\/strong><\/p>\n<p>Faksimilizdevums latvie\u0161u valod\u0101.<\/p>\n<p>2008. gada izdevums<br aria-hidden=\"true\" \/>Izm\u0113rs: 29 x 42 cm<br aria-hidden=\"true\" \/>Svars: 4 kg<br aria-hidden=\"true\" \/>512 lpp.<br aria-hidden=\"true\" \/>Cietie v\u0101ki<\/p>\n<p>EAN: 9789984075327<\/p>\n","protected":false},"featured_media":15172,"comment_status":"closed","ping_status":"closed","template":"","meta":[],"product_brand":[],"product_cat":[111],"product_tag":[],"class_list":{"0":"post-16844","1":"product","2":"type-product","3":"status-publish","4":"has-post-thumbnail","6":"product_cat-nocenots","8":"first","9":"outofstock","10":"sale","11":"taxable","12":"shipping-taxable","13":"purchasable","14":"product-type-simple"},"_links":{"self":[{"href":"https:\/\/www.kartes.lv\/lv\/wp-json\/wp\/v2\/product\/16844","targetHints":{"allow":["GET"]}}],"collection":[{"href":"https:\/\/www.kartes.lv\/lv\/wp-json\/wp\/v2\/product"}],"about":[{"href":"https:\/\/www.kartes.lv\/lv\/wp-json\/wp\/v2\/types\/product"}],"replies":[{"embeddable":true,"href":"https:\/\/www.kartes.lv\/lv\/wp-json\/wp\/v2\/comments?post=16844"}],"wp:featuredmedia":[{"embeddable":true,"href":"https:\/\/www.kartes.lv\/lv\/wp-json\/wp\/v2\/media\/15172"}],"wp:attachment":[{"href":"https:\/\/www.kartes.lv\/lv\/wp-json\/wp\/v2\/media?parent=16844"}],"wp:term":[{"taxonomy":"product_brand","embeddable":true,"href":"https:\/\/www.kartes.lv\/lv\/wp-json\/wp\/v2\/product_brand?post=16844"},{"taxonomy":"product_cat","embeddable":true,"href":"https:\/\/www.kartes.lv\/lv\/wp-json\/wp\/v2\/product_cat?post=16844"},{"taxonomy":"product_tag","embeddable":true,"href":"https:\/\/www.kartes.lv\/lv\/wp-json\/wp\/v2\/product_tag?post=16844"}],"curies":[{"name":"wp","href":"https:\/\/api.w.org\/{rel}","templated":true}]}}