{"id":16845,"date":"2023-08-16T09:47:13","date_gmt":"2023-08-16T06:47:13","guid":{"rendered":"https:\/\/www.kartes.lv\/?post_type=product&#038;p=16845"},"modified":"2026-04-06T15:42:58","modified_gmt":"2026-04-06T12:42:58","slug":"eiropa-autocelu-atlants","status":"publish","type":"product","link":"https:\/\/www.kartes.lv\/lv\/product\/eiropa-autocelu-atlants\/","title":{"rendered":"Eiropa. Autoce\u013cu atlants"},"content":{"rendered":"<p>Eiropas autoce\u013cu atlants ir rad\u012bts p\u0113c \u012bpa\u0161a<em> J\u0101\u0146a s\u0113tas<\/em> pas\u016bt\u012bjuma, sadarbojoties ar kartogr\u0101fijas uz\u0146\u0113mumu <em>Kunth Verlag<\/em> V\u0101cij\u0101.<\/p>\n<p><em>Kunth Verlag<\/em> ir uz\u0146\u0113mums ar 20 gadu pieredzi uzzi\u0146u literat\u016bras, t\u016brisma ce\u013cve\u017eu un att\u0113lu gr\u0101matu izdo\u0161an\u0101. Tom\u0113r pla\u0161\u0101kais kl\u0101sts ir augstas kvalit\u0101tes kartogr\u0101fiskajos izdevumos \u2013 pils\u0113tu pl\u0101nos, t\u016brisma kart\u0113s, pasaules atlantos, autoce\u013cu kart\u0113s un atlantos.<\/p>\n<p>Eiropas autoce\u013cu atlants ir papildin\u0101ts ar 33 galvaspils\u0113tu pl\u0101niem, maksas autoce\u013ciem un pr\u0101mju l\u012bnij\u0101m. Ce\u013cot\u0101jiem sniegta inform\u0101cija par vair\u0101k nek\u0101 20 000 apskates objektiem, UNESCO pasaules dabas mantojuma objektiem un nacion\u0101lajiem parkiem. Iek\u013cauta ar\u012b praktiska inform\u0101cija par galvenajiem ce\u013cu satiksmes noteikumiem katr\u0101 Eiropas valst\u012b, valsts val\u016btu, att\u0101lumiem starp liel\u0101kaj\u0101m pils\u0113t\u0101m, k\u0101 ar\u012b apdz\u012bvoto vietu r\u0101d\u012bt\u0101js.<\/p>\n<p>Kartes le\u0123enda pieejama ang\u013cu un v\u0101cu valod\u0101.<\/p>","protected":false},"excerpt":{"rendered":"<p>2017. gada izdevums<br \/>\nM\u0113rogs 1: 900 000<br \/>\nM\u0113rogs galvaspils\u0113tu pl\u0101niem 1:15 000<br \/>\nIzm\u0113rs 23 x 30 cm<br \/>\n352 lpp.<br \/>\nM\u012bkstie v\u0101ki<\/p>\n<p>EAN: 9789984077307<\/p>\n","protected":false},"featured_media":5547,"comment_status":"closed","ping_status":"closed","template":"","meta":[],"product_brand":[],"product_cat":[132],"product_tag":[],"class_list":{"0":"post-16845","1":"product","2":"type-product","3":"status-publish","4":"has-post-thumbnail","6":"product_cat-pedejie-eksemplari","8":"first","9":"instock","10":"sale","11":"taxable","12":"shipping-taxable","13":"purchasable","14":"product-type-simple"},"_links":{"self":[{"href":"https:\/\/www.kartes.lv\/lv\/wp-json\/wp\/v2\/product\/16845","targetHints":{"allow":["GET"]}}],"collection":[{"href":"https:\/\/www.kartes.lv\/lv\/wp-json\/wp\/v2\/product"}],"about":[{"href":"https:\/\/www.kartes.lv\/lv\/wp-json\/wp\/v2\/types\/product"}],"replies":[{"embeddable":true,"href":"https:\/\/www.kartes.lv\/lv\/wp-json\/wp\/v2\/comments?post=16845"}],"wp:featuredmedia":[{"embeddable":true,"href":"https:\/\/www.kartes.lv\/lv\/wp-json\/wp\/v2\/media\/5547"}],"wp:attachment":[{"href":"https:\/\/www.kartes.lv\/lv\/wp-json\/wp\/v2\/media?parent=16845"}],"wp:term":[{"taxonomy":"product_brand","embeddable":true,"href":"https:\/\/www.kartes.lv\/lv\/wp-json\/wp\/v2\/product_brand?post=16845"},{"taxonomy":"product_cat","embeddable":true,"href":"https:\/\/www.kartes.lv\/lv\/wp-json\/wp\/v2\/product_cat?post=16845"},{"taxonomy":"product_tag","embeddable":true,"href":"https:\/\/www.kartes.lv\/lv\/wp-json\/wp\/v2\/product_tag?post=16845"}],"curies":[{"name":"wp","href":"https:\/\/api.w.org\/{rel}","templated":true}]}}