{"id":16846,"date":"2023-08-16T10:04:45","date_gmt":"2023-08-16T07:04:45","guid":{"rendered":"https:\/\/www.kartes.lv\/?post_type=product&#038;p=16846"},"modified":"2026-04-07T11:48:52","modified_gmt":"2026-04-07T08:48:52","slug":"gramata-100-kartes-pirms-latvijas-valsts","status":"publish","type":"product","link":"https:\/\/www.kartes.lv\/lv\/product\/gramata-100-kartes-pirms-latvijas-valsts\/","title":{"rendered":"Gr\u0101mata &#8220;100 kartes pirms Latvijas valsts&#8221;"},"content":{"rendered":"<p>19. gadsimts ir lielais tehnikas atkl\u0101jumu laiks, kad sadz\u012bv\u0113 ien\u0101k daudzi izgudrojumi, bez kuriem m\u016bsdienu dz\u012bve neb\u016btu iedom\u0101jama. Strauj\u0101 tehnolo\u0123iju att\u012bst\u012bba ietekm\u0113 ar\u012b kartogr\u0101fiju \u2013 kartes k\u013c\u016bst arvien detaliz\u0113t\u0101kas un prec\u012bz\u0101kas, bet jauni iespie\u0161anas pa\u0146\u0113mieni t\u0101s padara daudz pieejam\u0101kas pla\u0161ai sabiedr\u012bbai.<\/p>\n<p>Latvijas teritorija atrodas Krievijas imp\u0113rijas sast\u0101v\u0101, kur t\u0101 ir sadal\u012bta tr\u012bs guber\u0146\u0101s. Tas atspogu\u013cojas ar\u012b kart\u0113s, kas visbie\u017e\u0101k kop\u0101 att\u0113lo t\u0101 saukt\u0101s Baltijas guber\u0146as \u2013 Kurzemi, Vidzemi un Igauniju, neiek\u013caujot Latgali. 19. gadsimta pirmaj\u0101 pus\u0113 par\u0101d\u0101s pirm\u0101s kartes latvie\u0161u valod\u0101, kuru autori ir v\u0101cbaltie\u0161u m\u0101c\u012bt\u0101ji. T\u0101s ir sam\u0113r\u0101 vienk\u0101r\u0161as, bet izr\u0101d\u0101s \u013coti popul\u0101ras. Gadsimta vid\u016b jaunlatvie\u0161i saprot, ka sabiedr\u012bbai ir vajadz\u012bgas jau kvalitat\u012bv\u0101kas kartes, un 1861. gad\u0101 izn\u0101k ar\u012b pirmais atlants latvie\u0161u valod\u0101. 1880. gad\u0101 kart\u0113 pirmo reizi par\u0101d\u0101s v\u0101rds \u201cLatvija\u201d, 19. gadsimta beig\u0101s darb\u012bbu s\u0101k pirmais latvie\u0161u kartogr\u0101fs Mat\u012bss Sili\u0146\u0161, bet savu v\u0101rdu visas pasaules kartogr\u0101fijas v\u0113stur\u0113 ieraksta valodnieks un m\u0101c\u012bt\u0101js Augusts B\u012blen\u0161teins.<\/p>\n<p>19. gadsimt\u0101 Latvijas ainav\u0101 par\u0101d\u0101s pirm\u0101s \u0161osejas, dzelzce\u013ci, telegr\u0101fa un telefona l\u012bnijas, tiek rakti jauni kan\u0101li un up\u0113s veidoti dambji. Ost\u0101s ien\u0101k pirmie tvaiko\u0146i, bet piekrast\u0113 bie\u017ei ir redzami latvie\u0161u burinieki. Gadsimta vid\u016b laukos s\u0101kas \u201cm\u0113rnieku laiki\u201d, un zemnieki steidz iepirkt mui\u017eu zemi un veidot savas saimniec\u012bbas. Latvijas iedz\u012bvot\u0101ju skaits gadsimta laik\u0101 pieaug vair\u0101k nek\u0101 tr\u012bs reizes, un daudzi dodas uz strauji augo\u0161aj\u0101m pils\u0113t\u0101m, kuru nomal\u0113s top milzu r\u016bpn\u012bcas, kas nodarbina simtiem un pat t\u016bksto\u0161iem str\u0101dnieku. Visus \u0161os notikumus atspogu\u013co da\u017e\u0101da veida kartes, kas iek\u013cautas \u0161aj\u0101 gr\u0101mat\u0101.<\/p>\n<p>Gr\u0101mata \u201c100 kartes pirms Latvijas valsts\u201d \u013cauj caur noz\u012bm\u012bg\u0101kaj\u0101m un interesant\u0101kaj\u0101m kart\u0113m ieskat\u012bties Latvijas v\u0113stures notikumos no 1795. l\u012bdz 1917. gadam. Kartes, ko papildina st\u0101sti un citi att\u0113li, sniegs kaut nelielu ieskatu taj\u0101s kartogr\u0101fisk\u0101 mantojuma bag\u0101t\u012bb\u0101s, ko glab\u0101 m\u016bsu atmi\u0146as instit\u016bcijas.<\/p>\n<p>Gr\u0101mata tapusi valsts p\u0113t\u012bjumu programmas \u201cLatvijas mantojums un n\u0101kotnes izaicin\u0101jumi valsts ilgtsp\u0113jai\u201d projekta \u201cDokument\u0101r\u0101 mantojuma izp\u0113tes noz\u012bme, veidojot siner\u0123ijas starp p\u0113tniec\u012bbu un sabiedr\u012bbu\u201d (projekts Nr. VPP-IZM-2018\/1-0022) ietvaros. Gr\u0101matas tap\u0161anu atbalsta Valsts kult\u016brkapit\u0101la fonds.<\/p>\n<p>&nbsp;<\/p>","protected":false},"excerpt":{"rendered":"<p>2021. gada izdevums<br \/>\nIzm\u0113rs: 27.7 cm x 23.5 cm<br \/>\nSvars: 1.410 g<br \/>\n207 lpp.<br \/>\nCietie v\u0101ki<br \/>\nGr\u0101matas sast\u0101d\u012bt\u0101js un teksta autors: Reinis V\u0101vers<br \/>\nRedaktori: J\u0101nis Barbans, M\u0101rti\u0146\u0161 Mintaurs, J\u0101nis Turlajs, Anda Juta Z\u0101l\u012bte<br \/>\nM\u0101ksliniece: L\u012bga Dubrovska<\/p>\n<p>EAN: 9789984077567<\/p>\n","protected":false},"featured_media":13168,"comment_status":"closed","ping_status":"closed","template":"","meta":[],"product_brand":[],"product_cat":[132],"product_tag":[],"class_list":{"0":"post-16846","1":"product","2":"type-product","3":"status-publish","4":"has-post-thumbnail","6":"product_cat-pedejie-eksemplari","8":"first","9":"instock","10":"sale","11":"featured","12":"taxable","13":"shipping-taxable","14":"purchasable","15":"product-type-simple"},"_links":{"self":[{"href":"https:\/\/www.kartes.lv\/lv\/wp-json\/wp\/v2\/product\/16846","targetHints":{"allow":["GET"]}}],"collection":[{"href":"https:\/\/www.kartes.lv\/lv\/wp-json\/wp\/v2\/product"}],"about":[{"href":"https:\/\/www.kartes.lv\/lv\/wp-json\/wp\/v2\/types\/product"}],"replies":[{"embeddable":true,"href":"https:\/\/www.kartes.lv\/lv\/wp-json\/wp\/v2\/comments?post=16846"}],"wp:featuredmedia":[{"embeddable":true,"href":"https:\/\/www.kartes.lv\/lv\/wp-json\/wp\/v2\/media\/13168"}],"wp:attachment":[{"href":"https:\/\/www.kartes.lv\/lv\/wp-json\/wp\/v2\/media?parent=16846"}],"wp:term":[{"taxonomy":"product_brand","embeddable":true,"href":"https:\/\/www.kartes.lv\/lv\/wp-json\/wp\/v2\/product_brand?post=16846"},{"taxonomy":"product_cat","embeddable":true,"href":"https:\/\/www.kartes.lv\/lv\/wp-json\/wp\/v2\/product_cat?post=16846"},{"taxonomy":"product_tag","embeddable":true,"href":"https:\/\/www.kartes.lv\/lv\/wp-json\/wp\/v2\/product_tag?post=16846"}],"curies":[{"name":"wp","href":"https:\/\/api.w.org\/{rel}","templated":true}]}}