{"id":16888,"date":"2023-08-23T11:52:59","date_gmt":"2023-08-23T08:52:59","guid":{"rendered":"https:\/\/www.kartes.lv\/?post_type=product&#038;p=16888"},"modified":"2026-03-02T10:23:39","modified_gmt":"2026-03-02T08:23:39","slug":"celu-satiksmes-noteikumi","status":"publish","type":"product","link":"https:\/\/www.kartes.lv\/lv\/product\/celu-satiksmes-noteikumi\/","title":{"rendered":"Ce\u013cu satiksmes noteikumi, ce\u013ca z\u012bmes, apz\u012bm\u0113jumi un ce\u013cu satiksmes likums"},"content":{"rendered":"<p>Ce\u013cu satiksmes noteikumi. Izdoti saska\u0146\u0101 ar Latvijas Republikas Ministru kabineta noteikumiem Nr. 279, izdoti 2015. gada 2. j\u016bnij\u0101. Ar groz\u012bjumiem, kas pie\u0146emti l\u012bdz 06.07.2021.<br \/>\nCe\u013cu satiksmes likums. Likums Saeim\u0101 pie\u0146emts 1997. gada 1. oktobr\u012b. Ar groz\u012bjumiem, kas pie\u0146emti l\u012bdz 22.06.2023.<\/p>","protected":false},"excerpt":{"rendered":"<p><strong>Jaun\u0101kais izdevums!<\/strong><\/p>\n<p>2025. gads<br \/>\nIzm\u0113rs: 20 x 14.5 x 1 cm<br \/>\nSvars: 0.3400 g<br \/>\n240 lpp.<br \/>\nM\u012bkstie v\u0101ki<br \/>\nIzdev\u0113js: FCS<\/p>\n<p>EAN: 9789934857379<\/p>\n","protected":false},"featured_media":18250,"comment_status":"closed","ping_status":"closed","template":"","meta":[],"product_brand":[],"product_cat":[14],"product_tag":[],"class_list":{"0":"post-16888","1":"product","2":"type-product","3":"status-publish","4":"has-post-thumbnail","6":"product_cat-izglitojosie-izdevumi","8":"first","9":"instock","10":"taxable","11":"shipping-taxable","12":"purchasable","13":"product-type-simple"},"_links":{"self":[{"href":"https:\/\/www.kartes.lv\/lv\/wp-json\/wp\/v2\/product\/16888","targetHints":{"allow":["GET"]}}],"collection":[{"href":"https:\/\/www.kartes.lv\/lv\/wp-json\/wp\/v2\/product"}],"about":[{"href":"https:\/\/www.kartes.lv\/lv\/wp-json\/wp\/v2\/types\/product"}],"replies":[{"embeddable":true,"href":"https:\/\/www.kartes.lv\/lv\/wp-json\/wp\/v2\/comments?post=16888"}],"wp:featuredmedia":[{"embeddable":true,"href":"https:\/\/www.kartes.lv\/lv\/wp-json\/wp\/v2\/media\/18250"}],"wp:attachment":[{"href":"https:\/\/www.kartes.lv\/lv\/wp-json\/wp\/v2\/media?parent=16888"}],"wp:term":[{"taxonomy":"product_brand","embeddable":true,"href":"https:\/\/www.kartes.lv\/lv\/wp-json\/wp\/v2\/product_brand?post=16888"},{"taxonomy":"product_cat","embeddable":true,"href":"https:\/\/www.kartes.lv\/lv\/wp-json\/wp\/v2\/product_cat?post=16888"},{"taxonomy":"product_tag","embeddable":true,"href":"https:\/\/www.kartes.lv\/lv\/wp-json\/wp\/v2\/product_tag?post=16888"}],"curies":[{"name":"wp","href":"https:\/\/api.w.org\/{rel}","templated":true}]}}