{"id":17081,"date":"2023-10-03T14:17:39","date_gmt":"2023-10-03T11:17:39","guid":{"rendered":"https:\/\/www.kartes.lv\/?post_type=product&#038;p=17081"},"modified":"2026-02-02T11:14:11","modified_gmt":"2026-02-02T09:14:11","slug":"didzioji-lietuvos-grybu-knyga","status":"publish","type":"product","link":"https:\/\/www.kartes.lv\/lv\/product\/didzioji-lietuvos-grybu-knyga\/","title":{"rendered":"Liel\u0101 Lietuvas s\u0113\u0146u gr\u0101mata (lietuvie\u0161u valod\u0101)"},"content":{"rendered":"<p>\u201cLiel\u0101 Lietuvas s\u0113\u0146u gr\u0101mata\u201d pamat\u0101 ir mikolo\u0123u Initas D\u0101nieles un Di\u0101nas Meieres 2020. gad\u0101 sarakst\u012bt\u0101 gr\u0101mata par Latvijas s\u0113n\u0113m un to \u012bpa\u0161i Lietuvai piel\u0101goja un papildin\u0101ja lietuvie\u0161u mikolo\u0123e Reda Ir\u0161\u0117nait\u0117. K\u0101 st\u0101sta gr\u0101matas l\u012bdzautore Reda, Lietuv\u0101 p\u0113d\u0113jo desmit gadu laik\u0101 izdodas vair\u0101kas gr\u0101matas par s\u0113n\u0113m, ta\u010du vairum\u0101 no t\u0101m aprakst\u012btas tikai \u0113dam\u0101s s\u0113nes vai nelies skaits gupiju.<\/p>\n<p>Lai rosin\u0101tu las\u012bt\u0101ju interesi par s\u0113n\u0113m un to daudzveid\u012bbu, gr\u0101mat\u0101 ir piev\u0113rsta uzman\u012bba k\u0101 tradicion\u0101laj\u0101m cepur\u012b\u0161u s\u0113n\u0113m, t\u0101 ar\u012b cit\u0101m s\u0113\u0146u grup\u0101m, aptverot gan bie\u017e\u0101k sastopamas, gan neparast\u0101kas un reti sastopamas s\u0113nes \u2013 p\u016bp\u0113\u017eus, piepes, korallenes, receklenes, kauss\u0113nes, rumpu\u010dus, pazemes s\u0113nes un daudzas citas makroskopisk\u0101s s\u0113nes.<\/p>\n<p>Ievad\u0101 \u012bsi apl\u016bkota s\u0113\u0146u vieta dab\u0101, to uzb\u016bve, ekolo\u0123ija un izmanto\u0161ana, k\u0101 ari skaidroti s\u0113\u0146u aprakstos lietotie termini.<br \/>\nLiel\u0101k\u0101 da\u013ca gr\u0101matu par s\u0113n\u0113m Lietuv\u0101 l\u012bdz \u0161im bija v\u0113rstas uz s\u0113\u0146ot\u0101jiem, ta\u010du jaunais izdevums b\u016bs interesants pla\u0161\u0101kam las\u012bt\u0101ju lokam \u2013 gan tiem, kuru nodarbo\u0161an\u0101s ir saist\u012bta ar dabas daudzveid\u012bbas izp\u0113ti (biologi, me\u017einieki), gan ar\u012b dabas v\u0113rot\u0101jiem, fotogr\u0101fiem un, protams, s\u0113\u0146ot\u0101jiem.<\/p>","protected":false},"excerpt":{"rendered":"<p>2023. gada izdevums <strong>lietuvie\u0161u valod\u0101<\/strong><\/p>\n<p>528 lpp.<\/p>\n<p>M\u012bkstie v\u0101ki ar aizsargp\u0101rkl\u0101jumu<\/p>\n<p>Gr\u0101matas autores: Inita D\u0101niele (Latvija), Di\u0101na Meiere (Latvija) un Reda Ir\u0161\u0117nait\u0117<br \/>\nTekstu no latvie\u0161u valodas tulkoja: Aleksandra Fominait\u0117<\/p>\n<p>Izdev\u0113ji: Latvijas Nacion\u0101lais dabas muzejs sadarb\u012bb\u0101 ar SIA \u201cJ\u0101\u0146a s\u0113ta\u201d<br \/>\nLietuvas partneris: \u201cOrnitostogos\u201d<\/p>\n<p>EAN: <span data-teams=\"true\">9789984077697<\/span><\/p>\n","protected":false},"featured_media":17082,"comment_status":"closed","ping_status":"closed","template":"","meta":[],"product_brand":[],"product_cat":[12,14],"product_tag":[],"class_list":{"0":"post-17081","1":"product","2":"type-product","3":"status-publish","4":"has-post-thumbnail","6":"product_cat-gramatas","7":"product_cat-izglitojosie-izdevumi","9":"first","10":"instock","11":"taxable","12":"shipping-taxable","13":"purchasable","14":"product-type-simple"},"_links":{"self":[{"href":"https:\/\/www.kartes.lv\/lv\/wp-json\/wp\/v2\/product\/17081","targetHints":{"allow":["GET"]}}],"collection":[{"href":"https:\/\/www.kartes.lv\/lv\/wp-json\/wp\/v2\/product"}],"about":[{"href":"https:\/\/www.kartes.lv\/lv\/wp-json\/wp\/v2\/types\/product"}],"replies":[{"embeddable":true,"href":"https:\/\/www.kartes.lv\/lv\/wp-json\/wp\/v2\/comments?post=17081"}],"wp:featuredmedia":[{"embeddable":true,"href":"https:\/\/www.kartes.lv\/lv\/wp-json\/wp\/v2\/media\/17082"}],"wp:attachment":[{"href":"https:\/\/www.kartes.lv\/lv\/wp-json\/wp\/v2\/media?parent=17081"}],"wp:term":[{"taxonomy":"product_brand","embeddable":true,"href":"https:\/\/www.kartes.lv\/lv\/wp-json\/wp\/v2\/product_brand?post=17081"},{"taxonomy":"product_cat","embeddable":true,"href":"https:\/\/www.kartes.lv\/lv\/wp-json\/wp\/v2\/product_cat?post=17081"},{"taxonomy":"product_tag","embeddable":true,"href":"https:\/\/www.kartes.lv\/lv\/wp-json\/wp\/v2\/product_tag?post=17081"}],"curies":[{"name":"wp","href":"https:\/\/api.w.org\/{rel}","templated":true}]}}