{"id":17204,"date":"2023-10-24T13:49:09","date_gmt":"2023-10-24T10:49:09","guid":{"rendered":"https:\/\/www.kartes.lv\/?post_type=product&#038;p=17204"},"modified":"2026-03-02T13:08:13","modified_gmt":"2026-03-02T11:08:13","slug":"liepajas-apkartne-aizputes-durbes-grobinas-nicas-pavilostas-priekules-rucavas-un-vainodes-novads-liepaja","status":"publish","type":"product","link":"https:\/\/www.kartes.lv\/lv\/product\/liepajas-apkartne-aizputes-durbes-grobinas-nicas-pavilostas-priekules-rucavas-un-vainodes-novads-liepaja\/","title":{"rendered":"Liep\u0101jas apk\u0101rtne. Aizputes, Durbes, Grobi\u0146as, N\u012bcas, P\u0101vilostas, Priekules, Rucavas un Vai\u0146odes novads. Liep\u0101ja"},"content":{"rendered":"<p><!--StartFragment --><\/p>\n<p class=\"pf0\"><span class=\"cf0\">Viena no galvenaj\u0101m \u0161\u012bs kar\u0161u s\u0113rijas iez\u012bm\u0113m \u2013 ir att\u0113loti vair\u0101ki b\u016btiski inform\u0101cijas sl\u0101\u0146i, kas lieliski noder\u0113s, lietojot karti apvid\u016b: reljefs, me\u017ea stigas, ma\u0123istr\u0101l\u0101s elektrol\u012bnijas. <\/span><\/p>\n<p><!--EndFragment --><\/p>","protected":false},"excerpt":{"rendered":"<p>S\u0113rija &#8220;Latvijas novadi&#8221;<\/p>\n<p>2016. gada izdevums<br \/>\nM\u0113rogs 1: 75 000\/ Liep\u0101ja m\u0113rog\u0101 1;20 000<br \/>\nAizpute. Durbe. Grobi\u0146a. P\u0101vilosta. Priekule. Vai\u0146ode m\u0113rog\u0101 1:20 000<br \/>\nIzm\u0113rs 87,5x57cm\/12,5x23cm, loc\u012bta<\/p>\n<p>EAN: 9789984076997<\/p>\n","protected":false},"featured_media":17945,"comment_status":"closed","ping_status":"closed","template":"","meta":[],"product_brand":[],"product_cat":[7,10,129],"product_tag":[],"class_list":{"0":"post-17204","1":"product","2":"type-product","3":"status-publish","4":"has-post-thumbnail","6":"product_cat-kartes-atlanti-celvezi","7":"product_cat-celu-kartes-atlanti","8":"product_cat-akcija","10":"first","11":"instock","12":"sale","13":"taxable","14":"shipping-taxable","15":"purchasable","16":"product-type-simple"},"_links":{"self":[{"href":"https:\/\/www.kartes.lv\/lv\/wp-json\/wp\/v2\/product\/17204","targetHints":{"allow":["GET"]}}],"collection":[{"href":"https:\/\/www.kartes.lv\/lv\/wp-json\/wp\/v2\/product"}],"about":[{"href":"https:\/\/www.kartes.lv\/lv\/wp-json\/wp\/v2\/types\/product"}],"replies":[{"embeddable":true,"href":"https:\/\/www.kartes.lv\/lv\/wp-json\/wp\/v2\/comments?post=17204"}],"wp:featuredmedia":[{"embeddable":true,"href":"https:\/\/www.kartes.lv\/lv\/wp-json\/wp\/v2\/media\/17945"}],"wp:attachment":[{"href":"https:\/\/www.kartes.lv\/lv\/wp-json\/wp\/v2\/media?parent=17204"}],"wp:term":[{"taxonomy":"product_brand","embeddable":true,"href":"https:\/\/www.kartes.lv\/lv\/wp-json\/wp\/v2\/product_brand?post=17204"},{"taxonomy":"product_cat","embeddable":true,"href":"https:\/\/www.kartes.lv\/lv\/wp-json\/wp\/v2\/product_cat?post=17204"},{"taxonomy":"product_tag","embeddable":true,"href":"https:\/\/www.kartes.lv\/lv\/wp-json\/wp\/v2\/product_tag?post=17204"}],"curies":[{"name":"wp","href":"https:\/\/api.w.org\/{rel}","templated":true}]}}