{"id":17231,"date":"2023-11-01T11:52:41","date_gmt":"2023-11-01T09:52:41","guid":{"rendered":"https:\/\/www.kartes.lv\/?post_type=product&#038;p=17231"},"modified":"2026-04-08T17:06:21","modified_gmt":"2026-04-08T14:06:21","slug":"puzle-latviesu-vesturiskas-zemes","status":"publish","type":"product","link":"https:\/\/www.kartes.lv\/lv\/product\/puzle-latviesu-vesturiskas-zemes\/","title":{"rendered":"Latvie\u0161u v\u0113sturisk\u0101s zemes. Puzle"},"content":{"rendered":"<p>Puzl\u0113 redzama Latvijas karte ar 2021. gad\u0101 pie\u0146emt\u0101 Latvie\u0161u v\u0113sturisko zemju likum\u0101 noteikto teritorijas sadal\u012bjumu.<\/p>\n<p>Uz puzles att\u0113loti ar\u012b latvie\u0161u v\u0113sturisko zemju \u0123erbo\u0146i, Latvijas teritorija 12. gs. beig\u0101s, politiskie veidojumi Latvij\u0101 17. gs. vid\u016b.<\/p>\n<p>Kastes aizmugur\u0113 att\u0113lota tabula ar latvie\u0161u v\u0113sturisko zemju dal\u012bjumu, plat\u012bbu, iedz\u012bvot\u0101ju skaitu, latvie\u0161u \u012bpatsvaru, apdz\u012bvot\u012bbas bl\u012bvumu, liel\u0101kaj\u0101m pils\u0113t\u0101m, up\u0113m, ezeriem.<\/p>\n<p>Noder\u012bga d\u0101vana gan v\u0113stures pazin\u0113jiem, gan skol\u0113niem Latvijas v\u0113stures zin\u0101\u0161anu papildin\u0101\u0161anai!<\/p>","protected":false},"excerpt":{"rendered":"<p>500 gabali\u0146i<br \/>\nSaliktas puzles izm\u0113rs 48 x 34 cm<br \/>\nKastes izm\u0113rs 28,5 x 19 x 4 cm<br \/>\nPiem\u0113rota no 7 gadu vecuma<\/p>\n<p>EAN: 9789984077673<\/p>\n","protected":false},"featured_media":20373,"comment_status":"closed","ping_status":"closed","template":"","meta":[],"product_brand":[],"product_cat":[113,15,86],"product_tag":[],"class_list":{"0":"post-17231","1":"product","2":"type-product","3":"status-publish","4":"has-post-thumbnail","6":"product_cat-skoleniem","7":"product_cat-puzles-speles","8":"product_cat-davanas","10":"first","11":"instock","12":"taxable","13":"shipping-taxable","14":"purchasable","15":"product-type-simple"},"_links":{"self":[{"href":"https:\/\/www.kartes.lv\/lv\/wp-json\/wp\/v2\/product\/17231","targetHints":{"allow":["GET"]}}],"collection":[{"href":"https:\/\/www.kartes.lv\/lv\/wp-json\/wp\/v2\/product"}],"about":[{"href":"https:\/\/www.kartes.lv\/lv\/wp-json\/wp\/v2\/types\/product"}],"replies":[{"embeddable":true,"href":"https:\/\/www.kartes.lv\/lv\/wp-json\/wp\/v2\/comments?post=17231"}],"wp:featuredmedia":[{"embeddable":true,"href":"https:\/\/www.kartes.lv\/lv\/wp-json\/wp\/v2\/media\/20373"}],"wp:attachment":[{"href":"https:\/\/www.kartes.lv\/lv\/wp-json\/wp\/v2\/media?parent=17231"}],"wp:term":[{"taxonomy":"product_brand","embeddable":true,"href":"https:\/\/www.kartes.lv\/lv\/wp-json\/wp\/v2\/product_brand?post=17231"},{"taxonomy":"product_cat","embeddable":true,"href":"https:\/\/www.kartes.lv\/lv\/wp-json\/wp\/v2\/product_cat?post=17231"},{"taxonomy":"product_tag","embeddable":true,"href":"https:\/\/www.kartes.lv\/lv\/wp-json\/wp\/v2\/product_tag?post=17231"}],"curies":[{"name":"wp","href":"https:\/\/api.w.org\/{rel}","templated":true}]}}