{"id":17238,"date":"2023-11-02T11:32:54","date_gmt":"2023-11-02T09:32:54","guid":{"rendered":"https:\/\/www.kartes.lv\/?post_type=product&#038;p=17238"},"modified":"2026-02-03T13:33:04","modified_gmt":"2026-02-03T11:33:04","slug":"sienas-karte-latviesu-vesturiskas-zemes","status":"publish","type":"product","link":"https:\/\/www.kartes.lv\/lv\/product\/sienas-karte-latviesu-vesturiskas-zemes\/","title":{"rendered":"Latvie\u0161u v\u0113sturisk\u0101s zemes. Sienas karte"},"content":{"rendered":"<p>2021. gad\u0101, p\u0113c toreiz\u0113j\u0101 Valsts prezidenta Egila Levita iniciat\u012bvas, eksperti izstr\u0101d\u0101ja Latvie\u0161u v\u0113sturisko zemju likumu un to pavado\u0161u kartogr\u0101fisko materi\u0101lu, kas preciz\u0113ja Latvijas kult\u016brv\u0113sturisko novadu robe\u017eas, par kur\u0101m iepriek\u0161 bie\u017ei diskut\u0113ts. \u0160aj\u0101 sienas kart\u0113 atainotas v\u0113sturisk\u0101s zemes, k\u0101 ar\u012b Latvijas administrat\u012bvais iedal\u012bjums, liel\u0101k\u0101s apdz\u012bvot\u0101s vietas un cita svar\u012bg\u0101k\u0101 inform\u0101cija. Karti papildina divas maz\u0101kas kartes, kur\u0101s redzama v\u0113sturisk\u0101 situ\u0101cija 12. un 17. gadsimt\u0101, kas liel\u0101 m\u0113r\u0101 noteikusi v\u0113l\u0101ko v\u0113sturisko zemju robe\u017eas.<\/p>\n<p><!--StartFragment --><\/p>\n<p class=\"pf0\"><em><span class=\"cf0\">Ja v\u0113laties \u0161o karti cit\u0101 izm\u0113r\u0101 vai uz cita veida materi\u0101la (abpus\u0113ji lamin\u0113tu, uzdruk\u0101tu uz plastik\u0101ta, ier\u0101m\u0113tu), papildu inform\u0101cijai l\u016bdzam zvan\u012bt pa t\u0101lruni\u00a0<\/span><strong><span class=\"cf1\">67317540<\/span><\/strong><span class=\"cf0\"><strong>\u00a0<\/strong>vai rakst\u012bt uz e-pastu:<strong>\u00a0<\/strong><\/span><strong><span class=\"cf1\">kartes@kartes.lv<\/span><\/strong><span class=\"cf0\">.<\/span><\/em><\/p>\n<p><!--EndFragment --><\/p>","protected":false},"excerpt":{"rendered":"<p>2023. gada izdevums<br \/>\nM\u0113rogs 1: 200 000<br \/>\nIzdrukas izm\u0113rs 96 x 68 cm<\/p>\n<p>Pieejama p\u0113c pas\u016bt\u012bjuma. Izgatavojam 2-3 darba dienu laik\u0101.<\/p>\n","protected":false},"featured_media":20394,"comment_status":"closed","ping_status":"closed","template":"","meta":[],"product_brand":[],"product_cat":[13,113],"product_tag":[],"class_list":{"0":"post-17238","1":"product","2":"type-product","3":"status-publish","4":"has-post-thumbnail","6":"product_cat-sienas-kartes","7":"product_cat-skoleniem","8":"product_shipping_class-slug","10":"first","11":"instock","12":"taxable","13":"shipping-taxable","14":"purchasable","15":"product-type-simple"},"_links":{"self":[{"href":"https:\/\/www.kartes.lv\/lv\/wp-json\/wp\/v2\/product\/17238","targetHints":{"allow":["GET"]}}],"collection":[{"href":"https:\/\/www.kartes.lv\/lv\/wp-json\/wp\/v2\/product"}],"about":[{"href":"https:\/\/www.kartes.lv\/lv\/wp-json\/wp\/v2\/types\/product"}],"replies":[{"embeddable":true,"href":"https:\/\/www.kartes.lv\/lv\/wp-json\/wp\/v2\/comments?post=17238"}],"wp:featuredmedia":[{"embeddable":true,"href":"https:\/\/www.kartes.lv\/lv\/wp-json\/wp\/v2\/media\/20394"}],"wp:attachment":[{"href":"https:\/\/www.kartes.lv\/lv\/wp-json\/wp\/v2\/media?parent=17238"}],"wp:term":[{"taxonomy":"product_brand","embeddable":true,"href":"https:\/\/www.kartes.lv\/lv\/wp-json\/wp\/v2\/product_brand?post=17238"},{"taxonomy":"product_cat","embeddable":true,"href":"https:\/\/www.kartes.lv\/lv\/wp-json\/wp\/v2\/product_cat?post=17238"},{"taxonomy":"product_tag","embeddable":true,"href":"https:\/\/www.kartes.lv\/lv\/wp-json\/wp\/v2\/product_tag?post=17238"}],"curies":[{"name":"wp","href":"https:\/\/api.w.org\/{rel}","templated":true}]}}