{"id":17286,"date":"2023-11-15T13:53:41","date_gmt":"2023-11-15T11:53:41","guid":{"rendered":"https:\/\/www.kartes.lv\/?post_type=product&#038;p=17286"},"modified":"2026-04-02T01:00:02","modified_gmt":"2026-04-01T22:00:02","slug":"latvijas-pilsetas-100-kartes-gramata","status":"publish","type":"product","link":"https:\/\/www.kartes.lv\/lv\/product\/latvijas-pilsetas-100-kartes-gramata\/","title":{"rendered":"Latvijas pils\u0113tas 100 kart\u0113s"},"content":{"rendered":"<p>&#8221;Latvijas pils\u0113tas 100 kart\u0113s&#8221; ir tre\u0161\u0101 gr\u0101mata s\u0113rij\u0101 &#8220;100 kartes&#8221;. Gr\u0101mat\u0101 apkopoti 100 v\u0113sturiskie pils\u0113tu pl\u0101ni, kas \u013cauj iel\u016bkoties 39 Latvijas pils\u0113tu pag\u0101tn\u0113 no 17. gadsimta l\u012bdz 1987. gadam. Kartes papildina att\u0113li un apraksti par interesantiem notikumiem, kas pils\u0113t\u0101s norisin\u0101ju\u0161ies pl\u0101nu tap\u0161anas laik\u0101. Visliel\u0101k\u0101 uzman\u012bba piev\u0113rsta R\u012bgai, bet iek\u013cauti ar\u012b maz\u0101ku pils\u0113tu v\u0113sturiskie pl\u0101ni \u2013 no Aina\u017eiem l\u012bdz Zilupei. Gr\u0101matu izdod \u201cJ\u0101\u0146a s\u0113ta\u201d, Latvijas Nacion\u0101l\u0101 bibliot\u0113ka un Latvijas Nacion\u0101lais arh\u012bvs.<\/p>\n<p>Gadsimtu gait\u0101 past\u0101v\u012bgi main\u0101s Latvijas pils\u0113tu skaits, lielums, iedz\u012bvot\u0101ju nacion\u0101lais sast\u0101vs. Daudzo karu laik\u0101, kas norisin\u0101ju\u0161ies Latvijas teritorij\u0101, daudzas pils\u0113tas tiek piln\u012bb\u0101 izn\u012bcin\u0101tas. Da\u013cai no t\u0101m izdodas uzplaukt no jauna, savuk\u0101rt citas biju\u0161o varen\u012bbu t\u0101 ar\u012b vairs neatg\u016bst.<br \/>\n19. gadsimt\u0101 Latvij\u0101 tiek atcelta dzimtb\u016b\u0161ana. Vienlaikus norisin\u0101s r\u016bpniecisk\u0101 revol\u016bcija, un pils\u0113t\u0101s pace\u013cas arvien jaunas fabriku \u0113kas. Laucinieki liel\u0101 skait\u0101 p\u0101rce\u013cas uz pils\u0113t\u0101m, lai piepild\u012btu sap\u0146us par p\u0101rtiku\u0161u dz\u012bvi.<br \/>\n19. gadsimta otraj\u0101 pus\u0113 Latvijas ainavu izmaina jauns transporta veids \u2013 dzelzce\u013c\u0161. Iepriek\u0161 pils\u0113tas galvenok\u0101rt veidoju\u0161\u0101s pie noz\u012bm\u012bgiem \u016bdensce\u013ciem, bet tagad ar\u012b blakus dzelzce\u013ca l\u012bnij\u0101m rodas arvien jaunas apdz\u012bvotas vietas, kas bie\u017ei vien strauji izaug l\u012bdz pils\u0113tas izm\u0113riem.<br \/>\nGr\u0101mat\u0101 izmantot\u0101s Latvijas Nacion\u0101l\u0101s bibliot\u0113kas kr\u0101juma kartes iesp\u0113jams apl\u016bkot ar\u012b digit\u0101laj\u0101 kar\u0161u kolekcij\u0101.<br \/>\n<a href=\"https:\/\/kartes.lndb.lv\/\">kartes.lndb.lv<\/a><\/p>","protected":false},"excerpt":{"rendered":"<p>2023. gada izdevums<br \/>\nIzm\u0113rs: 27.7 cm x 23.5 cm<br \/>\nSvars: 1.390 g<br \/>\n208 lpp.<br \/>\nCietie v\u0101ki<br \/>\nIzdev\u0113ji: J\u0101\u0146a s\u0113ta, Latvijas Nacion\u0101l\u0101 bibliot\u0113ka, Latvijas Nacion\u0101lais arh\u012bvs<br \/>\nGr\u0101matas sast\u0101d\u012bt\u0101js un teksta autors: J\u0101nis Barbans<br \/>\nRedaktori: Linda Akmenti\u0146a, Mareks Kilups, J\u0101nis Turlajs, Reinis V\u0101vers<br \/>\nKorektore: Ilze Ant\u0113na<br \/>\nM\u0101ksliniece: L\u012bga Dubrovska<\/p>\n<p>EAN: 9789984077710<\/p>\n","protected":false},"featured_media":17287,"comment_status":"closed","ping_status":"closed","template":"","meta":[],"product_brand":[],"product_cat":[12,129],"product_tag":[],"class_list":{"0":"post-17286","1":"product","2":"type-product","3":"status-publish","4":"has-post-thumbnail","6":"product_cat-gramatas","7":"product_cat-akcija","9":"first","10":"instock","11":"taxable","12":"shipping-taxable","13":"purchasable","14":"product-type-simple"},"_links":{"self":[{"href":"https:\/\/www.kartes.lv\/lv\/wp-json\/wp\/v2\/product\/17286","targetHints":{"allow":["GET"]}}],"collection":[{"href":"https:\/\/www.kartes.lv\/lv\/wp-json\/wp\/v2\/product"}],"about":[{"href":"https:\/\/www.kartes.lv\/lv\/wp-json\/wp\/v2\/types\/product"}],"replies":[{"embeddable":true,"href":"https:\/\/www.kartes.lv\/lv\/wp-json\/wp\/v2\/comments?post=17286"}],"wp:featuredmedia":[{"embeddable":true,"href":"https:\/\/www.kartes.lv\/lv\/wp-json\/wp\/v2\/media\/17287"}],"wp:attachment":[{"href":"https:\/\/www.kartes.lv\/lv\/wp-json\/wp\/v2\/media?parent=17286"}],"wp:term":[{"taxonomy":"product_brand","embeddable":true,"href":"https:\/\/www.kartes.lv\/lv\/wp-json\/wp\/v2\/product_brand?post=17286"},{"taxonomy":"product_cat","embeddable":true,"href":"https:\/\/www.kartes.lv\/lv\/wp-json\/wp\/v2\/product_cat?post=17286"},{"taxonomy":"product_tag","embeddable":true,"href":"https:\/\/www.kartes.lv\/lv\/wp-json\/wp\/v2\/product_tag?post=17286"}],"curies":[{"name":"wp","href":"https:\/\/api.w.org\/{rel}","templated":true}]}}