{"id":17532,"date":"2023-12-07T12:15:37","date_gmt":"2023-12-07T10:15:37","guid":{"rendered":"https:\/\/www.kartes.lv\/?post_type=product&#038;p=17532"},"modified":"2026-02-27T12:01:57","modified_gmt":"2026-02-27T10:01:57","slug":"enciklopedijas-muizas-latvija-4-sejums-nocenots","status":"publish","type":"product","link":"https:\/\/www.kartes.lv\/lv\/product\/enciklopedijas-muizas-latvija-4-sejums-nocenots\/","title":{"rendered":"Enciklop\u0113dijas &#8220;Mui\u017eas Latvij\u0101&#8221; 4. s\u0113jums (nocenots)"},"content":{"rendered":"<p><\/p>\n<div>Ceturtais enciklop\u0113dijas s\u0113jums vair\u0101k nek\u0101 iepriek\u0161\u0113jie las\u012bt\u0101jam atkl\u0101j daudzu mui\u017eu veiksmes st\u0101stus, jo t\u0101s \u0161obr\u012bd lieliski apr\u016bp\u0113tas, atjaunotas, restaur\u0113tas un uztur\u0113tas. Enciklop\u0113dija \u201cMui\u017eas Latvij\u0101\u201d las\u012bt\u0101jam sniedz iesp\u0113ju piln\u012bg\u0101k ieraudz\u012bt un atspogu\u013cot notikumu gaitu un to sekas Latvijas v\u0113stur\u0113, un kalpo k\u0101 piemineklis nez\u016bdo\u0161ai cilv\u0113ku ener\u0123ijai \u2013 pier\u0101d\u012bjums v\u0113lmei main\u012bties un main\u012bt, kas k\u0101 neatkar\u012bgs liecinieks raksturo m\u016bs pa\u0161us un sabiedr\u012bb\u0101 notieko\u0161o.<\/div>\n<p><\/p>","protected":false},"excerpt":{"rendered":"<div><strong>Gr\u0101mata ar vizu\u0101liem defektiem!<\/strong><\/div>\n<div>Izbal\u0113jusi kr\u0101sa v\u0101kam, nelieli skr\u0101p\u0113jumi.<\/div>\n<div><\/div>\n<div>Enciklop\u0113dijas 4. da\u013ca N-\u0160<\/div>\n<div>2021. gada izdevums<\/div>\n<div>Izdev\u0113js: &#8220;DUE&#8221;<\/div>\n<div>Vitolds Ma\u0161novskis<\/div>\n<div>\n<p>V\u0113sture, arhitekt\u016bra, m\u0101ksla.<\/p>\n<\/div>\n<p>ISNB: 9789934899911<\/p>\n<div id=\"gtx-trans\"><\/div>\n","protected":false},"featured_media":13689,"comment_status":"closed","ping_status":"closed","template":"","meta":[],"product_brand":[],"product_cat":[111],"product_tag":[],"class_list":{"0":"post-17532","1":"product","2":"type-product","3":"status-publish","4":"has-post-thumbnail","6":"product_cat-nocenots","8":"first","9":"instock","10":"sale","11":"taxable","12":"shipping-taxable","13":"purchasable","14":"product-type-simple"},"_links":{"self":[{"href":"https:\/\/www.kartes.lv\/lv\/wp-json\/wp\/v2\/product\/17532","targetHints":{"allow":["GET"]}}],"collection":[{"href":"https:\/\/www.kartes.lv\/lv\/wp-json\/wp\/v2\/product"}],"about":[{"href":"https:\/\/www.kartes.lv\/lv\/wp-json\/wp\/v2\/types\/product"}],"replies":[{"embeddable":true,"href":"https:\/\/www.kartes.lv\/lv\/wp-json\/wp\/v2\/comments?post=17532"}],"wp:featuredmedia":[{"embeddable":true,"href":"https:\/\/www.kartes.lv\/lv\/wp-json\/wp\/v2\/media\/13689"}],"wp:attachment":[{"href":"https:\/\/www.kartes.lv\/lv\/wp-json\/wp\/v2\/media?parent=17532"}],"wp:term":[{"taxonomy":"product_brand","embeddable":true,"href":"https:\/\/www.kartes.lv\/lv\/wp-json\/wp\/v2\/product_brand?post=17532"},{"taxonomy":"product_cat","embeddable":true,"href":"https:\/\/www.kartes.lv\/lv\/wp-json\/wp\/v2\/product_cat?post=17532"},{"taxonomy":"product_tag","embeddable":true,"href":"https:\/\/www.kartes.lv\/lv\/wp-json\/wp\/v2\/product_tag?post=17532"}],"curies":[{"name":"wp","href":"https:\/\/api.w.org\/{rel}","templated":true}]}}