{"id":17533,"date":"2023-12-07T12:19:23","date_gmt":"2023-12-07T10:19:23","guid":{"rendered":"https:\/\/www.kartes.lv\/?post_type=product&#038;p=17533"},"modified":"2026-04-08T05:35:37","modified_gmt":"2026-04-08T02:35:37","slug":"enciklopedijas-muizas-latvija-3-sejums-2","status":"publish","type":"product","link":"https:\/\/www.kartes.lv\/lv\/product\/enciklopedijas-muizas-latvija-3-sejums-2\/","title":{"rendered":"Mui\u017eas Latvij\u0101. 3. s\u0113jums. Enciklop\u0113dija"},"content":{"rendered":"<p>Fotogr\u0101fs un kult\u016bras pieminek\u013cu p\u0113tnieks\u00a0Vitolds Ma\u0161novskis\u00a0veicis ap 1200 Latvijas mui\u017eu kompleksu dokument\u0101lu fotofiks\u0101ciju un izp\u0113ti.\u00a0Enciklop\u0113dijas &#8220;Mui\u017eas Latvij\u0101&#8221;\u00a0vair\u0101ku s\u0113jumu izdevums, rad\u012bts k\u0101 velt\u012bjums Latvijas valsts simtgadei, l\u012bdz ar to tie\u0161i lielaj\u0101 jubilejas gad\u0101 t\u0101s pirmais s\u0113jums ieguva redzamu, taust\u0101mu formu.<\/p>\n<p>Tre\u0161ais enciklop\u0113dijas s\u0113jums aptver\u00a094 mui\u017eas\u00a0alfab\u0113tisk\u0101 sec\u012bb\u0101. Vispirms tiek dota mui\u017eas atra\u0161an\u0101s vieta un ekonomiskais raksturojums, tad \u012bsa \u012bpa\u0161nieku v\u0113sture, akcent\u0113jot mui\u017eas pirms\u0101kumus un beigas. Seko kungu m\u0101jas vai pils b\u016bvv\u0113sture un saimniecisk\u0101s apb\u016bves ansamb\u013ca un parka raksturojums.<\/p>\n<p>312 lappu\u0161u enciklop\u0113dij\u0101 att\u0113lu identific\u0113\u0161anai lietota v\u0101cu valoda. Att\u0113lu paraksti div\u0101s valod\u0101s sniedz iesp\u0113ju ar izdevumu iepaz\u012bties ar\u012b v\u0101cu valod\u0101 laso\u0161am interesentam. Izdevuma beig\u0101s apkopoti att\u0113lu parakstos lietotie sa\u012bsin\u0101jumi, izmantotie avoti un literat\u016bra.<\/p>","protected":false},"excerpt":{"rendered":"<p><strong>Nelieli vizu\u0101lie defekti uz gr\u0101matu v\u0101kiem.<\/strong><\/p>\n<p>Enciklop\u0113dijas 3. da\u013ca \u0136-M<br \/>\n2020. gada izdevums<br \/>\nIzdev\u0113js: &#8220;DUE&#8221;<br \/>\nVitolds Ma\u0161novskis<br \/>\nV\u0113sture, arhitekt\u016bra, m\u0101ksla.<\/p>\n<div id=\"gtx-trans\">EAN: 9789934847998<\/div>\n","protected":false},"featured_media":11971,"comment_status":"closed","ping_status":"closed","template":"","meta":[],"product_brand":[],"product_cat":[12,132],"product_tag":[],"class_list":{"0":"post-17533","1":"product","2":"type-product","3":"status-publish","4":"has-post-thumbnail","6":"product_cat-gramatas","7":"product_cat-pedejie-eksemplari","9":"first","10":"outofstock","11":"featured","12":"taxable","13":"shipping-taxable","14":"purchasable","15":"product-type-simple"},"_links":{"self":[{"href":"https:\/\/www.kartes.lv\/lv\/wp-json\/wp\/v2\/product\/17533","targetHints":{"allow":["GET"]}}],"collection":[{"href":"https:\/\/www.kartes.lv\/lv\/wp-json\/wp\/v2\/product"}],"about":[{"href":"https:\/\/www.kartes.lv\/lv\/wp-json\/wp\/v2\/types\/product"}],"replies":[{"embeddable":true,"href":"https:\/\/www.kartes.lv\/lv\/wp-json\/wp\/v2\/comments?post=17533"}],"wp:featuredmedia":[{"embeddable":true,"href":"https:\/\/www.kartes.lv\/lv\/wp-json\/wp\/v2\/media\/11971"}],"wp:attachment":[{"href":"https:\/\/www.kartes.lv\/lv\/wp-json\/wp\/v2\/media?parent=17533"}],"wp:term":[{"taxonomy":"product_brand","embeddable":true,"href":"https:\/\/www.kartes.lv\/lv\/wp-json\/wp\/v2\/product_brand?post=17533"},{"taxonomy":"product_cat","embeddable":true,"href":"https:\/\/www.kartes.lv\/lv\/wp-json\/wp\/v2\/product_cat?post=17533"},{"taxonomy":"product_tag","embeddable":true,"href":"https:\/\/www.kartes.lv\/lv\/wp-json\/wp\/v2\/product_tag?post=17533"}],"curies":[{"name":"wp","href":"https:\/\/api.w.org\/{rel}","templated":true}]}}