{"id":17614,"date":"2023-12-12T16:20:29","date_gmt":"2023-12-12T14:20:29","guid":{"rendered":"https:\/\/www.kartes.lv\/?post_type=product&#038;p=17614"},"modified":"2025-08-26T19:09:42","modified_gmt":"2025-08-26T16:09:42","slug":"davanu-iesainosana","status":"publish","type":"product","link":"https:\/\/www.kartes.lv\/lv\/product\/davanu-iesainosana\/","title":{"rendered":"D\u0101vanu iesai\u0146o\u0161ana"},"content":{"rendered":"<p>K\u0101 pareizi veikt pas\u016bt\u012bjumu &#8220;d\u0101vanu iesai\u0146o\u0161ana&#8221;?<\/p>\n<p>a) Interneta veikal\u0101 ieg\u0101d\u0101jos 1 produktu un v\u0113los to iesai\u0146ot. Pirkuma groz\u0101 lieku izv\u0113l\u0113to 1 produktu un 1 pakalpojumu &#8220;d\u0101vanu sai\u0146o\u0161ana&#8221;, izv\u0113loties sev t\u012bkamo iesai\u0146o\u0161anas pap\u012bru.<\/p>\n<p>b) Interneta veikal\u0101 ieg\u0101d\u0101jos 2 produktus un v\u0113los tos iesai\u0146ot kop\u0101. Pirkuma groz\u0101 lieku izv\u0113l\u0113tos 2 produktus un 1 pakalpojumu &#8220;d\u0101vanu sai\u0146o\u0161ana&#8221;, izv\u0113loties sev t\u012bkamo iesai\u0146o\u0161anas pap\u012bru. Noform\u0113jot pirkumu &#8220;Pas\u016bt\u012bjuma piez\u012bm\u0113s&#8221; rakstu, ka v\u0113los, lai 2 produktus sai\u0146o kop\u0101.<\/p>\n<p>c) Interneta veikal\u0101 ieg\u0101d\u0101jos 2 produktus un v\u0113los tos iesai\u0146ot atsevi\u0161\u0137i. Pirkuma groz\u0101 lieku izv\u0113l\u0113tos 2 produktus un 2 pakalpojumus &#8220;d\u0101vanu sai\u0146o\u0161ana&#8221;, izv\u0113loties sev t\u012bkamos iesai\u0146o\u0161anas pap\u012brus. Noform\u0113jot pirkumu &#8220;Pas\u016bt\u012bjuma piez\u012bm\u0113s&#8221; nor\u0101du, k\u0101 v\u0113los, lai iesai\u0146o produktus.<\/p>\n<p>d) Interneta veikal\u0101 ieg\u0101d\u0101jos 4 produktus un v\u0113los 2 no tiem iesai\u0146ot atsevi\u0161\u0137i, bet p\u0101r\u0113jos nav nepiecie\u0161ams iesai\u0146ot. Pirkuma groz\u0101 lieku izv\u0113l\u0113tos 4 produktus un 2 pakalpojumus &#8220;d\u0101vanu sai\u0146o\u0161ana&#8221;, izv\u0113loties sev t\u012bkamos iesai\u0146o\u0161anas pap\u012brus. Noform\u0113jot pirkumu &#8220;Pas\u016bt\u012bjuma piez\u012bm\u0113s&#8221; nor\u0101du, kurus produktus v\u0113los, lai iesai\u0146o un, kurus nav nepiecie\u0161ams iesai\u0146ot.<\/p>","protected":false},"excerpt":{"rendered":"<p>Pied\u0101v\u0101jam iesai\u0146ot J\u016bsu izv\u0113l\u0113to d\u0101vanu!<br \/>\nViss, kas jums j\u0101dara \u2013 j\u0101izv\u0113las d\u0101vanu iesai\u0146o\u0161anas pap\u012brs. P\u0101r\u0113jo atst\u0101jiet m\u016bsu zi\u0146\u0101!<\/p>\n<p>Skat\u012bt zem\u0101k inform\u0101ciju, k\u0101 pareizi veikt pas\u016bt\u012bjumu.<\/p>\n","protected":false},"featured_media":19436,"comment_status":"closed","ping_status":"closed","template":"","meta":[],"product_brand":[],"product_cat":[86],"product_tag":[],"class_list":{"0":"post-17614","1":"product","2":"type-product","3":"status-publish","4":"has-post-thumbnail","6":"product_cat-davanas","8":"first","9":"instock","10":"taxable","11":"shipping-taxable","12":"purchasable","13":"product-type-variable"},"_links":{"self":[{"href":"https:\/\/www.kartes.lv\/lv\/wp-json\/wp\/v2\/product\/17614","targetHints":{"allow":["GET"]}}],"collection":[{"href":"https:\/\/www.kartes.lv\/lv\/wp-json\/wp\/v2\/product"}],"about":[{"href":"https:\/\/www.kartes.lv\/lv\/wp-json\/wp\/v2\/types\/product"}],"replies":[{"embeddable":true,"href":"https:\/\/www.kartes.lv\/lv\/wp-json\/wp\/v2\/comments?post=17614"}],"wp:featuredmedia":[{"embeddable":true,"href":"https:\/\/www.kartes.lv\/lv\/wp-json\/wp\/v2\/media\/19436"}],"wp:attachment":[{"href":"https:\/\/www.kartes.lv\/lv\/wp-json\/wp\/v2\/media?parent=17614"}],"wp:term":[{"taxonomy":"product_brand","embeddable":true,"href":"https:\/\/www.kartes.lv\/lv\/wp-json\/wp\/v2\/product_brand?post=17614"},{"taxonomy":"product_cat","embeddable":true,"href":"https:\/\/www.kartes.lv\/lv\/wp-json\/wp\/v2\/product_cat?post=17614"},{"taxonomy":"product_tag","embeddable":true,"href":"https:\/\/www.kartes.lv\/lv\/wp-json\/wp\/v2\/product_tag?post=17614"}],"curies":[{"name":"wp","href":"https:\/\/api.w.org\/{rel}","templated":true}]}}