{"id":17720,"date":"2023-12-19T15:32:43","date_gmt":"2023-12-19T13:32:43","guid":{"rendered":"https:\/\/www.kartes.lv\/?post_type=product&#038;p=17720"},"modified":"2026-01-01T00:00:01","modified_gmt":"2025-12-31T22:00:01","slug":"krasojama-pasaules-karte","status":"publish","type":"product","link":"https:\/\/www.kartes.lv\/lv\/product\/krasojama-pasaules-karte\/","title":{"rendered":"Kr\u0101sojam\u0101 pasaules karte"},"content":{"rendered":"<p>Izp\u0113ti pasauli ar kr\u0101s\u0101m!<\/p>\n<p>Viens no aizraujo\u0161\u0101kajiem veidiem, k\u0101 m\u0101c\u012bties un vienlaikus izklaid\u0113ties, ir kr\u0101sojot karti \u2013 \u0161\u012b aktivit\u0101te pat\u012bk ne tikai b\u0113rniem, bet ar\u012b pieaugu\u0161ajiem. Kop\u0101 ar b\u0113rniem veidojiet dekorat\u012bvu m\u0101kslas darbu, ko p\u0113c tam var ier\u0101m\u0113t un piestiprin\u0101t pie sienas!<\/p>\n<p>Dodieties aizraujo\u0161\u0101 ce\u013cojum\u0101 apk\u0101rt pasaulei, iekr\u0101sojot vietas, kur esat jau biju\u0161i vai kuras sap\u0146ojat apmekl\u0113t n\u0101kotn\u0113. Kad karte b\u016bs izkr\u0101sota, j\u016bs kop\u0101 b\u016bsiet iepazinu\u0161i visu pla\u0161o pasauli. Kr\u0101so\u0161anas laik\u0101 b\u0113rni uzzin\u0101s par slaveniem objektiem, valst\u012bm un kontinentiem, k\u0101 ar\u012b apg\u016bs valstu nosaukumus, to izvietojumu, izm\u0113rus, re\u0123ionus, oke\u0101nus un daudz ko citu.<\/p>\n<p>Kr\u0101so\u0161ana ir rado\u0161s un jautrs veids, k\u0101 apg\u016bt \u0123eogr\u0101fiju!<\/p>","protected":false},"excerpt":{"rendered":"<p>Kr\u0101sas m\u016bsu pasaulei pie\u0161\u0137ir tik daudz prieka. Viens no lab\u0101kajiem veidiem, k\u0101 m\u0101c\u012bties \u0123eogr\u0101fiju un vienlaikus izklaid\u0113ties, ir kr\u0101sojot karti!<\/p>\n<p>Kartes izm\u0113rs 58,5 x 84 cm<br \/>\nTubusa izm\u0113rs 62 cm x 6,7 cm (diametrs)<\/p>\n<p>Kr\u0101sojam\u0101s pasaules kartes komplekt\u0101 ietilpst: 1 kr\u0101sojam\u0101 pasaules karte, 1 paraugs kr\u0101so\u0161anai, 12 kr\u0101su flomasteri<\/p>\n<p>EAN: 8908022411052<\/p>\n","protected":false},"featured_media":17721,"comment_status":"closed","ping_status":"closed","template":"","meta":[],"product_brand":[],"product_cat":[113,86],"product_tag":[],"class_list":{"0":"post-17720","1":"product","2":"type-product","3":"status-publish","4":"has-post-thumbnail","6":"product_cat-skoleniem","7":"product_cat-davanas","9":"first","10":"instock","11":"taxable","12":"shipping-taxable","13":"purchasable","14":"product-type-simple"},"_links":{"self":[{"href":"https:\/\/www.kartes.lv\/lv\/wp-json\/wp\/v2\/product\/17720","targetHints":{"allow":["GET"]}}],"collection":[{"href":"https:\/\/www.kartes.lv\/lv\/wp-json\/wp\/v2\/product"}],"about":[{"href":"https:\/\/www.kartes.lv\/lv\/wp-json\/wp\/v2\/types\/product"}],"replies":[{"embeddable":true,"href":"https:\/\/www.kartes.lv\/lv\/wp-json\/wp\/v2\/comments?post=17720"}],"wp:featuredmedia":[{"embeddable":true,"href":"https:\/\/www.kartes.lv\/lv\/wp-json\/wp\/v2\/media\/17721"}],"wp:attachment":[{"href":"https:\/\/www.kartes.lv\/lv\/wp-json\/wp\/v2\/media?parent=17720"}],"wp:term":[{"taxonomy":"product_brand","embeddable":true,"href":"https:\/\/www.kartes.lv\/lv\/wp-json\/wp\/v2\/product_brand?post=17720"},{"taxonomy":"product_cat","embeddable":true,"href":"https:\/\/www.kartes.lv\/lv\/wp-json\/wp\/v2\/product_cat?post=17720"},{"taxonomy":"product_tag","embeddable":true,"href":"https:\/\/www.kartes.lv\/lv\/wp-json\/wp\/v2\/product_tag?post=17720"}],"curies":[{"name":"wp","href":"https:\/\/api.w.org\/{rel}","templated":true}]}}